{"id":7341,"date":"2024-05-30T09:02:47","date_gmt":"2024-05-30T08:02:47","guid":{"rendered":"https:\/\/ninalynn.nl\/?page_id=7341"},"modified":"2025-01-02T17:09:15","modified_gmt":"2025-01-02T16:09:15","slug":"songwriters-round-the-table-cafe-camille","status":"publish","type":"page","link":"https:\/\/ninalynn.nl\/es\/songwriters-round-the-table-cafe-camille\/","title":{"rendered":"Cantautores en torno a la mesa - Caf\u00e9 Camille"},"content":{"rendered":"<div data-elementor-type=\"wp-page\" data-elementor-id=\"7341\" class=\"elementor elementor-7341\" data-elementor-post-type=\"page\">\n\t\t\t\t\t\t<section class=\"elementor-section elementor-top-section elementor-element elementor-element-6d841f4 elementor-section-boxed elementor-section-height-default elementor-section-height-default\" data-id=\"6d841f4\" data-element_type=\"section\" data-e-type=\"section\">\n\t\t\t\t\t\t<div class=\"elementor-container elementor-column-gap-default\">\n\t\t\t\t\t<div class=\"elementor-column elementor-col-100 elementor-top-column elementor-element elementor-element-b381208\" data-id=\"b381208\" data-element_type=\"column\" data-e-type=\"column\">\n\t\t\t<div class=\"elementor-widget-wrap elementor-element-populated\">\n\t\t\t\t\t\t<div class=\"elementor-element elementor-element-69f8a2c elementor-widget elementor-widget-heading\" data-id=\"69f8a2c\" data-element_type=\"widget\" data-e-type=\"widget\" data-widget_type=\"heading.default\">\n\t\t\t\t<div class=\"elementor-widget-container\">\n\t\t\t\t\t<h2 class=\"elementor-heading-title elementor-size-default\">Cantautores en torno a la mesa<\/h2>\t\t\t\t<\/div>\n\t\t\t\t<\/div>\n\t\t\t\t\t<\/div>\n\t\t<\/div>\n\t\t\t\t\t<\/div>\n\t\t<\/section>\n\t\t\t\t<section class=\"elementor-section elementor-top-section elementor-element elementor-element-6a02b38 elementor-section-boxed elementor-section-height-default elementor-section-height-default\" data-id=\"6a02b38\" data-element_type=\"section\" data-e-type=\"section\">\n\t\t\t\t\t\t<div class=\"elementor-container elementor-column-gap-default\">\n\t\t\t\t\t<div class=\"elementor-column elementor-col-50 elementor-top-column elementor-element elementor-element-6ee5020\" data-id=\"6ee5020\" data-element_type=\"column\" data-e-type=\"column\">\n\t\t\t<div class=\"elementor-widget-wrap elementor-element-populated\">\n\t\t\t\t\t\t<div class=\"elementor-element elementor-element-40018fe elementor-widget elementor-widget-text-editor\" data-id=\"40018fe\" data-element_type=\"widget\" data-e-type=\"widget\" data-widget_type=\"text-editor.default\">\n\t\t\t\t<div class=\"elementor-widget-container\">\n\t\t\t\t\t\t\t\t\t<p><b>Una noche de Nashville en los Pa\u00edses Bajos<\/b><\/p><p><span style=\"font-weight: 400;\">Cinco cantautoras (Amber Kamminga, Angie Flare, Kimmy June, Nina Lynn y Sylvia Aimee) se conoc\u00edan vagamente a trav\u00e9s de Instagram. Como compart\u00edan el amor por la m\u00fasica y los artistas de la ciudad estadounidense de Nashville, decidieron reunirse. S\u00f3lo, para charlar un rato y escribir canciones. Result\u00f3 ser un <\/span><i><span style=\"font-weight: 400;\">pareja perfecta<\/span><\/i><span style=\"font-weight: 400;\"> y se forj\u00f3 una estrecha amistad. Ahora son muchos fines de semana de composici\u00f3n, viajes por carretera, bailes en el sal\u00f3n de casa y (casi) dos viajes a Nashville m\u00e1s... el momento de compartir esta amistad musical \u00fanica con actuaciones por todo el pa\u00eds.\u00a0<\/span><\/p><p><i><span style=\"font-weight: 400;\">Cantautores en torno a la mesa<\/span><\/i><span style=\"font-weight: 400;\">trae a Holanda el sentido de comunidad, diversi\u00f3n y artesan\u00eda de la composici\u00f3n, tan caracter\u00edstico de Nashville. Por turnos, los compositores comparten sus canciones y hay mucho que contar, cantar y tocar entre ellos.<\/span><\/p><p><span style=\"font-weight: 400;\">Vive la historia de cinco chicas que se encontraron en sus rarezas y desde entonces se apoyan en las buenas y en las malas en el desafiante mundo de la m\u00fasica. Porque eso es mucho m\u00e1s divertido que estar sola. Feliz para m\u00ed significa feliz para ti\".<\/span><\/p>\t\t\t\t\t\t\t\t<\/div>\n\t\t\t\t<\/div>\n\t\t\t\t\t<\/div>\n\t\t<\/div>\n\t\t\t\t<div class=\"elementor-column elementor-col-50 elementor-top-column elementor-element elementor-element-99c7e36\" data-id=\"99c7e36\" data-element_type=\"column\" data-e-type=\"column\">\n\t\t\t<div class=\"elementor-widget-wrap elementor-element-populated\">\n\t\t\t\t\t\t<div class=\"elementor-element elementor-element-4359bb9 elementor-widget elementor-widget-text-editor\" data-id=\"4359bb9\" data-element_type=\"widget\" data-e-type=\"widget\" data-widget_type=\"text-editor.default\">\n\t\t\t\t<div class=\"elementor-widget-container\">\n\t\t\t\t\t\t\t\t\t<p><strong>23 de febrero de 2025\u00a0<\/strong><\/p><p><strong>Caf\u00e9 Camille Beverwijk<\/strong><\/p><p>Comienzo a las 15.00 horas<\/p><p><strong>No es necesario reservar, puede entrar el mismo d\u00eda.<\/strong><\/p>\t\t\t\t\t\t\t\t<\/div>\n\t\t\t\t<\/div>\n\t\t\t\t\t<\/div>\n\t\t<\/div>\n\t\t\t\t\t<\/div>\n\t\t<\/section>\n\t\t\t\t<section class=\"elementor-section elementor-top-section elementor-element elementor-element-83f7ad8 elementor-section-boxed elementor-section-height-default elementor-section-height-default\" data-id=\"83f7ad8\" data-element_type=\"section\" data-e-type=\"section\">\n\t\t\t\t\t\t<div class=\"elementor-container elementor-column-gap-default\">\n\t\t\t\t\t<div class=\"elementor-column elementor-col-100 elementor-top-column elementor-element elementor-element-8da1944\" data-id=\"8da1944\" data-element_type=\"column\" data-e-type=\"column\">\n\t\t\t<div class=\"elementor-widget-wrap elementor-element-populated\">\n\t\t\t\t\t\t<div class=\"elementor-element elementor-element-fead038 elementor-widget elementor-widget-image\" data-id=\"fead038\" data-element_type=\"widget\" data-e-type=\"widget\" data-widget_type=\"image.default\">\n\t\t\t\t<div class=\"elementor-widget-container\">\n\t\t\t\t\t\t\t\t\t\t\t\t\t\t\t<img fetchpriority=\"high\" decoding=\"async\" width=\"1024\" height=\"740\" src=\"https:\/\/ninalynn.nl\/wp-content\/uploads\/2024\/05\/roundthetable-1024x740.jpg\" class=\"attachment-large size-large wp-image-7333\" alt=\"\" srcset=\"https:\/\/ninalynn.nl\/wp-content\/uploads\/2024\/05\/roundthetable-1024x740.jpg 1024w, https:\/\/ninalynn.nl\/wp-content\/uploads\/2024\/05\/roundthetable-300x217.jpg 300w, https:\/\/ninalynn.nl\/wp-content\/uploads\/2024\/05\/roundthetable-768x555.jpg 768w, https:\/\/ninalynn.nl\/wp-content\/uploads\/2024\/05\/roundthetable-1536x1109.jpg 1536w, https:\/\/ninalynn.nl\/wp-content\/uploads\/2024\/05\/roundthetable-18x12.jpg 18w, https:\/\/ninalynn.nl\/wp-content\/uploads\/2024\/05\/roundthetable-600x433.jpg 600w, https:\/\/ninalynn.nl\/wp-content\/uploads\/2024\/05\/roundthetable.jpg 2048w\" sizes=\"(max-width: 1024px) 100vw, 1024px\" \/>\t\t\t\t\t\t\t\t\t\t\t\t\t\t\t<\/div>\n\t\t\t\t<\/div>\n\t\t\t\t\t<\/div>\n\t\t<\/div>\n\t\t\t\t\t<\/div>\n\t\t<\/section>\n\t\t\t\t<\/div>","protected":false},"excerpt":{"rendered":"<p>Songwriters &#8216;round the table Een avond Nashville in Nederland Vijf singer-songwriters (Amber Kamminga, Angie Flare, Kimmy June, Nina Lynn en Sylvia Aimee) kenden elkaar vaag via Instagram. Omdat ze de liefde voor de muziek en artiesten uit de Amerikaanse stad Nashville deelden, besloten ze samen om de tafel te gaan. Gewoon, om een beetje te [&hellip;]<\/p>\n","protected":false},"author":1,"featured_media":0,"parent":0,"menu_order":0,"comment_status":"closed","ping_status":"closed","template":"","meta":{"site-sidebar-layout":"no-sidebar","site-content-layout":"","ast-site-content-layout":"full-width-container","site-content-style":"default","site-sidebar-style":"default","ast-global-header-display":"","ast-banner-title-visibility":"","ast-main-header-display":"","ast-hfb-above-header-display":"","ast-hfb-below-header-display":"","ast-hfb-mobile-header-display":"","site-post-title":"disabled","ast-breadcrumbs-content":"","ast-featured-img":"disabled","footer-sml-layout":"","ast-disable-related-posts":"","theme-transparent-header-meta":"","adv-header-id-meta":"","stick-header-meta":"","header-above-stick-meta":"","header-main-stick-meta":"","header-below-stick-meta":"","astra-migrate-meta-layouts":"default","ast-page-background-enabled":"default","ast-page-background-meta":{"desktop":{"background-color":"var(--ast-global-color-4)","background-image":"","background-repeat":"repeat","background-position":"center center","background-size":"auto","background-attachment":"scroll","background-type":"","background-media":"","overlay-type":"","overlay-color":"","overlay-opacity":"","overlay-gradient":""},"tablet":{"background-color":"","background-image":"","background-repeat":"repeat","background-position":"center center","background-size":"auto","background-attachment":"scroll","background-type":"","background-media":"","overlay-type":"","overlay-color":"","overlay-opacity":"","overlay-gradient":""},"mobile":{"background-color":"","background-image":"","background-repeat":"repeat","background-position":"center center","background-size":"auto","background-attachment":"scroll","background-type":"","background-media":"","overlay-type":"","overlay-color":"","overlay-opacity":"","overlay-gradient":""}},"ast-content-background-meta":{"desktop":{"background-color":"var(--ast-global-color-5)","background-image":"","background-repeat":"repeat","background-position":"center center","background-size":"auto","background-attachment":"scroll","background-type":"","background-media":"","overlay-type":"","overlay-color":"","overlay-opacity":"","overlay-gradient":""},"tablet":{"background-color":"var(--ast-global-color-5)","background-image":"","background-repeat":"repeat","background-position":"center center","background-size":"auto","background-attachment":"scroll","background-type":"","background-media":"","overlay-type":"","overlay-color":"","overlay-opacity":"","overlay-gradient":""},"mobile":{"background-color":"var(--ast-global-color-5)","background-image":"","background-repeat":"repeat","background-position":"center center","background-size":"auto","background-attachment":"scroll","background-type":"","background-media":"","overlay-type":"","overlay-color":"","overlay-opacity":"","overlay-gradient":""}},"footnotes":""},"class_list":["post-7341","page","type-page","status-publish","hentry"],"aioseo_notices":[],"_links":{"self":[{"href":"https:\/\/ninalynn.nl\/es\/wp-json\/wp\/v2\/pages\/7341","targetHints":{"allow":["GET"]}}],"collection":[{"href":"https:\/\/ninalynn.nl\/es\/wp-json\/wp\/v2\/pages"}],"about":[{"href":"https:\/\/ninalynn.nl\/es\/wp-json\/wp\/v2\/types\/page"}],"author":[{"embeddable":true,"href":"https:\/\/ninalynn.nl\/es\/wp-json\/wp\/v2\/users\/1"}],"replies":[{"embeddable":true,"href":"https:\/\/ninalynn.nl\/es\/wp-json\/wp\/v2\/comments?post=7341"}],"version-history":[{"count":7,"href":"https:\/\/ninalynn.nl\/es\/wp-json\/wp\/v2\/pages\/7341\/revisions"}],"predecessor-version":[{"id":7387,"href":"https:\/\/ninalynn.nl\/es\/wp-json\/wp\/v2\/pages\/7341\/revisions\/7387"}],"wp:attachment":[{"href":"https:\/\/ninalynn.nl\/es\/wp-json\/wp\/v2\/media?parent=7341"}],"curies":[{"name":"wp","href":"https:\/\/api.w.org\/{rel}","templated":true}]}}