{"id":7331,"date":"2024-05-30T08:56:57","date_gmt":"2024-05-30T07:56:57","guid":{"rendered":"https:\/\/ninalynn.nl\/?page_id=7331"},"modified":"2025-01-02T17:09:47","modified_gmt":"2025-01-02T16:09:47","slug":"songwriters-round-the-table-de-oude-veiling","status":"publish","type":"page","link":"https:\/\/ninalynn.nl\/es\/songwriters-round-the-table-de-oude-veiling\/","title":{"rendered":"Cantautores en torno a la mesa - The Old Auction"},"content":{"rendered":"<div data-elementor-type=\"wp-page\" data-elementor-id=\"7331\" class=\"elementor elementor-7331\" data-elementor-post-type=\"page\">\n\t\t\t\t\t\t<section class=\"elementor-section elementor-top-section elementor-element elementor-element-b4e4606 elementor-section-boxed elementor-section-height-default elementor-section-height-default\" data-id=\"b4e4606\" data-element_type=\"section\" data-e-type=\"section\">\n\t\t\t\t\t\t<div class=\"elementor-container elementor-column-gap-default\">\n\t\t\t\t\t<div class=\"elementor-column elementor-col-100 elementor-top-column elementor-element elementor-element-c4d7cc9\" data-id=\"c4d7cc9\" data-element_type=\"column\" data-e-type=\"column\">\n\t\t\t<div class=\"elementor-widget-wrap elementor-element-populated\">\n\t\t\t\t\t\t<div class=\"elementor-element elementor-element-8553589 elementor-widget elementor-widget-heading\" data-id=\"8553589\" data-element_type=\"widget\" data-e-type=\"widget\" data-widget_type=\"heading.default\">\n\t\t\t\t<div class=\"elementor-widget-container\">\n\t\t\t\t\t<h2 class=\"elementor-heading-title elementor-size-default\">Cantautores en torno a la mesa<\/h2>\t\t\t\t<\/div>\n\t\t\t\t<\/div>\n\t\t\t\t\t<\/div>\n\t\t<\/div>\n\t\t\t\t\t<\/div>\n\t\t<\/section>\n\t\t\t\t<section class=\"elementor-section elementor-top-section elementor-element elementor-element-d93a60a elementor-section-boxed elementor-section-height-default elementor-section-height-default\" data-id=\"d93a60a\" data-element_type=\"section\" data-e-type=\"section\">\n\t\t\t\t\t\t<div class=\"elementor-container elementor-column-gap-default\">\n\t\t\t\t\t<div class=\"elementor-column elementor-col-50 elementor-top-column elementor-element elementor-element-07b798b\" data-id=\"07b798b\" data-element_type=\"column\" data-e-type=\"column\">\n\t\t\t<div class=\"elementor-widget-wrap elementor-element-populated\">\n\t\t\t\t\t\t<div class=\"elementor-element elementor-element-59bcd41 elementor-widget elementor-widget-text-editor\" data-id=\"59bcd41\" data-element_type=\"widget\" data-e-type=\"widget\" data-widget_type=\"text-editor.default\">\n\t\t\t\t<div class=\"elementor-widget-container\">\n\t\t\t\t\t\t\t\t\t<p><b>Una noche de Nashville en los Pa\u00edses Bajos<\/b><\/p><p><span style=\"font-weight: 400;\">Cinco cantautoras (Amber Kamminga, Angie Flare, Kimmy June, Nina Lynn y Sylvia Aimee) se conoc\u00edan vagamente a trav\u00e9s de Instagram. Como compart\u00edan el amor por la m\u00fasica y los artistas de la ciudad estadounidense de Nashville, decidieron reunirse. S\u00f3lo, para charlar un rato y escribir canciones. Result\u00f3 ser un <\/span><i><span style=\"font-weight: 400;\">pareja perfecta<\/span><\/i><span style=\"font-weight: 400;\"> y se forj\u00f3 una estrecha amistad. Ahora son muchos fines de semana de composici\u00f3n, viajes por carretera, bailes en el sal\u00f3n de casa y (casi) dos viajes a Nashville m\u00e1s... el momento de compartir esta amistad musical \u00fanica con actuaciones por todo el pa\u00eds.\u00a0<\/span><\/p><p><i><span style=\"font-weight: 400;\">Cantautores en torno a la mesa<\/span><\/i><span style=\"font-weight: 400;\">trae a Holanda el sentido de comunidad, diversi\u00f3n y artesan\u00eda de la composici\u00f3n, tan caracter\u00edstico de Nashville. Por turnos, los compositores comparten sus canciones y hay mucho que contar, cantar y tocar entre ellos.<\/span><\/p><p><span style=\"font-weight: 400;\">Vive la historia de cinco chicas que se encontraron en sus rarezas y desde entonces se apoyan en las buenas y en las malas en el desafiante mundo de la m\u00fasica. Porque eso es mucho m\u00e1s divertido que estar sola. Feliz para m\u00ed significa feliz para ti\".<\/span><\/p><p><strong>Libro 26\/1\/2025 la Antigua Subasta a trav\u00e9s de scr@pietergroenveld.com<\/strong><\/p><p><strong>Entradas 15 euros<\/strong><\/p><p>Comienzo a las 15.00 horas<\/p>\t\t\t\t\t\t\t\t<\/div>\n\t\t\t\t<\/div>\n\t\t\t\t\t<\/div>\n\t\t<\/div>\n\t\t\t\t<div class=\"elementor-column elementor-col-50 elementor-top-column elementor-element elementor-element-51e0c38\" data-id=\"51e0c38\" data-element_type=\"column\" data-e-type=\"column\">\n\t\t\t<div class=\"elementor-widget-wrap elementor-element-populated\">\n\t\t\t\t\t\t<div class=\"elementor-element elementor-element-c20d422 elementor-widget elementor-widget-image\" data-id=\"c20d422\" data-element_type=\"widget\" data-e-type=\"widget\" data-widget_type=\"image.default\">\n\t\t\t\t<div class=\"elementor-widget-container\">\n\t\t\t\t\t\t\t\t\t\t\t\t<figure class=\"wp-caption\">\n\t\t\t\t\t\t\t\t\t\t<img decoding=\"async\" src=\"https:\/\/ninalynn.nl\/wp-content\/uploads\/2024\/05\/roundthetable.jpg\" title=\"mesa redonda\" alt=\"roundthetable\" loading=\"lazy\" \/>\t\t\t\t\t\t\t\t\t\t\t<figcaption class=\"widget-image-caption wp-caption-text\">26 de enero de 2025 - La antigua subasta<\/figcaption>\n\t\t\t\t\t\t\t\t\t\t<\/figure>\n\t\t\t\t\t\t\t\t\t<\/div>\n\t\t\t\t<\/div>\n\t\t\t\t\t<\/div>\n\t\t<\/div>\n\t\t\t\t\t<\/div>\n\t\t<\/section>\n\t\t\t\t<\/div>","protected":false},"excerpt":{"rendered":"<p>Songwriters &#8216;round the table Een avond Nashville in Nederland Vijf singer-songwriters (Amber Kamminga, Angie Flare, Kimmy June, Nina Lynn en Sylvia Aimee) kenden elkaar vaag via Instagram. Omdat ze de liefde voor de muziek en artiesten uit de Amerikaanse stad Nashville deelden, besloten ze samen om de tafel te gaan. Gewoon, om een beetje te [&hellip;]<\/p>\n","protected":false},"author":1,"featured_media":0,"parent":0,"menu_order":0,"comment_status":"closed","ping_status":"closed","template":"","meta":{"site-sidebar-layout":"no-sidebar","site-content-layout":"","ast-site-content-layout":"full-width-container","site-content-style":"default","site-sidebar-style":"default","ast-global-header-display":"","ast-banner-title-visibility":"","ast-main-header-display":"","ast-hfb-above-header-display":"","ast-hfb-below-header-display":"","ast-hfb-mobile-header-display":"","site-post-title":"disabled","ast-breadcrumbs-content":"","ast-featured-img":"disabled","footer-sml-layout":"","ast-disable-related-posts":"","theme-transparent-header-meta":"","adv-header-id-meta":"","stick-header-meta":"","header-above-stick-meta":"","header-main-stick-meta":"","header-below-stick-meta":"","astra-migrate-meta-layouts":"default","ast-page-background-enabled":"default","ast-page-background-meta":{"desktop":{"background-color":"var(--ast-global-color-4)","background-image":"","background-repeat":"repeat","background-position":"center center","background-size":"auto","background-attachment":"scroll","background-type":"","background-media":"","overlay-type":"","overlay-color":"","overlay-opacity":"","overlay-gradient":""},"tablet":{"background-color":"","background-image":"","background-repeat":"repeat","background-position":"center center","background-size":"auto","background-attachment":"scroll","background-type":"","background-media":"","overlay-type":"","overlay-color":"","overlay-opacity":"","overlay-gradient":""},"mobile":{"background-color":"","background-image":"","background-repeat":"repeat","background-position":"center center","background-size":"auto","background-attachment":"scroll","background-type":"","background-media":"","overlay-type":"","overlay-color":"","overlay-opacity":"","overlay-gradient":""}},"ast-content-background-meta":{"desktop":{"background-color":"var(--ast-global-color-5)","background-image":"","background-repeat":"repeat","background-position":"center center","background-size":"auto","background-attachment":"scroll","background-type":"","background-media":"","overlay-type":"","overlay-color":"","overlay-opacity":"","overlay-gradient":""},"tablet":{"background-color":"var(--ast-global-color-5)","background-image":"","background-repeat":"repeat","background-position":"center center","background-size":"auto","background-attachment":"scroll","background-type":"","background-media":"","overlay-type":"","overlay-color":"","overlay-opacity":"","overlay-gradient":""},"mobile":{"background-color":"var(--ast-global-color-5)","background-image":"","background-repeat":"repeat","background-position":"center center","background-size":"auto","background-attachment":"scroll","background-type":"","background-media":"","overlay-type":"","overlay-color":"","overlay-opacity":"","overlay-gradient":""}},"footnotes":""},"class_list":["post-7331","page","type-page","status-publish","hentry"],"aioseo_notices":[],"_links":{"self":[{"href":"https:\/\/ninalynn.nl\/es\/wp-json\/wp\/v2\/pages\/7331","targetHints":{"allow":["GET"]}}],"collection":[{"href":"https:\/\/ninalynn.nl\/es\/wp-json\/wp\/v2\/pages"}],"about":[{"href":"https:\/\/ninalynn.nl\/es\/wp-json\/wp\/v2\/types\/page"}],"author":[{"embeddable":true,"href":"https:\/\/ninalynn.nl\/es\/wp-json\/wp\/v2\/users\/1"}],"replies":[{"embeddable":true,"href":"https:\/\/ninalynn.nl\/es\/wp-json\/wp\/v2\/comments?post=7331"}],"version-history":[{"count":13,"href":"https:\/\/ninalynn.nl\/es\/wp-json\/wp\/v2\/pages\/7331\/revisions"}],"predecessor-version":[{"id":7390,"href":"https:\/\/ninalynn.nl\/es\/wp-json\/wp\/v2\/pages\/7331\/revisions\/7390"}],"wp:attachment":[{"href":"https:\/\/ninalynn.nl\/es\/wp-json\/wp\/v2\/media?parent=7331"}],"curies":[{"name":"wp","href":"https:\/\/api.w.org\/{rel}","templated":true}]}}