{"id":6969,"date":"2023-08-15T10:11:50","date_gmt":"2023-08-15T09:11:50","guid":{"rendered":"https:\/\/ninalynn.nl\/?page_id=6969"},"modified":"2024-04-23T14:32:47","modified_gmt":"2024-04-23T13:32:47","slug":"bruiloften","status":"publish","type":"page","link":"https:\/\/ninalynn.nl\/es\/bruiloften\/","title":{"rendered":"Bodas"},"content":{"rendered":"<div data-elementor-type=\"wp-page\" data-elementor-id=\"6969\" class=\"elementor elementor-6969\" data-elementor-post-type=\"page\">\n\t\t\t\t\t\t<section class=\"elementor-section elementor-top-section elementor-element elementor-element-288e6cdf elementor-section-full_width elementor-section-height-min-height elementor-section-items-stretch elementor-reverse-tablet elementor-reverse-mobile elementor-section-content-middle elementor-section-height-default\" data-id=\"288e6cdf\" data-element_type=\"section\" data-e-type=\"section\">\n\t\t\t\t\t\t<div class=\"elementor-container elementor-column-gap-no\">\n\t\t\t\t\t<div class=\"elementor-column elementor-col-50 elementor-top-column elementor-element elementor-element-fb51fa2\" data-id=\"fb51fa2\" data-element_type=\"column\" data-e-type=\"column\" data-settings=\"{&quot;background_background&quot;:&quot;classic&quot;}\">\n\t\t\t<div class=\"elementor-widget-wrap elementor-element-populated\">\n\t\t\t\t\t\t<div class=\"elementor-element elementor-element-3bd145b elementor-hidden-desktop elementor-hidden-tablet elementor-hidden-mobile elementor-widget elementor-widget-video\" data-id=\"3bd145b\" data-element_type=\"widget\" data-e-type=\"widget\" data-settings=\"{&quot;youtube_url&quot;:&quot;https:\\\/\\\/youtu.be\\\/DEYTVHObSUc?autoplay&quot;,&quot;autoplay&quot;:&quot;yes&quot;,&quot;play_on_mobile&quot;:&quot;yes&quot;,&quot;yt_privacy&quot;:&quot;yes&quot;,&quot;lazy_load&quot;:&quot;yes&quot;,&quot;show_image_overlay&quot;:&quot;yes&quot;,&quot;image_overlay&quot;:{&quot;url&quot;:&quot;https:\\\/\\\/ninalynn.nl\\\/wp-content\\\/uploads\\\/2023\\\/08\\\/vlcsnap-2023-08-15-10h41m20s872-1.png&quot;,&quot;id&quot;:6980,&quot;size&quot;:&quot;&quot;,&quot;alt&quot;:&quot;&quot;,&quot;source&quot;:&quot;library&quot;},&quot;video_type&quot;:&quot;youtube&quot;}\" data-widget_type=\"video.default\">\n\t\t\t\t<div class=\"elementor-widget-container\">\n\t\t\t\t\t\t\t<div class=\"elementor-wrapper elementor-open-inline\">\n\t\t\t<div class=\"elementor-video\"><\/div>\t\t\t\t<div class=\"elementor-custom-embed-image-overlay\" style=\"background-image: url(https:\/\/ninalynn.nl\/wp-content\/uploads\/2023\/08\/vlcsnap-2023-08-15-10h41m20s872-1-e1692103089723.png);\">\n\t\t\t\t\t\t\t\t\t\t\t\t\t\t\t\t<div class=\"elementor-custom-embed-play\" role=\"button\" aria-label=\"Play Video\" tabindex=\"0\" data-no-translation-aria-label=\"\">\n\t\t\t\t\t\t\t<i aria-hidden=\"true\" class=\"fas fa-play\"><\/i>\t\t\t\t\t\t<\/div>\n\t\t\t\t\t\t\t\t\t<\/div>\n\t\t\t\t\t<\/div>\n\t\t\t\t\t\t<\/div>\n\t\t\t\t<\/div>\n\t\t\t\t<div class=\"elementor-element elementor-element-f9bb6bf elementor-widget__width-initial elementor-hidden-desktop elementor-hidden-tablet elementor-hidden-mobile elementor-widget elementor-widget-elementskit-lottie\" data-id=\"f9bb6bf\" data-element_type=\"widget\" data-e-type=\"widget\" data-widget_type=\"elementskit-lottie.default\">\n\t\t\t\t<div class=\"elementor-widget-container\">\n\t\t\t\t\t<div class=\"ekit-wid-con\" ><div id=\"ekit_lottie_f9bb6bf\" class=\"ekit_lottie\" data-autoplay=\"true\" data-on-scroll=\"\" data-speed=\"0.4\" data-direction=\"\" data-action=\"\" data-renderer=\"canvas\" data-path=\"https:\/\/ninalynn.nl\/wp-content\/uploads\/2023\/08\/animation_llc7gwom.json\" data-loop=\"true\">&nbsp;<\/div><\/div>\t\t\t\t<\/div>\n\t\t\t\t<\/div>\n\t\t\t\t<div class=\"elementor-element elementor-element-f52314e elementor-widget__width-initial elementor-hidden-desktop elementor-hidden-tablet elementor-hidden-mobile elementor-widget elementor-widget-heading\" data-id=\"f52314e\" data-element_type=\"widget\" data-e-type=\"widget\" data-widget_type=\"heading.default\">\n\t\t\t\t<div class=\"elementor-widget-container\">\n\t\t\t\t\t<h2 class=\"elementor-heading-title elementor-size-default\">Vea mi actuaci\u00f3n aqu\u00ed<\/h2>\t\t\t\t<\/div>\n\t\t\t\t<\/div>\n\t\t\t\t<div class=\"elementor-element elementor-element-768ea41 elementor-widget elementor-widget-image\" data-id=\"768ea41\" data-element_type=\"widget\" data-e-type=\"widget\" data-widget_type=\"image.default\">\n\t\t\t\t<div class=\"elementor-widget-container\">\n\t\t\t\t\t\t\t\t\t\t\t\t\t\t\t<img fetchpriority=\"high\" decoding=\"async\" width=\"1024\" height=\"903\" src=\"https:\/\/ninalynn.nl\/wp-content\/uploads\/2023\/08\/vlcsnap-2023-08-15-10h41m20s872-1-e1692103089723-1024x903.png\" class=\"attachment-large size-large wp-image-6980\" alt=\"\" srcset=\"https:\/\/ninalynn.nl\/wp-content\/uploads\/2023\/08\/vlcsnap-2023-08-15-10h41m20s872-1-e1692103089723-1024x903.png.webp 1024w, https:\/\/ninalynn.nl\/wp-content\/uploads\/2023\/08\/vlcsnap-2023-08-15-10h41m20s872-1-e1692103089723-300x265.png.webp 300w, https:\/\/ninalynn.nl\/wp-content\/uploads\/2023\/08\/vlcsnap-2023-08-15-10h41m20s872-1-e1692103089723-768x677.png.webp 768w, https:\/\/ninalynn.nl\/wp-content\/uploads\/2023\/08\/vlcsnap-2023-08-15-10h41m20s872-1-e1692103089723-14x12.png.webp 14w, https:\/\/ninalynn.nl\/wp-content\/uploads\/2023\/08\/vlcsnap-2023-08-15-10h41m20s872-1-e1692103089723-600x529.png.webp 600w, https:\/\/ninalynn.nl\/wp-content\/uploads\/2023\/08\/vlcsnap-2023-08-15-10h41m20s872-1-e1692103089723.png.webp 1210w\" sizes=\"(max-width: 1024px) 100vw, 1024px\" \/>\t\t\t\t\t\t\t\t\t\t\t\t\t\t\t<\/div>\n\t\t\t\t<\/div>\n\t\t\t\t\t<\/div>\n\t\t<\/div>\n\t\t\t\t<div class=\"elementor-column elementor-col-50 elementor-top-column elementor-element elementor-element-55db0e7f\" data-id=\"55db0e7f\" data-element_type=\"column\" data-e-type=\"column\">\n\t\t\t<div class=\"elementor-widget-wrap elementor-element-populated\">\n\t\t\t\t\t\t<div class=\"elementor-element elementor-element-7e8bf5a4 elementor-widget__width-initial elementor-widget elementor-widget-heading\" data-id=\"7e8bf5a4\" data-element_type=\"widget\" data-e-type=\"widget\" data-widget_type=\"heading.default\">\n\t\t\t\t<div class=\"elementor-widget-container\">\n\t\t\t\t\t<h1 class=\"elementor-heading-title elementor-size-default\">Aut\u00e9ntico <b>Americana<\/b> <br>\nsobre su <br><b>d\u00eda especial<\/b><\/h1>\t\t\t\t<\/div>\n\t\t\t\t<\/div>\n\t\t\t\t<section class=\"elementor-section elementor-inner-section elementor-element elementor-element-2bbe0e3a elementor-section-boxed elementor-section-height-default elementor-section-height-default\" data-id=\"2bbe0e3a\" data-element_type=\"section\" data-e-type=\"section\">\n\t\t\t\t\t\t<div class=\"elementor-container elementor-column-gap-no\">\n\t\t\t\t\t<div class=\"elementor-column elementor-col-100 elementor-inner-column elementor-element elementor-element-9d3d1f6\" data-id=\"9d3d1f6\" data-element_type=\"column\" data-e-type=\"column\">\n\t\t\t<div class=\"elementor-widget-wrap\">\n\t\t\t\t\t\t\t<\/div>\n\t\t<\/div>\n\t\t\t\t\t<\/div>\n\t\t<\/section>\n\t\t\t\t\t<\/div>\n\t\t<\/div>\n\t\t\t\t\t<\/div>\n\t\t<\/section>\n\t\t\t\t<section class=\"elementor-section elementor-top-section elementor-element elementor-element-67a05b66 elementor-section-full_width elementor-section-content-middle elementor-section-height-default elementor-section-height-default\" data-id=\"67a05b66\" data-element_type=\"section\" data-e-type=\"section\">\n\t\t\t\t\t\t<div class=\"elementor-container elementor-column-gap-no\">\n\t\t\t\t\t<div class=\"elementor-column elementor-col-50 elementor-top-column elementor-element elementor-element-20cc29d6\" data-id=\"20cc29d6\" data-element_type=\"column\" data-e-type=\"column\">\n\t\t\t<div class=\"elementor-widget-wrap elementor-element-populated\">\n\t\t\t\t\t\t<div class=\"elementor-element elementor-element-e923a43 elementor-widget elementor-widget-elementskit-heading\" data-id=\"e923a43\" data-element_type=\"widget\" data-e-type=\"widget\" data-widget_type=\"elementskit-heading.default\">\n\t\t\t\t<div class=\"elementor-widget-container\">\n\t\t\t\t\t<div class=\"ekit-wid-con\" ><div class=\"ekit-heading elementskit-section-title-wraper text_left   ekit_heading_tablet-   ekit_heading_mobile-\"><h2 class=\"ekit-heading--title elementskit-section-title\">Mi <span><span>M\u00fasica<\/span><\/span><\/h2><div class=\"ekit_heading_separetor_wraper ekit_heading_elementskit-border-divider elementskit-style-long\"><div class=\"elementskit-border-divider elementskit-style-long\"><\/div><\/div><\/div><\/div>\t\t\t\t<\/div>\n\t\t\t\t<\/div>\n\t\t\t\t<div class=\"elementor-element elementor-element-558e649 elementor-widget elementor-widget-text-editor\" data-id=\"558e649\" data-element_type=\"widget\" data-e-type=\"widget\" data-widget_type=\"text-editor.default\">\n\t\t\t\t<div class=\"elementor-widget-container\">\n\t\t\t\t\t\t\t\t\t<p>Mi m\u00fasica es perfecta para cada momento. Tanto si buscas baladas conmovedoras para la ceremonia como canciones pegadizas para la fiesta, crear\u00e9 la atm\u00f3sfera adecuada en tu d\u00eda especial.<\/p>\t\t\t\t\t\t\t\t<\/div>\n\t\t\t\t<\/div>\n\t\t\t\t<div class=\"elementor-element elementor-element-5012884 elementor-widget elementor-widget-elementskit-heading\" data-id=\"5012884\" data-element_type=\"widget\" data-e-type=\"widget\" data-widget_type=\"elementskit-heading.default\">\n\t\t\t\t<div class=\"elementor-widget-container\">\n\t\t\t\t\t<div class=\"ekit-wid-con\" ><div class=\"ekit-heading elementskit-section-title-wraper text_left   ekit_heading_tablet-   ekit_heading_mobile-\"><h2 class=\"ekit-heading--title elementskit-section-title\">Acerca de <span><span>Yo<\/span><\/span><\/h2><div class=\"ekit_heading_separetor_wraper ekit_heading_elementskit-border-divider elementskit-style-long\"><div class=\"elementskit-border-divider elementskit-style-long\"><\/div><\/div><\/div><\/div>\t\t\t\t<\/div>\n\t\t\t\t<\/div>\n\t\t\t\t<div class=\"elementor-element elementor-element-f66872f elementor-widget elementor-widget-text-editor\" data-id=\"f66872f\" data-element_type=\"widget\" data-e-type=\"widget\" data-widget_type=\"text-editor.default\">\n\t\t\t\t<div class=\"elementor-widget-container\">\n\t\t\t\t\t\t\t\t\t<p>Con mi segundo \u00e1lbum de estudio \"A Taste of the Wild\", ya he recibido grandes elogios por mis canciones originales y mis convincentes interpretaciones. Mi estilo Americana combina elementos de country, folk y blues en un sonido \u00fanico que impresiona una y otra vez.<\/p>\t\t\t\t\t\t\t\t<\/div>\n\t\t\t\t<\/div>\n\t\t\t\t<div class=\"elementor-element elementor-element-fd87b8f elementor-widget elementor-widget-elementskit-heading\" data-id=\"fd87b8f\" data-element_type=\"widget\" data-e-type=\"widget\" data-widget_type=\"elementskit-heading.default\">\n\t\t\t\t<div class=\"elementor-widget-container\">\n\t\t\t\t\t<div class=\"ekit-wid-con\" ><div class=\"ekit-heading elementskit-section-title-wraper text_left   ekit_heading_tablet-   ekit_heading_mobile-\"><h2 class=\"ekit-heading--title elementskit-section-title\">Para <span><span>Usted<\/span><\/span><\/h2><div class=\"ekit_heading_separetor_wraper ekit_heading_elementskit-border-divider elementskit-style-long\"><div class=\"elementskit-border-divider elementskit-style-long\"><\/div><\/div><\/div><\/div>\t\t\t\t<\/div>\n\t\t\t\t<\/div>\n\t\t\t\t<div class=\"elementor-element elementor-element-7662f58 elementor-widget elementor-widget-text-editor\" data-id=\"7662f58\" data-element_type=\"widget\" data-e-type=\"widget\" data-widget_type=\"text-editor.default\">\n\t\t\t\t<div class=\"elementor-widget-container\">\n\t\t\t\t\t\t\t\t\t<p>Espect\u00e1culos a medida, \u00a1todo seg\u00fan sus deseos! Juntos, trabajamos para crear una experiencia \u00fanica y personal. Desde la lista de canciones hasta el ambiente y el estilo, me aseguro de que mi m\u00fasica se adapte perfectamente a su momento especial. Su visi\u00f3n es mi prioridad, y me esfuerzo por adaptar cada detalle a sus expectativas. Juntos, hacemos de la actuaci\u00f3n un momento inolvidable.<\/p>\t\t\t\t\t\t\t\t<\/div>\n\t\t\t\t<\/div>\n\t\t\t\t\t<\/div>\n\t\t<\/div>\n\t\t\t\t<div class=\"elementor-column elementor-col-50 elementor-top-column elementor-element elementor-element-6c0948ab\" data-id=\"6c0948ab\" data-element_type=\"column\" data-e-type=\"column\" data-settings=\"{&quot;background_background&quot;:&quot;classic&quot;}\">\n\t\t\t<div class=\"elementor-widget-wrap elementor-element-populated\">\n\t\t\t\t\t<div class=\"elementor-background-overlay\"><\/div>\n\t\t\t\t\t\t<div class=\"elementor-element elementor-element-e2aaee8 elementor-invisible elementor-widget elementor-widget-image\" data-id=\"e2aaee8\" data-element_type=\"widget\" data-e-type=\"widget\" data-settings=\"{&quot;_animation&quot;:&quot;zoomIn&quot;}\" data-widget_type=\"image.default\">\n\t\t\t\t<div class=\"elementor-widget-container\">\n\t\t\t\t\t\t\t\t\t\t\t\t\t\t\t<img decoding=\"async\" width=\"682\" height=\"1024\" src=\"https:\/\/ninalynn.nl\/wp-content\/uploads\/2023\/08\/WhatsApp-Image-2023-08-15-at-11.19.54.jpg\" class=\"attachment-large size-large wp-image-6985\" alt=\"\" srcset=\"https:\/\/ninalynn.nl\/wp-content\/uploads\/2023\/08\/WhatsApp-Image-2023-08-15-at-11.19.54.jpg 682w, https:\/\/ninalynn.nl\/wp-content\/uploads\/2023\/08\/WhatsApp-Image-2023-08-15-at-11.19.54-200x300.jpg.webp 200w, https:\/\/ninalynn.nl\/wp-content\/uploads\/2023\/08\/WhatsApp-Image-2023-08-15-at-11.19.54-8x12.jpg.webp 8w, https:\/\/ninalynn.nl\/wp-content\/uploads\/2023\/08\/WhatsApp-Image-2023-08-15-at-11.19.54-600x901.jpg.webp 600w\" sizes=\"(max-width: 682px) 100vw, 682px\" \/>\t\t\t\t\t\t\t\t\t\t\t\t\t\t\t<\/div>\n\t\t\t\t<\/div>\n\t\t\t\t\t<\/div>\n\t\t<\/div>\n\t\t\t\t\t<\/div>\n\t\t<\/section>\n\t\t\t\t<section class=\"elementor-section elementor-top-section elementor-element elementor-element-fd2928c elementor-section-boxed elementor-section-height-default elementor-section-height-default\" data-id=\"fd2928c\" data-element_type=\"section\" data-e-type=\"section\">\n\t\t\t\t\t\t<div class=\"elementor-container elementor-column-gap-default\">\n\t\t\t\t\t<div class=\"elementor-column elementor-col-100 elementor-top-column elementor-element elementor-element-0379d1c\" data-id=\"0379d1c\" data-element_type=\"column\" data-e-type=\"column\">\n\t\t\t<div class=\"elementor-widget-wrap elementor-element-populated\">\n\t\t\t\t\t\t<div class=\"elementor-element elementor-element-431ab37 elementor-widget elementor-widget-heading\" data-id=\"431ab37\" data-element_type=\"widget\" data-e-type=\"widget\" data-widget_type=\"heading.default\">\n\t\t\t\t<div class=\"elementor-widget-container\">\n\t\t\t\t\t<h1 class=\"elementor-heading-title elementor-size-default\">La m\u00fasica de Nina era la <b>toque perfecto<\/b> para nuestro <b>d\u00eda perfecto<\/b><\/h1>\t\t\t\t<\/div>\n\t\t\t\t<\/div>\n\t\t\t\t<div class=\"elementor-element elementor-element-545b35f elementor-widget elementor-widget-elementskit-testimonial\" data-id=\"545b35f\" data-element_type=\"widget\" data-e-type=\"widget\" data-widget_type=\"elementskit-testimonial.default\">\n\t\t\t\t<div class=\"elementor-widget-container\">\n\t\t\t\t\t<div class=\"ekit-wid-con\" ><div class=\"elementskit-testimonial-slider arrow_inside\" data-config=\"{&quot;rtl&quot;:false,&quot;arrows&quot;:false,&quot;dots&quot;:false,&quot;pauseOnHover&quot;:true,&quot;autoplay&quot;:true,&quot;speed&quot;:1000,&quot;slidesPerGroup&quot;:1,&quot;slidesPerView&quot;:3,&quot;loop&quot;:false,&quot;spaceBetween&quot;:15,&quot;breakpoints&quot;:{&quot;320&quot;:{&quot;slidesPerView&quot;:1,&quot;slidesPerGroup&quot;:1,&quot;spaceBetween&quot;:10},&quot;768&quot;:{&quot;slidesPerView&quot;:2,&quot;slidesPerGroup&quot;:1,&quot;spaceBetween&quot;:10},&quot;1024&quot;:{&quot;slidesPerView&quot;:3,&quot;slidesPerGroup&quot;:1,&quot;spaceBetween&quot;:15}}}\">\n\t<div class=\"ekit-main-swiper swiper\">\n\t\t<div class=\"swiper-wrapper\">\n\t\t\t\t\t\t<div class=\"swiper-slide\">\n\t\t\t\t<div class=\"swiper-slide-inner\">\n\t\t\t\t\t<div class=\"elementskit-testimonial-inner\" >\n\t\t\t\t\t\t<div class=\"elementskit-single-testimonial-slider  ekit_testimonial_style_2\">\n\t\t\t\t\t\t\t<div class=\"elementskit-commentor-content\">\n\t\t\t\t\t\t\t\t\t\t\t\t\t\t\t\t\t<div class=\"elementskit-client_logo\">\n\t\t\t\t\t\t\t\t\t\t\t\t\t\t\t\t\t\t\t\t<img decoding=\"async\" width=\"2560\" height=\"1709\" src=\"https:\/\/ninalynn.nl\/wp-content\/uploads\/2023\/08\/DSC_4213-scaled.jpg\" class=\"elementskit-testimonial-client-logo\" alt=\"\" srcset=\"https:\/\/ninalynn.nl\/wp-content\/uploads\/2023\/08\/DSC_4213-scaled.jpg.webp 2560w, https:\/\/ninalynn.nl\/wp-content\/uploads\/2023\/08\/DSC_4213-300x200.jpg.webp 300w, https:\/\/ninalynn.nl\/wp-content\/uploads\/2023\/08\/DSC_4213-1024x684.jpg.webp 1024w, https:\/\/ninalynn.nl\/wp-content\/uploads\/2023\/08\/DSC_4213-768x513.jpg.webp 768w, https:\/\/ninalynn.nl\/wp-content\/uploads\/2023\/08\/DSC_4213-1536x1025.jpg.webp 1536w, https:\/\/ninalynn.nl\/wp-content\/uploads\/2023\/08\/DSC_4213-2048x1367.jpg.webp 2048w, https:\/\/ninalynn.nl\/wp-content\/uploads\/2023\/08\/DSC_4213-18x12.jpg.webp 18w, https:\/\/ninalynn.nl\/wp-content\/uploads\/2023\/08\/DSC_4213-600x401.jpg.webp 600w\" sizes=\"(max-width: 2560px) 100vw, 2560px\" \/>\t\t\t\t\t\t\t\t\t<\/div>\n\t\t\t\t\t\t\t\t\t\t\t\t\t\t\t\t\t<p>Nina hizo que nuestra ceremonia fuera a\u00fan m\u00e1s especial de lo que ya era. Junto con ella, elegimos de antemano las canciones que m\u00e1s nos conven\u00edan. Durante la ceremonia, no nos arrepentimos ni un segundo. Adem\u00e1s de una hermosa voz, un gran talento musical, logr\u00f3 tocar la emoci\u00f3n adecuada en nuestro d\u00eda especial con su interpretaci\u00f3n de las canciones.<br><br> Estamos muy agradecidos a Nina por esta maravillosa contribuci\u00f3n.<\/p>\n\t\t\t\t\t\t\t\t\t\t\t\t\t\t\t\t\t\t\t\t\t\t\t\t\t<span class=\"elementskit-border-hr\"><\/span>\n\t\t\t\t\t\t\t\t\t\t\t\t\t\t\t\t<span class=\"elementskit-profile-info\">\n\t\t\t\t\t\t\t\t\t<strong class=\"elementskit-author-name\">Mara y Melissa<\/strong>\n\t\t\t\t\t\t\t\t\t<span class=\"elementskit-author-des\">Supervisi\u00f3n de la ceremonia<\/span>\n\t\t\t\t\t\t\t\t<\/span>\n\t\t\t\t\t\t\t<\/div>\n\t\t\t\t\t\t\t\t\t\t\t\t\t\t\t<div class=\"elementskit-watermark-icon\">\n\t\t\t\t\t\t\t\t\t<i aria-hidden=\"true\" class=\"icon icon-quote\"><\/i>\t\t\t\t\t\t\t\t<\/div>\n\t\t\t\t\t\t\t\t\t\t\t\t\t<\/div>\n\t\t\t\t\t<\/div>\n\t\t\t\t<\/div>\n\t\t\t<\/div>\n\t\t\t\t\t\t<div class=\"swiper-slide\">\n\t\t\t\t<div class=\"swiper-slide-inner\">\n\t\t\t\t\t<div class=\"elementskit-testimonial-inner\" >\n\t\t\t\t\t\t<div class=\"elementskit-single-testimonial-slider testimonial-active ekit_testimonial_style_2\">\n\t\t\t\t\t\t\t<div class=\"elementskit-commentor-content\">\n\t\t\t\t\t\t\t\t\t\t\t\t\t\t\t\t\t<div class=\"elementskit-client_logo\">\n\t\t\t\t\t\t\t\t\t\t\t\t\t\t\t\t\t\t\t\t<img loading=\"lazy\" decoding=\"async\" width=\"2560\" height=\"1705\" src=\"https:\/\/ninalynn.nl\/wp-content\/uploads\/2023\/08\/NinaLynn-2-scaled.jpg\" class=\"elementskit-testimonial-client-logo\" alt=\"\" srcset=\"https:\/\/ninalynn.nl\/wp-content\/uploads\/2023\/08\/NinaLynn-2-scaled.jpg.webp 2560w, https:\/\/ninalynn.nl\/wp-content\/uploads\/2023\/08\/NinaLynn-2-300x200.jpg.webp 300w, https:\/\/ninalynn.nl\/wp-content\/uploads\/2023\/08\/NinaLynn-2-1024x682.jpg.webp 1024w, https:\/\/ninalynn.nl\/wp-content\/uploads\/2023\/08\/NinaLynn-2-768x512.jpg.webp 768w, https:\/\/ninalynn.nl\/wp-content\/uploads\/2023\/08\/NinaLynn-2-1536x1023.jpg.webp 1536w, https:\/\/ninalynn.nl\/wp-content\/uploads\/2023\/08\/NinaLynn-2-2048x1364.jpg.webp 2048w, https:\/\/ninalynn.nl\/wp-content\/uploads\/2023\/08\/NinaLynn-2-18x12.jpg.webp 18w, https:\/\/ninalynn.nl\/wp-content\/uploads\/2023\/08\/NinaLynn-2-600x400.jpg.webp 600w\" sizes=\"(max-width: 2560px) 100vw, 2560px\" \/>\t\t\t\t\t\t\t\t\t<\/div>\n\t\t\t\t\t\t\t\t\t\t\t\t\t\t\t\t\t<p>Realmente aportaste mucho a la fiesta. Vuestra m\u00fasica ayud\u00f3 a crear un ambiente agradable, relajado y festivo y estuvo perfectamente presente como m\u00fasica de fondo. <br><br>Muchas gracias.<\/p>\n\t\t\t\t\t\t\t\t\t\t\t\t\t\t\t\t\t\t\t\t\t\t\t\t\t<span class=\"elementskit-border-hr\"><\/span>\n\t\t\t\t\t\t\t\t\t\t\t\t\t\t\t\t<span class=\"elementskit-profile-info\">\n\t\t\t\t\t\t\t\t\t<strong class=\"elementskit-author-name\">Davita y Constantin<\/strong>\n\t\t\t\t\t\t\t\t\t<span class=\"elementskit-author-des\">m\u00fasica de fondo<\/span>\n\t\t\t\t\t\t\t\t<\/span>\n\t\t\t\t\t\t\t<\/div>\n\t\t\t\t\t\t\t\t\t\t\t\t\t\t\t<div class=\"elementskit-watermark-icon\">\n\t\t\t\t\t\t\t\t\t<i aria-hidden=\"true\" class=\"icon icon-quote\"><\/i>\t\t\t\t\t\t\t\t<\/div>\n\t\t\t\t\t\t\t\t\t\t\t\t\t<\/div>\n\t\t\t\t\t<\/div>\n\t\t\t\t<\/div>\n\t\t\t<\/div>\n\t\t\t\t\t\t<div class=\"swiper-slide\">\n\t\t\t\t<div class=\"swiper-slide-inner\">\n\t\t\t\t\t<div class=\"elementskit-testimonial-inner\" >\n\t\t\t\t\t\t<div class=\"elementskit-single-testimonial-slider  ekit_testimonial_style_2\">\n\t\t\t\t\t\t\t<div class=\"elementskit-commentor-content\">\n\t\t\t\t\t\t\t\t\t\t\t\t\t\t\t\t\t<div class=\"elementskit-client_logo\">\n\t\t\t\t\t\t\t\t\t\t\t\t\t\t\t\t\t\t\t\t<img loading=\"lazy\" decoding=\"async\" width=\"1024\" height=\"768\" src=\"https:\/\/ninalynn.nl\/wp-content\/uploads\/2023\/08\/WhatsApp-Image-2023-08-15-e1692092487455.jpg\" class=\"elementskit-testimonial-client-logo\" alt=\"\" srcset=\"https:\/\/ninalynn.nl\/wp-content\/uploads\/2023\/08\/WhatsApp-Image-2023-08-15-e1692092487455.jpg 1024w, https:\/\/ninalynn.nl\/wp-content\/uploads\/2023\/08\/WhatsApp-Image-2023-08-15-e1692092487455-300x225.jpg.webp 300w, https:\/\/ninalynn.nl\/wp-content\/uploads\/2023\/08\/WhatsApp-Image-2023-08-15-e1692092487455-768x576.jpg.webp 768w, https:\/\/ninalynn.nl\/wp-content\/uploads\/2023\/08\/WhatsApp-Image-2023-08-15-e1692092487455-16x12.jpg.webp 16w, https:\/\/ninalynn.nl\/wp-content\/uploads\/2023\/08\/WhatsApp-Image-2023-08-15-e1692092487455-600x450.jpg.webp 600w\" sizes=\"(max-width: 1024px) 100vw, 1024px\" \/>\t\t\t\t\t\t\t\t\t<\/div>\n\t\t\t\t\t\t\t\t\t\t\t\t\t\t\t\t\t<p>Nina contribuy\u00f3 con su hermosa voz y su forma de tocar la guitarra a hacer de nuestra boda un gran d\u00eda con un ambiente agradable. Cant\u00f3 sus propias canciones junto con otras que elegimos nosotros.  You are love' de Moon fue cantada por Nina durante la ceremonia. \u00a1Tan hermoso y conmovedor! \u00a1Gracias Nina!<\/p>\n\t\t\t\t\t\t\t\t\t\t\t\t\t\t\t\t\t\t\t\t\t\t\t\t\t<span class=\"elementskit-border-hr\"><\/span>\n\t\t\t\t\t\t\t\t\t\t\t\t\t\t\t\t<span class=\"elementskit-profile-info\">\n\t\t\t\t\t\t\t\t\t<strong class=\"elementskit-author-name\">Arnold y Suzanne<\/strong>\n\t\t\t\t\t\t\t\t\t<span class=\"elementskit-author-des\">Ceremonia + bebidas<\/span>\n\t\t\t\t\t\t\t\t<\/span>\n\t\t\t\t\t\t\t<\/div>\n\t\t\t\t\t\t\t\t\t\t\t\t\t\t\t<div class=\"elementskit-watermark-icon\">\n\t\t\t\t\t\t\t\t\t<i aria-hidden=\"true\" class=\"icon icon-quote\"><\/i>\t\t\t\t\t\t\t\t<\/div>\n\t\t\t\t\t\t\t\t\t\t\t\t\t<\/div>\n\t\t\t\t\t<\/div>\n\t\t\t\t<\/div>\n\t\t\t<\/div>\n\t\t\t\t\t<\/div>\n\n\t\t\n\t\t\t<\/div>\n<\/div>\n<\/div>\t\t\t\t<\/div>\n\t\t\t\t<\/div>\n\t\t\t\t\t<\/div>\n\t\t<\/div>\n\t\t\t\t\t<\/div>\n\t\t<\/section>\n\t\t\t\t<\/div>","protected":false},"excerpt":{"rendered":"<p>&nbsp; Bekijk hier mijn optreden Authentieke Americana op jouw speciale dag Neem contact op Mijn Muziek Mijn muziek is perfect voor elk moment. Of je nu op zoek bent naar ontroerende ballads voor de ceremonie of aanstekelijke nummers voor het feest, ik zorg voor de juiste sfeer op jouw speciale dag. Over Mij Met mijn [&hellip;]<\/p>\n","protected":false},"author":1,"featured_media":0,"parent":0,"menu_order":0,"comment_status":"closed","ping_status":"closed","template":"elementor_header_footer","meta":{"site-sidebar-layout":"default","site-content-layout":"","ast-site-content-layout":"default","site-content-style":"default","site-sidebar-style":"default","ast-global-header-display":"","ast-banner-title-visibility":"","ast-main-header-display":"","ast-hfb-above-header-display":"","ast-hfb-below-header-display":"","ast-hfb-mobile-header-display":"","site-post-title":"","ast-breadcrumbs-content":"","ast-featured-img":"","footer-sml-layout":"","ast-disable-related-posts":"","theme-transparent-header-meta":"","adv-header-id-meta":"","stick-header-meta":"","header-above-stick-meta":"","header-main-stick-meta":"","header-below-stick-meta":"","astra-migrate-meta-layouts":"default","ast-page-background-enabled":"default","ast-page-background-meta":{"desktop":{"background-color":"var(--ast-global-color-4)","background-image":"","background-repeat":"repeat","background-position":"center center","background-size":"auto","background-attachment":"scroll","background-type":"","background-media":"","overlay-type":"","overlay-color":"","overlay-opacity":"","overlay-gradient":""},"tablet":{"background-color":"","background-image":"","background-repeat":"repeat","background-position":"center center","background-size":"auto","background-attachment":"scroll","background-type":"","background-media":"","overlay-type":"","overlay-color":"","overlay-opacity":"","overlay-gradient":""},"mobile":{"background-color":"","background-image":"","background-repeat":"repeat","background-position":"center center","background-size":"auto","background-attachment":"scroll","background-type":"","background-media":"","overlay-type":"","overlay-color":"","overlay-opacity":"","overlay-gradient":""}},"ast-content-background-meta":{"desktop":{"background-color":"var(--ast-global-color-5)","background-image":"","background-repeat":"repeat","background-position":"center center","background-size":"auto","background-attachment":"scroll","background-type":"","background-media":"","overlay-type":"","overlay-color":"","overlay-opacity":"","overlay-gradient":""},"tablet":{"background-color":"var(--ast-global-color-5)","background-image":"","background-repeat":"repeat","background-position":"center center","background-size":"auto","background-attachment":"scroll","background-type":"","background-media":"","overlay-type":"","overlay-color":"","overlay-opacity":"","overlay-gradient":""},"mobile":{"background-color":"var(--ast-global-color-5)","background-image":"","background-repeat":"repeat","background-position":"center center","background-size":"auto","background-attachment":"scroll","background-type":"","background-media":"","overlay-type":"","overlay-color":"","overlay-opacity":"","overlay-gradient":""}},"footnotes":""},"class_list":["post-6969","page","type-page","status-publish","hentry"],"aioseo_notices":[],"_links":{"self":[{"href":"https:\/\/ninalynn.nl\/es\/wp-json\/wp\/v2\/pages\/6969","targetHints":{"allow":["GET"]}}],"collection":[{"href":"https:\/\/ninalynn.nl\/es\/wp-json\/wp\/v2\/pages"}],"about":[{"href":"https:\/\/ninalynn.nl\/es\/wp-json\/wp\/v2\/types\/page"}],"author":[{"embeddable":true,"href":"https:\/\/ninalynn.nl\/es\/wp-json\/wp\/v2\/users\/1"}],"replies":[{"embeddable":true,"href":"https:\/\/ninalynn.nl\/es\/wp-json\/wp\/v2\/comments?post=6969"}],"version-history":[{"count":154,"href":"https:\/\/ninalynn.nl\/es\/wp-json\/wp\/v2\/pages\/6969\/revisions"}],"predecessor-version":[{"id":7329,"href":"https:\/\/ninalynn.nl\/es\/wp-json\/wp\/v2\/pages\/6969\/revisions\/7329"}],"wp:attachment":[{"href":"https:\/\/ninalynn.nl\/es\/wp-json\/wp\/v2\/media?parent=6969"}],"curies":[{"name":"wp","href":"https:\/\/api.w.org\/{rel}","templated":true}]}}