{"id":6827,"date":"2023-08-05T14:36:15","date_gmt":"2023-08-05T13:36:15","guid":{"rendered":"https:\/\/ninalynn.nl\/?page_id=6827"},"modified":"2023-08-05T15:41:18","modified_gmt":"2023-08-05T14:41:18","slug":"glistening","status":"publish","type":"page","link":"https:\/\/ninalynn.nl\/es\/glistening\/","title":{"rendered":"Brillante"},"content":{"rendered":"<div data-elementor-type=\"wp-page\" data-elementor-id=\"6827\" class=\"elementor elementor-6827\" data-elementor-post-type=\"page\">\n\t\t\t\t\t\t<section class=\"elementor-section elementor-top-section elementor-element elementor-element-2903e64 elementor-section-boxed elementor-section-height-default elementor-section-height-default\" data-id=\"2903e64\" data-element_type=\"section\" data-e-type=\"section\">\n\t\t\t\t\t\t<div class=\"elementor-container elementor-column-gap-default\">\n\t\t\t\t\t<div class=\"elementor-column elementor-col-100 elementor-top-column elementor-element elementor-element-bad6b87\" data-id=\"bad6b87\" data-element_type=\"column\" data-e-type=\"column\">\n\t\t\t<div class=\"elementor-widget-wrap elementor-element-populated\">\n\t\t\t\t\t\t<div class=\"elementor-element elementor-element-c50dd92 elementor-widget elementor-widget-heading\" data-id=\"c50dd92\" data-element_type=\"widget\" data-e-type=\"widget\" data-widget_type=\"heading.default\">\n\t\t\t\t<div class=\"elementor-widget-container\">\n\t\t\t\t\t<h2 class=\"elementor-heading-title elementor-size-default\">Brillante<\/h2>\t\t\t\t<\/div>\n\t\t\t\t<\/div>\n\t\t\t\t\t<\/div>\n\t\t<\/div>\n\t\t\t\t\t<\/div>\n\t\t<\/section>\n\t\t\t\t<section class=\"elementor-section elementor-top-section elementor-element elementor-element-db6db23 elementor-section-boxed elementor-section-height-default elementor-section-height-default\" data-id=\"db6db23\" data-element_type=\"section\" data-e-type=\"section\">\n\t\t\t\t\t\t<div class=\"elementor-container elementor-column-gap-default\">\n\t\t\t\t\t<div class=\"elementor-column elementor-col-100 elementor-top-column elementor-element elementor-element-32ee0a5\" data-id=\"32ee0a5\" data-element_type=\"column\" data-e-type=\"column\">\n\t\t\t<div class=\"elementor-widget-wrap elementor-element-populated\">\n\t\t\t\t\t\t<div class=\"elementor-element elementor-element-b443beb elementor-widget elementor-widget-text-editor\" data-id=\"b443beb\" data-element_type=\"widget\" data-e-type=\"widget\" data-widget_type=\"text-editor.default\">\n\t\t\t\t<div class=\"elementor-widget-container\">\n\t\t\t\t\t\t\t\t\t<p style=\"text-align: center;\"><span style=\"font-weight: 400;\">Estoy brillando<\/span><\/p><p style=\"text-align: center;\"><span style=\"font-weight: 400;\">Como el agua en las rocas<\/span><\/p><p style=\"text-align: center;\"><span style=\"font-weight: 400;\">Como el espejo en el cielo<\/span><\/p><p style=\"text-align: center;\"><span style=\"font-weight: 400;\">Como la luna y las estrellas en la noche<\/span><\/p><p style=\"text-align: center;\"><span style=\"font-weight: 400;\">Estoy brillando<\/span><\/p><p style=\"text-align: center;\">\u00a0<\/p><p style=\"text-align: center;\"><span style=\"font-weight: 400;\">Encontr\u00e9 un r\u00edo en m\u00ed\u00a0<\/span><\/p><p style=\"text-align: center;\"><span style=\"font-weight: 400;\">Tumultuoso y salvaje<\/span><\/p><p style=\"text-align: center;\"><span style=\"font-weight: 400;\">Feroz como la Madre<\/span><\/p><p style=\"text-align: center;\"><span style=\"font-weight: 400;\">Encontr\u00e9 un r\u00edo en m\u00ed<\/span><\/p><p style=\"text-align: center;\"><span style=\"font-weight: 400;\">Juguet\u00f3n como un ni\u00f1o<\/span><\/p><p style=\"text-align: center;\"><span style=\"font-weight: 400;\">Encontr\u00e9 un r\u00edo en m\u00ed<\/span><\/p><p style=\"text-align: center;\">\u00a0<\/p><p style=\"text-align: center;\"><span style=\"font-weight: 400;\">Dejo que el r\u00edo me lleve<\/span><\/p><p style=\"text-align: center;\"><span style=\"font-weight: 400;\">B\u00e1\u00f1ame en su sabidur\u00eda<\/span><\/p><p style=\"text-align: center;\"><span style=\"font-weight: 400;\">Ll\u00e9name de vida<\/span><\/p><p style=\"text-align: center;\"><span style=\"font-weight: 400;\">Dejo que el r\u00edo me lleve<\/span><\/p><p style=\"text-align: center;\"><span style=\"font-weight: 400;\">Limpiar las partes que deben morir<\/span><\/p><p style=\"text-align: center;\">\u00a0<\/p><p style=\"text-align: center;\"><span style=\"font-weight: 400;\">Estoy brillando<\/span><\/p><p style=\"text-align: center;\"><span style=\"font-weight: 400;\">Como el agua en las rocas<\/span><\/p><p style=\"text-align: center;\"><span style=\"font-weight: 400;\">Como el espejo en el cielo<\/span><\/p><p style=\"text-align: center;\"><span style=\"font-weight: 400;\">Como la luna y las estrellas en la noche<\/span><\/p><p style=\"text-align: center;\"><span style=\"font-weight: 400;\">Estoy brillando<\/span><\/p><p style=\"text-align: center;\">\u00a0<\/p><p style=\"text-align: center;\"><span style=\"font-weight: 400;\">El r\u00edo entra en mis venas<\/span><\/p><p style=\"text-align: center;\"><span style=\"font-weight: 400;\">Agua de mis dedos<\/span><\/p><p style=\"text-align: center;\"><span style=\"font-weight: 400;\">Cayendo de mis pies<\/span><\/p><p style=\"text-align: center;\"><span style=\"font-weight: 400;\">El r\u00edo entra en mis venas<\/span><\/p><p style=\"text-align: center;\"><span style=\"font-weight: 400;\">Siento que se funde con mi energ\u00eda<\/span><\/p><p style=\"text-align: center;\">\u00a0<\/p><p style=\"text-align: center;\"><span style=\"font-weight: 400;\">Estoy brillando<\/span><\/p><p style=\"text-align: center;\"><span style=\"font-weight: 400;\">Como el agua en las rocas<\/span><\/p><p style=\"text-align: center;\"><span style=\"font-weight: 400;\">Como el espejo en el cielo<\/span><\/p><p style=\"text-align: center;\"><span style=\"font-weight: 400;\">Como la luna y las estrellas en la noche<\/span><\/p><p style=\"text-align: center;\"><span style=\"font-weight: 400;\">Estoy brillando<\/span><\/p><p style=\"text-align: center;\">\u00a0<\/p><p style=\"text-align: center;\"><span style=\"font-weight: 400;\">(Puente)<\/span><\/p><p style=\"text-align: center;\">\u00a0<\/p><p style=\"text-align: center;\"><span style=\"font-weight: 400;\">Temiendo que se perdiera<\/span><\/p><p style=\"text-align: center;\"><span style=\"font-weight: 400;\">El r\u00edo se hab\u00eda secado<\/span><\/p><p style=\"text-align: center;\"><span style=\"font-weight: 400;\">Abr\u00ed una escotilla<\/span><\/p><p style=\"text-align: center;\"><span style=\"font-weight: 400;\">R\u00edo de excesos<\/span><\/p><p style=\"text-align: center;\"><span style=\"font-weight: 400;\">Al derribar la presa<\/span><\/p><p style=\"text-align: center;\"><span style=\"font-weight: 400;\">He descubierto qui\u00e9n soy<\/span><\/p><p style=\"text-align: center;\">\u00a0<\/p><p style=\"text-align: center;\"><span style=\"font-weight: 400;\">Estoy brillando<\/span><\/p><p style=\"text-align: center;\"><span style=\"font-weight: 400;\">Como el agua en las rocas<\/span><\/p><p style=\"text-align: center;\"><span style=\"font-weight: 400;\">Como el espejo en el cielo<\/span><\/p><p style=\"text-align: center;\"><span style=\"font-weight: 400;\">Como la luna y las estrellas en la noche<\/span><\/p><p style=\"text-align: center;\"><span style=\"font-weight: 400;\">Estoy brillando<\/span><\/p>\t\t\t\t\t\t\t\t<\/div>\n\t\t\t\t<\/div>\n\t\t\t\t\t<\/div>\n\t\t<\/div>\n\t\t\t\t\t<\/div>\n\t\t<\/section>\n\t\t\t\t<section class=\"elementor-section elementor-top-section elementor-element elementor-element-01ca121 elementor-section-boxed elementor-section-height-default elementor-section-height-default\" data-id=\"01ca121\" data-element_type=\"section\" data-e-type=\"section\">\n\t\t\t\t\t\t<div class=\"elementor-container elementor-column-gap-default\">\n\t\t\t\t\t<div class=\"elementor-column elementor-col-50 elementor-top-column elementor-element elementor-element-39a7891\" data-id=\"39a7891\" data-element_type=\"column\" data-e-type=\"column\">\n\t\t\t<div class=\"elementor-widget-wrap\">\n\t\t\t\t\t\t\t<\/div>\n\t\t<\/div>\n\t\t\t\t<div class=\"elementor-column elementor-col-50 elementor-top-column elementor-element elementor-element-7cb1201\" data-id=\"7cb1201\" data-element_type=\"column\" data-e-type=\"column\">\n\t\t\t<div class=\"elementor-widget-wrap elementor-element-populated\">\n\t\t\t\t\t\t<div class=\"elementor-element elementor-element-e9941bd elementor-align-center elementor-widget elementor-widget-button\" data-id=\"e9941bd\" data-element_type=\"widget\" data-e-type=\"widget\" data-widget_type=\"button.default\">\n\t\t\t\t<div class=\"elementor-widget-container\">\n\t\t\t\t\t\t\t\t\t<div class=\"elementor-button-wrapper\">\n\t\t\t\t\t<a class=\"elementor-button elementor-button-link elementor-size-sm\" href=\"https:\/\/ninalynn.nl\/es\/the-wolf\/\">\n\t\t\t\t\t\t<span class=\"elementor-button-content-wrapper\">\n\t\t\t\t\t\t\t\t\t<span class=\"elementor-button-text\">Siguiente<\/span>\n\t\t\t\t\t<\/span>\n\t\t\t\t\t<\/a>\n\t\t\t\t<\/div>\n\t\t\t\t\t\t\t\t<\/div>\n\t\t\t\t<\/div>\n\t\t\t\t\t<\/div>\n\t\t<\/div>\n\t\t\t\t\t<\/div>\n\t\t<\/section>\n\t\t\t\t<\/div>","protected":false},"excerpt":{"rendered":"<p>Glistening I\u2019m glistening Like the water on the rocks Like the mirror in the sky Like the moon and stars at night I\u2019m glistening \u00a0 I found a river in me\u00a0 Tumultuous and wild Fierce like the Mother I found a river in me Playful like a child I found a river in me \u00a0 [&hellip;]<\/p>\n","protected":false},"author":1,"featured_media":0,"parent":0,"menu_order":0,"comment_status":"closed","ping_status":"closed","template":"","meta":{"site-sidebar-layout":"default","site-content-layout":"","ast-site-content-layout":"default","site-content-style":"default","site-sidebar-style":"default","ast-global-header-display":"","ast-banner-title-visibility":"","ast-main-header-display":"","ast-hfb-above-header-display":"","ast-hfb-below-header-display":"","ast-hfb-mobile-header-display":"","site-post-title":"","ast-breadcrumbs-content":"","ast-featured-img":"","footer-sml-layout":"","ast-disable-related-posts":"","theme-transparent-header-meta":"","adv-header-id-meta":"","stick-header-meta":"","header-above-stick-meta":"","header-main-stick-meta":"","header-below-stick-meta":"","astra-migrate-meta-layouts":"default","ast-page-background-enabled":"default","ast-page-background-meta":{"desktop":{"background-color":"var(--ast-global-color-4)","background-image":"","background-repeat":"repeat","background-position":"center center","background-size":"auto","background-attachment":"scroll","background-type":"","background-media":"","overlay-type":"","overlay-color":"","overlay-opacity":"","overlay-gradient":""},"tablet":{"background-color":"","background-image":"","background-repeat":"repeat","background-position":"center center","background-size":"auto","background-attachment":"scroll","background-type":"","background-media":"","overlay-type":"","overlay-color":"","overlay-opacity":"","overlay-gradient":""},"mobile":{"background-color":"","background-image":"","background-repeat":"repeat","background-position":"center center","background-size":"auto","background-attachment":"scroll","background-type":"","background-media":"","overlay-type":"","overlay-color":"","overlay-opacity":"","overlay-gradient":""}},"ast-content-background-meta":{"desktop":{"background-color":"var(--ast-global-color-5)","background-image":"","background-repeat":"repeat","background-position":"center center","background-size":"auto","background-attachment":"scroll","background-type":"","background-media":"","overlay-type":"","overlay-color":"","overlay-opacity":"","overlay-gradient":""},"tablet":{"background-color":"var(--ast-global-color-5)","background-image":"","background-repeat":"repeat","background-position":"center center","background-size":"auto","background-attachment":"scroll","background-type":"","background-media":"","overlay-type":"","overlay-color":"","overlay-opacity":"","overlay-gradient":""},"mobile":{"background-color":"var(--ast-global-color-5)","background-image":"","background-repeat":"repeat","background-position":"center center","background-size":"auto","background-attachment":"scroll","background-type":"","background-media":"","overlay-type":"","overlay-color":"","overlay-opacity":"","overlay-gradient":""}},"footnotes":""},"class_list":["post-6827","page","type-page","status-publish","hentry"],"aioseo_notices":[],"_links":{"self":[{"href":"https:\/\/ninalynn.nl\/es\/wp-json\/wp\/v2\/pages\/6827","targetHints":{"allow":["GET"]}}],"collection":[{"href":"https:\/\/ninalynn.nl\/es\/wp-json\/wp\/v2\/pages"}],"about":[{"href":"https:\/\/ninalynn.nl\/es\/wp-json\/wp\/v2\/types\/page"}],"author":[{"embeddable":true,"href":"https:\/\/ninalynn.nl\/es\/wp-json\/wp\/v2\/users\/1"}],"replies":[{"embeddable":true,"href":"https:\/\/ninalynn.nl\/es\/wp-json\/wp\/v2\/comments?post=6827"}],"version-history":[{"count":7,"href":"https:\/\/ninalynn.nl\/es\/wp-json\/wp\/v2\/pages\/6827\/revisions"}],"predecessor-version":[{"id":6918,"href":"https:\/\/ninalynn.nl\/es\/wp-json\/wp\/v2\/pages\/6827\/revisions\/6918"}],"wp:attachment":[{"href":"https:\/\/ninalynn.nl\/es\/wp-json\/wp\/v2\/media?parent=6827"}],"curies":[{"name":"wp","href":"https:\/\/api.w.org\/{rel}","templated":true}]}}