{"id":658,"date":"2020-12-31T00:37:22","date_gmt":"2020-12-31T00:37:22","guid":{"rendered":"https:\/\/ninalynn.nl\/?page_id=658"},"modified":"2020-12-31T00:37:22","modified_gmt":"2020-12-31T00:37:22","slug":"cookie-policy","status":"publish","type":"page","link":"https:\/\/ninalynn.nl\/es\/cookie-policy\/","title":{"rendered":"Pol\u00edtica de cookies"},"content":{"rendered":"<div class=\"cli_pg_page_contaner\">\n<h3>Acerca de este sitio web<\/h3>\n<div>Este sitio web est\u00e1 gestionado por NinaLynn. Cuando utiliza el sitio web de NinaLynn y los productos y servicios que contiene, nos deja informaci\u00f3n. Adem\u00e1s, el sitio web deja algunos tipos de cookies en su ordenador. \u00c9stas se utilizan para que el sitio web funcione mejor en su dispositivo. A continuaci\u00f3n puede leer qu\u00e9 informaci\u00f3n puede recopilar NinaLynn, por qu\u00e9 lo hacemos y qu\u00e9 podemos hacer con esa informaci\u00f3n. Tambi\u00e9n puede leer qu\u00e9 cookies utilizamos y por qu\u00e9. Esta declaraci\u00f3n se aplica a todo nuestro sitio web: por lo tanto, se aplica a los visitantes, pero tambi\u00e9n cuando se suscribe a un bolet\u00edn de noticias, por ejemplo.&nbsp;<\/div>\n<h3>Acerca de las cookies<\/h3>\n<div>Para que este sitio web funcione mejor y m\u00e1s r\u00e1pido, y para adaptarlo a sus preferencias, se recogen determinados datos relativos al uso que usted hace de este sitio web. Esta informaci\u00f3n puede recopilarse utilizando las denominadas \"cookies\". Se trata de peque\u00f1os archivos de texto que la p\u00e1gina web visitada coloca autom\u00e1ticamente en su ordenador. Puede desactivar el uso de \"cookies\" en la configuraci\u00f3n de su navegador. Sin embargo, esto tendr\u00e1 como consecuencia un funcionamiento menos eficaz de este sitio web. Los terceros tambi\u00e9n pueden colocar \"cookies\" y rastrear el comportamiento en Internet, como ocurre, por ejemplo, con los v\u00eddeos incrustados de YouTube.&nbsp;<\/div>\n<h3>\u00bfC\u00f3mo obtenemos sus datos?<\/h3>\n<div>Cuando utiliza el sitio web de NinaLynn, a veces nos deja informaci\u00f3n personal. Las formas de hacerlo son las siguientes: navegar por el sitio; rellenar formularios; suscribirse a un bolet\u00edn de noticias; comprar productos.<\/div>\n<h3>\u00bfQu\u00e9 hacemos con sus datos?<\/h3>\n<div>NinaLynn almacena y procesa sus datos para los siguientes fines: Recopilar y analizar estad\u00edsticas con el fin de optimizar el sitio web;Entregar los productos y servicios que usted compra de nosotros;Liquidaci\u00f3n de pagos;Construir un historial de contactos;Entrega de boletines de noticias si usted ha dado su consentimiento;Llegar a usted en Facebook (si se aprueba) y para ser m\u00e1s precisos en la medici\u00f3n y presentaci\u00f3n de informes.&nbsp;<\/div>\n<h3>\u00bfC\u00f3mo protegemos sus datos?<\/h3>\n<div>Sus datos se almacenan y transmiten de forma segura. Cualquiera que no tenga nada que ver con su informaci\u00f3n simplemente no puede acceder a ella. NinaLynn se compromete a almacenar y transmitir su informaci\u00f3n utilizando las \u00faltimas t\u00e9cnicas de seguridad y m\u00e9todos de encriptaci\u00f3n. NinaLynn trata los datos personales de forma confidencial. Nunca venderemos su informaci\u00f3n a terceros.&nbsp;<\/div>\n<\/div>","protected":false},"excerpt":{"rendered":"<p>Over deze Website Deze website wordt beheerd door NinaLynn.&nbsp;Als je gebruik maakt van de website van NinaLynn en de producten en diensten die daarop te vinden zijn, dan laat je gegevens bij ons achter. Bovendien laat de website een aantal soorten cookies op je computer achter. Die worden gebruikt om de website beter te laten [&hellip;]<\/p>\n","protected":false},"author":1,"featured_media":0,"parent":0,"menu_order":0,"comment_status":"closed","ping_status":"closed","template":"","meta":{"site-sidebar-layout":"default","site-content-layout":"","ast-site-content-layout":"default","site-content-style":"default","site-sidebar-style":"default","ast-global-header-display":"","ast-banner-title-visibility":"","ast-main-header-display":"","ast-hfb-above-header-display":"","ast-hfb-below-header-display":"","ast-hfb-mobile-header-display":"","site-post-title":"","ast-breadcrumbs-content":"","ast-featured-img":"","footer-sml-layout":"","ast-disable-related-posts":"","theme-transparent-header-meta":"","adv-header-id-meta":"","stick-header-meta":"","header-above-stick-meta":"","header-main-stick-meta":"","header-below-stick-meta":"","astra-migrate-meta-layouts":"default","ast-page-background-enabled":"default","ast-page-background-meta":{"desktop":{"background-color":"var(--ast-global-color-4)","background-image":"","background-repeat":"repeat","background-position":"center center","background-size":"auto","background-attachment":"scroll","background-type":"","background-media":"","overlay-type":"","overlay-color":"","overlay-opacity":"","overlay-gradient":""},"tablet":{"background-color":"","background-image":"","background-repeat":"repeat","background-position":"center center","background-size":"auto","background-attachment":"scroll","background-type":"","background-media":"","overlay-type":"","overlay-color":"","overlay-opacity":"","overlay-gradient":""},"mobile":{"background-color":"","background-image":"","background-repeat":"repeat","background-position":"center center","background-size":"auto","background-attachment":"scroll","background-type":"","background-media":"","overlay-type":"","overlay-color":"","overlay-opacity":"","overlay-gradient":""}},"ast-content-background-meta":{"desktop":{"background-color":"var(--ast-global-color-5)","background-image":"","background-repeat":"repeat","background-position":"center center","background-size":"auto","background-attachment":"scroll","background-type":"","background-media":"","overlay-type":"","overlay-color":"","overlay-opacity":"","overlay-gradient":""},"tablet":{"background-color":"var(--ast-global-color-5)","background-image":"","background-repeat":"repeat","background-position":"center center","background-size":"auto","background-attachment":"scroll","background-type":"","background-media":"","overlay-type":"","overlay-color":"","overlay-opacity":"","overlay-gradient":""},"mobile":{"background-color":"var(--ast-global-color-5)","background-image":"","background-repeat":"repeat","background-position":"center center","background-size":"auto","background-attachment":"scroll","background-type":"","background-media":"","overlay-type":"","overlay-color":"","overlay-opacity":"","overlay-gradient":""}},"footnotes":""},"class_list":["post-658","page","type-page","status-publish","hentry"],"aioseo_notices":[],"_links":{"self":[{"href":"https:\/\/ninalynn.nl\/es\/wp-json\/wp\/v2\/pages\/658","targetHints":{"allow":["GET"]}}],"collection":[{"href":"https:\/\/ninalynn.nl\/es\/wp-json\/wp\/v2\/pages"}],"about":[{"href":"https:\/\/ninalynn.nl\/es\/wp-json\/wp\/v2\/types\/page"}],"author":[{"embeddable":true,"href":"https:\/\/ninalynn.nl\/es\/wp-json\/wp\/v2\/users\/1"}],"replies":[{"embeddable":true,"href":"https:\/\/ninalynn.nl\/es\/wp-json\/wp\/v2\/comments?post=658"}],"version-history":[{"count":0,"href":"https:\/\/ninalynn.nl\/es\/wp-json\/wp\/v2\/pages\/658\/revisions"}],"wp:attachment":[{"href":"https:\/\/ninalynn.nl\/es\/wp-json\/wp\/v2\/media?parent=658"}],"curies":[{"name":"wp","href":"https:\/\/api.w.org\/{rel}","templated":true}]}}