{"id":5355,"date":"2022-11-27T13:05:37","date_gmt":"2022-11-27T12:05:37","guid":{"rendered":"https:\/\/ninalynn.nl\/?page_id=5355"},"modified":"2026-02-17T15:13:23","modified_gmt":"2026-02-17T14:13:23","slug":"zangles","status":"publish","type":"page","link":"https:\/\/ninalynn.nl\/es\/zangles\/","title":{"rendered":"Clases de canto"},"content":{"rendered":"<div data-elementor-type=\"wp-page\" data-elementor-id=\"5355\" class=\"elementor elementor-5355\" data-elementor-post-type=\"page\">\n\t\t\t\t\t\t<section class=\"elementor-section elementor-top-section elementor-element elementor-element-77eebdd elementor-section-boxed elementor-section-height-default elementor-section-height-default\" data-id=\"77eebdd\" data-element_type=\"section\" data-e-type=\"section\">\n\t\t\t\t\t\t<div class=\"elementor-container elementor-column-gap-default\">\n\t\t\t\t\t<div class=\"elementor-column elementor-col-100 elementor-top-column elementor-element elementor-element-13ea165\" data-id=\"13ea165\" data-element_type=\"column\" data-e-type=\"column\">\n\t\t\t<div class=\"elementor-widget-wrap elementor-element-populated\">\n\t\t\t\t\t\t<div class=\"elementor-element elementor-element-5ddc5b9 elementor-widget elementor-widget-heading\" data-id=\"5ddc5b9\" data-element_type=\"widget\" data-e-type=\"widget\" data-widget_type=\"heading.default\">\n\t\t\t\t<div class=\"elementor-widget-container\">\n\t\t\t\t\t<h2 class=\"elementor-heading-title elementor-size-default\">\u00a1Lecci\u00f3n de canto!<\/h2>\t\t\t\t<\/div>\n\t\t\t\t<\/div>\n\t\t\t\t\t<\/div>\n\t\t<\/div>\n\t\t\t\t\t<\/div>\n\t\t<\/section>\n\t\t\t\t<section class=\"elementor-section elementor-top-section elementor-element elementor-element-fe5f4d3 elementor-section-boxed elementor-section-height-default elementor-section-height-default\" data-id=\"fe5f4d3\" data-element_type=\"section\" data-e-type=\"section\">\n\t\t\t\t\t\t<div class=\"elementor-container elementor-column-gap-default\">\n\t\t\t\t\t<div class=\"elementor-column elementor-col-50 elementor-top-column elementor-element elementor-element-139cf8d\" data-id=\"139cf8d\" data-element_type=\"column\" data-e-type=\"column\">\n\t\t\t<div class=\"elementor-widget-wrap elementor-element-populated\">\n\t\t\t\t\t\t<div class=\"elementor-element elementor-element-8a67f17 elementor-widget elementor-widget-image\" data-id=\"8a67f17\" data-element_type=\"widget\" data-e-type=\"widget\" data-widget_type=\"image.default\">\n\t\t\t\t<div class=\"elementor-widget-container\">\n\t\t\t\t\t\t\t\t\t\t\t\t\t\t\t<img fetchpriority=\"high\" decoding=\"async\" width=\"683\" height=\"1024\" src=\"https:\/\/ninalynn.nl\/wp-content\/uploads\/2022\/11\/DVL_07062021_2_3448-683x1024.jpg\" class=\"attachment-large size-large wp-image-5359\" alt=\"\" srcset=\"https:\/\/ninalynn.nl\/wp-content\/uploads\/2022\/11\/DVL_07062021_2_3448-683x1024.jpg.webp 683w, https:\/\/ninalynn.nl\/wp-content\/uploads\/2022\/11\/DVL_07062021_2_3448-scaled-600x900.jpg 600w, https:\/\/ninalynn.nl\/wp-content\/uploads\/2022\/11\/DVL_07062021_2_3448-200x300.jpg.webp 200w, https:\/\/ninalynn.nl\/wp-content\/uploads\/2022\/11\/DVL_07062021_2_3448-768x1152.jpg.webp 768w, https:\/\/ninalynn.nl\/wp-content\/uploads\/2022\/11\/DVL_07062021_2_3448-1024x1536.jpg.webp 1024w, https:\/\/ninalynn.nl\/wp-content\/uploads\/2022\/11\/DVL_07062021_2_3448-1365x2048.jpg.webp 1365w, https:\/\/ninalynn.nl\/wp-content\/uploads\/2022\/11\/DVL_07062021_2_3448-8x12.jpg.webp 8w, https:\/\/ninalynn.nl\/wp-content\/uploads\/2022\/11\/DVL_07062021_2_3448-500x750.jpg.webp 500w, https:\/\/ninalynn.nl\/wp-content\/uploads\/2022\/11\/DVL_07062021_2_3448-800x1200.jpg.webp 800w, https:\/\/ninalynn.nl\/wp-content\/uploads\/2022\/11\/DVL_07062021_2_3448-1280x1920.jpg.webp 1280w, https:\/\/ninalynn.nl\/wp-content\/uploads\/2022\/11\/DVL_07062021_2_3448-1920x2880.jpg.webp 1920w, https:\/\/ninalynn.nl\/wp-content\/uploads\/2022\/11\/DVL_07062021_2_3448-scaled.jpg.webp 1707w\" sizes=\"(max-width: 683px) 100vw, 683px\" \/>\t\t\t\t\t\t\t\t\t\t\t\t\t\t\t<\/div>\n\t\t\t\t<\/div>\n\t\t\t\t\t<\/div>\n\t\t<\/div>\n\t\t\t\t<div class=\"elementor-column elementor-col-50 elementor-top-column elementor-element elementor-element-a02fa30\" data-id=\"a02fa30\" data-element_type=\"column\" data-e-type=\"column\">\n\t\t\t<div class=\"elementor-widget-wrap elementor-element-populated\">\n\t\t\t\t\t\t<div class=\"elementor-element elementor-element-60c5007 elementor-widget elementor-widget-text-editor\" data-id=\"60c5007\" data-element_type=\"widget\" data-e-type=\"widget\" data-widget_type=\"text-editor.default\">\n\t\t\t\t<div class=\"elementor-widget-container\">\n\t\t\t\t\t\t\t\t\t<p><span style=\"color: #000000;\">\u00bfLe gusta cantar, pero a\u00fan as\u00ed le resulta muy emocionante? \u00bfO no sabe cantar limpiamente? \u00bfO le gustar\u00eda hacer algo m\u00e1s con su pasi\u00f3n por el canto? Entonces, \u00a1las clases de canto pueden ser algo para ti!<\/span><\/p>\n<p><span style=\"color: #000000;\">En las clases de canto, no s\u00f3lo te ense\u00f1o las t\u00e9cnicas b\u00e1sicas del canto para que aprendas a utilizar tu voz correctamente, sino que tambi\u00e9n buscamos juntos tu propio sonido \u00fanico. Para ello, tus deseos son siempre fundamentales.&nbsp;<\/span><\/p>\n<p><span style=\"color: #000000;\">Es posible tomar clases de canto conmigo en <strong>Uithoorn<\/strong>. Puede ser cada semana o cada dos semanas.<\/span><\/p>\n<p><span style=\"color: #000000;\">\u00bfEst\u00e1s interesado en una clase de prueba (gratuita) de media hora? Entonces env\u00eda un correo electr\u00f3nico a info@ninalynn.nl o ponte en contacto conmigo a trav\u00e9s de la p\u00e1gina de contacto de este sitio web.&nbsp;<\/span><\/p>\n<p><span style=\"text-decoration: underline; color: #000000;\">Precios<\/span><\/p>\n<ul>\n<li><span style=\"color: #000000;\">Tarjeta de 10 viajes<\/span>\n<ul>\n<li><span style=\"color: #000000;\">10&#215;30 minuten zangles \u20ac350<\/span><\/li>\n<li><span style=\"color: #000000;\">10&#215;60 minuten zangles \u20ac500<\/span><\/li>\n<\/ul>\n<\/li>\n<\/ul>\t\t\t\t\t\t\t\t<\/div>\n\t\t\t\t<\/div>\n\t\t\t\t\t<\/div>\n\t\t<\/div>\n\t\t\t\t\t<\/div>\n\t\t<\/section>\n\t\t\t\t<section class=\"elementor-section elementor-top-section elementor-element elementor-element-29352fd elementor-section-boxed elementor-section-height-default elementor-section-height-default\" data-id=\"29352fd\" data-element_type=\"section\" data-e-type=\"section\">\n\t\t\t\t\t\t<div class=\"elementor-container elementor-column-gap-default\">\n\t\t\t\t\t<div class=\"elementor-column elementor-col-100 elementor-top-column elementor-element elementor-element-95c1919\" data-id=\"95c1919\" data-element_type=\"column\" data-e-type=\"column\">\n\t\t\t<div class=\"elementor-widget-wrap elementor-element-populated\">\n\t\t\t\t\t\t<div class=\"elementor-element elementor-element-43e3a6c elementor-widget elementor-widget-heading\" data-id=\"43e3a6c\" data-element_type=\"widget\" data-e-type=\"widget\" data-widget_type=\"heading.default\">\n\t\t\t\t<div class=\"elementor-widget-container\">\n\t\t\t\t\t<h2 class=\"elementor-heading-title elementor-size-default\">Rese\u00f1as<\/h2>\t\t\t\t<\/div>\n\t\t\t\t<\/div>\n\t\t\t\t\t<\/div>\n\t\t<\/div>\n\t\t\t\t\t<\/div>\n\t\t<\/section>\n\t\t\t\t<section class=\"elementor-section elementor-top-section elementor-element elementor-element-2632646 elementor-section-boxed elementor-section-height-default elementor-section-height-default\" data-id=\"2632646\" data-element_type=\"section\" data-e-type=\"section\">\n\t\t\t\t\t\t<div class=\"elementor-container elementor-column-gap-default\">\n\t\t\t\t\t<div class=\"elementor-column elementor-col-33 elementor-top-column elementor-element elementor-element-a66dcb8\" data-id=\"a66dcb8\" data-element_type=\"column\" data-e-type=\"column\">\n\t\t\t<div class=\"elementor-widget-wrap elementor-element-populated\">\n\t\t\t\t\t\t<div class=\"elementor-element elementor-element-f4a199f elementor-widget elementor-widget-text-editor\" data-id=\"f4a199f\" data-element_type=\"widget\" data-e-type=\"widget\" data-widget_type=\"text-editor.default\">\n\t\t\t\t<div class=\"elementor-widget-container\">\n\t\t\t\t\t\t\t\t\t<p style=\"text-align: center;\"><span style=\"color: #000000;\"><em>Una profesora estupenda. Al principio daba un poco de miedo, pero al cabo de un rato se me pas\u00f3 enseguida. Con Nina todo es acogedor, c\u00f3modo e instructivo. La recomiendo 100%!\u2764\ufe0f<\/em><\/span><\/p><p style=\"text-align: center;\">- Elina<\/p><div dir=\"auto\">\u00a0<\/div><div dir=\"auto\" style=\"text-align: center;\"><em>Qu\u00e9 especial es recibir clases de canto... \u00a1y encima de Nina!\u00a0<\/em><\/div><div dir=\"auto\" style=\"text-align: center;\"><em>Tras a\u00f1os participando ocasionalmente en coros de proyectos, lleg\u00f3 un mensaje de Nina y me lanc\u00e9.<\/em><\/div><div dir=\"auto\" style=\"text-align: center;\"><em>Muy agradable obtener herramientas para utilizar mejor mi voz y luego atreverme a acelerar m\u00e1s.<\/em><\/div><div dir=\"auto\" style=\"text-align: center;\"><em>Nunca supe de donde pod\u00e9is sacar todos el sonido. Somos una caja de resonancia andante \ud83d\ude00 .<\/em><\/div><div dir=\"auto\" style=\"text-align: center;\"><em>Nina ense\u00f1a muy bien, de forma accesible y con mucho sentimiento.<\/em><\/div><div dir=\"auto\" style=\"text-align: center;\"><em>Para mi muy bonito aprender a utilizar muchas emociones para cantar con sentimiento. \u00a1\u00a1\u00a1Espero con muchas ganas la pr\u00f3xima serie de lecciones!!!\u00a0<\/em><\/div><div dir=\"auto\" style=\"text-align: center;\">- Muriel<\/div>\t\t\t\t\t\t\t\t<\/div>\n\t\t\t\t<\/div>\n\t\t\t\t\t<\/div>\n\t\t<\/div>\n\t\t\t\t<div class=\"elementor-column elementor-col-33 elementor-top-column elementor-element elementor-element-00598f9\" data-id=\"00598f9\" data-element_type=\"column\" data-e-type=\"column\">\n\t\t\t<div class=\"elementor-widget-wrap elementor-element-populated\">\n\t\t\t\t\t\t<div class=\"elementor-element elementor-element-bea0be6 elementor-widget elementor-widget-text-editor\" data-id=\"bea0be6\" data-element_type=\"widget\" data-e-type=\"widget\" data-widget_type=\"text-editor.default\">\n\t\t\t\t<div class=\"elementor-widget-container\">\n\t\t\t\t\t\t\t\t\t<p style=\"text-align: center;\"><em>\"\u00a1Estoy s\u00faper contenta y m\u00e1s que satisfecha con las clases de canto! Con Nina aprendo muchas cosas nuevas sobre t\u00e9cnicas de canto. Adem\u00e1s de los conocimientos que Nina tiene, tambi\u00e9n es muy paciente, positiva y simplemente hay un ambiente muy agradable durante las clases. \u00a1Eso es muy agradable para la gente a la que todav\u00eda le resulta un poco emocionante! Se lo recomiendo a todo el mundo\".<\/em><\/p><p style=\"text-align: center;\">- Claudia<\/p><p>\u00a0<\/p><p style=\"text-align: center;\"><em>Llevo unos meses recibiendo clases de canto de Nina y ya he aprendido much\u00edsimo en este tiempo. Todo lo relacionado con el apoyo de la respiraci\u00f3n y las diferentes t\u00e9cnicas. Cuando trabajamos en una canci\u00f3n, nos sumergimos en la canci\u00f3n para que realmente pueda \"hacerla m\u00eda\". Estoy impresionada por sus conocimientos y su estilo de ense\u00f1anza. El entusiasmo de Nina es contagioso y se asegura de que los alumnos disfruten yendo a clase y salgan satisfechos y llenos de energ\u00eda.\u00a0<\/em><\/p><p style=\"text-align: center;\">- Marije<\/p>\t\t\t\t\t\t\t\t<\/div>\n\t\t\t\t<\/div>\n\t\t\t\t\t<\/div>\n\t\t<\/div>\n\t\t\t\t<div class=\"elementor-column elementor-col-33 elementor-top-column elementor-element elementor-element-c35bf98\" data-id=\"c35bf98\" data-element_type=\"column\" data-e-type=\"column\">\n\t\t\t<div class=\"elementor-widget-wrap elementor-element-populated\">\n\t\t\t\t\t\t<div class=\"elementor-element elementor-element-62e0291 elementor-widget elementor-widget-text-editor\" data-id=\"62e0291\" data-element_type=\"widget\" data-e-type=\"widget\" data-widget_type=\"text-editor.default\">\n\t\t\t\t<div class=\"elementor-widget-container\">\n\t\t\t\t\t\t\t\t\t<p style=\"text-align: center;\"><span style=\"color: #000000;\"><em>Si eres un cantante principiante o buscas un buen profesor, \u00a1te recomiendo encarecidamente a Nina! Ella sabe lo que hace cuando se trata de t\u00e9cnica vocal, es super paciente y su entusiasmo es contagioso.<\/em><\/span><\/p><p style=\"text-align: center;\"><span style=\"color: #000000;\"><em>Las clases de Nina siempre se adaptan a los intereses de sus alumnos, por lo que puedes estar seguro de que aprender\u00e1s las habilidades que necesitas para cantar el tipo de m\u00fasica que te gusta. Tiene buen o\u00eddo para los diferentes g\u00e9neros.<\/em><\/span><\/p><p style=\"text-align: center;\"><span style=\"color: #000000;\"><em>Nina es una profesora de primera que es genial con los principiantes. As\u00ed que si est\u00e1s buscando a alguien que pueda ayudarte a empezar de la manera correcta, \u00a1definitivamente recomiendo a Nina!<\/em><\/span><\/p><p style=\"text-align: center;\">- Ritchie<\/p>\t\t\t\t\t\t\t\t<\/div>\n\t\t\t\t<\/div>\n\t\t\t\t\t<\/div>\n\t\t<\/div>\n\t\t\t\t\t<\/div>\n\t\t<\/section>\n\t\t\t\t<\/div>","protected":false},"excerpt":{"rendered":"<p>Zangles! Hou jij van zingen, maar vind je het nog erg spannend? Of weet je niet zo goed hoe je zuiver kunt zingen? Of wil je graag meer met jouw passie voor zingen doen? Dan is zangles wellicht iets voor jou! In de zanglessen leer ik je niet alleen de basistechnieken voor zingen aan zodat [&hellip;]<\/p>\n","protected":false},"author":1,"featured_media":0,"parent":0,"menu_order":0,"comment_status":"closed","ping_status":"closed","template":"elementor_header_footer","meta":{"site-sidebar-layout":"default","site-content-layout":"","ast-site-content-layout":"default","site-content-style":"default","site-sidebar-style":"default","ast-global-header-display":"","ast-banner-title-visibility":"","ast-main-header-display":"","ast-hfb-above-header-display":"","ast-hfb-below-header-display":"","ast-hfb-mobile-header-display":"","site-post-title":"","ast-breadcrumbs-content":"","ast-featured-img":"","footer-sml-layout":"","ast-disable-related-posts":"","theme-transparent-header-meta":"","adv-header-id-meta":"","stick-header-meta":"","header-above-stick-meta":"","header-main-stick-meta":"","header-below-stick-meta":"","astra-migrate-meta-layouts":"default","ast-page-background-enabled":"default","ast-page-background-meta":{"desktop":{"background-color":"var(--ast-global-color-4)","background-image":"","background-repeat":"repeat","background-position":"center center","background-size":"auto","background-attachment":"scroll","background-type":"","background-media":"","overlay-type":"","overlay-color":"","overlay-opacity":"","overlay-gradient":""},"tablet":{"background-color":"","background-image":"","background-repeat":"repeat","background-position":"center center","background-size":"auto","background-attachment":"scroll","background-type":"","background-media":"","overlay-type":"","overlay-color":"","overlay-opacity":"","overlay-gradient":""},"mobile":{"background-color":"","background-image":"","background-repeat":"repeat","background-position":"center center","background-size":"auto","background-attachment":"scroll","background-type":"","background-media":"","overlay-type":"","overlay-color":"","overlay-opacity":"","overlay-gradient":""}},"ast-content-background-meta":{"desktop":{"background-color":"var(--ast-global-color-5)","background-image":"","background-repeat":"repeat","background-position":"center center","background-size":"auto","background-attachment":"scroll","background-type":"","background-media":"","overlay-type":"","overlay-color":"","overlay-opacity":"","overlay-gradient":""},"tablet":{"background-color":"var(--ast-global-color-5)","background-image":"","background-repeat":"repeat","background-position":"center center","background-size":"auto","background-attachment":"scroll","background-type":"","background-media":"","overlay-type":"","overlay-color":"","overlay-opacity":"","overlay-gradient":""},"mobile":{"background-color":"var(--ast-global-color-5)","background-image":"","background-repeat":"repeat","background-position":"center center","background-size":"auto","background-attachment":"scroll","background-type":"","background-media":"","overlay-type":"","overlay-color":"","overlay-opacity":"","overlay-gradient":""}},"footnotes":""},"class_list":["post-5355","page","type-page","status-publish","hentry"],"aioseo_notices":[],"_links":{"self":[{"href":"https:\/\/ninalynn.nl\/es\/wp-json\/wp\/v2\/pages\/5355","targetHints":{"allow":["GET"]}}],"collection":[{"href":"https:\/\/ninalynn.nl\/es\/wp-json\/wp\/v2\/pages"}],"about":[{"href":"https:\/\/ninalynn.nl\/es\/wp-json\/wp\/v2\/types\/page"}],"author":[{"embeddable":true,"href":"https:\/\/ninalynn.nl\/es\/wp-json\/wp\/v2\/users\/1"}],"replies":[{"embeddable":true,"href":"https:\/\/ninalynn.nl\/es\/wp-json\/wp\/v2\/comments?post=5355"}],"version-history":[{"count":33,"href":"https:\/\/ninalynn.nl\/es\/wp-json\/wp\/v2\/pages\/5355\/revisions"}],"predecessor-version":[{"id":7451,"href":"https:\/\/ninalynn.nl\/es\/wp-json\/wp\/v2\/pages\/5355\/revisions\/7451"}],"wp:attachment":[{"href":"https:\/\/ninalynn.nl\/es\/wp-json\/wp\/v2\/media?parent=5355"}],"curies":[{"name":"wp","href":"https:\/\/api.w.org\/{rel}","templated":true}]}}