{"id":50,"date":"2019-03-31T19:58:55","date_gmt":"2019-03-31T19:58:55","guid":{"rendered":"https:\/\/ninalynn.nl\/?page_id=50"},"modified":"2022-10-05T14:23:01","modified_gmt":"2022-10-05T13:23:01","slug":"view-tour-dates","status":"publish","type":"page","link":"https:\/\/ninalynn.nl\/es\/view-tour-dates\/","title":{"rendered":"ACTUALIZACI\u00d3N"},"content":{"rendered":"<div data-elementor-type=\"wp-page\" data-elementor-id=\"50\" class=\"elementor elementor-50\" data-elementor-post-type=\"page\">\n\t\t\t\t\t\t<section class=\"elementor-section elementor-top-section elementor-element elementor-element-5fe86e1e elementor-section-boxed elementor-section-height-default elementor-section-height-default\" data-id=\"5fe86e1e\" data-element_type=\"section\" data-e-type=\"section\">\n\t\t\t\t\t\t<div class=\"elementor-container elementor-column-gap-default\">\n\t\t\t\t\t<div class=\"elementor-column elementor-col-100 elementor-top-column elementor-element elementor-element-58993c1f\" data-id=\"58993c1f\" data-element_type=\"column\" data-e-type=\"column\">\n\t\t\t<div class=\"elementor-widget-wrap elementor-element-populated\">\n\t\t\t\t\t\t<div class=\"elementor-element elementor-element-317fb7f6 elementor-invisible elementor-widget elementor-widget-text-editor\" data-id=\"317fb7f6\" data-element_type=\"widget\" data-e-type=\"widget\" data-settings=\"{&quot;_animation&quot;:&quot;pulse&quot;}\" data-widget_type=\"text-editor.default\">\n\t\t\t\t<div class=\"elementor-widget-container\">\n\t\t\t\t\t\t\t\t\t<p><\/p>\n<div style=\"text-align: center;\">\n<h4 class=\"wp-block-heading\" style=\"font-family: Roboto, sans-serif; text-align: center;\"><span style=\"font-family: inherit; font-size: 1.25rem;\">15.11.2022 - SESIONES EN LA SALA AZUL (BANDA)<\/span><\/h4>\n<p style=\"text-align: center;\">Verkadefabriek | Den Bosch <a href=\"https:\/\/www.blueroomsessions.nl\/productie\/ninalynn-band-nl\/\">M\u00e1s informaci\u00f3n<\/a><\/p>\n<h4 style=\"font-family: Roboto, sans-serif; text-align: center;\"><span style=\"font-family: inherit; font-size: 1.25rem;\">11.02.2023 - TEATRO CARRUSEL (BANDA)<\/span><\/h4>\n<p>Ommen | <a href=\"https:\/\/www.theatercarrousel.nl\/programma\">M\u00e1s informaci\u00f3n<\/a><\/p>\n<h4 style=\"font-family: Roboto, sans-serif; text-align: center;\"><span style=\"font-family: inherit; font-size: 1.25rem;\">17.02.2023 - POSADA REY BURRO (D\u00daO)<\/span><\/h4>\n<p>B\u00e9lgica | Inicio: 20.00h | M\u00e1s informaci\u00f3n t.b.a.<\/p>\n<h4 style=\"font-family: Roboto, sans-serif; text-align: center;\"><span style=\"font-family: inherit; font-size: 1.25rem;\">11.03.2023 - \u00a1FIESTA DE LANZAMIENTO!<\/span><\/h4>\n<p>Paradiso Noord | Amsterdam | Amsterdam <a href=\"https:\/\/www.paradiso.nl\/nl\/programma\/ninalynn\/99897\/\">M\u00e1s informaci\u00f3n<\/a><\/p>\n<\/div>\t\t\t\t\t\t\t\t<\/div>\n\t\t\t\t<\/div>\n\t\t\t\t\t<\/div>\n\t\t<\/div>\n\t\t\t\t\t<\/div>\n\t\t<\/section>\n\t\t\t\t<\/div>","protected":false},"excerpt":{"rendered":"<p>\u00a115.11.2022 - BLUE ROOM SESSIONS (BAND) Verkadefabriek | Den Bosch | M\u00e1s informaci\u00f3n 11.02.2023 - THEATER CARROUSEL (BAND) Ommen | M\u00e1s informaci\u00f3n 17.02.2023 - HERBERG KONING-EZEL (DUO) B\u00e9lgica | Inicio: 20.00h | M\u00e1s informaci\u00f3n t.b.a. 11.03.2023 - RELEASE PARTY! Paradiso Noord | Amsterdam | M\u00e1s informaci\u00f3n<\/p>","protected":false},"author":1,"featured_media":0,"parent":0,"menu_order":0,"comment_status":"closed","ping_status":"closed","template":"quality-page-builder-default.php","meta":{"site-sidebar-layout":"default","site-content-layout":"","ast-site-content-layout":"default","site-content-style":"default","site-sidebar-style":"default","ast-global-header-display":"","ast-banner-title-visibility":"","ast-main-header-display":"","ast-hfb-above-header-display":"","ast-hfb-below-header-display":"","ast-hfb-mobile-header-display":"","site-post-title":"","ast-breadcrumbs-content":"","ast-featured-img":"","footer-sml-layout":"","ast-disable-related-posts":"","theme-transparent-header-meta":"","adv-header-id-meta":"","stick-header-meta":"","header-above-stick-meta":"","header-main-stick-meta":"","header-below-stick-meta":"","astra-migrate-meta-layouts":"default","ast-page-background-enabled":"default","ast-page-background-meta":{"desktop":{"background-color":"var(--ast-global-color-4)","background-image":"","background-repeat":"repeat","background-position":"center center","background-size":"auto","background-attachment":"scroll","background-type":"","background-media":"","overlay-type":"","overlay-color":"","overlay-opacity":"","overlay-gradient":""},"tablet":{"background-color":"","background-image":"","background-repeat":"repeat","background-position":"center center","background-size":"auto","background-attachment":"scroll","background-type":"","background-media":"","overlay-type":"","overlay-color":"","overlay-opacity":"","overlay-gradient":""},"mobile":{"background-color":"","background-image":"","background-repeat":"repeat","background-position":"center center","background-size":"auto","background-attachment":"scroll","background-type":"","background-media":"","overlay-type":"","overlay-color":"","overlay-opacity":"","overlay-gradient":""}},"ast-content-background-meta":{"desktop":{"background-color":"var(--ast-global-color-5)","background-image":"","background-repeat":"repeat","background-position":"center center","background-size":"auto","background-attachment":"scroll","background-type":"","background-media":"","overlay-type":"","overlay-color":"","overlay-opacity":"","overlay-gradient":""},"tablet":{"background-color":"var(--ast-global-color-5)","background-image":"","background-repeat":"repeat","background-position":"center center","background-size":"auto","background-attachment":"scroll","background-type":"","background-media":"","overlay-type":"","overlay-color":"","overlay-opacity":"","overlay-gradient":""},"mobile":{"background-color":"var(--ast-global-color-5)","background-image":"","background-repeat":"repeat","background-position":"center center","background-size":"auto","background-attachment":"scroll","background-type":"","background-media":"","overlay-type":"","overlay-color":"","overlay-opacity":"","overlay-gradient":""}},"footnotes":""},"class_list":["post-50","page","type-page","status-publish","hentry"],"aioseo_notices":[],"_links":{"self":[{"href":"https:\/\/ninalynn.nl\/es\/wp-json\/wp\/v2\/pages\/50","targetHints":{"allow":["GET"]}}],"collection":[{"href":"https:\/\/ninalynn.nl\/es\/wp-json\/wp\/v2\/pages"}],"about":[{"href":"https:\/\/ninalynn.nl\/es\/wp-json\/wp\/v2\/types\/page"}],"author":[{"embeddable":true,"href":"https:\/\/ninalynn.nl\/es\/wp-json\/wp\/v2\/users\/1"}],"replies":[{"embeddable":true,"href":"https:\/\/ninalynn.nl\/es\/wp-json\/wp\/v2\/comments?post=50"}],"version-history":[{"count":0,"href":"https:\/\/ninalynn.nl\/es\/wp-json\/wp\/v2\/pages\/50\/revisions"}],"wp:attachment":[{"href":"https:\/\/ninalynn.nl\/es\/wp-json\/wp\/v2\/media?parent=50"}],"curies":[{"name":"wp","href":"https:\/\/api.w.org\/{rel}","templated":true}]}}