{"id":3815,"date":"2021-06-08T12:12:54","date_gmt":"2021-06-08T11:12:54","guid":{"rendered":"https:\/\/ninalynn.nl\/?page_id=3815"},"modified":"2023-03-04T22:58:12","modified_gmt":"2023-03-04T21:58:12","slug":"hummingbird-homepage","status":"publish","type":"page","link":"https:\/\/ninalynn.nl\/es\/hummingbird-homepage\/","title":{"rendered":"P\u00e1gina de inicio de Hummingbird"},"content":{"rendered":"<div data-elementor-type=\"wp-page\" data-elementor-id=\"3815\" class=\"elementor elementor-3815\" data-elementor-post-type=\"page\">\n\t\t\t\t\t\t<section class=\"elementor-section elementor-top-section elementor-element elementor-element-c8c0a81 elementor-section-boxed elementor-section-height-default elementor-section-height-default\" data-id=\"c8c0a81\" data-element_type=\"section\" data-e-type=\"section\">\n\t\t\t\t\t\t<div class=\"elementor-container elementor-column-gap-default\">\n\t\t\t\t\t<div class=\"elementor-column elementor-col-100 elementor-top-column elementor-element elementor-element-69c2c67\" data-id=\"69c2c67\" data-element_type=\"column\" data-e-type=\"column\">\n\t\t\t<div class=\"elementor-widget-wrap elementor-element-populated\">\n\t\t\t\t\t\t<div class=\"elementor-element elementor-element-8d1abe5 elementor-widget elementor-widget-image\" data-id=\"8d1abe5\" data-element_type=\"widget\" data-e-type=\"widget\" data-widget_type=\"image.default\">\n\t\t\t\t<div class=\"elementor-widget-container\">\n\t\t\t\t\t\t\t\t\t\t\t\t\t\t\t<img fetchpriority=\"high\" decoding=\"async\" width=\"1024\" height=\"157\" src=\"https:\/\/ninalynn.nl\/wp-content\/uploads\/2021\/06\/Titel-Hummingbird-1024x157.png\" class=\"attachment-large size-large wp-image-3817\" alt=\"\" srcset=\"https:\/\/ninalynn.nl\/wp-content\/uploads\/2021\/06\/Titel-Hummingbird-1024x157.png.webp 1024w, https:\/\/ninalynn.nl\/wp-content\/uploads\/2021\/06\/Titel-Hummingbird-600x92.png 600w, https:\/\/ninalynn.nl\/wp-content\/uploads\/2021\/06\/Titel-Hummingbird-300x46.png 300w, https:\/\/ninalynn.nl\/wp-content\/uploads\/2021\/06\/Titel-Hummingbird-768x118.png.webp 768w, https:\/\/ninalynn.nl\/wp-content\/uploads\/2021\/06\/Titel-Hummingbird-16x2.png 16w, https:\/\/ninalynn.nl\/wp-content\/uploads\/2021\/06\/Titel-Hummingbird-500x77.png 500w, https:\/\/ninalynn.nl\/wp-content\/uploads\/2021\/06\/Titel-Hummingbird-800x122.png 800w, https:\/\/ninalynn.nl\/wp-content\/uploads\/2021\/06\/Titel-Hummingbird-1280x196.png 1280w, https:\/\/ninalynn.nl\/wp-content\/uploads\/2021\/06\/Titel-Hummingbird.png 1476w\" sizes=\"(max-width: 1024px) 100vw, 1024px\" \/>\t\t\t\t\t\t\t\t\t\t\t\t\t\t\t<\/div>\n\t\t\t\t<\/div>\n\t\t\t\t\t<\/div>\n\t\t<\/div>\n\t\t\t\t\t<\/div>\n\t\t<\/section>\n\t\t\t\t<section class=\"elementor-section elementor-top-section elementor-element elementor-element-2e7796b elementor-section-boxed elementor-section-height-default elementor-section-height-default\" data-id=\"2e7796b\" data-element_type=\"section\" data-e-type=\"section\">\n\t\t\t\t\t\t<div class=\"elementor-container elementor-column-gap-default\">\n\t\t\t\t\t<div class=\"elementor-column elementor-col-33 elementor-top-column elementor-element elementor-element-91641ca\" data-id=\"91641ca\" data-element_type=\"column\" data-e-type=\"column\">\n\t\t\t<div class=\"elementor-widget-wrap elementor-element-populated\">\n\t\t\t\t\t\t<div class=\"elementor-element elementor-element-f41e622 elementor-widget elementor-widget-video\" data-id=\"f41e622\" data-element_type=\"widget\" data-e-type=\"widget\" data-settings=\"{&quot;youtube_url&quot;:&quot;https:\\\/\\\/www.youtube.com\\\/watch?v=nfYhhGSeym4&quot;,&quot;video_type&quot;:&quot;youtube&quot;,&quot;controls&quot;:&quot;yes&quot;}\" data-widget_type=\"video.default\">\n\t\t\t\t<div class=\"elementor-widget-container\">\n\t\t\t\t\t\t\t<div class=\"elementor-wrapper elementor-open-inline\">\n\t\t\t<div class=\"elementor-video\"><\/div>\t\t<\/div>\n\t\t\t\t\t\t<\/div>\n\t\t\t\t<\/div>\n\t\t\t\t\t<\/div>\n\t\t<\/div>\n\t\t\t\t<div class=\"elementor-column elementor-col-33 elementor-top-column elementor-element elementor-element-b556f01\" data-id=\"b556f01\" data-element_type=\"column\" data-e-type=\"column\">\n\t\t\t<div class=\"elementor-widget-wrap elementor-element-populated\">\n\t\t\t\t\t\t<div class=\"elementor-element elementor-element-58f08c6 elementor-widget elementor-widget-video\" data-id=\"58f08c6\" data-element_type=\"widget\" data-e-type=\"widget\" data-settings=\"{&quot;youtube_url&quot;:&quot;https:\\\/\\\/www.youtube.com\\\/watch?v=pO0MufiSZ6I&quot;,&quot;video_type&quot;:&quot;youtube&quot;,&quot;controls&quot;:&quot;yes&quot;}\" data-widget_type=\"video.default\">\n\t\t\t\t<div class=\"elementor-widget-container\">\n\t\t\t\t\t\t\t<div class=\"elementor-wrapper elementor-open-inline\">\n\t\t\t<div class=\"elementor-video\"><\/div>\t\t<\/div>\n\t\t\t\t\t\t<\/div>\n\t\t\t\t<\/div>\n\t\t\t\t\t<\/div>\n\t\t<\/div>\n\t\t\t\t<div class=\"elementor-column elementor-col-33 elementor-top-column elementor-element elementor-element-d3e9f3e\" data-id=\"d3e9f3e\" data-element_type=\"column\" data-e-type=\"column\">\n\t\t\t<div class=\"elementor-widget-wrap elementor-element-populated\">\n\t\t\t\t\t\t<div class=\"elementor-element elementor-element-4d75e9c elementor-widget elementor-widget-video\" data-id=\"4d75e9c\" data-element_type=\"widget\" data-e-type=\"widget\" data-settings=\"{&quot;youtube_url&quot;:&quot;https:\\\/\\\/www.youtube.com\\\/watch?v=7sh2_UqGSuc&quot;,&quot;video_type&quot;:&quot;youtube&quot;,&quot;controls&quot;:&quot;yes&quot;}\" data-widget_type=\"video.default\">\n\t\t\t\t<div class=\"elementor-widget-container\">\n\t\t\t\t\t\t\t<div class=\"elementor-wrapper elementor-open-inline\">\n\t\t\t<div class=\"elementor-video\"><\/div>\t\t<\/div>\n\t\t\t\t\t\t<\/div>\n\t\t\t\t<\/div>\n\t\t\t\t\t<\/div>\n\t\t<\/div>\n\t\t\t\t\t<\/div>\n\t\t<\/section>\n\t\t\t\t<section class=\"elementor-section elementor-top-section elementor-element elementor-element-c518032 elementor-section-boxed elementor-section-height-default elementor-section-height-default\" data-id=\"c518032\" data-element_type=\"section\" data-e-type=\"section\">\n\t\t\t\t\t\t<div class=\"elementor-container elementor-column-gap-default\">\n\t\t\t\t\t<div class=\"elementor-column elementor-col-100 elementor-top-column elementor-element elementor-element-bf91311\" data-id=\"bf91311\" data-element_type=\"column\" data-e-type=\"column\">\n\t\t\t<div class=\"elementor-widget-wrap elementor-element-populated\">\n\t\t\t\t\t\t<div class=\"elementor-element elementor-element-077282f elementor-widget elementor-widget-text-editor\" data-id=\"077282f\" data-element_type=\"widget\" data-e-type=\"widget\" data-widget_type=\"text-editor.default\">\n\t\t\t\t<div class=\"elementor-widget-container\">\n\t\t\t\t\t\t\t\t\t<p>Con Hummingbird, un primer \u00e1lbum notablemente sofisticado, NinaLynn parece irrumpir en la escena americana de la nada. De hecho, la joven trovadora lleva a\u00f1os perfeccionando su arte. Sin embargo, la naturaleza profundamente personal de su m\u00fasica le impidi\u00f3 presentar su material a un p\u00fablico m\u00e1s amplio durante la mayor parte de ese tiempo. Un curso de composici\u00f3n de canciones le dio confianza en su propio trabajo, y su casi agotamiento como estudiante de pol\u00edtica la oblig\u00f3 a reconocer que ten\u00eda que seguir a su musa.\u00a0<\/p><p>Las influencias de Nina abarcan varias generaciones de estrellas del country y el bluegrass: desde Emmylou Harris, pasando por Alison Krauss, hasta Molly Tuttle y Taylor Swift, que tuvieron un impacto crucial en su desarrollo creativo. \"Desde que tengo uso de raz\u00f3n, me han venido melod\u00edas a la cabeza, pero Taylor b\u00e1sicamente me introdujo en la escritura de canciones y en la m\u00fasica country\". Al mismo tiempo, Nina nunca dej\u00f3 de escuchar a artistas que trabajaban en otros campos, como Norah Jones y Eva Cassidy.\u00a0<\/p><p>Dada la diversidad de sus inspiraciones, su discogr\u00e1fica llama a su m\u00fasica Americana-pop. Es una descripci\u00f3n que le gusta. \"Cuando escribo una canci\u00f3n, no me gusta pensar en categor\u00edas musicales, y Americana es probablemente el t\u00e9rmino m\u00e1s amplio para describir la m\u00fasica de ra\u00edces americana. En cuanto a lo de 'pop', la gente me dice que mis melod\u00edas son f\u00e1ciles de escuchar y cantar. Pop viene de 'popular', y me alegra que mi m\u00fasica suene accesible\".\u00a0<\/p><p>Aunque las canciones pueden disfrutarse por separado, el disco cuenta una historia cronol\u00f3gica, que comienza cuando Nina se da cuenta de que la m\u00fasica tiene que ser su prioridad para llevar una vida realmente plena. Las canciones narran los nuevos dilemas a los que se enfrenta mientras persigue su objetivo de convertirse en una juglar errante. Varias de las canciones del \u00e1lbum tienen su origen en la crisis de COVID-19. A pesar de que frustr\u00f3 sus planes de empezar a viajar por el mundo tras obtener su m\u00e1ster, Nina se neg\u00f3 a que las repercusiones pr\u00e1cticas de la pandemia se interpusieran en su creatividad. \"Al verme obligada a quedarme en casa, tuve que aprender a mirar con otros ojos los lugares que hab\u00eda visto un mill\u00f3n de veces. Viajar es un estado de \u00e1nimo tanto como algo f\u00edsico\".<\/p><p>Decidida a aprovechar el encierro como una oportunidad para terminar el material de Hummingbird y grabarlo, Nina consigui\u00f3 reclutar una banda de estudio con m\u00fasicos de primera. Habla con gratitud ilimitada del entusiasmo, la imaginaci\u00f3n y la versatilidad que el bater\u00eda y percusionista Arthur Bont, el bajista Lucas Beukers y el violinista Joost van Es aportaron a las canciones, que abarcan desde el folk tradicional brit\u00e1nico hasta el jazz-swing. En cuanto al productor y multiinstrumentista Janos Koolen, parece asombrada por sus habilidades casi ps\u00edquicas. \"Sab\u00eda exactamente c\u00f3mo quer\u00eda que sonaran las canciones con una banda completa. Nunca tuve que decirle nada. Me siento incre\u00edblemente afortunada de que decidiera producir el \u00e1lbum\". Puede que esto sea demasiado modesto por su parte. La evidente sinergia entre Nina y los m\u00fasicos no se habr\u00eda producido sin su propia aportaci\u00f3n como cantautora muy prometedora: \u00a1un debut impresionante!<\/p><p style=\"text-align: right;\">- Theo de Jong<\/p>\t\t\t\t\t\t\t\t<\/div>\n\t\t\t\t<\/div>\n\t\t\t\t\t<\/div>\n\t\t<\/div>\n\t\t\t\t\t<\/div>\n\t\t<\/section>\n\t\t\t\t<section class=\"elementor-section elementor-top-section elementor-element elementor-element-9b39a93 elementor-section-boxed elementor-section-height-default elementor-section-height-default\" data-id=\"9b39a93\" data-element_type=\"section\" data-e-type=\"section\">\n\t\t\t\t\t\t<div class=\"elementor-container elementor-column-gap-default\">\n\t\t\t\t\t<div class=\"elementor-column elementor-col-33 elementor-top-column elementor-element elementor-element-11e2b27\" data-id=\"11e2b27\" data-element_type=\"column\" data-e-type=\"column\">\n\t\t\t<div class=\"elementor-widget-wrap elementor-element-populated\">\n\t\t\t\t\t\t<div class=\"elementor-element elementor-element-82fa1fc elementor-widget elementor-widget-video\" data-id=\"82fa1fc\" data-element_type=\"widget\" data-e-type=\"widget\" data-settings=\"{&quot;youtube_url&quot;:&quot;https:\\\/\\\/www.youtube.com\\\/watch?v=yrp3xwU50HY&quot;,&quot;video_type&quot;:&quot;youtube&quot;,&quot;controls&quot;:&quot;yes&quot;}\" data-widget_type=\"video.default\">\n\t\t\t\t<div class=\"elementor-widget-container\">\n\t\t\t\t\t\t\t<div class=\"elementor-wrapper elementor-open-inline\">\n\t\t\t<div class=\"elementor-video\"><\/div>\t\t<\/div>\n\t\t\t\t\t\t<\/div>\n\t\t\t\t<\/div>\n\t\t\t\t\t<\/div>\n\t\t<\/div>\n\t\t\t\t<div class=\"elementor-column elementor-col-33 elementor-top-column elementor-element elementor-element-58ebeda\" data-id=\"58ebeda\" data-element_type=\"column\" data-e-type=\"column\">\n\t\t\t<div class=\"elementor-widget-wrap elementor-element-populated\">\n\t\t\t\t\t\t<div class=\"elementor-element elementor-element-d5412af elementor-widget elementor-widget-video\" data-id=\"d5412af\" data-element_type=\"widget\" data-e-type=\"widget\" data-settings=\"{&quot;youtube_url&quot;:&quot;https:\\\/\\\/www.youtube.com\\\/watch?v=V9IGnLz-39g&quot;,&quot;video_type&quot;:&quot;youtube&quot;,&quot;controls&quot;:&quot;yes&quot;}\" data-widget_type=\"video.default\">\n\t\t\t\t<div class=\"elementor-widget-container\">\n\t\t\t\t\t\t\t<div class=\"elementor-wrapper elementor-open-inline\">\n\t\t\t<div class=\"elementor-video\"><\/div>\t\t<\/div>\n\t\t\t\t\t\t<\/div>\n\t\t\t\t<\/div>\n\t\t\t\t\t<\/div>\n\t\t<\/div>\n\t\t\t\t<div class=\"elementor-column elementor-col-33 elementor-top-column elementor-element elementor-element-49722a0\" data-id=\"49722a0\" data-element_type=\"column\" data-e-type=\"column\">\n\t\t\t<div class=\"elementor-widget-wrap elementor-element-populated\">\n\t\t\t\t\t\t<div class=\"elementor-element elementor-element-0c8aaab elementor-widget elementor-widget-video\" data-id=\"0c8aaab\" data-element_type=\"widget\" data-e-type=\"widget\" data-settings=\"{&quot;youtube_url&quot;:&quot;https:\\\/\\\/www.youtube.com\\\/watch?v=d6wS-PxmGg8&amp;list=PL1AqWBtop8jGzi_bIuFeUzOVPZYJtjth8&quot;,&quot;video_type&quot;:&quot;youtube&quot;,&quot;controls&quot;:&quot;yes&quot;}\" data-widget_type=\"video.default\">\n\t\t\t\t<div class=\"elementor-widget-container\">\n\t\t\t\t\t\t\t<div class=\"elementor-wrapper elementor-open-inline\">\n\t\t\t<div class=\"elementor-video\"><\/div>\t\t<\/div>\n\t\t\t\t\t\t<\/div>\n\t\t\t\t<\/div>\n\t\t\t\t\t<\/div>\n\t\t<\/div>\n\t\t\t\t\t<\/div>\n\t\t<\/section>\n\t\t\t\t<section class=\"elementor-section elementor-top-section elementor-element elementor-element-abc6b5d elementor-section-boxed elementor-section-height-default elementor-section-height-default\" data-id=\"abc6b5d\" data-element_type=\"section\" data-e-type=\"section\">\n\t\t\t\t\t\t<div class=\"elementor-container elementor-column-gap-default\">\n\t\t\t\t\t<div class=\"elementor-column elementor-col-100 elementor-top-column elementor-element elementor-element-17c12d3\" data-id=\"17c12d3\" data-element_type=\"column\" data-e-type=\"column\">\n\t\t\t<div class=\"elementor-widget-wrap elementor-element-populated\">\n\t\t\t\t\t\t<div class=\"elementor-element elementor-element-4cddd50 elementor-align-center elementor-widget elementor-widget-button\" data-id=\"4cddd50\" data-element_type=\"widget\" data-e-type=\"widget\" data-widget_type=\"button.default\">\n\t\t\t\t<div class=\"elementor-widget-container\">\n\t\t\t\t\t\t\t\t\t<div class=\"elementor-button-wrapper\">\n\t\t\t\t\t<a class=\"elementor-button elementor-button-link elementor-size-sm\" href=\"https:\/\/ninalynn.nl\/es\/hummingbird\/\">\n\t\t\t\t\t\t<span class=\"elementor-button-content-wrapper\">\n\t\t\t\t\t\t\t\t\t<span class=\"elementor-button-text\">Rese\u00f1as<\/span>\n\t\t\t\t\t<\/span>\n\t\t\t\t\t<\/a>\n\t\t\t\t<\/div>\n\t\t\t\t\t\t\t\t<\/div>\n\t\t\t\t<\/div>\n\t\t\t\t<div class=\"elementor-element elementor-element-902a5f8 elementor-align-center elementor-widget elementor-widget-button\" data-id=\"902a5f8\" data-element_type=\"widget\" data-e-type=\"widget\" data-widget_type=\"button.default\">\n\t\t\t\t<div class=\"elementor-widget-container\">\n\t\t\t\t\t\t\t\t\t<div class=\"elementor-button-wrapper\">\n\t\t\t\t\t<a class=\"elementor-button elementor-button-link elementor-size-sm\" href=\"https:\/\/ninalynn.nl\/es\/songteksten\/\">\n\t\t\t\t\t\t<span class=\"elementor-button-content-wrapper\">\n\t\t\t\t\t\t\t\t\t<span class=\"elementor-button-text\">Letra<\/span>\n\t\t\t\t\t<\/span>\n\t\t\t\t\t<\/a>\n\t\t\t\t<\/div>\n\t\t\t\t\t\t\t\t<\/div>\n\t\t\t\t<\/div>\n\t\t\t\t\t<\/div>\n\t\t<\/div>\n\t\t\t\t\t<\/div>\n\t\t<\/section>\n\t\t\t\t<section class=\"elementor-section elementor-top-section elementor-element elementor-element-a493703 elementor-section-boxed elementor-section-height-default elementor-section-height-default\" data-id=\"a493703\" data-element_type=\"section\" data-e-type=\"section\">\n\t\t\t\t\t\t<div class=\"elementor-container elementor-column-gap-default\">\n\t\t\t\t\t<div class=\"elementor-column elementor-col-100 elementor-top-column elementor-element elementor-element-7582d9a\" data-id=\"7582d9a\" data-element_type=\"column\" data-e-type=\"column\">\n\t\t\t<div class=\"elementor-widget-wrap elementor-element-populated\">\n\t\t\t\t\t\t<div class=\"elementor-element elementor-element-709b7f4 elementor-widget elementor-widget-image\" data-id=\"709b7f4\" data-element_type=\"widget\" data-e-type=\"widget\" data-widget_type=\"image.default\">\n\t\t\t\t<div class=\"elementor-widget-container\">\n\t\t\t\t\t\t\t\t\t\t\t\t\t\t\t<img decoding=\"async\" width=\"1024\" height=\"920\" src=\"https:\/\/ninalynn.nl\/wp-content\/uploads\/2020\/11\/Nina-cover_final-01-1-1024x920.jpg\" class=\"attachment-large size-large wp-image-916\" alt=\"\" srcset=\"https:\/\/ninalynn.nl\/wp-content\/uploads\/2020\/11\/Nina-cover_final-01-1-1024x920.jpg 1024w, https:\/\/ninalynn.nl\/wp-content\/uploads\/2020\/11\/Nina-cover_final-01-1-600x539.jpg.webp 600w, https:\/\/ninalynn.nl\/wp-content\/uploads\/2020\/11\/Nina-cover_final-01-1-300x270.jpg.webp 300w, https:\/\/ninalynn.nl\/wp-content\/uploads\/2020\/11\/Nina-cover_final-01-1-768x690.jpg.webp 768w, https:\/\/ninalynn.nl\/wp-content\/uploads\/2020\/11\/Nina-cover_final-01-1-13x12.jpg.webp 13w, https:\/\/ninalynn.nl\/wp-content\/uploads\/2020\/11\/Nina-cover_final-01-1.jpg 1511w\" sizes=\"(max-width: 1024px) 100vw, 1024px\" \/>\t\t\t\t\t\t\t\t\t\t\t\t\t\t\t<\/div>\n\t\t\t\t<\/div>\n\t\t\t\t\t<\/div>\n\t\t<\/div>\n\t\t\t\t\t<\/div>\n\t\t<\/section>\n\t\t\t\t<\/div>","protected":false},"excerpt":{"rendered":"<p>https:\/\/www.youtube.com\/watch?v=nfYhhGSeym4https:\/\/www.youtube.com\/watch?v=pO0MufiSZ6Ihttps:\/\/www.youtube.com\/watch?v=7sh2_UqGSuc With Hummingbird, a remarkably sophisticated first album, NinaLynn seems to burst on the Americana scene out of the blue. In fact, the young troubadour has been honing her craft for years. However, the deeply personal nature of her music made her shy away from presenting her material to a wider audience during most of [&hellip;]<\/p>\n","protected":false},"author":1,"featured_media":0,"parent":0,"menu_order":0,"comment_status":"closed","ping_status":"closed","template":"elementor_header_footer","meta":{"site-sidebar-layout":"default","site-content-layout":"","ast-site-content-layout":"default","site-content-style":"default","site-sidebar-style":"default","ast-global-header-display":"","ast-banner-title-visibility":"","ast-main-header-display":"","ast-hfb-above-header-display":"","ast-hfb-below-header-display":"","ast-hfb-mobile-header-display":"","site-post-title":"","ast-breadcrumbs-content":"","ast-featured-img":"","footer-sml-layout":"","ast-disable-related-posts":"","theme-transparent-header-meta":"","adv-header-id-meta":"","stick-header-meta":"","header-above-stick-meta":"","header-main-stick-meta":"","header-below-stick-meta":"","astra-migrate-meta-layouts":"default","ast-page-background-enabled":"default","ast-page-background-meta":{"desktop":{"background-color":"var(--ast-global-color-4)","background-image":"","background-repeat":"repeat","background-position":"center center","background-size":"auto","background-attachment":"scroll","background-type":"","background-media":"","overlay-type":"","overlay-color":"","overlay-opacity":"","overlay-gradient":""},"tablet":{"background-color":"","background-image":"","background-repeat":"repeat","background-position":"center center","background-size":"auto","background-attachment":"scroll","background-type":"","background-media":"","overlay-type":"","overlay-color":"","overlay-opacity":"","overlay-gradient":""},"mobile":{"background-color":"","background-image":"","background-repeat":"repeat","background-position":"center center","background-size":"auto","background-attachment":"scroll","background-type":"","background-media":"","overlay-type":"","overlay-color":"","overlay-opacity":"","overlay-gradient":""}},"ast-content-background-meta":{"desktop":{"background-color":"var(--ast-global-color-5)","background-image":"","background-repeat":"repeat","background-position":"center center","background-size":"auto","background-attachment":"scroll","background-type":"","background-media":"","overlay-type":"","overlay-color":"","overlay-opacity":"","overlay-gradient":""},"tablet":{"background-color":"var(--ast-global-color-5)","background-image":"","background-repeat":"repeat","background-position":"center center","background-size":"auto","background-attachment":"scroll","background-type":"","background-media":"","overlay-type":"","overlay-color":"","overlay-opacity":"","overlay-gradient":""},"mobile":{"background-color":"var(--ast-global-color-5)","background-image":"","background-repeat":"repeat","background-position":"center center","background-size":"auto","background-attachment":"scroll","background-type":"","background-media":"","overlay-type":"","overlay-color":"","overlay-opacity":"","overlay-gradient":""}},"footnotes":""},"class_list":["post-3815","page","type-page","status-publish","hentry"],"aioseo_notices":[],"_links":{"self":[{"href":"https:\/\/ninalynn.nl\/es\/wp-json\/wp\/v2\/pages\/3815","targetHints":{"allow":["GET"]}}],"collection":[{"href":"https:\/\/ninalynn.nl\/es\/wp-json\/wp\/v2\/pages"}],"about":[{"href":"https:\/\/ninalynn.nl\/es\/wp-json\/wp\/v2\/types\/page"}],"author":[{"embeddable":true,"href":"https:\/\/ninalynn.nl\/es\/wp-json\/wp\/v2\/users\/1"}],"replies":[{"embeddable":true,"href":"https:\/\/ninalynn.nl\/es\/wp-json\/wp\/v2\/comments?post=3815"}],"version-history":[{"count":6,"href":"https:\/\/ninalynn.nl\/es\/wp-json\/wp\/v2\/pages\/3815\/revisions"}],"predecessor-version":[{"id":6405,"href":"https:\/\/ninalynn.nl\/es\/wp-json\/wp\/v2\/pages\/3815\/revisions\/6405"}],"wp:attachment":[{"href":"https:\/\/ninalynn.nl\/es\/wp-json\/wp\/v2\/media?parent=3815"}],"curies":[{"name":"wp","href":"https:\/\/api.w.org\/{rel}","templated":true}]}}