{"id":3649,"date":"2021-06-07T11:40:03","date_gmt":"2021-06-07T10:40:03","guid":{"rendered":"https:\/\/ninalynn.nl\/?page_id=3649"},"modified":"2021-06-07T12:01:11","modified_gmt":"2021-06-07T11:01:11","slug":"conwybay","status":"publish","type":"page","link":"https:\/\/ninalynn.nl\/es\/conwybay\/","title":{"rendered":"Bah\u00eda de Conwy"},"content":{"rendered":"<div data-elementor-type=\"wp-page\" data-elementor-id=\"3649\" class=\"elementor elementor-3649\" data-elementor-post-type=\"page\">\n\t\t\t\t\t\t<section class=\"elementor-section elementor-top-section elementor-element elementor-element-d12ee76 elementor-section-boxed elementor-section-height-default elementor-section-height-default\" data-id=\"d12ee76\" data-element_type=\"section\" data-e-type=\"section\">\n\t\t\t\t\t\t<div class=\"elementor-container elementor-column-gap-default\">\n\t\t\t\t\t<div class=\"elementor-column elementor-col-100 elementor-top-column elementor-element elementor-element-d29cf81\" data-id=\"d29cf81\" data-element_type=\"column\" data-e-type=\"column\">\n\t\t\t<div class=\"elementor-widget-wrap elementor-element-populated\">\n\t\t\t\t\t\t<div class=\"elementor-element elementor-element-e86489d elementor-widget elementor-widget-image\" data-id=\"e86489d\" data-element_type=\"widget\" data-e-type=\"widget\" data-widget_type=\"image.default\">\n\t\t\t\t<div class=\"elementor-widget-container\">\n\t\t\t\t\t\t\t\t\t\t\t\t\t\t\t<img fetchpriority=\"high\" decoding=\"async\" width=\"1024\" height=\"179\" src=\"https:\/\/ninalynn.nl\/wp-content\/uploads\/2021\/06\/Schermafbeelding-2021-06-07-om-12.42.25-1024x179.png\" class=\"attachment-large size-large wp-image-3653\" alt=\"\" srcset=\"https:\/\/ninalynn.nl\/wp-content\/uploads\/2021\/06\/Schermafbeelding-2021-06-07-om-12.42.25-1024x179.png 1024w, https:\/\/ninalynn.nl\/wp-content\/uploads\/2021\/06\/Schermafbeelding-2021-06-07-om-12.42.25-600x105.png 600w, https:\/\/ninalynn.nl\/wp-content\/uploads\/2021\/06\/Schermafbeelding-2021-06-07-om-12.42.25-300x52.png 300w, https:\/\/ninalynn.nl\/wp-content\/uploads\/2021\/06\/Schermafbeelding-2021-06-07-om-12.42.25-768x134.png 768w, https:\/\/ninalynn.nl\/wp-content\/uploads\/2021\/06\/Schermafbeelding-2021-06-07-om-12.42.25-1536x269.png 1536w, https:\/\/ninalynn.nl\/wp-content\/uploads\/2021\/06\/Schermafbeelding-2021-06-07-om-12.42.25-2048x358.png 2048w, https:\/\/ninalynn.nl\/wp-content\/uploads\/2021\/06\/Schermafbeelding-2021-06-07-om-12.42.25-16x3.png 16w, https:\/\/ninalynn.nl\/wp-content\/uploads\/2021\/06\/Schermafbeelding-2021-06-07-om-12.42.25-500x87.png 500w, https:\/\/ninalynn.nl\/wp-content\/uploads\/2021\/06\/Schermafbeelding-2021-06-07-om-12.42.25-800x140.png 800w, https:\/\/ninalynn.nl\/wp-content\/uploads\/2021\/06\/Schermafbeelding-2021-06-07-om-12.42.25-1280x224.png 1280w, https:\/\/ninalynn.nl\/wp-content\/uploads\/2021\/06\/Schermafbeelding-2021-06-07-om-12.42.25-1920x336.png 1920w\" sizes=\"(max-width: 1024px) 100vw, 1024px\" \/>\t\t\t\t\t\t\t\t\t\t\t\t\t\t\t<\/div>\n\t\t\t\t<\/div>\n\t\t\t\t\t<\/div>\n\t\t<\/div>\n\t\t\t\t\t<\/div>\n\t\t<\/section>\n\t\t\t\t<section class=\"elementor-section elementor-top-section elementor-element elementor-element-1fa02f1 elementor-section-boxed elementor-section-height-default elementor-section-height-default\" data-id=\"1fa02f1\" data-element_type=\"section\" data-e-type=\"section\">\n\t\t\t\t\t\t<div class=\"elementor-container elementor-column-gap-default\">\n\t\t\t\t\t<div class=\"elementor-column elementor-col-33 elementor-top-column elementor-element elementor-element-5afcce3\" data-id=\"5afcce3\" data-element_type=\"column\" data-e-type=\"column\">\n\t\t\t<div class=\"elementor-widget-wrap\">\n\t\t\t\t\t\t\t<\/div>\n\t\t<\/div>\n\t\t\t\t<div class=\"elementor-column elementor-col-33 elementor-top-column elementor-element elementor-element-760c0c6\" data-id=\"760c0c6\" data-element_type=\"column\" data-e-type=\"column\">\n\t\t\t<div class=\"elementor-widget-wrap elementor-element-populated\">\n\t\t\t\t\t\t<div class=\"elementor-element elementor-element-ad87915 elementor-widget elementor-widget-text-editor\" data-id=\"ad87915\" data-element_type=\"widget\" data-e-type=\"widget\" data-widget_type=\"text-editor.default\">\n\t\t\t\t<div class=\"elementor-widget-container\">\n\t\t\t\t\t\t\t\t\t<p style=\"text-align: center;\"><span style=\"font-weight: 400;\">Paseando por la orilla<\/span><\/p><p style=\"text-align: center;\"><span style=\"font-weight: 400;\">Ver las velas bailando en tus ojos<\/span><\/p><p style=\"text-align: center;\"><span style=\"font-weight: 400;\">Bromeando sobre toda la gente que vemos en el camino<\/span><\/p><p style=\"text-align: center;\">\u00a0<\/p><p style=\"text-align: center;\"><span style=\"font-weight: 400;\">Cruzando el puente hacia el otro lado<\/span><\/p><p style=\"text-align: center;\"><span style=\"font-weight: 400;\">El tiempo pasa y pasa<\/span><\/p><p style=\"text-align: center;\"><span style=\"font-weight: 400;\">Nos sentamos al borde de un muelle en el que florece la vida<\/span><\/p><p style=\"text-align: center;\">\u00a0<\/p><p style=\"text-align: center;\"><span style=\"font-weight: 400;\">Los ni\u00f1os juegan<\/span><\/p><p style=\"text-align: center;\"><span style=\"font-weight: 400;\">Pescadores desplegando sus velas<\/span><\/p><p style=\"text-align: center;\"><span style=\"font-weight: 400;\">Con las mareas cambiantes<\/span><\/p><p style=\"text-align: center;\"><span style=\"font-weight: 400;\">En la bah\u00eda de Conwy<\/span><\/p><p style=\"text-align: center;\">\u00a0<\/p><p style=\"text-align: center;\"><span style=\"font-weight: 400;\">Viajando por los lugares de inter\u00e9s de Conwy<\/span><\/p><p style=\"text-align: center;\"><span style=\"font-weight: 400;\">Senderismo por las monta\u00f1as durante kil\u00f3metros y kil\u00f3metros<\/span><\/p><p style=\"text-align: center;\"><span style=\"font-weight: 400;\">Seguimos perdidos pero hemos descubierto que esa es nuestra forma de vivir<\/span><\/p><p style=\"text-align: center;\">\u00a0<\/p><p style=\"text-align: center;\"><span style=\"font-weight: 400;\">Fuera de lugar<\/span><\/p><p style=\"text-align: center;\"><span style=\"font-weight: 400;\">Como pescadores desplegando nuestras velas<\/span><\/p><p style=\"text-align: center;\"><span style=\"font-weight: 400;\">Con las mareas cambiantes<\/span><\/p><p style=\"text-align: center;\"><span style=\"font-weight: 400;\">En la bah\u00eda de Conwy<\/span><\/p><p style=\"text-align: center;\">\u00a0<\/p><p style=\"text-align: center;\"><span style=\"font-weight: 400;\">Tan alto en las nubes\u00a0<\/span><\/p><p style=\"text-align: center;\"><span style=\"font-weight: 400;\">Camin\u00e1bamos por el borde del universo<\/span><\/p><p style=\"text-align: center;\"><span style=\"font-weight: 400;\">Pero hemos ca\u00eddo\u00a0<\/span><\/p><p style=\"text-align: center;\"><span style=\"font-weight: 400;\">Y se enred\u00f3 en el abismo del silencio<\/span><\/p><p style=\"text-align: center;\"><span style=\"font-weight: 400;\">Volvemos al borde del muelle<\/span><\/p><p style=\"text-align: center;\"><span style=\"font-weight: 400;\">Pero hace fr\u00edo y est\u00e1 tan tranquilo<\/span><\/p><p style=\"text-align: center;\"><span style=\"font-weight: 400;\">No est\u00e1 en las palabras que dices<\/span><\/p><p style=\"text-align: center;\"><span style=\"font-weight: 400;\">Pero lo que hay detr\u00e1s<\/span><\/p><p style=\"text-align: center;\">\u00a0<\/p><p style=\"text-align: center;\"><span style=\"font-weight: 400;\">Recordar el juego de los ni\u00f1os<\/span><\/p><p style=\"text-align: center;\"><span style=\"font-weight: 400;\">Ahora ambos estamos navegando<\/span><\/p><p style=\"text-align: center;\"><span style=\"font-weight: 400;\">De las mareas cambiantes\u00a0<\/span><\/p><p style=\"text-align: center;\"><span style=\"font-weight: 400;\">En la bah\u00eda de Conwy<\/span><\/p><p style=\"text-align: center;\"><br \/><br \/><\/p>\t\t\t\t\t\t\t\t<\/div>\n\t\t\t\t<\/div>\n\t\t\t\t\t<\/div>\n\t\t<\/div>\n\t\t\t\t<div class=\"elementor-column elementor-col-33 elementor-top-column elementor-element elementor-element-7744e2b\" data-id=\"7744e2b\" data-element_type=\"column\" data-e-type=\"column\">\n\t\t\t<div class=\"elementor-widget-wrap\">\n\t\t\t\t\t\t\t<\/div>\n\t\t<\/div>\n\t\t\t\t\t<\/div>\n\t\t<\/section>\n\t\t\t\t<section class=\"elementor-section elementor-top-section elementor-element elementor-element-c43f4c3 elementor-section-boxed elementor-section-height-default elementor-section-height-default\" data-id=\"c43f4c3\" data-element_type=\"section\" data-e-type=\"section\">\n\t\t\t\t\t\t<div class=\"elementor-container elementor-column-gap-default\">\n\t\t\t\t\t<div class=\"elementor-column elementor-col-33 elementor-top-column elementor-element elementor-element-99488fe\" data-id=\"99488fe\" data-element_type=\"column\" data-e-type=\"column\">\n\t\t\t<div class=\"elementor-widget-wrap elementor-element-populated\">\n\t\t\t\t\t\t<div class=\"elementor-element elementor-element-c570585 elementor-align-center elementor-widget elementor-widget-button\" data-id=\"c570585\" data-element_type=\"widget\" data-e-type=\"widget\" data-widget_type=\"button.default\">\n\t\t\t\t<div class=\"elementor-widget-container\">\n\t\t\t\t\t\t\t\t\t<div class=\"elementor-button-wrapper\">\n\t\t\t\t\t<a class=\"elementor-button elementor-button-link elementor-size-sm\" href=\"https:\/\/ninalynn.nl\/es\/aboldyoungfarmer\/\">\n\t\t\t\t\t\t<span class=\"elementor-button-content-wrapper\">\n\t\t\t\t\t\t<span class=\"elementor-button-icon\">\n\t\t\t\t<i aria-hidden=\"true\" class=\"fas fa-angle-double-left\"><\/i>\t\t\t<\/span>\n\t\t\t\t\t\t\t\t<\/span>\n\t\t\t\t\t<\/a>\n\t\t\t\t<\/div>\n\t\t\t\t\t\t\t\t<\/div>\n\t\t\t\t<\/div>\n\t\t\t\t\t<\/div>\n\t\t<\/div>\n\t\t\t\t<div class=\"elementor-column elementor-col-33 elementor-top-column elementor-element elementor-element-4ca4582\" data-id=\"4ca4582\" data-element_type=\"column\" data-e-type=\"column\">\n\t\t\t<div class=\"elementor-widget-wrap elementor-element-populated\">\n\t\t\t\t\t\t<div class=\"elementor-element elementor-element-816714e elementor-align-center elementor-widget elementor-widget-button\" data-id=\"816714e\" data-element_type=\"widget\" data-e-type=\"widget\" data-widget_type=\"button.default\">\n\t\t\t\t<div class=\"elementor-widget-container\">\n\t\t\t\t\t\t\t\t\t<div class=\"elementor-button-wrapper\">\n\t\t\t\t\t<a class=\"elementor-button elementor-button-link elementor-size-sm\" href=\"https:\/\/ninalynn.nl\/es\/songteksten\/\">\n\t\t\t\t\t\t<span class=\"elementor-button-content-wrapper\">\n\t\t\t\t\t\t\t\t\t<span class=\"elementor-button-text\">Volver a la vista general<\/span>\n\t\t\t\t\t<\/span>\n\t\t\t\t\t<\/a>\n\t\t\t\t<\/div>\n\t\t\t\t\t\t\t\t<\/div>\n\t\t\t\t<\/div>\n\t\t\t\t\t<\/div>\n\t\t<\/div>\n\t\t\t\t<div class=\"elementor-column elementor-col-33 elementor-top-column elementor-element elementor-element-a739ace\" data-id=\"a739ace\" data-element_type=\"column\" data-e-type=\"column\">\n\t\t\t<div class=\"elementor-widget-wrap elementor-element-populated\">\n\t\t\t\t\t\t<div class=\"elementor-element elementor-element-529c5c1 elementor-align-center elementor-widget elementor-widget-button\" data-id=\"529c5c1\" data-element_type=\"widget\" data-e-type=\"widget\" data-widget_type=\"button.default\">\n\t\t\t\t<div class=\"elementor-widget-container\">\n\t\t\t\t\t\t\t\t\t<div class=\"elementor-button-wrapper\">\n\t\t\t\t\t<a class=\"elementor-button elementor-button-link elementor-size-sm\" href=\"https:\/\/ninalynn.nl\/es\/clear-blue-skies\/\">\n\t\t\t\t\t\t<span class=\"elementor-button-content-wrapper\">\n\t\t\t\t\t\t<span class=\"elementor-button-icon\">\n\t\t\t\t<i aria-hidden=\"true\" class=\"fas fa-angle-double-right\"><\/i>\t\t\t<\/span>\n\t\t\t\t\t\t\t\t<\/span>\n\t\t\t\t\t<\/a>\n\t\t\t\t<\/div>\n\t\t\t\t\t\t\t\t<\/div>\n\t\t\t\t<\/div>\n\t\t\t\t\t<\/div>\n\t\t<\/div>\n\t\t\t\t\t<\/div>\n\t\t<\/section>\n\t\t\t\t<\/div>","protected":false},"excerpt":{"rendered":"<p>Wandering around by the waterside See the sails dancing in your eyes Joking about all the folks that we see on the way \u00a0 Crossing the bridge to the other side Time it passes by and by We sit on the edge of a quay that\u2019s blossoming life \u00a0 Children play Fishermen setting their sails [&hellip;]<\/p>\n","protected":false},"author":1,"featured_media":0,"parent":0,"menu_order":0,"comment_status":"closed","ping_status":"closed","template":"","meta":{"site-sidebar-layout":"default","site-content-layout":"","ast-site-content-layout":"default","site-content-style":"default","site-sidebar-style":"default","ast-global-header-display":"","ast-banner-title-visibility":"","ast-main-header-display":"","ast-hfb-above-header-display":"","ast-hfb-below-header-display":"","ast-hfb-mobile-header-display":"","site-post-title":"","ast-breadcrumbs-content":"","ast-featured-img":"","footer-sml-layout":"","ast-disable-related-posts":"","theme-transparent-header-meta":"","adv-header-id-meta":"","stick-header-meta":"","header-above-stick-meta":"","header-main-stick-meta":"","header-below-stick-meta":"","astra-migrate-meta-layouts":"default","ast-page-background-enabled":"default","ast-page-background-meta":{"desktop":{"background-color":"var(--ast-global-color-4)","background-image":"","background-repeat":"repeat","background-position":"center center","background-size":"auto","background-attachment":"scroll","background-type":"","background-media":"","overlay-type":"","overlay-color":"","overlay-opacity":"","overlay-gradient":""},"tablet":{"background-color":"","background-image":"","background-repeat":"repeat","background-position":"center center","background-size":"auto","background-attachment":"scroll","background-type":"","background-media":"","overlay-type":"","overlay-color":"","overlay-opacity":"","overlay-gradient":""},"mobile":{"background-color":"","background-image":"","background-repeat":"repeat","background-position":"center center","background-size":"auto","background-attachment":"scroll","background-type":"","background-media":"","overlay-type":"","overlay-color":"","overlay-opacity":"","overlay-gradient":""}},"ast-content-background-meta":{"desktop":{"background-color":"var(--ast-global-color-5)","background-image":"","background-repeat":"repeat","background-position":"center center","background-size":"auto","background-attachment":"scroll","background-type":"","background-media":"","overlay-type":"","overlay-color":"","overlay-opacity":"","overlay-gradient":""},"tablet":{"background-color":"var(--ast-global-color-5)","background-image":"","background-repeat":"repeat","background-position":"center center","background-size":"auto","background-attachment":"scroll","background-type":"","background-media":"","overlay-type":"","overlay-color":"","overlay-opacity":"","overlay-gradient":""},"mobile":{"background-color":"var(--ast-global-color-5)","background-image":"","background-repeat":"repeat","background-position":"center center","background-size":"auto","background-attachment":"scroll","background-type":"","background-media":"","overlay-type":"","overlay-color":"","overlay-opacity":"","overlay-gradient":""}},"footnotes":""},"class_list":["post-3649","page","type-page","status-publish","hentry"],"aioseo_notices":[],"_links":{"self":[{"href":"https:\/\/ninalynn.nl\/es\/wp-json\/wp\/v2\/pages\/3649","targetHints":{"allow":["GET"]}}],"collection":[{"href":"https:\/\/ninalynn.nl\/es\/wp-json\/wp\/v2\/pages"}],"about":[{"href":"https:\/\/ninalynn.nl\/es\/wp-json\/wp\/v2\/types\/page"}],"author":[{"embeddable":true,"href":"https:\/\/ninalynn.nl\/es\/wp-json\/wp\/v2\/users\/1"}],"replies":[{"embeddable":true,"href":"https:\/\/ninalynn.nl\/es\/wp-json\/wp\/v2\/comments?post=3649"}],"version-history":[{"count":0,"href":"https:\/\/ninalynn.nl\/es\/wp-json\/wp\/v2\/pages\/3649\/revisions"}],"wp:attachment":[{"href":"https:\/\/ninalynn.nl\/es\/wp-json\/wp\/v2\/media?parent=3649"}],"curies":[{"name":"wp","href":"https:\/\/api.w.org\/{rel}","templated":true}]}}