{"id":3591,"date":"2021-06-07T11:04:36","date_gmt":"2021-06-07T10:04:36","guid":{"rendered":"https:\/\/ninalynn.nl\/?page_id=3591"},"modified":"2023-03-04T23:00:06","modified_gmt":"2023-03-04T22:00:06","slug":"songteksten","status":"publish","type":"page","link":"https:\/\/ninalynn.nl\/es\/songteksten\/","title":{"rendered":"Colibr\u00ed Lyrics"},"content":{"rendered":"<div data-elementor-type=\"wp-page\" data-elementor-id=\"3591\" class=\"elementor elementor-3591\" data-elementor-post-type=\"page\">\n\t\t\t\t\t\t<section class=\"elementor-section elementor-top-section elementor-element elementor-element-0630c71 elementor-section-boxed elementor-section-height-default elementor-section-height-default\" data-id=\"0630c71\" data-element_type=\"section\" data-e-type=\"section\">\n\t\t\t\t\t\t<div class=\"elementor-container elementor-column-gap-default\">\n\t\t\t\t\t<div class=\"elementor-column elementor-col-100 elementor-top-column elementor-element elementor-element-5f42de9\" data-id=\"5f42de9\" data-element_type=\"column\" data-e-type=\"column\">\n\t\t\t<div class=\"elementor-widget-wrap elementor-element-populated\">\n\t\t\t\t\t\t<div class=\"elementor-element elementor-element-6e49d4e elementor-widget elementor-widget-heading\" data-id=\"6e49d4e\" data-element_type=\"widget\" data-e-type=\"widget\" data-widget_type=\"heading.default\">\n\t\t\t\t<div class=\"elementor-widget-container\">\n\t\t\t\t\t<h2 class=\"elementor-heading-title elementor-size-default\">\u00a1La letra!<\/h2>\t\t\t\t<\/div>\n\t\t\t\t<\/div>\n\t\t\t\t\t<\/div>\n\t\t<\/div>\n\t\t\t\t\t<\/div>\n\t\t<\/section>\n\t\t\t\t<section class=\"elementor-section elementor-top-section elementor-element elementor-element-24bee4f elementor-section-boxed elementor-section-height-default elementor-section-height-default\" data-id=\"24bee4f\" data-element_type=\"section\" data-e-type=\"section\">\n\t\t\t\t\t\t<div class=\"elementor-container elementor-column-gap-default\">\n\t\t\t\t\t<div class=\"elementor-column elementor-col-100 elementor-top-column elementor-element elementor-element-9b28d91\" data-id=\"9b28d91\" data-element_type=\"column\" data-e-type=\"column\">\n\t\t\t<div class=\"elementor-widget-wrap elementor-element-populated\">\n\t\t\t\t\t\t<div class=\"elementor-element elementor-element-f4e8a1f elementor-widget elementor-widget-text-editor\" data-id=\"f4e8a1f\" data-element_type=\"widget\" data-e-type=\"widget\" data-widget_type=\"text-editor.default\">\n\t\t\t\t<div class=\"elementor-widget-container\">\n\t\t\t\t\t\t\t\t\t<p style=\"text-align: center;\">En esta p\u00e1gina, al hacer clic en los t\u00edtulos de las canciones, puede acceder a la letra de la canci\u00f3n. Cuando est\u00e9 en la p\u00e1gina de la canci\u00f3n propiamente dicha, hay botones en la parte inferior de la p\u00e1gina que le permiten ir a la canci\u00f3n siguiente o anterior.\u00a0<\/p>\t\t\t\t\t\t\t\t<\/div>\n\t\t\t\t<\/div>\n\t\t\t\t\t<\/div>\n\t\t<\/div>\n\t\t\t\t\t<\/div>\n\t\t<\/section>\n\t\t\t\t<section class=\"elementor-section elementor-top-section elementor-element elementor-element-bccb77a elementor-section-boxed elementor-section-height-default elementor-section-height-default\" data-id=\"bccb77a\" data-element_type=\"section\" data-e-type=\"section\">\n\t\t\t\t\t\t<div class=\"elementor-container elementor-column-gap-default\">\n\t\t\t\t\t<div class=\"elementor-column elementor-col-50 elementor-top-column elementor-element elementor-element-3bf5629\" data-id=\"3bf5629\" data-element_type=\"column\" data-e-type=\"column\">\n\t\t\t<div class=\"elementor-widget-wrap elementor-element-populated\">\n\t\t\t\t\t\t<div class=\"elementor-element elementor-element-6c2e962 elementor-widget elementor-widget-image\" data-id=\"6c2e962\" data-element_type=\"widget\" data-e-type=\"widget\" data-widget_type=\"image.default\">\n\t\t\t\t<div class=\"elementor-widget-container\">\n\t\t\t\t\t\t\t\t\t\t\t\t\t\t\t<img fetchpriority=\"high\" decoding=\"async\" width=\"1024\" height=\"920\" src=\"https:\/\/ninalynn.nl\/wp-content\/uploads\/2020\/11\/Nina-cover_final-01-1-1024x920.jpg\" class=\"attachment-large size-large wp-image-916\" alt=\"\" srcset=\"https:\/\/ninalynn.nl\/wp-content\/uploads\/2020\/11\/Nina-cover_final-01-1-1024x920.jpg 1024w, https:\/\/ninalynn.nl\/wp-content\/uploads\/2020\/11\/Nina-cover_final-01-1-600x539.jpg.webp 600w, https:\/\/ninalynn.nl\/wp-content\/uploads\/2020\/11\/Nina-cover_final-01-1-300x270.jpg.webp 300w, https:\/\/ninalynn.nl\/wp-content\/uploads\/2020\/11\/Nina-cover_final-01-1-768x690.jpg.webp 768w, https:\/\/ninalynn.nl\/wp-content\/uploads\/2020\/11\/Nina-cover_final-01-1-13x12.jpg.webp 13w, https:\/\/ninalynn.nl\/wp-content\/uploads\/2020\/11\/Nina-cover_final-01-1.jpg 1511w\" sizes=\"(max-width: 1024px) 100vw, 1024px\" \/>\t\t\t\t\t\t\t\t\t\t\t\t\t\t\t<\/div>\n\t\t\t\t<\/div>\n\t\t\t\t\t<\/div>\n\t\t<\/div>\n\t\t\t\t<div class=\"elementor-column elementor-col-50 elementor-top-column elementor-element elementor-element-40692f8\" data-id=\"40692f8\" data-element_type=\"column\" data-e-type=\"column\">\n\t\t\t<div class=\"elementor-widget-wrap elementor-element-populated\">\n\t\t\t\t\t\t<div class=\"elementor-element elementor-element-61904cd elementor-widget elementor-widget-text-editor\" data-id=\"61904cd\" data-element_type=\"widget\" data-e-type=\"widget\" data-widget_type=\"text-editor.default\">\n\t\t\t\t<div class=\"elementor-widget-container\">\n\t\t\t\t\t\t\t\t\t<ol>\n \t<li><a href=\"https:\/\/ninalynn.nl\/es\/headoverheart\/\">La cabeza sobre el coraz\u00f3n<\/a><\/li>\n \t<li><a href=\"https:\/\/ninalynn.nl\/es\/grandmai\/\">La abuela y yo<\/a><\/li>\n \t<li><a href=\"https:\/\/ninalynn.nl\/es\/aboldyoungfarmer\/\">Un joven agricultor audaz<\/a><\/li>\n \t<li><a href=\"https:\/\/ninalynn.nl\/es\/conwybay\/\">Bah\u00eda de Conwy<\/a><\/li>\n \t<li><a href=\"https:\/\/ninalynn.nl\/es\/clear-blue-skies\/\">Cielos azules y despejados<\/a><\/li>\n \t<li><a href=\"https:\/\/ninalynn.nl\/es\/freebird\/\">Freebird<\/a><\/li>\n \t<li><a href=\"https:\/\/ninalynn.nl\/es\/ways-to-wander\/\">Formas de pasear<\/a><\/li>\n \t<li><a href=\"https:\/\/ninalynn.nl\/es\/seasons\/\">Estaciones<\/a><\/li>\n \t<li><a href=\"https:\/\/ninalynn.nl\/es\/spirit-guide\/\">Gu\u00eda espiritual<\/a><\/li>\n \t<li><a href=\"https:\/\/ninalynn.nl\/es\/home\/\">Inicio<\/a><\/li>\n<\/ol>\t\t\t\t\t\t\t\t<\/div>\n\t\t\t\t<\/div>\n\t\t\t\t\t<\/div>\n\t\t<\/div>\n\t\t\t\t\t<\/div>\n\t\t<\/section>\n\t\t\t\t<\/div>","protected":false},"excerpt":{"rendered":"<p>Songteksten! Op deze pagina kun je, door op de titels van de liedjes te klikken, worden doorverwezen naar de songtekst van het liedje. Wanneer je op de pagina van het liedje zelf bent, staan onderaan de pagina knoppen waarmee je naar het volgende of vorige liedje toe kunt gaan.\u00a0 Head over Heart Grandma &amp; I [&hellip;]<\/p>\n","protected":false},"author":1,"featured_media":0,"parent":0,"menu_order":0,"comment_status":"closed","ping_status":"closed","template":"elementor_header_footer","meta":{"site-sidebar-layout":"default","site-content-layout":"","ast-site-content-layout":"default","site-content-style":"default","site-sidebar-style":"default","ast-global-header-display":"","ast-banner-title-visibility":"","ast-main-header-display":"","ast-hfb-above-header-display":"","ast-hfb-below-header-display":"","ast-hfb-mobile-header-display":"","site-post-title":"","ast-breadcrumbs-content":"","ast-featured-img":"","footer-sml-layout":"","ast-disable-related-posts":"","theme-transparent-header-meta":"","adv-header-id-meta":"","stick-header-meta":"","header-above-stick-meta":"","header-main-stick-meta":"","header-below-stick-meta":"","astra-migrate-meta-layouts":"default","ast-page-background-enabled":"default","ast-page-background-meta":{"desktop":{"background-color":"var(--ast-global-color-4)","background-image":"","background-repeat":"repeat","background-position":"center center","background-size":"auto","background-attachment":"scroll","background-type":"","background-media":"","overlay-type":"","overlay-color":"","overlay-opacity":"","overlay-gradient":""},"tablet":{"background-color":"","background-image":"","background-repeat":"repeat","background-position":"center center","background-size":"auto","background-attachment":"scroll","background-type":"","background-media":"","overlay-type":"","overlay-color":"","overlay-opacity":"","overlay-gradient":""},"mobile":{"background-color":"","background-image":"","background-repeat":"repeat","background-position":"center center","background-size":"auto","background-attachment":"scroll","background-type":"","background-media":"","overlay-type":"","overlay-color":"","overlay-opacity":"","overlay-gradient":""}},"ast-content-background-meta":{"desktop":{"background-color":"var(--ast-global-color-5)","background-image":"","background-repeat":"repeat","background-position":"center center","background-size":"auto","background-attachment":"scroll","background-type":"","background-media":"","overlay-type":"","overlay-color":"","overlay-opacity":"","overlay-gradient":""},"tablet":{"background-color":"var(--ast-global-color-5)","background-image":"","background-repeat":"repeat","background-position":"center center","background-size":"auto","background-attachment":"scroll","background-type":"","background-media":"","overlay-type":"","overlay-color":"","overlay-opacity":"","overlay-gradient":""},"mobile":{"background-color":"var(--ast-global-color-5)","background-image":"","background-repeat":"repeat","background-position":"center center","background-size":"auto","background-attachment":"scroll","background-type":"","background-media":"","overlay-type":"","overlay-color":"","overlay-opacity":"","overlay-gradient":""}},"footnotes":""},"class_list":["post-3591","page","type-page","status-publish","hentry"],"aioseo_notices":[],"_links":{"self":[{"href":"https:\/\/ninalynn.nl\/es\/wp-json\/wp\/v2\/pages\/3591","targetHints":{"allow":["GET"]}}],"collection":[{"href":"https:\/\/ninalynn.nl\/es\/wp-json\/wp\/v2\/pages"}],"about":[{"href":"https:\/\/ninalynn.nl\/es\/wp-json\/wp\/v2\/types\/page"}],"author":[{"embeddable":true,"href":"https:\/\/ninalynn.nl\/es\/wp-json\/wp\/v2\/users\/1"}],"replies":[{"embeddable":true,"href":"https:\/\/ninalynn.nl\/es\/wp-json\/wp\/v2\/comments?post=3591"}],"version-history":[{"count":6,"href":"https:\/\/ninalynn.nl\/es\/wp-json\/wp\/v2\/pages\/3591\/revisions"}],"predecessor-version":[{"id":6409,"href":"https:\/\/ninalynn.nl\/es\/wp-json\/wp\/v2\/pages\/3591\/revisions\/6409"}],"wp:attachment":[{"href":"https:\/\/ninalynn.nl\/es\/wp-json\/wp\/v2\/media?parent=3591"}],"curies":[{"name":"wp","href":"https:\/\/api.w.org\/{rel}","templated":true}]}}