{"id":168,"date":"2020-03-28T10:45:59","date_gmt":"2020-03-28T10:45:59","guid":{"rendered":"https:\/\/ninalynn.nl\/?page_id=168"},"modified":"2020-03-28T10:45:59","modified_gmt":"2020-03-28T10:45:59","slug":"privacy-statement-nl","status":"publish","type":"page","link":"https:\/\/ninalynn.nl\/es\/privacy-statement-nl\/","title":{"rendered":"Declaraci\u00f3n de confidencialidad (NL)"},"content":{"rendered":"<h4 class=\"wp-block-heading\">Declaraci\u00f3n general de confidencialidad<\/h4>\n\n\n\n<p>Este sitio web est\u00e1 gestionado por NinaLynn.&nbsp;<br><\/p>\n\n\n\n<p>Cuando utiliza el sitio web de NinaLynn y los productos y servicios que se encuentran en \u00e9l, nos deja informaci\u00f3n. Adem\u00e1s, el sitio web deja algunos tipos de cookies en su ordenador. Se utilizan para que el sitio web funcione mejor en su dispositivo.&nbsp;<br><\/p>\n\n\n\n<p>A continuaci\u00f3n puede leer qu\u00e9 informaci\u00f3n puede recopilar NinaLynn, por qu\u00e9 lo hacemos y qu\u00e9 podemos hacer con esa informaci\u00f3n. Tambi\u00e9n puede leer qu\u00e9 cookies utilizamos y por qu\u00e9. Esta declaraci\u00f3n abarca todo nuestro sitio web: se aplica a los visitantes, pero tambi\u00e9n, por ejemplo, cuando se suscribe a un bolet\u00edn de noticias.&nbsp;<\/p>\n\n\n\n<p><\/p>\n\n\n\n<h4 class=\"wp-block-heading\">Cookies<\/h4>\n\n\n\n<p>Para que este sitio web funcione mejor y m\u00e1s r\u00e1pido, y para adaptarlo a sus preferencias, se recogen determinados datos relativos al uso que usted hace de este sitio web. Esta informaci\u00f3n puede recopilarse utilizando las denominadas \"cookies\". Se trata de peque\u00f1os archivos de texto que la p\u00e1gina web visitada coloca autom\u00e1ticamente en su ordenador. Puede desactivar el uso de \"cookies\" en la configuraci\u00f3n de su navegador. Sin embargo, esto tendr\u00e1 como consecuencia un funcionamiento menos eficaz de este sitio web. Los terceros tambi\u00e9n pueden colocar \"cookies\" y rastrear el comportamiento en Internet, como ocurre, por ejemplo, con los v\u00eddeos incrustados de YouTube.&nbsp;<br><\/p>\n\n\n\n<h4 class=\"wp-block-heading\">\u00bfC\u00f3mo obtenemos sus datos?&nbsp;<\/h4>\n\n\n\n<p>Cuando utiliza el sitio web de NinaLynn, a veces nos deja datos personales.&nbsp;<br><\/p>\n\n\n\n<p>Puede dejarnos sus datos de las siguientes maneras:&nbsp;<\/p>\n\n\n\n<ul class=\"wp-block-list\"><li>Navegaci\u00f3n por el sitio web;<\/li><li>Cumplimentaci\u00f3n de formularios;<\/li><li>Suscripci\u00f3n al bolet\u00edn;<\/li><li>Comprar mercanc\u00eda.<\/li><\/ul>\n\n\n\n<h4 class=\"wp-block-heading\">\u00bfQu\u00e9 hacemos con sus datos?&nbsp;<\/h4>\n\n\n\n<p>NinaLynn almacena y procesa sus datos para los siguientes fines:&nbsp;<\/p>\n\n\n\n<ul class=\"wp-block-list\"><li>Recopilaci\u00f3n y an\u00e1lisis de estad\u00edsticas para optimizar el sitio web;<\/li><li>Entregar los productos y servicios que nos compra;&nbsp;<\/li><li>Liquidaci\u00f3n de pagos;<\/li><li>Crear un historial de contactos;&nbsp;<\/li><li>Env\u00edo de boletines si ha dado su consentimiento;<\/li><li>Para (previa aprobaci\u00f3n) posiblemente llegar a usted en Facebook y ser m\u00e1s precisos en la medici\u00f3n y presentaci\u00f3n de informes.&nbsp;<\/li><\/ul>\n\n\n\n<h4 class=\"wp-block-heading\">\u00bfC\u00f3mo protegemos sus datos?&nbsp;<\/h4>\n\n\n\n<p>Sus datos se almacenan y transmiten de forma segura. Cualquiera que no tenga nada que ver con su informaci\u00f3n simplemente no puede acceder a ella. NinaLynn se compromete a almacenar y transmitir su informaci\u00f3n utilizando las \u00faltimas t\u00e9cnicas de seguridad y m\u00e9todos de encriptaci\u00f3n.&nbsp;<br><\/p>\n\n\n\n<h4 class=\"wp-block-heading\">\u00bfCon qui\u00e9n comparte NinaLynn su informaci\u00f3n?&nbsp;<\/h4>\n\n\n\n<p>NinaLynn trata los datos personales de forma confidencial. Nunca venderemos sus datos a terceros.&nbsp;<br><\/p>\n\n\n\n<h4 class=\"wp-block-heading\">Contacto, mailing y\/o publicidad<\/h4>\n\n\n\n<p>Si sigue recibiendo correo o publicidad no deseada, siempre puede indicar que no desea que sigamos poni\u00e9ndonos en contacto con usted. Nunca se le cobrar\u00e1 por darse de baja.&nbsp;<br><\/p>\n\n\n\n<h4 class=\"wp-block-heading\">\u00bfMenos de 16 a\u00f1os?&nbsp;<\/h4>\n\n\n\n<p>Si usted es menor de edad, es decir, tiene menos de 16 a\u00f1os, s\u00f3lo podr\u00e1 consentir el tratamiento de sus datos personales con el consentimiento de uno de sus padres o de su tutor legal. Por lo tanto, es importante que su(s) progenitor(es) o tutor(es) lea(n) esta declaraci\u00f3n. Ellos tambi\u00e9n pueden ejercer los derechos que usted tiene en relaci\u00f3n con los datos personales que nos deja, como el derecho a oponerse al tratamiento (posterior) de sus datos personales o el derecho a inspeccionar y corregir sus datos.&nbsp;<br><\/p>\n\n\n\n<h4 class=\"wp-block-heading\">\u00bfComprender sus datos?&nbsp;<\/h4>\n\n\n\n<p>Siempre puede acceder a la informaci\u00f3n que NinaLynn tiene sobre usted. Puede presentar una solicitud por escrito a tal efecto a NinaLynn. Sobre la base de los resultados, tambi\u00e9n puede solicitar a NinaLynn que modifique su informaci\u00f3n si es incorrecta, incompleta o irrelevante.&nbsp;<br><\/p>\n\n\n\n<h4 class=\"wp-block-heading\">Datos de contacto<\/h4>\n\n\n\n<p>El sitio web y los datos personales que usted deja aqu\u00ed son operados por NinaLynn.&nbsp;<br><\/p>\n\n\n\n<p>Si tiene preguntas o comentarios sobre esta Declaraci\u00f3n de confidencialidad, puede ponerse en contacto con nosotros en <a>info@ninalynn.nl<\/a>.&nbsp;<br><\/p>\n\n\n\n<h4 class=\"wp-block-heading\">Sitios web de terceros<\/h4>\n\n\n\n<p>Esta declaraci\u00f3n de privacidad y cookies no se aplica a los sitios web de terceros a los que se puede acceder a trav\u00e9s de enlaces en este sitio web.&nbsp;<br><\/p>\n\n\n\n<h4 class=\"wp-block-heading\">Cambios en la declaraci\u00f3n de confidencialidad<\/h4>\n\n\n\n<p>NinaLynn se reserva el derecho a realizar cambios en esta Declaraci\u00f3n de Privacidad. Por lo tanto, le aconsejamos que consulte esta Declaraci\u00f3n de Privacidad con regularidad para asegurarse de que est\u00e1 al corriente de cualquier cambio. La versi\u00f3n m\u00e1s actualizada puede consultarse siempre a trav\u00e9s del sitio web. <\/p>\n\n\n\n<p><\/p>","protected":false},"excerpt":{"rendered":"<p>Algemeen Privacy Statement Deze website wordt beheerd door NinaLynn.&nbsp; Als je gebruik maakt van de website van NinaLynn en de producten en diensten die daarop te vinden zijn, dan laat je gegevens bij ons achter. Bovendien laat de website een aantal soorten cookies op je computer achter. Die worden gebruikt om de website beter te [&hellip;]<\/p>\n","protected":false},"author":1,"featured_media":0,"parent":0,"menu_order":0,"comment_status":"closed","ping_status":"closed","template":"","meta":{"site-sidebar-layout":"default","site-content-layout":"","ast-site-content-layout":"default","site-content-style":"default","site-sidebar-style":"default","ast-global-header-display":"","ast-banner-title-visibility":"","ast-main-header-display":"","ast-hfb-above-header-display":"","ast-hfb-below-header-display":"","ast-hfb-mobile-header-display":"","site-post-title":"","ast-breadcrumbs-content":"","ast-featured-img":"","footer-sml-layout":"","ast-disable-related-posts":"","theme-transparent-header-meta":"","adv-header-id-meta":"","stick-header-meta":"","header-above-stick-meta":"","header-main-stick-meta":"","header-below-stick-meta":"","astra-migrate-meta-layouts":"default","ast-page-background-enabled":"default","ast-page-background-meta":{"desktop":{"background-color":"var(--ast-global-color-4)","background-image":"","background-repeat":"repeat","background-position":"center center","background-size":"auto","background-attachment":"scroll","background-type":"","background-media":"","overlay-type":"","overlay-color":"","overlay-opacity":"","overlay-gradient":""},"tablet":{"background-color":"","background-image":"","background-repeat":"repeat","background-position":"center center","background-size":"auto","background-attachment":"scroll","background-type":"","background-media":"","overlay-type":"","overlay-color":"","overlay-opacity":"","overlay-gradient":""},"mobile":{"background-color":"","background-image":"","background-repeat":"repeat","background-position":"center center","background-size":"auto","background-attachment":"scroll","background-type":"","background-media":"","overlay-type":"","overlay-color":"","overlay-opacity":"","overlay-gradient":""}},"ast-content-background-meta":{"desktop":{"background-color":"var(--ast-global-color-5)","background-image":"","background-repeat":"repeat","background-position":"center center","background-size":"auto","background-attachment":"scroll","background-type":"","background-media":"","overlay-type":"","overlay-color":"","overlay-opacity":"","overlay-gradient":""},"tablet":{"background-color":"var(--ast-global-color-5)","background-image":"","background-repeat":"repeat","background-position":"center center","background-size":"auto","background-attachment":"scroll","background-type":"","background-media":"","overlay-type":"","overlay-color":"","overlay-opacity":"","overlay-gradient":""},"mobile":{"background-color":"var(--ast-global-color-5)","background-image":"","background-repeat":"repeat","background-position":"center center","background-size":"auto","background-attachment":"scroll","background-type":"","background-media":"","overlay-type":"","overlay-color":"","overlay-opacity":"","overlay-gradient":""}},"footnotes":""},"class_list":["post-168","page","type-page","status-publish","hentry"],"aioseo_notices":[],"_links":{"self":[{"href":"https:\/\/ninalynn.nl\/es\/wp-json\/wp\/v2\/pages\/168","targetHints":{"allow":["GET"]}}],"collection":[{"href":"https:\/\/ninalynn.nl\/es\/wp-json\/wp\/v2\/pages"}],"about":[{"href":"https:\/\/ninalynn.nl\/es\/wp-json\/wp\/v2\/types\/page"}],"author":[{"embeddable":true,"href":"https:\/\/ninalynn.nl\/es\/wp-json\/wp\/v2\/users\/1"}],"replies":[{"embeddable":true,"href":"https:\/\/ninalynn.nl\/es\/wp-json\/wp\/v2\/comments?post=168"}],"version-history":[{"count":0,"href":"https:\/\/ninalynn.nl\/es\/wp-json\/wp\/v2\/pages\/168\/revisions"}],"wp:attachment":[{"href":"https:\/\/ninalynn.nl\/es\/wp-json\/wp\/v2\/media?parent=168"}],"curies":[{"name":"wp","href":"https:\/\/api.w.org\/{rel}","templated":true}]}}