{"id":7341,"date":"2024-05-30T09:02:47","date_gmt":"2024-05-30T08:02:47","guid":{"rendered":"https:\/\/ninalynn.nl\/?page_id=7341"},"modified":"2025-01-02T17:09:15","modified_gmt":"2025-01-02T16:09:15","slug":"songwriters-round-the-table-cafe-camille","status":"publish","type":"page","link":"https:\/\/ninalynn.nl\/de\/songwriters-round-the-table-cafe-camille\/","title":{"rendered":"Songwriter am Tisch - Caf\u00e9 Camille"},"content":{"rendered":"<div data-elementor-type=\"wp-page\" data-elementor-id=\"7341\" class=\"elementor elementor-7341\" data-elementor-post-type=\"page\">\n\t\t\t\t\t\t<section class=\"elementor-section elementor-top-section elementor-element elementor-element-6d841f4 elementor-section-boxed elementor-section-height-default elementor-section-height-default\" data-id=\"6d841f4\" data-element_type=\"section\" data-e-type=\"section\">\n\t\t\t\t\t\t<div class=\"elementor-container elementor-column-gap-default\">\n\t\t\t\t\t<div class=\"elementor-column elementor-col-100 elementor-top-column elementor-element elementor-element-b381208\" data-id=\"b381208\" data-element_type=\"column\" data-e-type=\"column\">\n\t\t\t<div class=\"elementor-widget-wrap elementor-element-populated\">\n\t\t\t\t\t\t<div class=\"elementor-element elementor-element-69f8a2c elementor-widget elementor-widget-heading\" data-id=\"69f8a2c\" data-element_type=\"widget\" data-e-type=\"widget\" data-widget_type=\"heading.default\">\n\t\t\t\t<div class=\"elementor-widget-container\">\n\t\t\t\t\t<h2 class=\"elementor-heading-title elementor-size-default\">Songwriter an einem Tisch<\/h2>\t\t\t\t<\/div>\n\t\t\t\t<\/div>\n\t\t\t\t\t<\/div>\n\t\t<\/div>\n\t\t\t\t\t<\/div>\n\t\t<\/section>\n\t\t\t\t<section class=\"elementor-section elementor-top-section elementor-element elementor-element-6a02b38 elementor-section-boxed elementor-section-height-default elementor-section-height-default\" data-id=\"6a02b38\" data-element_type=\"section\" data-e-type=\"section\">\n\t\t\t\t\t\t<div class=\"elementor-container elementor-column-gap-default\">\n\t\t\t\t\t<div class=\"elementor-column elementor-col-50 elementor-top-column elementor-element elementor-element-6ee5020\" data-id=\"6ee5020\" data-element_type=\"column\" data-e-type=\"column\">\n\t\t\t<div class=\"elementor-widget-wrap elementor-element-populated\">\n\t\t\t\t\t\t<div class=\"elementor-element elementor-element-40018fe elementor-widget elementor-widget-text-editor\" data-id=\"40018fe\" data-element_type=\"widget\" data-e-type=\"widget\" data-widget_type=\"text-editor.default\">\n\t\t\t\t<div class=\"elementor-widget-container\">\n\t\t\t\t\t\t\t\t\t<p><b>Ein Abend mit Nashville in den Niederlanden<\/b><\/p><p><span style=\"font-weight: 400;\">F\u00fcnf Singer-Songwriterinnen (Amber Kamminga, Angie Flare, Kimmy June, Nina Lynn und Sylvia Aimee) kannten sich vage \u00fcber Instagram. Da sie die Liebe zur Musik und zu K\u00fcnstlern aus der amerikanischen Stadt Nashville teilten, beschlossen sie, sich zu treffen. Einfach, um ein bisschen zu plaudern und Songs zu schreiben. Es stellte sich heraus, dass es ein <\/span><i><span style=\"font-weight: 400;\">eine himmlische Verbindung<\/span><\/i><span style=\"font-weight: 400;\"> und eine enge Freundschaft wurde geschlossen. Jetzt sind sie viele Schreibwochenenden, Roadtrips, Wohnzimmer-T\u00e4nze und (fast) zwei Nashville-Reisen weiter... Zeit, diese einzigartige, musikalische Freundschaft mit Auftritten im ganzen Land zu teilen.\u00a0<\/span><\/p><p><i><span style=\"font-weight: 400;\">Songwriters' round the Table<\/span><\/i><span style=\"font-weight: 400;\">' bringt das f\u00fcr Nashville so charakteristische Gemeinschaftsgef\u00fchl, den Spa\u00df und das Handwerk des Songwritings in die Niederlande. Abwechselnd stellen die Songwriter ihre Lieder vor und es wird viel erz\u00e4hlt, gesungen und miteinander gespielt.<\/span><\/p><p><span style=\"font-weight: 400;\">Erleben Sie die Geschichte von f\u00fcnf M\u00e4dels, die sich in ihren Macken gefunden haben und sich seither in der herausfordernden Welt der Musik gegenseitig durch dick und d\u00fcnn unterst\u00fctzen. Denn das macht viel mehr Spa\u00df als alleine zu sein. Gl\u00fccklich f\u00fcr mich hei\u00dft gl\u00fccklich f\u00fcr dich.<\/span><\/p>\t\t\t\t\t\t\t\t<\/div>\n\t\t\t\t<\/div>\n\t\t\t\t\t<\/div>\n\t\t<\/div>\n\t\t\t\t<div class=\"elementor-column elementor-col-50 elementor-top-column elementor-element elementor-element-99c7e36\" data-id=\"99c7e36\" data-element_type=\"column\" data-e-type=\"column\">\n\t\t\t<div class=\"elementor-widget-wrap elementor-element-populated\">\n\t\t\t\t\t\t<div class=\"elementor-element elementor-element-4359bb9 elementor-widget elementor-widget-text-editor\" data-id=\"4359bb9\" data-element_type=\"widget\" data-e-type=\"widget\" data-widget_type=\"text-editor.default\">\n\t\t\t\t<div class=\"elementor-widget-container\">\n\t\t\t\t\t\t\t\t\t<p><strong>23. Februar 2025\u00a0<\/strong><\/p><p><strong>Caf\u00e9 Camille Beverwijk<\/strong><\/p><p>Beginn 15 Uhr<\/p><p><strong>Eine Reservierung ist nicht erforderlich, Sie k\u00f6nnen am Tag selbst kommen!<\/strong><\/p>\t\t\t\t\t\t\t\t<\/div>\n\t\t\t\t<\/div>\n\t\t\t\t\t<\/div>\n\t\t<\/div>\n\t\t\t\t\t<\/div>\n\t\t<\/section>\n\t\t\t\t<section class=\"elementor-section elementor-top-section elementor-element elementor-element-83f7ad8 elementor-section-boxed elementor-section-height-default elementor-section-height-default\" data-id=\"83f7ad8\" data-element_type=\"section\" data-e-type=\"section\">\n\t\t\t\t\t\t<div class=\"elementor-container elementor-column-gap-default\">\n\t\t\t\t\t<div class=\"elementor-column elementor-col-100 elementor-top-column elementor-element elementor-element-8da1944\" data-id=\"8da1944\" data-element_type=\"column\" data-e-type=\"column\">\n\t\t\t<div class=\"elementor-widget-wrap elementor-element-populated\">\n\t\t\t\t\t\t<div class=\"elementor-element elementor-element-fead038 elementor-widget elementor-widget-image\" data-id=\"fead038\" data-element_type=\"widget\" data-e-type=\"widget\" data-widget_type=\"image.default\">\n\t\t\t\t<div class=\"elementor-widget-container\">\n\t\t\t\t\t\t\t\t\t\t\t\t\t\t\t<img fetchpriority=\"high\" decoding=\"async\" width=\"1024\" height=\"740\" src=\"https:\/\/ninalynn.nl\/wp-content\/uploads\/2024\/05\/roundthetable-1024x740.jpg\" class=\"attachment-large size-large wp-image-7333\" alt=\"\" srcset=\"https:\/\/ninalynn.nl\/wp-content\/uploads\/2024\/05\/roundthetable-1024x740.jpg 1024w, https:\/\/ninalynn.nl\/wp-content\/uploads\/2024\/05\/roundthetable-300x217.jpg 300w, https:\/\/ninalynn.nl\/wp-content\/uploads\/2024\/05\/roundthetable-768x555.jpg 768w, https:\/\/ninalynn.nl\/wp-content\/uploads\/2024\/05\/roundthetable-1536x1109.jpg 1536w, https:\/\/ninalynn.nl\/wp-content\/uploads\/2024\/05\/roundthetable-18x12.jpg 18w, https:\/\/ninalynn.nl\/wp-content\/uploads\/2024\/05\/roundthetable-600x433.jpg 600w, https:\/\/ninalynn.nl\/wp-content\/uploads\/2024\/05\/roundthetable.jpg 2048w\" sizes=\"(max-width: 1024px) 100vw, 1024px\" \/>\t\t\t\t\t\t\t\t\t\t\t\t\t\t\t<\/div>\n\t\t\t\t<\/div>\n\t\t\t\t\t<\/div>\n\t\t<\/div>\n\t\t\t\t\t<\/div>\n\t\t<\/section>\n\t\t\t\t<\/div>","protected":false},"excerpt":{"rendered":"<p>Songwriters &#8216;round the table Een avond Nashville in Nederland Vijf singer-songwriters (Amber Kamminga, Angie Flare, Kimmy June, Nina Lynn en Sylvia Aimee) kenden elkaar vaag via Instagram. Omdat ze de liefde voor de muziek en artiesten uit de Amerikaanse stad Nashville deelden, besloten ze samen om de tafel te gaan. Gewoon, om een beetje te [&hellip;]<\/p>\n","protected":false},"author":1,"featured_media":0,"parent":0,"menu_order":0,"comment_status":"closed","ping_status":"closed","template":"","meta":{"site-sidebar-layout":"no-sidebar","site-content-layout":"","ast-site-content-layout":"full-width-container","site-content-style":"default","site-sidebar-style":"default","ast-global-header-display":"","ast-banner-title-visibility":"","ast-main-header-display":"","ast-hfb-above-header-display":"","ast-hfb-below-header-display":"","ast-hfb-mobile-header-display":"","site-post-title":"disabled","ast-breadcrumbs-content":"","ast-featured-img":"disabled","footer-sml-layout":"","ast-disable-related-posts":"","theme-transparent-header-meta":"","adv-header-id-meta":"","stick-header-meta":"","header-above-stick-meta":"","header-main-stick-meta":"","header-below-stick-meta":"","astra-migrate-meta-layouts":"default","ast-page-background-enabled":"default","ast-page-background-meta":{"desktop":{"background-color":"var(--ast-global-color-4)","background-image":"","background-repeat":"repeat","background-position":"center center","background-size":"auto","background-attachment":"scroll","background-type":"","background-media":"","overlay-type":"","overlay-color":"","overlay-opacity":"","overlay-gradient":""},"tablet":{"background-color":"","background-image":"","background-repeat":"repeat","background-position":"center center","background-size":"auto","background-attachment":"scroll","background-type":"","background-media":"","overlay-type":"","overlay-color":"","overlay-opacity":"","overlay-gradient":""},"mobile":{"background-color":"","background-image":"","background-repeat":"repeat","background-position":"center center","background-size":"auto","background-attachment":"scroll","background-type":"","background-media":"","overlay-type":"","overlay-color":"","overlay-opacity":"","overlay-gradient":""}},"ast-content-background-meta":{"desktop":{"background-color":"var(--ast-global-color-5)","background-image":"","background-repeat":"repeat","background-position":"center center","background-size":"auto","background-attachment":"scroll","background-type":"","background-media":"","overlay-type":"","overlay-color":"","overlay-opacity":"","overlay-gradient":""},"tablet":{"background-color":"var(--ast-global-color-5)","background-image":"","background-repeat":"repeat","background-position":"center center","background-size":"auto","background-attachment":"scroll","background-type":"","background-media":"","overlay-type":"","overlay-color":"","overlay-opacity":"","overlay-gradient":""},"mobile":{"background-color":"var(--ast-global-color-5)","background-image":"","background-repeat":"repeat","background-position":"center center","background-size":"auto","background-attachment":"scroll","background-type":"","background-media":"","overlay-type":"","overlay-color":"","overlay-opacity":"","overlay-gradient":""}},"footnotes":""},"class_list":["post-7341","page","type-page","status-publish","hentry"],"aioseo_notices":[],"_links":{"self":[{"href":"https:\/\/ninalynn.nl\/de\/wp-json\/wp\/v2\/pages\/7341","targetHints":{"allow":["GET"]}}],"collection":[{"href":"https:\/\/ninalynn.nl\/de\/wp-json\/wp\/v2\/pages"}],"about":[{"href":"https:\/\/ninalynn.nl\/de\/wp-json\/wp\/v2\/types\/page"}],"author":[{"embeddable":true,"href":"https:\/\/ninalynn.nl\/de\/wp-json\/wp\/v2\/users\/1"}],"replies":[{"embeddable":true,"href":"https:\/\/ninalynn.nl\/de\/wp-json\/wp\/v2\/comments?post=7341"}],"version-history":[{"count":7,"href":"https:\/\/ninalynn.nl\/de\/wp-json\/wp\/v2\/pages\/7341\/revisions"}],"predecessor-version":[{"id":7387,"href":"https:\/\/ninalynn.nl\/de\/wp-json\/wp\/v2\/pages\/7341\/revisions\/7387"}],"wp:attachment":[{"href":"https:\/\/ninalynn.nl\/de\/wp-json\/wp\/v2\/media?parent=7341"}],"curies":[{"name":"wp","href":"https:\/\/api.w.org\/{rel}","templated":true}]}}