{"id":7331,"date":"2024-05-30T08:56:57","date_gmt":"2024-05-30T07:56:57","guid":{"rendered":"https:\/\/ninalynn.nl\/?page_id=7331"},"modified":"2025-01-02T17:09:47","modified_gmt":"2025-01-02T16:09:47","slug":"songwriters-round-the-table-de-oude-veiling","status":"publish","type":"page","link":"https:\/\/ninalynn.nl\/de\/songwriters-round-the-table-de-oude-veiling\/","title":{"rendered":"Songwriter am Tisch - Die alte Auktion"},"content":{"rendered":"<div data-elementor-type=\"wp-page\" data-elementor-id=\"7331\" class=\"elementor elementor-7331\" data-elementor-post-type=\"page\">\n\t\t\t\t\t\t<section class=\"elementor-section elementor-top-section elementor-element elementor-element-b4e4606 elementor-section-boxed elementor-section-height-default elementor-section-height-default\" data-id=\"b4e4606\" data-element_type=\"section\" data-e-type=\"section\">\n\t\t\t\t\t\t<div class=\"elementor-container elementor-column-gap-default\">\n\t\t\t\t\t<div class=\"elementor-column elementor-col-100 elementor-top-column elementor-element elementor-element-c4d7cc9\" data-id=\"c4d7cc9\" data-element_type=\"column\" data-e-type=\"column\">\n\t\t\t<div class=\"elementor-widget-wrap elementor-element-populated\">\n\t\t\t\t\t\t<div class=\"elementor-element elementor-element-8553589 elementor-widget elementor-widget-heading\" data-id=\"8553589\" data-element_type=\"widget\" data-e-type=\"widget\" data-widget_type=\"heading.default\">\n\t\t\t\t<div class=\"elementor-widget-container\">\n\t\t\t\t\t<h2 class=\"elementor-heading-title elementor-size-default\">Songwriter an einem Tisch<\/h2>\t\t\t\t<\/div>\n\t\t\t\t<\/div>\n\t\t\t\t\t<\/div>\n\t\t<\/div>\n\t\t\t\t\t<\/div>\n\t\t<\/section>\n\t\t\t\t<section class=\"elementor-section elementor-top-section elementor-element elementor-element-d93a60a elementor-section-boxed elementor-section-height-default elementor-section-height-default\" data-id=\"d93a60a\" data-element_type=\"section\" data-e-type=\"section\">\n\t\t\t\t\t\t<div class=\"elementor-container elementor-column-gap-default\">\n\t\t\t\t\t<div class=\"elementor-column elementor-col-50 elementor-top-column elementor-element elementor-element-07b798b\" data-id=\"07b798b\" data-element_type=\"column\" data-e-type=\"column\">\n\t\t\t<div class=\"elementor-widget-wrap elementor-element-populated\">\n\t\t\t\t\t\t<div class=\"elementor-element elementor-element-59bcd41 elementor-widget elementor-widget-text-editor\" data-id=\"59bcd41\" data-element_type=\"widget\" data-e-type=\"widget\" data-widget_type=\"text-editor.default\">\n\t\t\t\t<div class=\"elementor-widget-container\">\n\t\t\t\t\t\t\t\t\t<p><b>Ein Abend mit Nashville in den Niederlanden<\/b><\/p><p><span style=\"font-weight: 400;\">F\u00fcnf Singer-Songwriterinnen (Amber Kamminga, Angie Flare, Kimmy June, Nina Lynn und Sylvia Aimee) kannten sich vage \u00fcber Instagram. Da sie die Liebe zur Musik und zu K\u00fcnstlern aus der amerikanischen Stadt Nashville teilten, beschlossen sie, sich zu treffen. Einfach, um ein bisschen zu plaudern und Songs zu schreiben. Es stellte sich heraus, dass es ein <\/span><i><span style=\"font-weight: 400;\">eine himmlische Verbindung<\/span><\/i><span style=\"font-weight: 400;\"> und eine enge Freundschaft wurde geschlossen. Jetzt sind sie viele Schreibwochenenden, Roadtrips, Wohnzimmer-T\u00e4nze und (fast) zwei Nashville-Reisen weiter... Zeit, diese einzigartige, musikalische Freundschaft mit Auftritten im ganzen Land zu teilen.\u00a0<\/span><\/p><p><i><span style=\"font-weight: 400;\">Songwriters' round the Table<\/span><\/i><span style=\"font-weight: 400;\">' bringt das f\u00fcr Nashville so charakteristische Gemeinschaftsgef\u00fchl, den Spa\u00df und das Handwerk des Songwritings in die Niederlande. Abwechselnd stellen die Songwriter ihre Lieder vor und es wird viel erz\u00e4hlt, gesungen und miteinander gespielt.<\/span><\/p><p><span style=\"font-weight: 400;\">Erleben Sie die Geschichte von f\u00fcnf M\u00e4dels, die sich in ihren Macken gefunden haben und sich seither in der herausfordernden Welt der Musik gegenseitig durch dick und d\u00fcnn unterst\u00fctzen. Denn das macht viel mehr Spa\u00df als alleine zu sein. Gl\u00fccklich f\u00fcr mich hei\u00dft gl\u00fccklich f\u00fcr dich.<\/span><\/p><p><strong>Buch 26\/1\/2025 die Alte Auktion \u00fcber scr@pietergroenveld.com<\/strong><\/p><p><strong>Eintrittskarten 15 Euro<\/strong><\/p><p>Beginn 15 Uhr<\/p>\t\t\t\t\t\t\t\t<\/div>\n\t\t\t\t<\/div>\n\t\t\t\t\t<\/div>\n\t\t<\/div>\n\t\t\t\t<div class=\"elementor-column elementor-col-50 elementor-top-column elementor-element elementor-element-51e0c38\" data-id=\"51e0c38\" data-element_type=\"column\" data-e-type=\"column\">\n\t\t\t<div class=\"elementor-widget-wrap elementor-element-populated\">\n\t\t\t\t\t\t<div class=\"elementor-element elementor-element-c20d422 elementor-widget elementor-widget-image\" data-id=\"c20d422\" data-element_type=\"widget\" data-e-type=\"widget\" data-widget_type=\"image.default\">\n\t\t\t\t<div class=\"elementor-widget-container\">\n\t\t\t\t\t\t\t\t\t\t\t\t<figure class=\"wp-caption\">\n\t\t\t\t\t\t\t\t\t\t<img decoding=\"async\" src=\"https:\/\/ninalynn.nl\/wp-content\/uploads\/2024\/05\/roundthetable.jpg\" title=\"Runder Tisch\" alt=\"roundthetable\" loading=\"lazy\" \/>\t\t\t\t\t\t\t\t\t\t\t<figcaption class=\"widget-image-caption wp-caption-text\">26. Januar 2025 - Die alte Auktion<\/figcaption>\n\t\t\t\t\t\t\t\t\t\t<\/figure>\n\t\t\t\t\t\t\t\t\t<\/div>\n\t\t\t\t<\/div>\n\t\t\t\t\t<\/div>\n\t\t<\/div>\n\t\t\t\t\t<\/div>\n\t\t<\/section>\n\t\t\t\t<\/div>","protected":false},"excerpt":{"rendered":"<p>Songwriters &#8216;round the table Een avond Nashville in Nederland Vijf singer-songwriters (Amber Kamminga, Angie Flare, Kimmy June, Nina Lynn en Sylvia Aimee) kenden elkaar vaag via Instagram. Omdat ze de liefde voor de muziek en artiesten uit de Amerikaanse stad Nashville deelden, besloten ze samen om de tafel te gaan. Gewoon, om een beetje te [&hellip;]<\/p>\n","protected":false},"author":1,"featured_media":0,"parent":0,"menu_order":0,"comment_status":"closed","ping_status":"closed","template":"","meta":{"site-sidebar-layout":"no-sidebar","site-content-layout":"","ast-site-content-layout":"full-width-container","site-content-style":"default","site-sidebar-style":"default","ast-global-header-display":"","ast-banner-title-visibility":"","ast-main-header-display":"","ast-hfb-above-header-display":"","ast-hfb-below-header-display":"","ast-hfb-mobile-header-display":"","site-post-title":"disabled","ast-breadcrumbs-content":"","ast-featured-img":"disabled","footer-sml-layout":"","ast-disable-related-posts":"","theme-transparent-header-meta":"","adv-header-id-meta":"","stick-header-meta":"","header-above-stick-meta":"","header-main-stick-meta":"","header-below-stick-meta":"","astra-migrate-meta-layouts":"default","ast-page-background-enabled":"default","ast-page-background-meta":{"desktop":{"background-color":"var(--ast-global-color-4)","background-image":"","background-repeat":"repeat","background-position":"center center","background-size":"auto","background-attachment":"scroll","background-type":"","background-media":"","overlay-type":"","overlay-color":"","overlay-opacity":"","overlay-gradient":""},"tablet":{"background-color":"","background-image":"","background-repeat":"repeat","background-position":"center center","background-size":"auto","background-attachment":"scroll","background-type":"","background-media":"","overlay-type":"","overlay-color":"","overlay-opacity":"","overlay-gradient":""},"mobile":{"background-color":"","background-image":"","background-repeat":"repeat","background-position":"center center","background-size":"auto","background-attachment":"scroll","background-type":"","background-media":"","overlay-type":"","overlay-color":"","overlay-opacity":"","overlay-gradient":""}},"ast-content-background-meta":{"desktop":{"background-color":"var(--ast-global-color-5)","background-image":"","background-repeat":"repeat","background-position":"center center","background-size":"auto","background-attachment":"scroll","background-type":"","background-media":"","overlay-type":"","overlay-color":"","overlay-opacity":"","overlay-gradient":""},"tablet":{"background-color":"var(--ast-global-color-5)","background-image":"","background-repeat":"repeat","background-position":"center center","background-size":"auto","background-attachment":"scroll","background-type":"","background-media":"","overlay-type":"","overlay-color":"","overlay-opacity":"","overlay-gradient":""},"mobile":{"background-color":"var(--ast-global-color-5)","background-image":"","background-repeat":"repeat","background-position":"center center","background-size":"auto","background-attachment":"scroll","background-type":"","background-media":"","overlay-type":"","overlay-color":"","overlay-opacity":"","overlay-gradient":""}},"footnotes":""},"class_list":["post-7331","page","type-page","status-publish","hentry"],"aioseo_notices":[],"_links":{"self":[{"href":"https:\/\/ninalynn.nl\/de\/wp-json\/wp\/v2\/pages\/7331","targetHints":{"allow":["GET"]}}],"collection":[{"href":"https:\/\/ninalynn.nl\/de\/wp-json\/wp\/v2\/pages"}],"about":[{"href":"https:\/\/ninalynn.nl\/de\/wp-json\/wp\/v2\/types\/page"}],"author":[{"embeddable":true,"href":"https:\/\/ninalynn.nl\/de\/wp-json\/wp\/v2\/users\/1"}],"replies":[{"embeddable":true,"href":"https:\/\/ninalynn.nl\/de\/wp-json\/wp\/v2\/comments?post=7331"}],"version-history":[{"count":13,"href":"https:\/\/ninalynn.nl\/de\/wp-json\/wp\/v2\/pages\/7331\/revisions"}],"predecessor-version":[{"id":7390,"href":"https:\/\/ninalynn.nl\/de\/wp-json\/wp\/v2\/pages\/7331\/revisions\/7390"}],"wp:attachment":[{"href":"https:\/\/ninalynn.nl\/de\/wp-json\/wp\/v2\/media?parent=7331"}],"curies":[{"name":"wp","href":"https:\/\/api.w.org\/{rel}","templated":true}]}}