{"id":6969,"date":"2023-08-15T10:11:50","date_gmt":"2023-08-15T09:11:50","guid":{"rendered":"https:\/\/ninalynn.nl\/?page_id=6969"},"modified":"2024-04-23T14:32:47","modified_gmt":"2024-04-23T13:32:47","slug":"bruiloften","status":"publish","type":"page","link":"https:\/\/ninalynn.nl\/de\/bruiloften\/","title":{"rendered":"Hochzeiten"},"content":{"rendered":"<div data-elementor-type=\"wp-page\" data-elementor-id=\"6969\" class=\"elementor elementor-6969\" data-elementor-post-type=\"page\">\n\t\t\t\t\t\t<section class=\"elementor-section elementor-top-section elementor-element elementor-element-288e6cdf elementor-section-full_width elementor-section-height-min-height elementor-section-items-stretch elementor-reverse-tablet elementor-reverse-mobile elementor-section-content-middle elementor-section-height-default\" data-id=\"288e6cdf\" data-element_type=\"section\" data-e-type=\"section\">\n\t\t\t\t\t\t<div class=\"elementor-container elementor-column-gap-no\">\n\t\t\t\t\t<div class=\"elementor-column elementor-col-50 elementor-top-column elementor-element elementor-element-fb51fa2\" data-id=\"fb51fa2\" data-element_type=\"column\" data-e-type=\"column\" data-settings=\"{&quot;background_background&quot;:&quot;classic&quot;}\">\n\t\t\t<div class=\"elementor-widget-wrap elementor-element-populated\">\n\t\t\t\t\t\t<div class=\"elementor-element elementor-element-3bd145b elementor-hidden-desktop elementor-hidden-tablet elementor-hidden-mobile elementor-widget elementor-widget-video\" data-id=\"3bd145b\" data-element_type=\"widget\" data-e-type=\"widget\" data-settings=\"{&quot;youtube_url&quot;:&quot;https:\\\/\\\/youtu.be\\\/DEYTVHObSUc?autoplay&quot;,&quot;autoplay&quot;:&quot;yes&quot;,&quot;play_on_mobile&quot;:&quot;yes&quot;,&quot;yt_privacy&quot;:&quot;yes&quot;,&quot;lazy_load&quot;:&quot;yes&quot;,&quot;show_image_overlay&quot;:&quot;yes&quot;,&quot;image_overlay&quot;:{&quot;url&quot;:&quot;https:\\\/\\\/ninalynn.nl\\\/wp-content\\\/uploads\\\/2023\\\/08\\\/vlcsnap-2023-08-15-10h41m20s872-1.png&quot;,&quot;id&quot;:6980,&quot;size&quot;:&quot;&quot;,&quot;alt&quot;:&quot;&quot;,&quot;source&quot;:&quot;library&quot;},&quot;video_type&quot;:&quot;youtube&quot;}\" data-widget_type=\"video.default\">\n\t\t\t\t<div class=\"elementor-widget-container\">\n\t\t\t\t\t\t\t<div class=\"elementor-wrapper elementor-open-inline\">\n\t\t\t<div class=\"elementor-video\"><\/div>\t\t\t\t<div class=\"elementor-custom-embed-image-overlay\" style=\"background-image: url(https:\/\/ninalynn.nl\/wp-content\/uploads\/2023\/08\/vlcsnap-2023-08-15-10h41m20s872-1-e1692103089723.png);\">\n\t\t\t\t\t\t\t\t\t\t\t\t\t\t\t\t<div class=\"elementor-custom-embed-play\" role=\"button\" aria-label=\"Play Video\" tabindex=\"0\" data-no-translation-aria-label=\"\">\n\t\t\t\t\t\t\t<i aria-hidden=\"true\" class=\"fas fa-play\"><\/i>\t\t\t\t\t\t<\/div>\n\t\t\t\t\t\t\t\t\t<\/div>\n\t\t\t\t\t<\/div>\n\t\t\t\t\t\t<\/div>\n\t\t\t\t<\/div>\n\t\t\t\t<div class=\"elementor-element elementor-element-f9bb6bf elementor-widget__width-initial elementor-hidden-desktop elementor-hidden-tablet elementor-hidden-mobile elementor-widget elementor-widget-elementskit-lottie\" data-id=\"f9bb6bf\" data-element_type=\"widget\" data-e-type=\"widget\" data-widget_type=\"elementskit-lottie.default\">\n\t\t\t\t<div class=\"elementor-widget-container\">\n\t\t\t\t\t<div class=\"ekit-wid-con\" ><div id=\"ekit_lottie_f9bb6bf\" class=\"ekit_lottie\" data-autoplay=\"true\" data-on-scroll=\"\" data-speed=\"0.4\" data-direction=\"\" data-action=\"\" data-renderer=\"canvas\" data-path=\"https:\/\/ninalynn.nl\/wp-content\/uploads\/2023\/08\/animation_llc7gwom.json\" data-loop=\"true\">&nbsp;<\/div><\/div>\t\t\t\t<\/div>\n\t\t\t\t<\/div>\n\t\t\t\t<div class=\"elementor-element elementor-element-f52314e elementor-widget__width-initial elementor-hidden-desktop elementor-hidden-tablet elementor-hidden-mobile elementor-widget elementor-widget-heading\" data-id=\"f52314e\" data-element_type=\"widget\" data-e-type=\"widget\" data-widget_type=\"heading.default\">\n\t\t\t\t<div class=\"elementor-widget-container\">\n\t\t\t\t\t<h2 class=\"elementor-heading-title elementor-size-default\">Sehen Sie sich meinen Auftritt hier an<\/h2>\t\t\t\t<\/div>\n\t\t\t\t<\/div>\n\t\t\t\t<div class=\"elementor-element elementor-element-768ea41 elementor-widget elementor-widget-image\" data-id=\"768ea41\" data-element_type=\"widget\" data-e-type=\"widget\" data-widget_type=\"image.default\">\n\t\t\t\t<div class=\"elementor-widget-container\">\n\t\t\t\t\t\t\t\t\t\t\t\t\t\t\t<img fetchpriority=\"high\" decoding=\"async\" width=\"1024\" height=\"903\" src=\"https:\/\/ninalynn.nl\/wp-content\/uploads\/2023\/08\/vlcsnap-2023-08-15-10h41m20s872-1-e1692103089723-1024x903.png\" class=\"attachment-large size-large wp-image-6980\" alt=\"\" srcset=\"https:\/\/ninalynn.nl\/wp-content\/uploads\/2023\/08\/vlcsnap-2023-08-15-10h41m20s872-1-e1692103089723-1024x903.png.webp 1024w, https:\/\/ninalynn.nl\/wp-content\/uploads\/2023\/08\/vlcsnap-2023-08-15-10h41m20s872-1-e1692103089723-300x265.png.webp 300w, https:\/\/ninalynn.nl\/wp-content\/uploads\/2023\/08\/vlcsnap-2023-08-15-10h41m20s872-1-e1692103089723-768x677.png.webp 768w, https:\/\/ninalynn.nl\/wp-content\/uploads\/2023\/08\/vlcsnap-2023-08-15-10h41m20s872-1-e1692103089723-14x12.png.webp 14w, https:\/\/ninalynn.nl\/wp-content\/uploads\/2023\/08\/vlcsnap-2023-08-15-10h41m20s872-1-e1692103089723-600x529.png.webp 600w, https:\/\/ninalynn.nl\/wp-content\/uploads\/2023\/08\/vlcsnap-2023-08-15-10h41m20s872-1-e1692103089723.png.webp 1210w\" sizes=\"(max-width: 1024px) 100vw, 1024px\" \/>\t\t\t\t\t\t\t\t\t\t\t\t\t\t\t<\/div>\n\t\t\t\t<\/div>\n\t\t\t\t\t<\/div>\n\t\t<\/div>\n\t\t\t\t<div class=\"elementor-column elementor-col-50 elementor-top-column elementor-element elementor-element-55db0e7f\" data-id=\"55db0e7f\" data-element_type=\"column\" data-e-type=\"column\">\n\t\t\t<div class=\"elementor-widget-wrap elementor-element-populated\">\n\t\t\t\t\t\t<div class=\"elementor-element elementor-element-7e8bf5a4 elementor-widget__width-initial elementor-widget elementor-widget-heading\" data-id=\"7e8bf5a4\" data-element_type=\"widget\" data-e-type=\"widget\" data-widget_type=\"heading.default\">\n\t\t\t\t<div class=\"elementor-widget-container\">\n\t\t\t\t\t<h1 class=\"elementor-heading-title elementor-size-default\">Authentisch <b>Americana<\/b> <br>\nauf Ihr <br><b>besonderer Tag<\/b><\/h1>\t\t\t\t<\/div>\n\t\t\t\t<\/div>\n\t\t\t\t<section class=\"elementor-section elementor-inner-section elementor-element elementor-element-2bbe0e3a elementor-section-boxed elementor-section-height-default elementor-section-height-default\" data-id=\"2bbe0e3a\" data-element_type=\"section\" data-e-type=\"section\">\n\t\t\t\t\t\t<div class=\"elementor-container elementor-column-gap-no\">\n\t\t\t\t\t<div class=\"elementor-column elementor-col-100 elementor-inner-column elementor-element elementor-element-9d3d1f6\" data-id=\"9d3d1f6\" data-element_type=\"column\" data-e-type=\"column\">\n\t\t\t<div class=\"elementor-widget-wrap\">\n\t\t\t\t\t\t\t<\/div>\n\t\t<\/div>\n\t\t\t\t\t<\/div>\n\t\t<\/section>\n\t\t\t\t\t<\/div>\n\t\t<\/div>\n\t\t\t\t\t<\/div>\n\t\t<\/section>\n\t\t\t\t<section class=\"elementor-section elementor-top-section elementor-element elementor-element-67a05b66 elementor-section-full_width elementor-section-content-middle elementor-section-height-default elementor-section-height-default\" data-id=\"67a05b66\" data-element_type=\"section\" data-e-type=\"section\">\n\t\t\t\t\t\t<div class=\"elementor-container elementor-column-gap-no\">\n\t\t\t\t\t<div class=\"elementor-column elementor-col-50 elementor-top-column elementor-element elementor-element-20cc29d6\" data-id=\"20cc29d6\" data-element_type=\"column\" data-e-type=\"column\">\n\t\t\t<div class=\"elementor-widget-wrap elementor-element-populated\">\n\t\t\t\t\t\t<div class=\"elementor-element elementor-element-e923a43 elementor-widget elementor-widget-elementskit-heading\" data-id=\"e923a43\" data-element_type=\"widget\" data-e-type=\"widget\" data-widget_type=\"elementskit-heading.default\">\n\t\t\t\t<div class=\"elementor-widget-container\">\n\t\t\t\t\t<div class=\"ekit-wid-con\" ><div class=\"ekit-heading elementskit-section-title-wraper text_left   ekit_heading_tablet-   ekit_heading_mobile-\"><h2 class=\"ekit-heading--title elementskit-section-title\">Meine <span><span>Musik<\/span><\/span><\/h2><div class=\"ekit_heading_separetor_wraper ekit_heading_elementskit-border-divider elementskit-style-long\"><div class=\"elementskit-border-divider elementskit-style-long\"><\/div><\/div><\/div><\/div>\t\t\t\t<\/div>\n\t\t\t\t<\/div>\n\t\t\t\t<div class=\"elementor-element elementor-element-558e649 elementor-widget elementor-widget-text-editor\" data-id=\"558e649\" data-element_type=\"widget\" data-e-type=\"widget\" data-widget_type=\"text-editor.default\">\n\t\t\t\t<div class=\"elementor-widget-container\">\n\t\t\t\t\t\t\t\t\t<p>Meine Musik ist perfekt f\u00fcr jeden Moment. Ob bewegende Balladen f\u00fcr die Zeremonie oder eing\u00e4ngige Songs f\u00fcr die Party, ich schaffe die richtige Atmosph\u00e4re an Ihrem besonderen Tag.<\/p>\t\t\t\t\t\t\t\t<\/div>\n\t\t\t\t<\/div>\n\t\t\t\t<div class=\"elementor-element elementor-element-5012884 elementor-widget elementor-widget-elementskit-heading\" data-id=\"5012884\" data-element_type=\"widget\" data-e-type=\"widget\" data-widget_type=\"elementskit-heading.default\">\n\t\t\t\t<div class=\"elementor-widget-container\">\n\t\t\t\t\t<div class=\"ekit-wid-con\" ><div class=\"ekit-heading elementskit-section-title-wraper text_left   ekit_heading_tablet-   ekit_heading_mobile-\"><h2 class=\"ekit-heading--title elementskit-section-title\">\u00dcber <span><span>Ich<\/span><\/span><\/h2><div class=\"ekit_heading_separetor_wraper ekit_heading_elementskit-border-divider elementskit-style-long\"><div class=\"elementskit-border-divider elementskit-style-long\"><\/div><\/div><\/div><\/div>\t\t\t\t<\/div>\n\t\t\t\t<\/div>\n\t\t\t\t<div class=\"elementor-element elementor-element-f66872f elementor-widget elementor-widget-text-editor\" data-id=\"f66872f\" data-element_type=\"widget\" data-e-type=\"widget\" data-widget_type=\"text-editor.default\">\n\t\t\t\t<div class=\"elementor-widget-container\">\n\t\t\t\t\t\t\t\t\t<p>Mit meinem zweiten Studioalbum \"A Taste of the Wild\" habe ich bereits viel Lob f\u00fcr meine originellen Songs und fesselnden Auftritte erhalten. Mein Americana-Stil kombiniert Elemente von Country, Folk und Blues zu einem einzigartigen Sound, der immer wieder beeindruckt.<\/p>\t\t\t\t\t\t\t\t<\/div>\n\t\t\t\t<\/div>\n\t\t\t\t<div class=\"elementor-element elementor-element-fd87b8f elementor-widget elementor-widget-elementskit-heading\" data-id=\"fd87b8f\" data-element_type=\"widget\" data-e-type=\"widget\" data-widget_type=\"elementskit-heading.default\">\n\t\t\t\t<div class=\"elementor-widget-container\">\n\t\t\t\t\t<div class=\"ekit-wid-con\" ><div class=\"ekit-heading elementskit-section-title-wraper text_left   ekit_heading_tablet-   ekit_heading_mobile-\"><h2 class=\"ekit-heading--title elementskit-section-title\">F\u00fcr <span><span>Sie<\/span><\/span><\/h2><div class=\"ekit_heading_separetor_wraper ekit_heading_elementskit-border-divider elementskit-style-long\"><div class=\"elementskit-border-divider elementskit-style-long\"><\/div><\/div><\/div><\/div>\t\t\t\t<\/div>\n\t\t\t\t<\/div>\n\t\t\t\t<div class=\"elementor-element elementor-element-7662f58 elementor-widget elementor-widget-text-editor\" data-id=\"7662f58\" data-element_type=\"widget\" data-e-type=\"widget\" data-widget_type=\"text-editor.default\">\n\t\t\t\t<div class=\"elementor-widget-container\">\n\t\t\t\t\t\t\t\t\t<p>Ma\u00dfgeschneiderte Vorstellungen, ganz nach Ihren W\u00fcnschen! Gemeinsam arbeiten wir daran, ein einzigartiges und pers\u00f6nliches Erlebnis zu schaffen. Von der Setlist \u00fcber die Atmosph\u00e4re bis hin zum Stil - ich sorge daf\u00fcr, dass meine Musik perfekt zu Ihrem besonderen Moment passt. Ihre Vision ist meine Priorit\u00e4t, und ich bem\u00fche mich, jedes Detail auf Ihre Erwartungen zuzuschneiden. Gemeinsam machen wir den Auftritt zu einem unvergesslichen Moment!<\/p>\t\t\t\t\t\t\t\t<\/div>\n\t\t\t\t<\/div>\n\t\t\t\t\t<\/div>\n\t\t<\/div>\n\t\t\t\t<div class=\"elementor-column elementor-col-50 elementor-top-column elementor-element elementor-element-6c0948ab\" data-id=\"6c0948ab\" data-element_type=\"column\" data-e-type=\"column\" data-settings=\"{&quot;background_background&quot;:&quot;classic&quot;}\">\n\t\t\t<div class=\"elementor-widget-wrap elementor-element-populated\">\n\t\t\t\t\t<div class=\"elementor-background-overlay\"><\/div>\n\t\t\t\t\t\t<div class=\"elementor-element elementor-element-e2aaee8 elementor-invisible elementor-widget elementor-widget-image\" data-id=\"e2aaee8\" data-element_type=\"widget\" data-e-type=\"widget\" data-settings=\"{&quot;_animation&quot;:&quot;zoomIn&quot;}\" data-widget_type=\"image.default\">\n\t\t\t\t<div class=\"elementor-widget-container\">\n\t\t\t\t\t\t\t\t\t\t\t\t\t\t\t<img decoding=\"async\" width=\"682\" height=\"1024\" src=\"https:\/\/ninalynn.nl\/wp-content\/uploads\/2023\/08\/WhatsApp-Image-2023-08-15-at-11.19.54.jpg\" class=\"attachment-large size-large wp-image-6985\" alt=\"\" srcset=\"https:\/\/ninalynn.nl\/wp-content\/uploads\/2023\/08\/WhatsApp-Image-2023-08-15-at-11.19.54.jpg 682w, https:\/\/ninalynn.nl\/wp-content\/uploads\/2023\/08\/WhatsApp-Image-2023-08-15-at-11.19.54-200x300.jpg.webp 200w, https:\/\/ninalynn.nl\/wp-content\/uploads\/2023\/08\/WhatsApp-Image-2023-08-15-at-11.19.54-8x12.jpg.webp 8w, https:\/\/ninalynn.nl\/wp-content\/uploads\/2023\/08\/WhatsApp-Image-2023-08-15-at-11.19.54-600x901.jpg.webp 600w\" sizes=\"(max-width: 682px) 100vw, 682px\" \/>\t\t\t\t\t\t\t\t\t\t\t\t\t\t\t<\/div>\n\t\t\t\t<\/div>\n\t\t\t\t\t<\/div>\n\t\t<\/div>\n\t\t\t\t\t<\/div>\n\t\t<\/section>\n\t\t\t\t<section class=\"elementor-section elementor-top-section elementor-element elementor-element-fd2928c elementor-section-boxed elementor-section-height-default elementor-section-height-default\" data-id=\"fd2928c\" data-element_type=\"section\" data-e-type=\"section\">\n\t\t\t\t\t\t<div class=\"elementor-container elementor-column-gap-default\">\n\t\t\t\t\t<div class=\"elementor-column elementor-col-100 elementor-top-column elementor-element elementor-element-0379d1c\" data-id=\"0379d1c\" data-element_type=\"column\" data-e-type=\"column\">\n\t\t\t<div class=\"elementor-widget-wrap elementor-element-populated\">\n\t\t\t\t\t\t<div class=\"elementor-element elementor-element-431ab37 elementor-widget elementor-widget-heading\" data-id=\"431ab37\" data-element_type=\"widget\" data-e-type=\"widget\" data-widget_type=\"heading.default\">\n\t\t\t\t<div class=\"elementor-widget-container\">\n\t\t\t\t\t<h1 class=\"elementor-heading-title elementor-size-default\">Ninas Musik war die <b>perfekte Note<\/b> f\u00fcr unsere <b>perfekter Tag<\/b><\/h1>\t\t\t\t<\/div>\n\t\t\t\t<\/div>\n\t\t\t\t<div class=\"elementor-element elementor-element-545b35f elementor-widget elementor-widget-elementskit-testimonial\" data-id=\"545b35f\" data-element_type=\"widget\" data-e-type=\"widget\" data-widget_type=\"elementskit-testimonial.default\">\n\t\t\t\t<div class=\"elementor-widget-container\">\n\t\t\t\t\t<div class=\"ekit-wid-con\" ><div class=\"elementskit-testimonial-slider arrow_inside\" data-config=\"{&quot;rtl&quot;:false,&quot;arrows&quot;:false,&quot;dots&quot;:false,&quot;pauseOnHover&quot;:true,&quot;autoplay&quot;:true,&quot;speed&quot;:1000,&quot;slidesPerGroup&quot;:1,&quot;slidesPerView&quot;:3,&quot;loop&quot;:false,&quot;spaceBetween&quot;:15,&quot;breakpoints&quot;:{&quot;320&quot;:{&quot;slidesPerView&quot;:1,&quot;slidesPerGroup&quot;:1,&quot;spaceBetween&quot;:10},&quot;768&quot;:{&quot;slidesPerView&quot;:2,&quot;slidesPerGroup&quot;:1,&quot;spaceBetween&quot;:10},&quot;1024&quot;:{&quot;slidesPerView&quot;:3,&quot;slidesPerGroup&quot;:1,&quot;spaceBetween&quot;:15}}}\">\n\t<div class=\"ekit-main-swiper swiper\">\n\t\t<div class=\"swiper-wrapper\">\n\t\t\t\t\t\t<div class=\"swiper-slide\">\n\t\t\t\t<div class=\"swiper-slide-inner\">\n\t\t\t\t\t<div class=\"elementskit-testimonial-inner\" >\n\t\t\t\t\t\t<div class=\"elementskit-single-testimonial-slider  ekit_testimonial_style_2\">\n\t\t\t\t\t\t\t<div class=\"elementskit-commentor-content\">\n\t\t\t\t\t\t\t\t\t\t\t\t\t\t\t\t\t<div class=\"elementskit-client_logo\">\n\t\t\t\t\t\t\t\t\t\t\t\t\t\t\t\t\t\t\t\t<img decoding=\"async\" width=\"2560\" height=\"1709\" src=\"https:\/\/ninalynn.nl\/wp-content\/uploads\/2023\/08\/DSC_4213-scaled.jpg\" class=\"elementskit-testimonial-client-logo\" alt=\"\" srcset=\"https:\/\/ninalynn.nl\/wp-content\/uploads\/2023\/08\/DSC_4213-scaled.jpg.webp 2560w, https:\/\/ninalynn.nl\/wp-content\/uploads\/2023\/08\/DSC_4213-300x200.jpg.webp 300w, https:\/\/ninalynn.nl\/wp-content\/uploads\/2023\/08\/DSC_4213-1024x684.jpg.webp 1024w, https:\/\/ninalynn.nl\/wp-content\/uploads\/2023\/08\/DSC_4213-768x513.jpg.webp 768w, https:\/\/ninalynn.nl\/wp-content\/uploads\/2023\/08\/DSC_4213-1536x1025.jpg.webp 1536w, https:\/\/ninalynn.nl\/wp-content\/uploads\/2023\/08\/DSC_4213-2048x1367.jpg.webp 2048w, https:\/\/ninalynn.nl\/wp-content\/uploads\/2023\/08\/DSC_4213-18x12.jpg.webp 18w, https:\/\/ninalynn.nl\/wp-content\/uploads\/2023\/08\/DSC_4213-600x401.jpg.webp 600w\" sizes=\"(max-width: 2560px) 100vw, 2560px\" \/>\t\t\t\t\t\t\t\t\t<\/div>\n\t\t\t\t\t\t\t\t\t\t\t\t\t\t\t\t\t<p>Nina hat unsere Zeremonie noch mehr zu etwas Besonderem gemacht, als sie ohnehin schon war! Gemeinsam mit ihr haben wir im Vorfeld die Lieder ausgew\u00e4hlt, die am besten zu uns passten. W\u00e4hrend der Zeremonie haben wir dies keine Sekunde lang bereut. Neben einer wundersch\u00f6nen Stimme, einem gro\u00dfen musikalischen Talent, schaffte sie es, mit ihrer Interpretation der Lieder die richtigen Emotionen an unserem besonderen Tag zu ber\u00fchren.<br><br> Wir sind Nina sehr dankbar f\u00fcr diesen wunderbaren Beitrag!<\/p>\n\t\t\t\t\t\t\t\t\t\t\t\t\t\t\t\t\t\t\t\t\t\t\t\t\t<span class=\"elementskit-border-hr\"><\/span>\n\t\t\t\t\t\t\t\t\t\t\t\t\t\t\t\t<span class=\"elementskit-profile-info\">\n\t\t\t\t\t\t\t\t\t<strong class=\"elementskit-author-name\">Mara und Melissa<\/strong>\n\t\t\t\t\t\t\t\t\t<span class=\"elementskit-author-des\">Beaufsichtigung der Zeremonie<\/span>\n\t\t\t\t\t\t\t\t<\/span>\n\t\t\t\t\t\t\t<\/div>\n\t\t\t\t\t\t\t\t\t\t\t\t\t\t\t<div class=\"elementskit-watermark-icon\">\n\t\t\t\t\t\t\t\t\t<i aria-hidden=\"true\" class=\"icon icon-quote\"><\/i>\t\t\t\t\t\t\t\t<\/div>\n\t\t\t\t\t\t\t\t\t\t\t\t\t<\/div>\n\t\t\t\t\t<\/div>\n\t\t\t\t<\/div>\n\t\t\t<\/div>\n\t\t\t\t\t\t<div class=\"swiper-slide\">\n\t\t\t\t<div class=\"swiper-slide-inner\">\n\t\t\t\t\t<div class=\"elementskit-testimonial-inner\" >\n\t\t\t\t\t\t<div class=\"elementskit-single-testimonial-slider testimonial-active ekit_testimonial_style_2\">\n\t\t\t\t\t\t\t<div class=\"elementskit-commentor-content\">\n\t\t\t\t\t\t\t\t\t\t\t\t\t\t\t\t\t<div class=\"elementskit-client_logo\">\n\t\t\t\t\t\t\t\t\t\t\t\t\t\t\t\t\t\t\t\t<img loading=\"lazy\" decoding=\"async\" width=\"2560\" height=\"1705\" src=\"https:\/\/ninalynn.nl\/wp-content\/uploads\/2023\/08\/NinaLynn-2-scaled.jpg\" class=\"elementskit-testimonial-client-logo\" alt=\"\" srcset=\"https:\/\/ninalynn.nl\/wp-content\/uploads\/2023\/08\/NinaLynn-2-scaled.jpg.webp 2560w, https:\/\/ninalynn.nl\/wp-content\/uploads\/2023\/08\/NinaLynn-2-300x200.jpg.webp 300w, https:\/\/ninalynn.nl\/wp-content\/uploads\/2023\/08\/NinaLynn-2-1024x682.jpg.webp 1024w, https:\/\/ninalynn.nl\/wp-content\/uploads\/2023\/08\/NinaLynn-2-768x512.jpg.webp 768w, https:\/\/ninalynn.nl\/wp-content\/uploads\/2023\/08\/NinaLynn-2-1536x1023.jpg.webp 1536w, https:\/\/ninalynn.nl\/wp-content\/uploads\/2023\/08\/NinaLynn-2-2048x1364.jpg.webp 2048w, https:\/\/ninalynn.nl\/wp-content\/uploads\/2023\/08\/NinaLynn-2-18x12.jpg.webp 18w, https:\/\/ninalynn.nl\/wp-content\/uploads\/2023\/08\/NinaLynn-2-600x400.jpg.webp 600w\" sizes=\"(max-width: 2560px) 100vw, 2560px\" \/>\t\t\t\t\t\t\t\t\t<\/div>\n\t\t\t\t\t\t\t\t\t\t\t\t\t\t\t\t\t<p>Ihr habt wirklich viel zur Party beigetragen. Eure Musik hat zu einer sch\u00f6nen, entspannten und festlichen Atmosph\u00e4re beigetragen und war als Hintergrundmusik perfekt. <br><br>Vielen Dank daf\u00fcr!<\/p>\n\t\t\t\t\t\t\t\t\t\t\t\t\t\t\t\t\t\t\t\t\t\t\t\t\t<span class=\"elementskit-border-hr\"><\/span>\n\t\t\t\t\t\t\t\t\t\t\t\t\t\t\t\t<span class=\"elementskit-profile-info\">\n\t\t\t\t\t\t\t\t\t<strong class=\"elementskit-author-name\">Davita &amp; Constantin<\/strong>\n\t\t\t\t\t\t\t\t\t<span class=\"elementskit-author-des\">Hintergrundmusik<\/span>\n\t\t\t\t\t\t\t\t<\/span>\n\t\t\t\t\t\t\t<\/div>\n\t\t\t\t\t\t\t\t\t\t\t\t\t\t\t<div class=\"elementskit-watermark-icon\">\n\t\t\t\t\t\t\t\t\t<i aria-hidden=\"true\" class=\"icon icon-quote\"><\/i>\t\t\t\t\t\t\t\t<\/div>\n\t\t\t\t\t\t\t\t\t\t\t\t\t<\/div>\n\t\t\t\t\t<\/div>\n\t\t\t\t<\/div>\n\t\t\t<\/div>\n\t\t\t\t\t\t<div class=\"swiper-slide\">\n\t\t\t\t<div class=\"swiper-slide-inner\">\n\t\t\t\t\t<div class=\"elementskit-testimonial-inner\" >\n\t\t\t\t\t\t<div class=\"elementskit-single-testimonial-slider  ekit_testimonial_style_2\">\n\t\t\t\t\t\t\t<div class=\"elementskit-commentor-content\">\n\t\t\t\t\t\t\t\t\t\t\t\t\t\t\t\t\t<div class=\"elementskit-client_logo\">\n\t\t\t\t\t\t\t\t\t\t\t\t\t\t\t\t\t\t\t\t<img loading=\"lazy\" decoding=\"async\" width=\"1024\" height=\"768\" src=\"https:\/\/ninalynn.nl\/wp-content\/uploads\/2023\/08\/WhatsApp-Image-2023-08-15-e1692092487455.jpg\" class=\"elementskit-testimonial-client-logo\" alt=\"\" srcset=\"https:\/\/ninalynn.nl\/wp-content\/uploads\/2023\/08\/WhatsApp-Image-2023-08-15-e1692092487455.jpg 1024w, https:\/\/ninalynn.nl\/wp-content\/uploads\/2023\/08\/WhatsApp-Image-2023-08-15-e1692092487455-300x225.jpg.webp 300w, https:\/\/ninalynn.nl\/wp-content\/uploads\/2023\/08\/WhatsApp-Image-2023-08-15-e1692092487455-768x576.jpg.webp 768w, https:\/\/ninalynn.nl\/wp-content\/uploads\/2023\/08\/WhatsApp-Image-2023-08-15-e1692092487455-16x12.jpg.webp 16w, https:\/\/ninalynn.nl\/wp-content\/uploads\/2023\/08\/WhatsApp-Image-2023-08-15-e1692092487455-600x450.jpg.webp 600w\" sizes=\"(max-width: 1024px) 100vw, 1024px\" \/>\t\t\t\t\t\t\t\t\t<\/div>\n\t\t\t\t\t\t\t\t\t\t\t\t\t\t\t\t\t<p>Nina hat mit ihrer sch\u00f6nen Stimme und ihrem Gitarrenspiel dazu beigetragen, dass unser Hochzeitstag ein toller Tag mit einer sch\u00f6nen Atmosph\u00e4re wurde. Sie sang ihre eigenen Lieder zusammen mit einigen von uns ausgew\u00e4hlten Liedern.  You are love' von Moon wurde von Nina w\u00e4hrend der Trauung gesungen. So sch\u00f6n und bewegend! Vielen Dank, Nina!<\/p>\n\t\t\t\t\t\t\t\t\t\t\t\t\t\t\t\t\t\t\t\t\t\t\t\t\t<span class=\"elementskit-border-hr\"><\/span>\n\t\t\t\t\t\t\t\t\t\t\t\t\t\t\t\t<span class=\"elementskit-profile-info\">\n\t\t\t\t\t\t\t\t\t<strong class=\"elementskit-author-name\">Arnold und Suzanne<\/strong>\n\t\t\t\t\t\t\t\t\t<span class=\"elementskit-author-des\">Zeremonie + Getr\u00e4nke<\/span>\n\t\t\t\t\t\t\t\t<\/span>\n\t\t\t\t\t\t\t<\/div>\n\t\t\t\t\t\t\t\t\t\t\t\t\t\t\t<div class=\"elementskit-watermark-icon\">\n\t\t\t\t\t\t\t\t\t<i aria-hidden=\"true\" class=\"icon icon-quote\"><\/i>\t\t\t\t\t\t\t\t<\/div>\n\t\t\t\t\t\t\t\t\t\t\t\t\t<\/div>\n\t\t\t\t\t<\/div>\n\t\t\t\t<\/div>\n\t\t\t<\/div>\n\t\t\t\t\t<\/div>\n\n\t\t\n\t\t\t<\/div>\n<\/div>\n<\/div>\t\t\t\t<\/div>\n\t\t\t\t<\/div>\n\t\t\t\t\t<\/div>\n\t\t<\/div>\n\t\t\t\t\t<\/div>\n\t\t<\/section>\n\t\t\t\t<\/div>","protected":false},"excerpt":{"rendered":"<p>&nbsp; Bekijk hier mijn optreden Authentieke Americana op jouw speciale dag Neem contact op Mijn Muziek Mijn muziek is perfect voor elk moment. Of je nu op zoek bent naar ontroerende ballads voor de ceremonie of aanstekelijke nummers voor het feest, ik zorg voor de juiste sfeer op jouw speciale dag. Over Mij Met mijn [&hellip;]<\/p>\n","protected":false},"author":1,"featured_media":0,"parent":0,"menu_order":0,"comment_status":"closed","ping_status":"closed","template":"elementor_header_footer","meta":{"site-sidebar-layout":"default","site-content-layout":"","ast-site-content-layout":"default","site-content-style":"default","site-sidebar-style":"default","ast-global-header-display":"","ast-banner-title-visibility":"","ast-main-header-display":"","ast-hfb-above-header-display":"","ast-hfb-below-header-display":"","ast-hfb-mobile-header-display":"","site-post-title":"","ast-breadcrumbs-content":"","ast-featured-img":"","footer-sml-layout":"","ast-disable-related-posts":"","theme-transparent-header-meta":"","adv-header-id-meta":"","stick-header-meta":"","header-above-stick-meta":"","header-main-stick-meta":"","header-below-stick-meta":"","astra-migrate-meta-layouts":"default","ast-page-background-enabled":"default","ast-page-background-meta":{"desktop":{"background-color":"var(--ast-global-color-4)","background-image":"","background-repeat":"repeat","background-position":"center center","background-size":"auto","background-attachment":"scroll","background-type":"","background-media":"","overlay-type":"","overlay-color":"","overlay-opacity":"","overlay-gradient":""},"tablet":{"background-color":"","background-image":"","background-repeat":"repeat","background-position":"center center","background-size":"auto","background-attachment":"scroll","background-type":"","background-media":"","overlay-type":"","overlay-color":"","overlay-opacity":"","overlay-gradient":""},"mobile":{"background-color":"","background-image":"","background-repeat":"repeat","background-position":"center center","background-size":"auto","background-attachment":"scroll","background-type":"","background-media":"","overlay-type":"","overlay-color":"","overlay-opacity":"","overlay-gradient":""}},"ast-content-background-meta":{"desktop":{"background-color":"var(--ast-global-color-5)","background-image":"","background-repeat":"repeat","background-position":"center center","background-size":"auto","background-attachment":"scroll","background-type":"","background-media":"","overlay-type":"","overlay-color":"","overlay-opacity":"","overlay-gradient":""},"tablet":{"background-color":"var(--ast-global-color-5)","background-image":"","background-repeat":"repeat","background-position":"center center","background-size":"auto","background-attachment":"scroll","background-type":"","background-media":"","overlay-type":"","overlay-color":"","overlay-opacity":"","overlay-gradient":""},"mobile":{"background-color":"var(--ast-global-color-5)","background-image":"","background-repeat":"repeat","background-position":"center center","background-size":"auto","background-attachment":"scroll","background-type":"","background-media":"","overlay-type":"","overlay-color":"","overlay-opacity":"","overlay-gradient":""}},"footnotes":""},"class_list":["post-6969","page","type-page","status-publish","hentry"],"aioseo_notices":[],"_links":{"self":[{"href":"https:\/\/ninalynn.nl\/de\/wp-json\/wp\/v2\/pages\/6969","targetHints":{"allow":["GET"]}}],"collection":[{"href":"https:\/\/ninalynn.nl\/de\/wp-json\/wp\/v2\/pages"}],"about":[{"href":"https:\/\/ninalynn.nl\/de\/wp-json\/wp\/v2\/types\/page"}],"author":[{"embeddable":true,"href":"https:\/\/ninalynn.nl\/de\/wp-json\/wp\/v2\/users\/1"}],"replies":[{"embeddable":true,"href":"https:\/\/ninalynn.nl\/de\/wp-json\/wp\/v2\/comments?post=6969"}],"version-history":[{"count":154,"href":"https:\/\/ninalynn.nl\/de\/wp-json\/wp\/v2\/pages\/6969\/revisions"}],"predecessor-version":[{"id":7329,"href":"https:\/\/ninalynn.nl\/de\/wp-json\/wp\/v2\/pages\/6969\/revisions\/7329"}],"wp:attachment":[{"href":"https:\/\/ninalynn.nl\/de\/wp-json\/wp\/v2\/media?parent=6969"}],"curies":[{"name":"wp","href":"https:\/\/api.w.org\/{rel}","templated":true}]}}