{"id":6900,"date":"2023-08-05T15:22:31","date_gmt":"2023-08-05T14:22:31","guid":{"rendered":"https:\/\/ninalynn.nl\/?page_id=6900"},"modified":"2023-08-05T15:38:16","modified_gmt":"2023-08-05T14:38:16","slug":"harvest-moon","status":"publish","type":"page","link":"https:\/\/ninalynn.nl\/de\/harvest-moon\/","title":{"rendered":"Erntemond"},"content":{"rendered":"<div data-elementor-type=\"wp-page\" data-elementor-id=\"6900\" class=\"elementor elementor-6900\" data-elementor-post-type=\"page\">\n\t\t\t\t\t\t<section class=\"elementor-section elementor-top-section elementor-element elementor-element-a13ff58 elementor-section-boxed elementor-section-height-default elementor-section-height-default\" data-id=\"a13ff58\" data-element_type=\"section\" data-e-type=\"section\">\n\t\t\t\t\t\t<div class=\"elementor-container elementor-column-gap-default\">\n\t\t\t\t\t<div class=\"elementor-column elementor-col-100 elementor-top-column elementor-element elementor-element-40815c1\" data-id=\"40815c1\" data-element_type=\"column\" data-e-type=\"column\">\n\t\t\t<div class=\"elementor-widget-wrap elementor-element-populated\">\n\t\t\t\t\t\t<div class=\"elementor-element elementor-element-7ea6655 elementor-widget elementor-widget-heading\" data-id=\"7ea6655\" data-element_type=\"widget\" data-e-type=\"widget\" data-widget_type=\"heading.default\">\n\t\t\t\t<div class=\"elementor-widget-container\">\n\t\t\t\t\t<h2 class=\"elementor-heading-title elementor-size-default\">Erntemond<\/h2>\t\t\t\t<\/div>\n\t\t\t\t<\/div>\n\t\t\t\t\t<\/div>\n\t\t<\/div>\n\t\t\t\t\t<\/div>\n\t\t<\/section>\n\t\t\t\t<section class=\"elementor-section elementor-top-section elementor-element elementor-element-14cfa9f elementor-section-boxed elementor-section-height-default elementor-section-height-default\" data-id=\"14cfa9f\" data-element_type=\"section\" data-e-type=\"section\">\n\t\t\t\t\t\t<div class=\"elementor-container elementor-column-gap-default\">\n\t\t\t\t\t<div class=\"elementor-column elementor-col-100 elementor-top-column elementor-element elementor-element-72c4c03\" data-id=\"72c4c03\" data-element_type=\"column\" data-e-type=\"column\">\n\t\t\t<div class=\"elementor-widget-wrap elementor-element-populated\">\n\t\t\t\t\t\t<div class=\"elementor-element elementor-element-558f66d elementor-widget elementor-widget-text-editor\" data-id=\"558f66d\" data-element_type=\"widget\" data-e-type=\"widget\" data-widget_type=\"text-editor.default\">\n\t\t\t\t<div class=\"elementor-widget-container\">\n\t\t\t\t\t\t\t\t\t<p style=\"text-align: center;\"><span style=\"font-weight: 400;\">Ich war \u00f6fter verloren, als ich gefunden wurde\u00a0<\/span><\/p><p style=\"text-align: center;\"><span style=\"font-weight: 400;\">Und als ich gefunden wurde<\/span><\/p><p style=\"text-align: center;\"><span style=\"font-weight: 400;\">Mein Gl\u00fcck hatte mich verlassen<\/span><\/p><p style=\"text-align: center;\">\u00a0<\/p><p style=\"text-align: center;\"><span style=\"font-weight: 400;\">Ich wurde im R\u00fcckspiegel zur\u00fcckgelassen, als<\/span><\/p><p style=\"text-align: center;\"><span style=\"font-weight: 400;\">Die Zeiten sind hart geworden<\/span><\/p><p style=\"text-align: center;\"><span style=\"font-weight: 400;\">Aber ich werde meine \u00c4ngste nicht bereuen<\/span><\/p><p style=\"text-align: center;\">\u00a0<\/p><p style=\"text-align: center;\"><span style=\"font-weight: 400;\">Es macht mir nichts aus, dass die Stra\u00dfe kaputt ist\u00a0<\/span><\/p><p style=\"text-align: center;\"><span style=\"font-weight: 400;\">Weil es mich zu dir gef\u00fchrt hat<\/span><\/p><p style=\"text-align: center;\">\u00a0<\/p><p style=\"text-align: center;\"><span style=\"font-weight: 400;\">K\u00f6nnen Sie die Sch\u00f6nheit all dessen sp\u00fcren, was wir angebaut haben?\u00a0<\/span><\/p><p style=\"text-align: center;\"><span style=\"font-weight: 400;\">Alle Feldfr\u00fcchte und alle G\u00e4nsebl\u00fcmchen\u00a0<\/span><\/p><p style=\"text-align: center;\"><span style=\"font-weight: 400;\">Bleiben wir am Ball\u00a0<\/span><\/p><p style=\"text-align: center;\"><span style=\"font-weight: 400;\">Es ist Zeit, all das zu ernten, was wir ges\u00e4t haben<\/span><\/p><p style=\"text-align: center;\"><span style=\"font-weight: 400;\">Raus auf die Felder, raus mit euch<\/span><\/p><p style=\"text-align: center;\"><span style=\"font-weight: 400;\">Lass uns im Licht des Erntemondes tanzen<\/span><\/p><p style=\"text-align: center;\">\u00a0<\/p><p style=\"text-align: center;\"><span style=\"font-weight: 400;\">Es braucht einen, um einen anderen zu kennen<\/span><\/p><p style=\"text-align: center;\"><span style=\"font-weight: 400;\">Mit dir f\u00fchle ich mich sicher<\/span><\/p><p style=\"text-align: center;\"><span style=\"font-weight: 400;\">Du bist der beste Mensch, den ich kenne.<\/span><\/p><p style=\"text-align: center;\">\u00a0<\/p><p style=\"text-align: center;\"><span style=\"font-weight: 400;\">Ja, mit dir wird mein Herz leicht<\/span><\/p><p style=\"text-align: center;\"><span style=\"font-weight: 400;\">Du machst das Leben zu einem Festmahl<\/span><\/p><p style=\"text-align: center;\">\u00a0<\/p><p style=\"text-align: center;\"><span style=\"font-weight: 400;\">K\u00f6nnen Sie die Sch\u00f6nheit all dessen sp\u00fcren, was wir angebaut haben?\u00a0<\/span><\/p><p style=\"text-align: center;\"><span style=\"font-weight: 400;\">Alle Feldfr\u00fcchte und alle G\u00e4nsebl\u00fcmchen\u00a0<\/span><\/p><p style=\"text-align: center;\"><span style=\"font-weight: 400;\">Bleiben wir am Ball\u00a0<\/span><\/p><p style=\"text-align: center;\"><span style=\"font-weight: 400;\">Es ist Zeit, all das zu ernten, was wir ges\u00e4t haben<\/span><\/p><p style=\"text-align: center;\"><span style=\"font-weight: 400;\">Raus auf die Felder, raus mit euch<\/span><\/p><p style=\"text-align: center;\"><span style=\"font-weight: 400;\">Lass uns im Licht des Erntemondes tanzen<\/span><\/p><p style=\"text-align: center;\">\u00a0<\/p><p style=\"text-align: center;\"><span style=\"font-weight: 400;\">Die besten Zeiten liegen noch vor uns, und von heute an<\/span><\/p><p style=\"text-align: center;\"><span style=\"font-weight: 400;\">Wir ernten unsere Liebe<\/span><\/p><p style=\"text-align: center;\">\u00a0<\/p><p style=\"text-align: center;\"><span style=\"font-weight: 400;\">K\u00f6nnen Sie die Sch\u00f6nheit all dessen sp\u00fcren, was wir angebaut haben?\u00a0<\/span><\/p><p style=\"text-align: center;\"><span style=\"font-weight: 400;\">Alle Feldfr\u00fcchte und alle G\u00e4nsebl\u00fcmchen\u00a0<\/span><\/p><p style=\"text-align: center;\"><span style=\"font-weight: 400;\">Bleiben wir am Ball\u00a0<\/span><\/p><p style=\"text-align: center;\"><span style=\"font-weight: 400;\">Es ist Zeit, all das zu ernten, was wir ges\u00e4t haben<\/span><\/p><p style=\"text-align: center;\"><span style=\"font-weight: 400;\">Raus auf die Felder, raus mit euch<\/span><\/p><p style=\"text-align: center;\"><span style=\"font-weight: 400;\">Lass uns im Licht des Erntemondes tanzen<\/span><\/p>\t\t\t\t\t\t\t\t<\/div>\n\t\t\t\t<\/div>\n\t\t\t\t\t<\/div>\n\t\t<\/div>\n\t\t\t\t\t<\/div>\n\t\t<\/section>\n\t\t\t\t<section class=\"elementor-section elementor-top-section elementor-element elementor-element-5dd3653 elementor-section-boxed elementor-section-height-default elementor-section-height-default\" data-id=\"5dd3653\" data-element_type=\"section\" data-e-type=\"section\">\n\t\t\t\t\t\t<div class=\"elementor-container elementor-column-gap-default\">\n\t\t\t\t\t<div class=\"elementor-column elementor-col-50 elementor-top-column elementor-element elementor-element-1c74c42\" data-id=\"1c74c42\" data-element_type=\"column\" data-e-type=\"column\">\n\t\t\t<div class=\"elementor-widget-wrap elementor-element-populated\">\n\t\t\t\t\t\t<div class=\"elementor-element elementor-element-ea0babd elementor-align-center elementor-widget elementor-widget-button\" data-id=\"ea0babd\" data-element_type=\"widget\" data-e-type=\"widget\" data-widget_type=\"button.default\">\n\t\t\t\t<div class=\"elementor-widget-container\">\n\t\t\t\t\t\t\t\t\t<div class=\"elementor-button-wrapper\">\n\t\t\t\t\t<a class=\"elementor-button elementor-button-link elementor-size-sm\" href=\"https:\/\/ninalynn.nl\/de\/let-it-grow\/\">\n\t\t\t\t\t\t<span class=\"elementor-button-content-wrapper\">\n\t\t\t\t\t\t\t\t\t<span class=\"elementor-button-text\">Vorherige<\/span>\n\t\t\t\t\t<\/span>\n\t\t\t\t\t<\/a>\n\t\t\t\t<\/div>\n\t\t\t\t\t\t\t\t<\/div>\n\t\t\t\t<\/div>\n\t\t\t\t\t<\/div>\n\t\t<\/div>\n\t\t\t\t<div class=\"elementor-column elementor-col-50 elementor-top-column elementor-element elementor-element-cdf89c4\" data-id=\"cdf89c4\" data-element_type=\"column\" data-e-type=\"column\">\n\t\t\t<div class=\"elementor-widget-wrap elementor-element-populated\">\n\t\t\t\t\t\t<div class=\"elementor-element elementor-element-3f29e0a elementor-align-center elementor-widget elementor-widget-button\" data-id=\"3f29e0a\" data-element_type=\"widget\" data-e-type=\"widget\" data-widget_type=\"button.default\">\n\t\t\t\t<div class=\"elementor-widget-container\">\n\t\t\t\t\t\t\t\t\t<div class=\"elementor-button-wrapper\">\n\t\t\t\t\t<a class=\"elementor-button elementor-button-link elementor-size-sm\" href=\"https:\/\/ninalynn.nl\/de\/outro\/\">\n\t\t\t\t\t\t<span class=\"elementor-button-content-wrapper\">\n\t\t\t\t\t\t\t\t\t<span class=\"elementor-button-text\">Weiter<\/span>\n\t\t\t\t\t<\/span>\n\t\t\t\t\t<\/a>\n\t\t\t\t<\/div>\n\t\t\t\t\t\t\t\t<\/div>\n\t\t\t\t<\/div>\n\t\t\t\t\t<\/div>\n\t\t<\/div>\n\t\t\t\t\t<\/div>\n\t\t<\/section>\n\t\t\t\t<\/div>","protected":false},"excerpt":{"rendered":"<p>Harvest Moon I\u2019ve been lost more than I\u2019ve been found\u00a0 And when I was found My luck had run out \u00a0 I was left in the rearview mirror when Times got hard But I won\u2019t regret my fears \u00a0 I don\u2019t mind that this road is broken\u00a0 Because it led me to you \u00a0 Can [&hellip;]<\/p>\n","protected":false},"author":1,"featured_media":0,"parent":0,"menu_order":0,"comment_status":"closed","ping_status":"closed","template":"","meta":{"site-sidebar-layout":"default","site-content-layout":"","ast-site-content-layout":"default","site-content-style":"default","site-sidebar-style":"default","ast-global-header-display":"","ast-banner-title-visibility":"","ast-main-header-display":"","ast-hfb-above-header-display":"","ast-hfb-below-header-display":"","ast-hfb-mobile-header-display":"","site-post-title":"","ast-breadcrumbs-content":"","ast-featured-img":"","footer-sml-layout":"","ast-disable-related-posts":"","theme-transparent-header-meta":"","adv-header-id-meta":"","stick-header-meta":"","header-above-stick-meta":"","header-main-stick-meta":"","header-below-stick-meta":"","astra-migrate-meta-layouts":"default","ast-page-background-enabled":"default","ast-page-background-meta":{"desktop":{"background-color":"var(--ast-global-color-4)","background-image":"","background-repeat":"repeat","background-position":"center center","background-size":"auto","background-attachment":"scroll","background-type":"","background-media":"","overlay-type":"","overlay-color":"","overlay-opacity":"","overlay-gradient":""},"tablet":{"background-color":"","background-image":"","background-repeat":"repeat","background-position":"center center","background-size":"auto","background-attachment":"scroll","background-type":"","background-media":"","overlay-type":"","overlay-color":"","overlay-opacity":"","overlay-gradient":""},"mobile":{"background-color":"","background-image":"","background-repeat":"repeat","background-position":"center center","background-size":"auto","background-attachment":"scroll","background-type":"","background-media":"","overlay-type":"","overlay-color":"","overlay-opacity":"","overlay-gradient":""}},"ast-content-background-meta":{"desktop":{"background-color":"var(--ast-global-color-5)","background-image":"","background-repeat":"repeat","background-position":"center center","background-size":"auto","background-attachment":"scroll","background-type":"","background-media":"","overlay-type":"","overlay-color":"","overlay-opacity":"","overlay-gradient":""},"tablet":{"background-color":"var(--ast-global-color-5)","background-image":"","background-repeat":"repeat","background-position":"center center","background-size":"auto","background-attachment":"scroll","background-type":"","background-media":"","overlay-type":"","overlay-color":"","overlay-opacity":"","overlay-gradient":""},"mobile":{"background-color":"var(--ast-global-color-5)","background-image":"","background-repeat":"repeat","background-position":"center center","background-size":"auto","background-attachment":"scroll","background-type":"","background-media":"","overlay-type":"","overlay-color":"","overlay-opacity":"","overlay-gradient":""}},"footnotes":""},"class_list":["post-6900","page","type-page","status-publish","hentry"],"aioseo_notices":[],"_links":{"self":[{"href":"https:\/\/ninalynn.nl\/de\/wp-json\/wp\/v2\/pages\/6900","targetHints":{"allow":["GET"]}}],"collection":[{"href":"https:\/\/ninalynn.nl\/de\/wp-json\/wp\/v2\/pages"}],"about":[{"href":"https:\/\/ninalynn.nl\/de\/wp-json\/wp\/v2\/types\/page"}],"author":[{"embeddable":true,"href":"https:\/\/ninalynn.nl\/de\/wp-json\/wp\/v2\/users\/1"}],"replies":[{"embeddable":true,"href":"https:\/\/ninalynn.nl\/de\/wp-json\/wp\/v2\/comments?post=6900"}],"version-history":[{"count":4,"href":"https:\/\/ninalynn.nl\/de\/wp-json\/wp\/v2\/pages\/6900\/revisions"}],"predecessor-version":[{"id":6909,"href":"https:\/\/ninalynn.nl\/de\/wp-json\/wp\/v2\/pages\/6900\/revisions\/6909"}],"wp:attachment":[{"href":"https:\/\/ninalynn.nl\/de\/wp-json\/wp\/v2\/media?parent=6900"}],"curies":[{"name":"wp","href":"https:\/\/api.w.org\/{rel}","templated":true}]}}