{"id":6898,"date":"2023-08-05T15:22:00","date_gmt":"2023-08-05T14:22:00","guid":{"rendered":"https:\/\/ninalynn.nl\/?page_id=6898"},"modified":"2023-08-05T15:24:55","modified_gmt":"2023-08-05T14:24:55","slug":"let-it-grow","status":"publish","type":"page","link":"https:\/\/ninalynn.nl\/de\/let-it-grow\/","title":{"rendered":"Lass es wachsen"},"content":{"rendered":"<div data-elementor-type=\"wp-page\" data-elementor-id=\"6898\" class=\"elementor elementor-6898\" data-elementor-post-type=\"page\">\n\t\t\t\t\t\t<section class=\"elementor-section elementor-top-section elementor-element elementor-element-7e67906 elementor-section-boxed elementor-section-height-default elementor-section-height-default\" data-id=\"7e67906\" data-element_type=\"section\" data-e-type=\"section\">\n\t\t\t\t\t\t<div class=\"elementor-container elementor-column-gap-default\">\n\t\t\t\t\t<div class=\"elementor-column elementor-col-100 elementor-top-column elementor-element elementor-element-ce64c37\" data-id=\"ce64c37\" data-element_type=\"column\" data-e-type=\"column\">\n\t\t\t<div class=\"elementor-widget-wrap elementor-element-populated\">\n\t\t\t\t\t\t<div class=\"elementor-element elementor-element-0510a21 elementor-widget elementor-widget-heading\" data-id=\"0510a21\" data-element_type=\"widget\" data-e-type=\"widget\" data-widget_type=\"heading.default\">\n\t\t\t\t<div class=\"elementor-widget-container\">\n\t\t\t\t\t<h2 class=\"elementor-heading-title elementor-size-default\">Lass es wachsen<\/h2>\t\t\t\t<\/div>\n\t\t\t\t<\/div>\n\t\t\t\t\t<\/div>\n\t\t<\/div>\n\t\t\t\t\t<\/div>\n\t\t<\/section>\n\t\t\t\t<section class=\"elementor-section elementor-top-section elementor-element elementor-element-2c4e42c elementor-section-boxed elementor-section-height-default elementor-section-height-default\" data-id=\"2c4e42c\" data-element_type=\"section\" data-e-type=\"section\">\n\t\t\t\t\t\t<div class=\"elementor-container elementor-column-gap-default\">\n\t\t\t\t\t<div class=\"elementor-column elementor-col-100 elementor-top-column elementor-element elementor-element-f6dde7b\" data-id=\"f6dde7b\" data-element_type=\"column\" data-e-type=\"column\">\n\t\t\t<div class=\"elementor-widget-wrap elementor-element-populated\">\n\t\t\t\t\t\t<div class=\"elementor-element elementor-element-67cb52a elementor-widget elementor-widget-text-editor\" data-id=\"67cb52a\" data-element_type=\"widget\" data-e-type=\"widget\" data-widget_type=\"text-editor.default\">\n\t\t\t\t<div class=\"elementor-widget-container\">\n\t\t\t\t\t\t\t\t\t<p style=\"text-align: center;\"><span style=\"font-weight: 400;\">Ich bin noch da, wo das Feuer brannte<\/span><\/p><p style=\"text-align: center;\"><span style=\"font-weight: 400;\">Zugedeckt mit Asche<\/span><\/p><p style=\"text-align: center;\"><span style=\"font-weight: 400;\">Der Punkt, an dem es kein Zur\u00fcck mehr gibt<\/span><\/p><p style=\"text-align: center;\"><span style=\"font-weight: 400;\">Schwelende Glut<\/span><\/p><p style=\"text-align: center;\">\u00a0<\/p><p style=\"text-align: center;\"><span style=\"font-weight: 400;\">Erinnern Sie sich, wie es fr\u00fcher aussah<\/span><\/p><p style=\"text-align: center;\"><span style=\"font-weight: 400;\">Bei sonnigem Wetter<\/span><\/p><p style=\"text-align: center;\"><span style=\"font-weight: 400;\">In den Fotob\u00fcchern festgehalten<\/span><\/p><p style=\"text-align: center;\"><span style=\"font-weight: 400;\">F\u00fcr immer verschwunden<\/span><\/p><p style=\"text-align: center;\">\u00a0<\/p><p style=\"text-align: center;\"><span style=\"font-weight: 400;\">Ich wei\u00df, ich wei\u00df, ich wei\u00df, ich wei\u00df<\/span><\/p><p style=\"text-align: center;\"><span style=\"font-weight: 400;\">Das ist nicht das, was du wolltest<\/span><\/p><p style=\"text-align: center;\"><span style=\"font-weight: 400;\">Ich wei\u00df, ich wei\u00df, ich wei\u00df, ich wei\u00df<\/span><\/p><p style=\"text-align: center;\"><span style=\"font-weight: 400;\">Das brauchen Sie\u00a0<\/span><\/p><p style=\"text-align: center;\">\u00a0<\/p><p style=\"text-align: center;\"><span style=\"font-weight: 400;\">Aus dieser Asche wirst du wiedergeboren werden<\/span><\/p><p style=\"text-align: center;\">\u00a0<\/p><p style=\"text-align: center;\"><span style=\"font-weight: 400;\">Hier unten in der verbrannten Erde<\/span><\/p><p style=\"text-align: center;\"><span style=\"font-weight: 400;\">Neue Blumen z\u00fcchten<\/span><\/p><p style=\"text-align: center;\"><span style=\"font-weight: 400;\">Das Leben findet immer seinen Weg<\/span><\/p><p style=\"text-align: center;\"><span style=\"font-weight: 400;\">Wirklich kein Aufwand<\/span><\/p><p style=\"text-align: center;\"><span style=\"font-weight: 400;\">Lehnen Sie sich zur\u00fcck und beobachten Sie das Geschehen<\/span><\/p><p style=\"text-align: center;\"><span style=\"font-weight: 400;\">Lass es wachsen<\/span><\/p><p style=\"text-align: center;\">\u00a0<\/p><p style=\"text-align: center;\"><span style=\"font-weight: 400;\">I zur\u00fcck, wo das Feuer brannte<\/span><\/p><p style=\"text-align: center;\"><span style=\"font-weight: 400;\">In deine Augen schauen, Liebes<\/span><\/p><p style=\"text-align: center;\"><span style=\"font-weight: 400;\">Wir haben beide Fehler gemacht, ganz sicher.<\/span><\/p><p style=\"text-align: center;\"><span style=\"font-weight: 400;\">So sind wir hier gelandet<\/span><\/p><p style=\"text-align: center;\">\u00a0<\/p><p style=\"text-align: center;\"><span style=\"font-weight: 400;\">Ich wei\u00df, ich wei\u00df, ich wei\u00df, ich wei\u00df<\/span><\/p><p style=\"text-align: center;\"><span style=\"font-weight: 400;\">Das ist nicht das, was wir wollten<\/span><\/p><p style=\"text-align: center;\"><span style=\"font-weight: 400;\">Ich wei\u00df, ich wei\u00df, ich wei\u00df, ich wei\u00df<\/span><\/p><p style=\"text-align: center;\"><span style=\"font-weight: 400;\">Das ist es, was wir brauchen\u00a0<\/span><\/p><p style=\"text-align: center;\">\u00a0<\/p><p style=\"text-align: center;\"><span style=\"font-weight: 400;\">Aus dieser Asche werden wir wiedergeboren<\/span><\/p><p style=\"text-align: center;\">\u00a0<\/p><p style=\"text-align: center;\"><span style=\"font-weight: 400;\">Hier unten in der verbrannten Erde<\/span><\/p><p style=\"text-align: center;\"><span style=\"font-weight: 400;\">Neue Blumen z\u00fcchten<\/span><\/p><p style=\"text-align: center;\"><span style=\"font-weight: 400;\">Das Leben findet immer seinen Weg<\/span><\/p><p style=\"text-align: center;\"><span style=\"font-weight: 400;\">Wirklich kein Aufwand<\/span><\/p><p style=\"text-align: center;\"><span style=\"font-weight: 400;\">Lehnen Sie sich zur\u00fcck und beobachten Sie das Geschehen<\/span><\/p><p style=\"text-align: center;\"><span style=\"font-weight: 400;\">Lass es\u00a0<\/span><\/p><p style=\"text-align: center;\"><span style=\"font-weight: 400;\">Hier unten in der verbrannten Erde<\/span><\/p><p style=\"text-align: center;\"><span style=\"font-weight: 400;\">Neue Blumen z\u00fcchten<\/span><\/p><p style=\"text-align: center;\"><span style=\"font-weight: 400;\">Das Leben findet immer seinen Weg<\/span><\/p><p style=\"text-align: center;\"><span style=\"font-weight: 400;\">Wirklich kein Aufwand<\/span><\/p><p style=\"text-align: center;\"><span style=\"font-weight: 400;\">Lehnen Sie sich zur\u00fcck und beobachten Sie das Geschehen<\/span><\/p><p style=\"text-align: center;\"><span style=\"font-weight: 400;\">Lass es wachsen<\/span><\/p>\t\t\t\t\t\t\t\t<\/div>\n\t\t\t\t<\/div>\n\t\t\t\t\t<\/div>\n\t\t<\/div>\n\t\t\t\t\t<\/div>\n\t\t<\/section>\n\t\t\t\t<section class=\"elementor-section elementor-top-section elementor-element elementor-element-dc5a125 elementor-section-boxed elementor-section-height-default elementor-section-height-default\" data-id=\"dc5a125\" data-element_type=\"section\" data-e-type=\"section\">\n\t\t\t\t\t\t<div class=\"elementor-container elementor-column-gap-default\">\n\t\t\t\t\t<div class=\"elementor-column elementor-col-50 elementor-top-column elementor-element elementor-element-b2a2c61\" data-id=\"b2a2c61\" data-element_type=\"column\" data-e-type=\"column\">\n\t\t\t<div class=\"elementor-widget-wrap elementor-element-populated\">\n\t\t\t\t\t\t<div class=\"elementor-element elementor-element-a57e30e elementor-align-center elementor-widget elementor-widget-button\" data-id=\"a57e30e\" data-element_type=\"widget\" data-e-type=\"widget\" data-widget_type=\"button.default\">\n\t\t\t\t<div class=\"elementor-widget-container\">\n\t\t\t\t\t\t\t\t\t<div class=\"elementor-button-wrapper\">\n\t\t\t\t\t<a class=\"elementor-button elementor-button-link elementor-size-sm\" href=\"https:\/\/ninalynn.nl\/de\/lilith\/\">\n\t\t\t\t\t\t<span class=\"elementor-button-content-wrapper\">\n\t\t\t\t\t\t\t\t\t<span class=\"elementor-button-text\">Vorherige<\/span>\n\t\t\t\t\t<\/span>\n\t\t\t\t\t<\/a>\n\t\t\t\t<\/div>\n\t\t\t\t\t\t\t\t<\/div>\n\t\t\t\t<\/div>\n\t\t\t\t\t<\/div>\n\t\t<\/div>\n\t\t\t\t<div class=\"elementor-column elementor-col-50 elementor-top-column elementor-element elementor-element-c0d0e42\" data-id=\"c0d0e42\" data-element_type=\"column\" data-e-type=\"column\">\n\t\t\t<div class=\"elementor-widget-wrap elementor-element-populated\">\n\t\t\t\t\t\t<div class=\"elementor-element elementor-element-7c72a81 elementor-align-center elementor-widget elementor-widget-button\" data-id=\"7c72a81\" data-element_type=\"widget\" data-e-type=\"widget\" data-widget_type=\"button.default\">\n\t\t\t\t<div class=\"elementor-widget-container\">\n\t\t\t\t\t\t\t\t\t<div class=\"elementor-button-wrapper\">\n\t\t\t\t\t<a class=\"elementor-button elementor-button-link elementor-size-sm\" href=\"https:\/\/ninalynn.nl\/de\/harvest-moon\/\">\n\t\t\t\t\t\t<span class=\"elementor-button-content-wrapper\">\n\t\t\t\t\t\t\t\t\t<span class=\"elementor-button-text\">Weiter<\/span>\n\t\t\t\t\t<\/span>\n\t\t\t\t\t<\/a>\n\t\t\t\t<\/div>\n\t\t\t\t\t\t\t\t<\/div>\n\t\t\t\t<\/div>\n\t\t\t\t\t<\/div>\n\t\t<\/div>\n\t\t\t\t\t<\/div>\n\t\t<\/section>\n\t\t\t\t<\/div>","protected":false},"excerpt":{"rendered":"<p>Let It Grow I\u2019m left where the fire burned Covered up in ashes Past the point of no return Smoldering embers \u00a0 Remember how it used to look In the sunny weather Captured in the photobooks Disappeared forever \u00a0 I know I know I know I know This ain\u2019t what you wanted I know I [&hellip;]<\/p>\n","protected":false},"author":1,"featured_media":0,"parent":0,"menu_order":0,"comment_status":"closed","ping_status":"closed","template":"","meta":{"site-sidebar-layout":"default","site-content-layout":"","ast-site-content-layout":"default","site-content-style":"default","site-sidebar-style":"default","ast-global-header-display":"","ast-banner-title-visibility":"","ast-main-header-display":"","ast-hfb-above-header-display":"","ast-hfb-below-header-display":"","ast-hfb-mobile-header-display":"","site-post-title":"","ast-breadcrumbs-content":"","ast-featured-img":"","footer-sml-layout":"","ast-disable-related-posts":"","theme-transparent-header-meta":"","adv-header-id-meta":"","stick-header-meta":"","header-above-stick-meta":"","header-main-stick-meta":"","header-below-stick-meta":"","astra-migrate-meta-layouts":"default","ast-page-background-enabled":"default","ast-page-background-meta":{"desktop":{"background-color":"var(--ast-global-color-4)","background-image":"","background-repeat":"repeat","background-position":"center center","background-size":"auto","background-attachment":"scroll","background-type":"","background-media":"","overlay-type":"","overlay-color":"","overlay-opacity":"","overlay-gradient":""},"tablet":{"background-color":"","background-image":"","background-repeat":"repeat","background-position":"center center","background-size":"auto","background-attachment":"scroll","background-type":"","background-media":"","overlay-type":"","overlay-color":"","overlay-opacity":"","overlay-gradient":""},"mobile":{"background-color":"","background-image":"","background-repeat":"repeat","background-position":"center center","background-size":"auto","background-attachment":"scroll","background-type":"","background-media":"","overlay-type":"","overlay-color":"","overlay-opacity":"","overlay-gradient":""}},"ast-content-background-meta":{"desktop":{"background-color":"var(--ast-global-color-5)","background-image":"","background-repeat":"repeat","background-position":"center center","background-size":"auto","background-attachment":"scroll","background-type":"","background-media":"","overlay-type":"","overlay-color":"","overlay-opacity":"","overlay-gradient":""},"tablet":{"background-color":"var(--ast-global-color-5)","background-image":"","background-repeat":"repeat","background-position":"center center","background-size":"auto","background-attachment":"scroll","background-type":"","background-media":"","overlay-type":"","overlay-color":"","overlay-opacity":"","overlay-gradient":""},"mobile":{"background-color":"var(--ast-global-color-5)","background-image":"","background-repeat":"repeat","background-position":"center center","background-size":"auto","background-attachment":"scroll","background-type":"","background-media":"","overlay-type":"","overlay-color":"","overlay-opacity":"","overlay-gradient":""}},"footnotes":""},"class_list":["post-6898","page","type-page","status-publish","hentry"],"aioseo_notices":[],"_links":{"self":[{"href":"https:\/\/ninalynn.nl\/de\/wp-json\/wp\/v2\/pages\/6898","targetHints":{"allow":["GET"]}}],"collection":[{"href":"https:\/\/ninalynn.nl\/de\/wp-json\/wp\/v2\/pages"}],"about":[{"href":"https:\/\/ninalynn.nl\/de\/wp-json\/wp\/v2\/types\/page"}],"author":[{"embeddable":true,"href":"https:\/\/ninalynn.nl\/de\/wp-json\/wp\/v2\/users\/1"}],"replies":[{"embeddable":true,"href":"https:\/\/ninalynn.nl\/de\/wp-json\/wp\/v2\/comments?post=6898"}],"version-history":[{"count":4,"href":"https:\/\/ninalynn.nl\/de\/wp-json\/wp\/v2\/pages\/6898\/revisions"}],"predecessor-version":[{"id":6906,"href":"https:\/\/ninalynn.nl\/de\/wp-json\/wp\/v2\/pages\/6898\/revisions\/6906"}],"wp:attachment":[{"href":"https:\/\/ninalynn.nl\/de\/wp-json\/wp\/v2\/media?parent=6898"}],"curies":[{"name":"wp","href":"https:\/\/api.w.org\/{rel}","templated":true}]}}