{"id":6866,"date":"2023-08-05T14:56:51","date_gmt":"2023-08-05T13:56:51","guid":{"rendered":"https:\/\/ninalynn.nl\/?page_id=6866"},"modified":"2023-08-05T15:13:05","modified_gmt":"2023-08-05T14:13:05","slug":"each-woman","status":"publish","type":"page","link":"https:\/\/ninalynn.nl\/de\/each-woman\/","title":{"rendered":"Jede Frau"},"content":{"rendered":"<div data-elementor-type=\"wp-page\" data-elementor-id=\"6866\" class=\"elementor elementor-6866\" data-elementor-post-type=\"page\">\n\t\t\t\t\t\t<section class=\"elementor-section elementor-top-section elementor-element elementor-element-ae5c992 elementor-section-boxed elementor-section-height-default elementor-section-height-default\" data-id=\"ae5c992\" data-element_type=\"section\" data-e-type=\"section\">\n\t\t\t\t\t\t<div class=\"elementor-container elementor-column-gap-default\">\n\t\t\t\t\t<div class=\"elementor-column elementor-col-100 elementor-top-column elementor-element elementor-element-beb33fa\" data-id=\"beb33fa\" data-element_type=\"column\" data-e-type=\"column\">\n\t\t\t<div class=\"elementor-widget-wrap elementor-element-populated\">\n\t\t\t\t\t\t<div class=\"elementor-element elementor-element-ad7da08 elementor-widget elementor-widget-heading\" data-id=\"ad7da08\" data-element_type=\"widget\" data-e-type=\"widget\" data-widget_type=\"heading.default\">\n\t\t\t\t<div class=\"elementor-widget-container\">\n\t\t\t\t\t<h2 class=\"elementor-heading-title elementor-size-default\">Jede Frau<\/h2>\t\t\t\t<\/div>\n\t\t\t\t<\/div>\n\t\t\t\t\t<\/div>\n\t\t<\/div>\n\t\t\t\t\t<\/div>\n\t\t<\/section>\n\t\t\t\t<section class=\"elementor-section elementor-top-section elementor-element elementor-element-12325b0 elementor-section-boxed elementor-section-height-default elementor-section-height-default\" data-id=\"12325b0\" data-element_type=\"section\" data-e-type=\"section\">\n\t\t\t\t\t\t<div class=\"elementor-container elementor-column-gap-default\">\n\t\t\t\t\t<div class=\"elementor-column elementor-col-100 elementor-top-column elementor-element elementor-element-f2f1c09\" data-id=\"f2f1c09\" data-element_type=\"column\" data-e-type=\"column\">\n\t\t\t<div class=\"elementor-widget-wrap elementor-element-populated\">\n\t\t\t\t\t\t<div class=\"elementor-element elementor-element-c416f8b elementor-widget elementor-widget-text-editor\" data-id=\"c416f8b\" data-element_type=\"widget\" data-e-type=\"widget\" data-widget_type=\"text-editor.default\">\n\t\t\t\t<div class=\"elementor-widget-container\">\n\t\t\t\t\t\t\t\t\t<p style=\"text-align: center;\"><span style=\"font-weight: 400;\">Der Sommer ist vorbei<\/span><\/p><p style=\"text-align: center;\"><span style=\"font-weight: 400;\">Bl\u00e4tter, die fallen\u00a0<\/span><\/p><p style=\"text-align: center;\"><span style=\"font-weight: 400;\">Und die V\u00f6gel fliegen nach S\u00fcden<\/span><\/p><p style=\"text-align: center;\">\u00a0<\/p><p style=\"text-align: center;\"><span style=\"font-weight: 400;\">Was auch immer bleibt<\/span><\/p><p style=\"text-align: center;\"><span style=\"font-weight: 400;\">Verblasst<\/span><\/p><p style=\"text-align: center;\"><span style=\"font-weight: 400;\">Und dann stirbt sie<\/span><\/p><p style=\"text-align: center;\">\u00a0<\/p><p style=\"text-align: center;\"><span style=\"font-weight: 400;\">Du hast mich angerufen<\/span><\/p><p style=\"text-align: center;\"><span style=\"font-weight: 400;\">Sagte, du w\u00e4rst verloren<\/span><\/p><p style=\"text-align: center;\"><span style=\"font-weight: 400;\">Du hast dich selbst beobachtet\u00a0<\/span><\/p><p style=\"text-align: center;\">\u00a0<\/p><p style=\"text-align: center;\"><span style=\"font-weight: 400;\">Durch die Augen<\/span><\/p><p style=\"text-align: center;\"><span style=\"font-weight: 400;\">Oder jemand anderes<\/span><\/p><p style=\"text-align: center;\"><span style=\"font-weight: 400;\">Du verlierst im Leben<\/span><\/p><p style=\"text-align: center;\">\u00a0<\/p><p style=\"text-align: center;\"><span style=\"font-weight: 400;\">Es gibt einen Grund f\u00fcr dieses Gef\u00fchl, einen Zweck f\u00fcr alles<\/span><\/p><p style=\"text-align: center;\">\u00a0<\/p><p style=\"text-align: center;\"><span style=\"font-weight: 400;\">Jede Frau hat ihr eigenes Kreuz zu tragen<\/span><\/p><p style=\"text-align: center;\"><span style=\"font-weight: 400;\">Jedes M\u00e4dchen braucht seinen eigenen Schmerz, um zu wachsen<\/span><\/p><p style=\"text-align: center;\"><span style=\"font-weight: 400;\">Ich wei\u00df, es tut weh, aber du wirst es lernen<\/span><\/p><p style=\"text-align: center;\"><span style=\"font-weight: 400;\">Und das ist der Grund, Baby<\/span><\/p><p style=\"text-align: center;\"><span style=\"font-weight: 400;\">Jede Frau hat ihr eigenes Kreuz zu tragen<\/span><\/p><p style=\"text-align: center;\">\u00a0<\/p><p style=\"text-align: center;\"><span style=\"font-weight: 400;\">Denken Sie nicht an mich<\/span><\/p><p style=\"text-align: center;\"><span style=\"font-weight: 400;\">Als derjenige, der wei\u00df<\/span><\/p><p style=\"text-align: center;\"><span style=\"font-weight: 400;\">Ich bin durch den Schlamm gegangen<\/span><\/p><p style=\"text-align: center;\">\u00a0<\/p><p style=\"text-align: center;\"><span style=\"font-weight: 400;\">Du und ich\u00a0<\/span><\/p><p style=\"text-align: center;\"><span style=\"font-weight: 400;\">Wir sind uns einfach \u00e4hnlich\u00a0<\/span><\/p><p style=\"text-align: center;\"><span style=\"font-weight: 400;\">Wir sind verletzt worden<\/span><\/p><p style=\"text-align: center;\">\u00a0<\/p><p style=\"text-align: center;\"><span style=\"font-weight: 400;\">Aber es ist an der Zeit, sie anzunehmen, damit wir befreit werden.<\/span><\/p><p style=\"text-align: center;\">\u00a0<\/p><p style=\"text-align: center;\"><span style=\"font-weight: 400;\">Jede Frau hat ihr eigenes Kreuz zu tragen<\/span><\/p><p style=\"text-align: center;\"><span style=\"font-weight: 400;\">Jedes M\u00e4dchen braucht seinen eigenen Schmerz, um zu wachsen<\/span><\/p><p style=\"text-align: center;\"><span style=\"font-weight: 400;\">Ich wei\u00df, es tut weh, aber du wirst es lernen<\/span><\/p><p style=\"text-align: center;\"><span style=\"font-weight: 400;\">Und das ist der Grund, Baby<\/span><\/p><p style=\"text-align: center;\"><span style=\"font-weight: 400;\">Jede Frau hat ihr eigenes Kreuz zu tragen<\/span><\/p><p style=\"text-align: center;\">\u00a0<\/p><p style=\"text-align: center;\"><span style=\"font-weight: 400;\">Es ist die G\u00f6ttin des Fr\u00fchlings, die auch \u00fcber den Tod herrscht<\/span><\/p><p style=\"text-align: center;\"><span style=\"font-weight: 400;\">In jedem Atemzug steckt Leben und Tod<\/span><\/p><p style=\"text-align: center;\"><span style=\"font-weight: 400;\">Und wenn wir das durchschauen k\u00f6nnen<\/span><\/p><p style=\"text-align: center;\"><span style=\"font-weight: 400;\">Dann werden wir auch G\u00f6ttinnen sein\u00a0<\/span><\/p><p style=\"text-align: center;\">\u00a0<\/p><p style=\"text-align: center;\"><span style=\"font-weight: 400;\">Jede Frau hat ihr eigenes Kreuz zu tragen<\/span><\/p><p style=\"text-align: center;\"><span style=\"font-weight: 400;\">Jedes M\u00e4dchen braucht seinen eigenen Schmerz, um zu wachsen<\/span><\/p><p style=\"text-align: center;\"><span style=\"font-weight: 400;\">Ich wei\u00df, es tut weh, aber du wirst es lernen<\/span><\/p><p style=\"text-align: center;\"><span style=\"font-weight: 400;\">Und das ist der Grund, Baby<\/span><\/p><p style=\"text-align: center;\"><span style=\"font-weight: 400;\">Jede Frau hat ihr eigenes Kreuz zu tragen<\/span><\/p>\t\t\t\t\t\t\t\t<\/div>\n\t\t\t\t<\/div>\n\t\t\t\t\t<\/div>\n\t\t<\/div>\n\t\t\t\t\t<\/div>\n\t\t<\/section>\n\t\t\t\t<section class=\"elementor-section elementor-top-section elementor-element elementor-element-7777817 elementor-section-boxed elementor-section-height-default elementor-section-height-default\" data-id=\"7777817\" data-element_type=\"section\" data-e-type=\"section\">\n\t\t\t\t\t\t<div class=\"elementor-container elementor-column-gap-default\">\n\t\t\t\t\t<div class=\"elementor-column elementor-col-50 elementor-top-column elementor-element elementor-element-b804b41\" data-id=\"b804b41\" data-element_type=\"column\" data-e-type=\"column\">\n\t\t\t<div class=\"elementor-widget-wrap elementor-element-populated\">\n\t\t\t\t\t\t<div class=\"elementor-element elementor-element-1f160b4 elementor-align-center elementor-widget elementor-widget-button\" data-id=\"1f160b4\" data-element_type=\"widget\" data-e-type=\"widget\" data-widget_type=\"button.default\">\n\t\t\t\t<div class=\"elementor-widget-container\">\n\t\t\t\t\t\t\t\t\t<div class=\"elementor-button-wrapper\">\n\t\t\t\t\t<a class=\"elementor-button elementor-button-link elementor-size-sm\" href=\"https:\/\/ninalynn.nl\/de\/growing-pains\/\">\n\t\t\t\t\t\t<span class=\"elementor-button-content-wrapper\">\n\t\t\t\t\t\t\t\t\t<span class=\"elementor-button-text\">Vorherige<\/span>\n\t\t\t\t\t<\/span>\n\t\t\t\t\t<\/a>\n\t\t\t\t<\/div>\n\t\t\t\t\t\t\t\t<\/div>\n\t\t\t\t<\/div>\n\t\t\t\t\t<\/div>\n\t\t<\/div>\n\t\t\t\t<div class=\"elementor-column elementor-col-50 elementor-top-column elementor-element elementor-element-270b3cb\" data-id=\"270b3cb\" data-element_type=\"column\" data-e-type=\"column\">\n\t\t\t<div class=\"elementor-widget-wrap elementor-element-populated\">\n\t\t\t\t\t\t<div class=\"elementor-element elementor-element-fc9b84d elementor-align-center elementor-widget elementor-widget-button\" data-id=\"fc9b84d\" data-element_type=\"widget\" data-e-type=\"widget\" data-widget_type=\"button.default\">\n\t\t\t\t<div class=\"elementor-widget-container\">\n\t\t\t\t\t\t\t\t\t<div class=\"elementor-button-wrapper\">\n\t\t\t\t\t<a class=\"elementor-button elementor-button-link elementor-size-sm\" href=\"https:\/\/ninalynn.nl\/de\/wonder-in-her-eyes\/\">\n\t\t\t\t\t\t<span class=\"elementor-button-content-wrapper\">\n\t\t\t\t\t\t\t\t\t<span class=\"elementor-button-text\">Weiter<\/span>\n\t\t\t\t\t<\/span>\n\t\t\t\t\t<\/a>\n\t\t\t\t<\/div>\n\t\t\t\t\t\t\t\t<\/div>\n\t\t\t\t<\/div>\n\t\t\t\t\t<\/div>\n\t\t<\/div>\n\t\t\t\t\t<\/div>\n\t\t<\/section>\n\t\t\t\t<\/div>","protected":false},"excerpt":{"rendered":"<p>Each Woman Summer\u2019s gone Leaves they fall\u00a0 And the birds they fly South \u00a0 Whatever stays Fades away And then it dies \u00a0 You called me up Said you were lost You were watching yourself\u00a0 \u00a0 Through the eyes Of someone else You lose in life \u00a0 There\u2019s a reason for this feeling, a purpose [&hellip;]<\/p>\n","protected":false},"author":1,"featured_media":0,"parent":0,"menu_order":0,"comment_status":"closed","ping_status":"closed","template":"","meta":{"site-sidebar-layout":"default","site-content-layout":"","ast-site-content-layout":"default","site-content-style":"default","site-sidebar-style":"default","ast-global-header-display":"","ast-banner-title-visibility":"","ast-main-header-display":"","ast-hfb-above-header-display":"","ast-hfb-below-header-display":"","ast-hfb-mobile-header-display":"","site-post-title":"","ast-breadcrumbs-content":"","ast-featured-img":"","footer-sml-layout":"","ast-disable-related-posts":"","theme-transparent-header-meta":"","adv-header-id-meta":"","stick-header-meta":"","header-above-stick-meta":"","header-main-stick-meta":"","header-below-stick-meta":"","astra-migrate-meta-layouts":"default","ast-page-background-enabled":"default","ast-page-background-meta":{"desktop":{"background-color":"var(--ast-global-color-4)","background-image":"","background-repeat":"repeat","background-position":"center center","background-size":"auto","background-attachment":"scroll","background-type":"","background-media":"","overlay-type":"","overlay-color":"","overlay-opacity":"","overlay-gradient":""},"tablet":{"background-color":"","background-image":"","background-repeat":"repeat","background-position":"center center","background-size":"auto","background-attachment":"scroll","background-type":"","background-media":"","overlay-type":"","overlay-color":"","overlay-opacity":"","overlay-gradient":""},"mobile":{"background-color":"","background-image":"","background-repeat":"repeat","background-position":"center center","background-size":"auto","background-attachment":"scroll","background-type":"","background-media":"","overlay-type":"","overlay-color":"","overlay-opacity":"","overlay-gradient":""}},"ast-content-background-meta":{"desktop":{"background-color":"var(--ast-global-color-5)","background-image":"","background-repeat":"repeat","background-position":"center center","background-size":"auto","background-attachment":"scroll","background-type":"","background-media":"","overlay-type":"","overlay-color":"","overlay-opacity":"","overlay-gradient":""},"tablet":{"background-color":"var(--ast-global-color-5)","background-image":"","background-repeat":"repeat","background-position":"center center","background-size":"auto","background-attachment":"scroll","background-type":"","background-media":"","overlay-type":"","overlay-color":"","overlay-opacity":"","overlay-gradient":""},"mobile":{"background-color":"var(--ast-global-color-5)","background-image":"","background-repeat":"repeat","background-position":"center center","background-size":"auto","background-attachment":"scroll","background-type":"","background-media":"","overlay-type":"","overlay-color":"","overlay-opacity":"","overlay-gradient":""}},"footnotes":""},"class_list":["post-6866","page","type-page","status-publish","hentry"],"aioseo_notices":[],"_links":{"self":[{"href":"https:\/\/ninalynn.nl\/de\/wp-json\/wp\/v2\/pages\/6866","targetHints":{"allow":["GET"]}}],"collection":[{"href":"https:\/\/ninalynn.nl\/de\/wp-json\/wp\/v2\/pages"}],"about":[{"href":"https:\/\/ninalynn.nl\/de\/wp-json\/wp\/v2\/types\/page"}],"author":[{"embeddable":true,"href":"https:\/\/ninalynn.nl\/de\/wp-json\/wp\/v2\/users\/1"}],"replies":[{"embeddable":true,"href":"https:\/\/ninalynn.nl\/de\/wp-json\/wp\/v2\/comments?post=6866"}],"version-history":[{"count":4,"href":"https:\/\/ninalynn.nl\/de\/wp-json\/wp\/v2\/pages\/6866\/revisions"}],"predecessor-version":[{"id":6885,"href":"https:\/\/ninalynn.nl\/de\/wp-json\/wp\/v2\/pages\/6866\/revisions\/6885"}],"wp:attachment":[{"href":"https:\/\/ninalynn.nl\/de\/wp-json\/wp\/v2\/media?parent=6866"}],"curies":[{"name":"wp","href":"https:\/\/api.w.org\/{rel}","templated":true}]}}