{"id":6820,"date":"2023-08-05T14:33:18","date_gmt":"2023-08-05T13:33:18","guid":{"rendered":"https:\/\/ninalynn.nl\/?page_id=6820"},"modified":"2023-09-11T19:07:04","modified_gmt":"2023-09-11T18:07:04","slug":"a-taste-of-the-wild-lyrics","status":"publish","type":"page","link":"https:\/\/ninalynn.nl\/de\/a-taste-of-the-wild-lyrics\/","title":{"rendered":"A Taste Of The Wild - Songtext"},"content":{"rendered":"<div data-elementor-type=\"wp-page\" data-elementor-id=\"6820\" class=\"elementor elementor-6820\" data-elementor-post-type=\"page\">\n\t\t\t\t\t\t<section class=\"elementor-section elementor-top-section elementor-element elementor-element-46f2845 elementor-section-boxed elementor-section-height-default elementor-section-height-default\" data-id=\"46f2845\" data-element_type=\"section\" data-e-type=\"section\">\n\t\t\t\t\t\t<div class=\"elementor-container elementor-column-gap-default\">\n\t\t\t\t\t<div class=\"elementor-column elementor-col-100 elementor-top-column elementor-element elementor-element-79a5a1a\" data-id=\"79a5a1a\" data-element_type=\"column\" data-e-type=\"column\">\n\t\t\t<div class=\"elementor-widget-wrap elementor-element-populated\">\n\t\t\t\t\t\t<div class=\"elementor-element elementor-element-8f8857a elementor-widget elementor-widget-heading\" data-id=\"8f8857a\" data-element_type=\"widget\" data-e-type=\"widget\" data-widget_type=\"heading.default\">\n\t\t\t\t<div class=\"elementor-widget-container\">\n\t\t\t\t\t<h2 class=\"elementor-heading-title elementor-size-default\">Liedtext!<\/h2>\t\t\t\t<\/div>\n\t\t\t\t<\/div>\n\t\t\t\t\t<\/div>\n\t\t<\/div>\n\t\t\t\t\t<\/div>\n\t\t<\/section>\n\t\t\t\t<section class=\"elementor-section elementor-top-section elementor-element elementor-element-c8c77cd elementor-section-boxed elementor-section-height-default elementor-section-height-default\" data-id=\"c8c77cd\" data-element_type=\"section\" data-e-type=\"section\">\n\t\t\t\t\t\t<div class=\"elementor-container elementor-column-gap-default\">\n\t\t\t\t\t<div class=\"elementor-column elementor-col-100 elementor-top-column elementor-element elementor-element-aeddffd\" data-id=\"aeddffd\" data-element_type=\"column\" data-e-type=\"column\">\n\t\t\t<div class=\"elementor-widget-wrap elementor-element-populated\">\n\t\t\t\t\t\t<div class=\"elementor-element elementor-element-d8b37f3 elementor-widget elementor-widget-text-editor\" data-id=\"d8b37f3\" data-element_type=\"widget\" data-e-type=\"widget\" data-widget_type=\"text-editor.default\">\n\t\t\t\t<div class=\"elementor-widget-container\">\n\t\t\t\t\t\t\t\t\t<p style=\"text-align: center;\">Wenn Sie auf dieser Seite auf die Titel der Lieder klicken, werden Sie zum Text des jeweiligen Liedes weitergeleitet. Wenn Sie sich auf der Seite des Liedes selbst befinden, gibt es am unteren Rand der Seite Schaltfl\u00e4chen, mit denen Sie zum n\u00e4chsten oder vorherigen Lied wechseln k\u00f6nnen.\u00a0<\/p>\t\t\t\t\t\t\t\t<\/div>\n\t\t\t\t<\/div>\n\t\t\t\t\t<\/div>\n\t\t<\/div>\n\t\t\t\t\t<\/div>\n\t\t<\/section>\n\t\t\t\t<section class=\"elementor-section elementor-top-section elementor-element elementor-element-aa027f3 elementor-section-boxed elementor-section-height-default elementor-section-height-default\" data-id=\"aa027f3\" data-element_type=\"section\" data-e-type=\"section\">\n\t\t\t\t\t\t<div class=\"elementor-container elementor-column-gap-default\">\n\t\t\t\t\t<div class=\"elementor-column elementor-col-50 elementor-top-column elementor-element elementor-element-5d22c05\" data-id=\"5d22c05\" data-element_type=\"column\" data-e-type=\"column\">\n\t\t\t<div class=\"elementor-widget-wrap elementor-element-populated\">\n\t\t\t\t\t\t<div class=\"elementor-element elementor-element-fabc3a0 elementor-widget elementor-widget-image\" data-id=\"fabc3a0\" data-element_type=\"widget\" data-e-type=\"widget\" data-widget_type=\"image.default\">\n\t\t\t\t<div class=\"elementor-widget-container\">\n\t\t\t\t\t\t\t\t\t\t\t\t\t\t\t<img fetchpriority=\"high\" decoding=\"async\" width=\"1024\" height=\"920\" src=\"https:\/\/ninalynn.nl\/wp-content\/uploads\/2023\/02\/Cover-album-1-1024x920.jpg\" class=\"attachment-large size-large wp-image-6171\" alt=\"\" srcset=\"https:\/\/ninalynn.nl\/wp-content\/uploads\/2023\/02\/Cover-album-1-1024x920.jpg 1024w, https:\/\/ninalynn.nl\/wp-content\/uploads\/2023\/02\/Cover-album-1-scaled-600x539.jpg 600w, https:\/\/ninalynn.nl\/wp-content\/uploads\/2023\/02\/Cover-album-1-300x269.jpg 300w, https:\/\/ninalynn.nl\/wp-content\/uploads\/2023\/02\/Cover-album-1-768x690.jpg 768w, https:\/\/ninalynn.nl\/wp-content\/uploads\/2023\/02\/Cover-album-1-1536x1379.jpg 1536w, https:\/\/ninalynn.nl\/wp-content\/uploads\/2023\/02\/Cover-album-1-2048x1839.jpg 2048w, https:\/\/ninalynn.nl\/wp-content\/uploads\/2023\/02\/Cover-album-1-13x12.jpg 13w\" sizes=\"(max-width: 1024px) 100vw, 1024px\" \/>\t\t\t\t\t\t\t\t\t\t\t\t\t\t\t<\/div>\n\t\t\t\t<\/div>\n\t\t\t\t\t<\/div>\n\t\t<\/div>\n\t\t\t\t<div class=\"elementor-column elementor-col-50 elementor-top-column elementor-element elementor-element-a73bd84\" data-id=\"a73bd84\" data-element_type=\"column\" data-e-type=\"column\">\n\t\t\t<div class=\"elementor-widget-wrap elementor-element-populated\">\n\t\t\t\t\t\t<div class=\"elementor-element elementor-element-103befa elementor-widget elementor-widget-text-editor\" data-id=\"103befa\" data-element_type=\"widget\" data-e-type=\"widget\" data-widget_type=\"text-editor.default\">\n\t\t\t\t<div class=\"elementor-widget-container\">\n\t\t\t\t\t\t\t\t\t<ol><li><a href=\"https:\/\/ninalynn.nl\/de\/glistening\/\">Glitzernde<\/a><\/li><li><a href=\"https:\/\/ninalynn.nl\/de\/the-wolf\/\">Der Wolf<\/a><\/li><li><a href=\"https:\/\/ninalynn.nl\/de\/if-you-were-an-ocean\/\">Wenn du ein Ozean w\u00e4rst<\/a><\/li><li><a href=\"https:\/\/ninalynn.nl\/de\/a-taste-of-the-wild-2\/\">Ein Geschmack der Wildnis<\/a><\/li><li><a href=\"https:\/\/ninalynn.nl\/de\/barefoot\/\">Barfu\u00df<\/a><\/li><li><a href=\"https:\/\/ninalynn.nl\/de\/each-woman\/\">Wachsende Schmerzen<\/a><\/li><li><a href=\"https:\/\/ninalynn.nl\/de\/each-woman\/\">Jede Frau<\/a><\/li><li><a href=\"https:\/\/ninalynn.nl\/de\/wonder-in-her-eyes\/\">Wunder in ihren Augen<\/a><\/li><li><a href=\"https:\/\/ninalynn.nl\/de\/from-the-bones\/\">Aus den Gebeinen<\/a><\/li><li><a href=\"https:\/\/ninalynn.nl\/de\/lilith\/\">Lilith<\/a><\/li><li><a href=\"https:\/\/ninalynn.nl\/de\/let-it-grow\/\">Lass es wachsen<\/a><\/li><li><a href=\"https:\/\/ninalynn.nl\/de\/harvest-moon\/\">Erntemond<\/a><\/li><li><a href=\"https:\/\/ninalynn.nl\/de\/outro\/\">Outro<\/a><\/li><\/ol>\t\t\t\t\t\t\t\t<\/div>\n\t\t\t\t<\/div>\n\t\t\t\t\t<\/div>\n\t\t<\/div>\n\t\t\t\t\t<\/div>\n\t\t<\/section>\n\t\t\t\t<\/div>","protected":false},"excerpt":{"rendered":"<p>Songteksten! Op deze pagina kun je, door op de titels van de liedjes te klikken, worden doorverwezen naar de songtekst van het liedje. Wanneer je op de pagina van het liedje zelf bent, staan onderaan de pagina knoppen waarmee je naar het volgende of vorige liedje toe kunt gaan.\u00a0 Glistening The Wolf If You Were [&hellip;]<\/p>\n","protected":false},"author":1,"featured_media":0,"parent":0,"menu_order":0,"comment_status":"closed","ping_status":"closed","template":"elementor_header_footer","meta":{"site-sidebar-layout":"default","site-content-layout":"","ast-site-content-layout":"default","site-content-style":"default","site-sidebar-style":"default","ast-global-header-display":"","ast-banner-title-visibility":"","ast-main-header-display":"","ast-hfb-above-header-display":"","ast-hfb-below-header-display":"","ast-hfb-mobile-header-display":"","site-post-title":"","ast-breadcrumbs-content":"","ast-featured-img":"","footer-sml-layout":"","ast-disable-related-posts":"","theme-transparent-header-meta":"","adv-header-id-meta":"","stick-header-meta":"","header-above-stick-meta":"","header-main-stick-meta":"","header-below-stick-meta":"","astra-migrate-meta-layouts":"default","ast-page-background-enabled":"default","ast-page-background-meta":{"desktop":{"background-color":"var(--ast-global-color-4)","background-image":"","background-repeat":"repeat","background-position":"center center","background-size":"auto","background-attachment":"scroll","background-type":"","background-media":"","overlay-type":"","overlay-color":"","overlay-opacity":"","overlay-gradient":""},"tablet":{"background-color":"","background-image":"","background-repeat":"repeat","background-position":"center center","background-size":"auto","background-attachment":"scroll","background-type":"","background-media":"","overlay-type":"","overlay-color":"","overlay-opacity":"","overlay-gradient":""},"mobile":{"background-color":"","background-image":"","background-repeat":"repeat","background-position":"center center","background-size":"auto","background-attachment":"scroll","background-type":"","background-media":"","overlay-type":"","overlay-color":"","overlay-opacity":"","overlay-gradient":""}},"ast-content-background-meta":{"desktop":{"background-color":"var(--ast-global-color-5)","background-image":"","background-repeat":"repeat","background-position":"center center","background-size":"auto","background-attachment":"scroll","background-type":"","background-media":"","overlay-type":"","overlay-color":"","overlay-opacity":"","overlay-gradient":""},"tablet":{"background-color":"var(--ast-global-color-5)","background-image":"","background-repeat":"repeat","background-position":"center center","background-size":"auto","background-attachment":"scroll","background-type":"","background-media":"","overlay-type":"","overlay-color":"","overlay-opacity":"","overlay-gradient":""},"mobile":{"background-color":"var(--ast-global-color-5)","background-image":"","background-repeat":"repeat","background-position":"center center","background-size":"auto","background-attachment":"scroll","background-type":"","background-media":"","overlay-type":"","overlay-color":"","overlay-opacity":"","overlay-gradient":""}},"footnotes":""},"class_list":["post-6820","page","type-page","status-publish","hentry"],"aioseo_notices":[],"_links":{"self":[{"href":"https:\/\/ninalynn.nl\/de\/wp-json\/wp\/v2\/pages\/6820","targetHints":{"allow":["GET"]}}],"collection":[{"href":"https:\/\/ninalynn.nl\/de\/wp-json\/wp\/v2\/pages"}],"about":[{"href":"https:\/\/ninalynn.nl\/de\/wp-json\/wp\/v2\/types\/page"}],"author":[{"embeddable":true,"href":"https:\/\/ninalynn.nl\/de\/wp-json\/wp\/v2\/users\/1"}],"replies":[{"embeddable":true,"href":"https:\/\/ninalynn.nl\/de\/wp-json\/wp\/v2\/comments?post=6820"}],"version-history":[{"count":13,"href":"https:\/\/ninalynn.nl\/de\/wp-json\/wp\/v2\/pages\/6820\/revisions"}],"predecessor-version":[{"id":7222,"href":"https:\/\/ninalynn.nl\/de\/wp-json\/wp\/v2\/pages\/6820\/revisions\/7222"}],"wp:attachment":[{"href":"https:\/\/ninalynn.nl\/de\/wp-json\/wp\/v2\/media?parent=6820"}],"curies":[{"name":"wp","href":"https:\/\/api.w.org\/{rel}","templated":true}]}}