{"id":6645,"date":"2023-05-11T09:45:51","date_gmt":"2023-05-11T08:45:51","guid":{"rendered":"https:\/\/ninalynn.nl\/?page_id=6645"},"modified":"2023-09-11T19:03:43","modified_gmt":"2023-09-11T18:03:43","slug":"a-taste-of-the-wild","status":"publish","type":"page","link":"https:\/\/ninalynn.nl\/de\/a-taste-of-the-wild\/","title":{"rendered":"Ein Geschmack der Wildnis"},"content":{"rendered":"<div data-elementor-type=\"wp-page\" data-elementor-id=\"6645\" class=\"elementor elementor-6645\" data-elementor-post-type=\"page\">\n\t\t\t\t\t\t<section class=\"elementor-section elementor-top-section elementor-element elementor-element-fc2b3a6 elementor-section-boxed elementor-section-height-default elementor-section-height-default\" data-id=\"fc2b3a6\" data-element_type=\"section\" data-e-type=\"section\">\n\t\t\t\t\t\t<div class=\"elementor-container elementor-column-gap-default\">\n\t\t\t\t\t<div class=\"elementor-column elementor-col-100 elementor-top-column elementor-element elementor-element-4fc63b4\" data-id=\"4fc63b4\" data-element_type=\"column\" data-e-type=\"column\">\n\t\t\t<div class=\"elementor-widget-wrap elementor-element-populated\">\n\t\t\t\t\t\t<div class=\"elementor-element elementor-element-9336a92 elementor-widget elementor-widget-image\" data-id=\"9336a92\" data-element_type=\"widget\" data-e-type=\"widget\" data-widget_type=\"image.default\">\n\t\t\t\t<div class=\"elementor-widget-container\">\n\t\t\t\t\t\t\t\t\t\t\t\t\t\t\t<img fetchpriority=\"high\" decoding=\"async\" width=\"1024\" height=\"137\" src=\"https:\/\/ninalynn.nl\/wp-content\/uploads\/2023\/05\/Titel-taste-of-the-wild-zwart-1024x137.png\" class=\"attachment-large size-large wp-image-6647\" alt=\"\" srcset=\"https:\/\/ninalynn.nl\/wp-content\/uploads\/2023\/05\/Titel-taste-of-the-wild-zwart-1024x137.png.webp 1024w, https:\/\/ninalynn.nl\/wp-content\/uploads\/2023\/05\/Titel-taste-of-the-wild-zwart-600x80.png.webp 600w, https:\/\/ninalynn.nl\/wp-content\/uploads\/2023\/05\/Titel-taste-of-the-wild-zwart-300x40.png.webp 300w, https:\/\/ninalynn.nl\/wp-content\/uploads\/2023\/05\/Titel-taste-of-the-wild-zwart-768x103.png.webp 768w, https:\/\/ninalynn.nl\/wp-content\/uploads\/2023\/05\/Titel-taste-of-the-wild-zwart-1536x206.png.webp 1536w, https:\/\/ninalynn.nl\/wp-content\/uploads\/2023\/05\/Titel-taste-of-the-wild-zwart-2048x274.png.webp 2048w, https:\/\/ninalynn.nl\/wp-content\/uploads\/2023\/05\/Titel-taste-of-the-wild-zwart-18x2.png 18w\" sizes=\"(max-width: 1024px) 100vw, 1024px\" \/>\t\t\t\t\t\t\t\t\t\t\t\t\t\t\t<\/div>\n\t\t\t\t<\/div>\n\t\t\t\t\t<\/div>\n\t\t<\/div>\n\t\t\t\t\t<\/div>\n\t\t<\/section>\n\t\t\t\t<section class=\"elementor-section elementor-top-section elementor-element elementor-element-dadce9c elementor-section-boxed elementor-section-height-default elementor-section-height-default\" data-id=\"dadce9c\" data-element_type=\"section\" data-e-type=\"section\">\n\t\t\t\t\t\t<div class=\"elementor-container elementor-column-gap-default\">\n\t\t\t\t\t<div class=\"elementor-column elementor-col-100 elementor-top-column elementor-element elementor-element-b5a89f5\" data-id=\"b5a89f5\" data-element_type=\"column\" data-e-type=\"column\">\n\t\t\t<div class=\"elementor-widget-wrap elementor-element-populated\">\n\t\t\t\t\t\t<div class=\"elementor-element elementor-element-aa86054 elementor-widget elementor-widget-text-editor\" data-id=\"aa86054\" data-element_type=\"widget\" data-e-type=\"widget\" data-widget_type=\"text-editor.default\">\n\t\t\t\t<div class=\"elementor-widget-container\">\n\t\t\t\t\t\t\t\t\t<p><span style=\"font-weight: 400;\">Nach einem \u00e4u\u00dferst erfolgreichen Deb\u00fctalbum meldet sich NinaLynn mit beeindruckender neuer Musik zur\u00fcck. Das erste Album schoss direkt auf Platz 1 der Euro Americana Charts und \u00f6ffnete die T\u00fcren zu einigen hochkar\u00e4tigen Americana-Festivals. Nur zwei Jahre nach der Ver\u00f6ffentlichung von \"Hummingbird\" kommt im M\u00e4rz 2023 ein neues Album auf den Markt.\u00a0<\/span><\/p><p><span style=\"font-weight: 400;\">Mit A Taste Of The Wild zeigt die NinaLynn-Band eine bemerkenswerte Vielseitigkeit in ihren musikalischen F\u00e4higkeiten und ein deutliches Wachstum gegen\u00fcber ihrem Deb\u00fctalbum Hummingbird. A Taste Of The Wild ist dem Namen nach ein Americana-Album, aber es testet wirklich die Grenzen dessen aus, was das Genre beinhaltet. Das Album besteht aus 13 Originaltiteln, die von Nina geschrieben wurden und von denen einige gemeinsam mit den Bandmitgliedern Janos Koolen, Lucas Beukers und Arthur Bont sowie dem niederl\u00e4ndischen Singer-Songwriter G\u00e9 Reinders geschrieben wurden. Gastauftritte von Fay Lovsky und Onno Kuipers (Louisiana Radio) sind das Sahneh\u00e4ubchen auf diesem sch\u00f6nen Album: Die Synergie zwischen dem Produzenten und Multiinstrumentalisten Janos Koolen, Nina und den Bandmitgliedern hat zu ihrem bisher besten Werk gef\u00fchrt.<\/span><\/p><p><span style=\"font-weight: 400;\">Das Album ist nicht nur musikalisch ein Fortschritt gegen\u00fcber Hummingbird, sondern geht auch inhaltlich in die Tiefe. Es gibt drei Hauptthemen in A Taste Of The Wild: Emotionen in all ihren Formen und Auspr\u00e4gungen, die Beziehung zwischen Mensch und Natur und die Weiblichkeit. Das Album erz\u00e4hlt von Anfang bis Ende eine Geschichte: Die Art und Weise, wie die Musik Klang und Inhalt miteinander verbindet, ist ein echtes Erlebnis.<\/span><\/p>\t\t\t\t\t\t\t\t<\/div>\n\t\t\t\t<\/div>\n\t\t\t\t\t<\/div>\n\t\t<\/div>\n\t\t\t\t\t<\/div>\n\t\t<\/section>\n\t\t\t\t<section class=\"elementor-section elementor-top-section elementor-element elementor-element-f26ff9a elementor-section-boxed elementor-section-height-default elementor-section-height-default\" data-id=\"f26ff9a\" data-element_type=\"section\" data-e-type=\"section\">\n\t\t\t\t\t\t<div class=\"elementor-container elementor-column-gap-default\">\n\t\t\t\t\t<div class=\"elementor-column elementor-col-33 elementor-top-column elementor-element elementor-element-0c2466a\" data-id=\"0c2466a\" data-element_type=\"column\" data-e-type=\"column\">\n\t\t\t<div class=\"elementor-widget-wrap elementor-element-populated\">\n\t\t\t\t\t\t<div class=\"elementor-element elementor-element-c3f3900 elementor-widget elementor-widget-video\" data-id=\"c3f3900\" data-element_type=\"widget\" data-e-type=\"widget\" data-settings=\"{&quot;youtube_url&quot;:&quot;https:\\\/\\\/youtu.be\\\/gi91Olz6Arw&quot;,&quot;video_type&quot;:&quot;youtube&quot;,&quot;controls&quot;:&quot;yes&quot;}\" data-widget_type=\"video.default\">\n\t\t\t\t<div class=\"elementor-widget-container\">\n\t\t\t\t\t\t\t<div class=\"elementor-wrapper elementor-open-inline\">\n\t\t\t<div class=\"elementor-video\"><\/div>\t\t<\/div>\n\t\t\t\t\t\t<\/div>\n\t\t\t\t<\/div>\n\t\t\t\t\t<\/div>\n\t\t<\/div>\n\t\t\t\t<div class=\"elementor-column elementor-col-33 elementor-top-column elementor-element elementor-element-51ee23f\" data-id=\"51ee23f\" data-element_type=\"column\" data-e-type=\"column\">\n\t\t\t<div class=\"elementor-widget-wrap elementor-element-populated\">\n\t\t\t\t\t\t<div class=\"elementor-element elementor-element-978ae19 elementor-widget elementor-widget-video\" data-id=\"978ae19\" data-element_type=\"widget\" data-e-type=\"widget\" data-settings=\"{&quot;youtube_url&quot;:&quot;https:\\\/\\\/youtu.be\\\/eAeR3aWLB9I&quot;,&quot;video_type&quot;:&quot;youtube&quot;,&quot;controls&quot;:&quot;yes&quot;}\" data-widget_type=\"video.default\">\n\t\t\t\t<div class=\"elementor-widget-container\">\n\t\t\t\t\t\t\t<div class=\"elementor-wrapper elementor-open-inline\">\n\t\t\t<div class=\"elementor-video\"><\/div>\t\t<\/div>\n\t\t\t\t\t\t<\/div>\n\t\t\t\t<\/div>\n\t\t\t\t\t<\/div>\n\t\t<\/div>\n\t\t\t\t<div class=\"elementor-column elementor-col-33 elementor-top-column elementor-element elementor-element-e51e3ab\" data-id=\"e51e3ab\" data-element_type=\"column\" data-e-type=\"column\">\n\t\t\t<div class=\"elementor-widget-wrap elementor-element-populated\">\n\t\t\t\t\t\t<div class=\"elementor-element elementor-element-fda9d1d elementor-widget elementor-widget-video\" data-id=\"fda9d1d\" data-element_type=\"widget\" data-e-type=\"widget\" data-settings=\"{&quot;youtube_url&quot;:&quot;https:\\\/\\\/www.youtube.com\\\/watch?v=o_dw5dIzzVU&quot;,&quot;video_type&quot;:&quot;youtube&quot;,&quot;controls&quot;:&quot;yes&quot;}\" data-widget_type=\"video.default\">\n\t\t\t\t<div class=\"elementor-widget-container\">\n\t\t\t\t\t\t\t<div class=\"elementor-wrapper elementor-open-inline\">\n\t\t\t<div class=\"elementor-video\"><\/div>\t\t<\/div>\n\t\t\t\t\t\t<\/div>\n\t\t\t\t<\/div>\n\t\t\t\t\t<\/div>\n\t\t<\/div>\n\t\t\t\t\t<\/div>\n\t\t<\/section>\n\t\t\t\t<section class=\"elementor-section elementor-top-section elementor-element elementor-element-ef4fb2a elementor-section-boxed elementor-section-height-default elementor-section-height-default\" data-id=\"ef4fb2a\" data-element_type=\"section\" data-e-type=\"section\">\n\t\t\t\t\t\t<div class=\"elementor-container elementor-column-gap-default\">\n\t\t\t\t\t<div class=\"elementor-column elementor-col-100 elementor-top-column elementor-element elementor-element-9590f71\" data-id=\"9590f71\" data-element_type=\"column\" data-e-type=\"column\">\n\t\t\t<div class=\"elementor-widget-wrap elementor-element-populated\">\n\t\t\t\t\t\t<div class=\"elementor-element elementor-element-34e2a85 elementor-widget elementor-widget-image\" data-id=\"34e2a85\" data-element_type=\"widget\" data-e-type=\"widget\" data-widget_type=\"image.default\">\n\t\t\t\t<div class=\"elementor-widget-container\">\n\t\t\t\t\t\t\t\t\t\t\t\t\t\t\t<img decoding=\"async\" width=\"1024\" height=\"920\" src=\"https:\/\/ninalynn.nl\/wp-content\/uploads\/2023\/02\/Cover-album-1-1024x920.jpg\" class=\"attachment-large size-large wp-image-6171\" alt=\"\" srcset=\"https:\/\/ninalynn.nl\/wp-content\/uploads\/2023\/02\/Cover-album-1-1024x920.jpg.webp 1024w, https:\/\/ninalynn.nl\/wp-content\/uploads\/2023\/02\/Cover-album-1-scaled-600x539.jpg 600w, https:\/\/ninalynn.nl\/wp-content\/uploads\/2023\/02\/Cover-album-1-300x269.jpg.webp 300w, https:\/\/ninalynn.nl\/wp-content\/uploads\/2023\/02\/Cover-album-1-768x690.jpg.webp 768w, https:\/\/ninalynn.nl\/wp-content\/uploads\/2023\/02\/Cover-album-1-1536x1379.jpg.webp 1536w, https:\/\/ninalynn.nl\/wp-content\/uploads\/2023\/02\/Cover-album-1-2048x1839.jpg.webp 2048w, https:\/\/ninalynn.nl\/wp-content\/uploads\/2023\/02\/Cover-album-1-13x12.jpg.webp 13w\" sizes=\"(max-width: 1024px) 100vw, 1024px\" \/>\t\t\t\t\t\t\t\t\t\t\t\t\t\t\t<\/div>\n\t\t\t\t<\/div>\n\t\t\t\t\t<\/div>\n\t\t<\/div>\n\t\t\t\t\t<\/div>\n\t\t<\/section>\n\t\t\t\t<\/div>","protected":false},"excerpt":{"rendered":"<p>After an extremely successful debut album, NinaLynn returns with impressive new music. The first album shot straight to number 1 in the Euro Americana Chart and opened the doors to some top notch Americana festivals. Only two years since the release of Hummingbird, there\u2019s a new album due in March 2023.\u00a0 With A Taste Of [&hellip;]<\/p>\n","protected":false},"author":1,"featured_media":0,"parent":0,"menu_order":0,"comment_status":"closed","ping_status":"closed","template":"elementor_header_footer","meta":{"site-sidebar-layout":"default","site-content-layout":"","ast-site-content-layout":"default","site-content-style":"default","site-sidebar-style":"default","ast-global-header-display":"","ast-banner-title-visibility":"","ast-main-header-display":"","ast-hfb-above-header-display":"","ast-hfb-below-header-display":"","ast-hfb-mobile-header-display":"","site-post-title":"","ast-breadcrumbs-content":"","ast-featured-img":"","footer-sml-layout":"","ast-disable-related-posts":"","theme-transparent-header-meta":"","adv-header-id-meta":"","stick-header-meta":"","header-above-stick-meta":"","header-main-stick-meta":"","header-below-stick-meta":"","astra-migrate-meta-layouts":"default","ast-page-background-enabled":"default","ast-page-background-meta":{"desktop":{"background-color":"var(--ast-global-color-4)","background-image":"","background-repeat":"repeat","background-position":"center center","background-size":"auto","background-attachment":"scroll","background-type":"","background-media":"","overlay-type":"","overlay-color":"","overlay-opacity":"","overlay-gradient":""},"tablet":{"background-color":"","background-image":"","background-repeat":"repeat","background-position":"center center","background-size":"auto","background-attachment":"scroll","background-type":"","background-media":"","overlay-type":"","overlay-color":"","overlay-opacity":"","overlay-gradient":""},"mobile":{"background-color":"","background-image":"","background-repeat":"repeat","background-position":"center center","background-size":"auto","background-attachment":"scroll","background-type":"","background-media":"","overlay-type":"","overlay-color":"","overlay-opacity":"","overlay-gradient":""}},"ast-content-background-meta":{"desktop":{"background-color":"var(--ast-global-color-5)","background-image":"","background-repeat":"repeat","background-position":"center center","background-size":"auto","background-attachment":"scroll","background-type":"","background-media":"","overlay-type":"","overlay-color":"","overlay-opacity":"","overlay-gradient":""},"tablet":{"background-color":"var(--ast-global-color-5)","background-image":"","background-repeat":"repeat","background-position":"center center","background-size":"auto","background-attachment":"scroll","background-type":"","background-media":"","overlay-type":"","overlay-color":"","overlay-opacity":"","overlay-gradient":""},"mobile":{"background-color":"var(--ast-global-color-5)","background-image":"","background-repeat":"repeat","background-position":"center center","background-size":"auto","background-attachment":"scroll","background-type":"","background-media":"","overlay-type":"","overlay-color":"","overlay-opacity":"","overlay-gradient":""}},"footnotes":""},"class_list":["post-6645","page","type-page","status-publish","hentry"],"aioseo_notices":[],"_links":{"self":[{"href":"https:\/\/ninalynn.nl\/de\/wp-json\/wp\/v2\/pages\/6645","targetHints":{"allow":["GET"]}}],"collection":[{"href":"https:\/\/ninalynn.nl\/de\/wp-json\/wp\/v2\/pages"}],"about":[{"href":"https:\/\/ninalynn.nl\/de\/wp-json\/wp\/v2\/types\/page"}],"author":[{"embeddable":true,"href":"https:\/\/ninalynn.nl\/de\/wp-json\/wp\/v2\/users\/1"}],"replies":[{"embeddable":true,"href":"https:\/\/ninalynn.nl\/de\/wp-json\/wp\/v2\/comments?post=6645"}],"version-history":[{"count":9,"href":"https:\/\/ninalynn.nl\/de\/wp-json\/wp\/v2\/pages\/6645\/revisions"}],"predecessor-version":[{"id":7218,"href":"https:\/\/ninalynn.nl\/de\/wp-json\/wp\/v2\/pages\/6645\/revisions\/7218"}],"wp:attachment":[{"href":"https:\/\/ninalynn.nl\/de\/wp-json\/wp\/v2\/media?parent=6645"}],"curies":[{"name":"wp","href":"https:\/\/api.w.org\/{rel}","templated":true}]}}