{"id":658,"date":"2020-12-31T00:37:22","date_gmt":"2020-12-31T00:37:22","guid":{"rendered":"https:\/\/ninalynn.nl\/?page_id=658"},"modified":"2020-12-31T00:37:22","modified_gmt":"2020-12-31T00:37:22","slug":"cookie-policy","status":"publish","type":"page","link":"https:\/\/ninalynn.nl\/de\/cookie-policy\/","title":{"rendered":"Cookie-Politik"},"content":{"rendered":"<div class=\"cli_pg_page_contaner\">\n<h3>\u00dcber diese Website<\/h3>\n<div>Diese Website wird von NinaLynn betrieben. Wenn Sie die Website von NinaLynn und die dort angebotenen Produkte und Dienstleistungen nutzen, hinterlassen Sie Informationen bei uns. Dar\u00fcber hinaus hinterl\u00e4sst die Website einige Arten von Cookies auf Ihrem Computer. Diese werden verwendet, damit die Website auf Ihrem Ger\u00e4t besser funktioniert. Im Folgenden k\u00f6nnen Sie nachlesen, welche Informationen NinaLynn m\u00f6glicherweise sammelt, warum wir dies tun und was wir mit diesen Informationen tun k\u00f6nnen. Sie k\u00f6nnen auch nachlesen, welche Cookies wir verwenden und warum. Diese Erkl\u00e4rung gilt f\u00fcr unsere gesamte Website: Sie gilt also f\u00fcr Besucher, aber auch, wenn Sie sich zum Beispiel f\u00fcr einen Newsletter anmelden.&nbsp;<\/div>\n<h3>\u00dcber Cookies<\/h3>\n<div>Damit diese Website besser und schneller funktioniert und auf Ihre Pr\u00e4ferenzen zugeschnitten werden kann, werden bestimmte Daten \u00fcber Ihre Nutzung dieser Website gesammelt. Diese Informationen k\u00f6nnen mit Hilfe von sogenannten \"Cookies\" gesammelt werden. Dabei handelt es sich um kleine Textdateien, die von der besuchten Webseite automatisch auf Ihrem Computer abgelegt werden. Sie k\u00f6nnen die Verwendung von \"Cookies\" in den Einstellungen Ihres Browsers deaktivieren. Dies hat jedoch zur Folge, dass diese Website weniger effektiv funktioniert. Auch Dritte k\u00f6nnen Cookies platzieren und das Internetverhalten nachverfolgen, wie dies z. B. bei eingebetteten Videos von YouTube der Fall ist.&nbsp;<\/div>\n<h3>Wie kommen wir an Ihre Daten?<\/h3>\n<div>Wenn Sie die Website von NinaLynn nutzen, hinterlassen Sie uns manchmal pers\u00f6nliche Informationen. Sie tun dies auf folgende Weise: Navigation auf der Website; Ausf\u00fcllen von Formularen; Anmeldung f\u00fcr einen Newsletter; Kauf von Waren.<\/div>\n<h3>Was machen wir mit Ihren Daten?<\/h3>\n<div>NinaLynn speichert und verarbeitet Ihre Daten f\u00fcr die folgenden Zwecke: Sammlung und Analyse von Statistiken zur Optimierung der Website; Lieferung der Produkte und Dienstleistungen, die Sie bei uns kaufen; Zahlungsabwicklung; Aufbau einer Kontakthistorie; Versand von Newslettern, wenn Sie Ihre Zustimmung gegeben haben; Kontaktaufnahme mit Ihnen auf Facebook (wenn Sie zugestimmt haben) und um genauere Messungen und Berichte zu erhalten.&nbsp;<\/div>\n<h3>Wie sichern wir Ihre Daten?<\/h3>\n<div>Ihre Daten werden sicher gespeichert und \u00fcbertragen. Jeder, der nichts mit Ihren Daten zu tun hat, kann nicht auf sie zugreifen. NinaLynn verpflichtet sich, Ihre Daten unter Verwendung der neuesten Sicherheitstechniken und Verschl\u00fcsselungsmethoden zu speichern und zu \u00fcbermitteln. NinaLynn behandelt pers\u00f6nliche Daten vertraulich. Wir werden Ihre Informationen niemals an andere Parteien verkaufen.&nbsp;<\/div>\n<\/div>","protected":false},"excerpt":{"rendered":"<p>Over deze Website Deze website wordt beheerd door NinaLynn.&nbsp;Als je gebruik maakt van de website van NinaLynn en de producten en diensten die daarop te vinden zijn, dan laat je gegevens bij ons achter. Bovendien laat de website een aantal soorten cookies op je computer achter. Die worden gebruikt om de website beter te laten [&hellip;]<\/p>\n","protected":false},"author":1,"featured_media":0,"parent":0,"menu_order":0,"comment_status":"closed","ping_status":"closed","template":"","meta":{"site-sidebar-layout":"default","site-content-layout":"","ast-site-content-layout":"default","site-content-style":"default","site-sidebar-style":"default","ast-global-header-display":"","ast-banner-title-visibility":"","ast-main-header-display":"","ast-hfb-above-header-display":"","ast-hfb-below-header-display":"","ast-hfb-mobile-header-display":"","site-post-title":"","ast-breadcrumbs-content":"","ast-featured-img":"","footer-sml-layout":"","ast-disable-related-posts":"","theme-transparent-header-meta":"","adv-header-id-meta":"","stick-header-meta":"","header-above-stick-meta":"","header-main-stick-meta":"","header-below-stick-meta":"","astra-migrate-meta-layouts":"default","ast-page-background-enabled":"default","ast-page-background-meta":{"desktop":{"background-color":"var(--ast-global-color-4)","background-image":"","background-repeat":"repeat","background-position":"center center","background-size":"auto","background-attachment":"scroll","background-type":"","background-media":"","overlay-type":"","overlay-color":"","overlay-opacity":"","overlay-gradient":""},"tablet":{"background-color":"","background-image":"","background-repeat":"repeat","background-position":"center center","background-size":"auto","background-attachment":"scroll","background-type":"","background-media":"","overlay-type":"","overlay-color":"","overlay-opacity":"","overlay-gradient":""},"mobile":{"background-color":"","background-image":"","background-repeat":"repeat","background-position":"center center","background-size":"auto","background-attachment":"scroll","background-type":"","background-media":"","overlay-type":"","overlay-color":"","overlay-opacity":"","overlay-gradient":""}},"ast-content-background-meta":{"desktop":{"background-color":"var(--ast-global-color-5)","background-image":"","background-repeat":"repeat","background-position":"center center","background-size":"auto","background-attachment":"scroll","background-type":"","background-media":"","overlay-type":"","overlay-color":"","overlay-opacity":"","overlay-gradient":""},"tablet":{"background-color":"var(--ast-global-color-5)","background-image":"","background-repeat":"repeat","background-position":"center center","background-size":"auto","background-attachment":"scroll","background-type":"","background-media":"","overlay-type":"","overlay-color":"","overlay-opacity":"","overlay-gradient":""},"mobile":{"background-color":"var(--ast-global-color-5)","background-image":"","background-repeat":"repeat","background-position":"center center","background-size":"auto","background-attachment":"scroll","background-type":"","background-media":"","overlay-type":"","overlay-color":"","overlay-opacity":"","overlay-gradient":""}},"footnotes":""},"class_list":["post-658","page","type-page","status-publish","hentry"],"aioseo_notices":[],"_links":{"self":[{"href":"https:\/\/ninalynn.nl\/de\/wp-json\/wp\/v2\/pages\/658","targetHints":{"allow":["GET"]}}],"collection":[{"href":"https:\/\/ninalynn.nl\/de\/wp-json\/wp\/v2\/pages"}],"about":[{"href":"https:\/\/ninalynn.nl\/de\/wp-json\/wp\/v2\/types\/page"}],"author":[{"embeddable":true,"href":"https:\/\/ninalynn.nl\/de\/wp-json\/wp\/v2\/users\/1"}],"replies":[{"embeddable":true,"href":"https:\/\/ninalynn.nl\/de\/wp-json\/wp\/v2\/comments?post=658"}],"version-history":[{"count":0,"href":"https:\/\/ninalynn.nl\/de\/wp-json\/wp\/v2\/pages\/658\/revisions"}],"wp:attachment":[{"href":"https:\/\/ninalynn.nl\/de\/wp-json\/wp\/v2\/media?parent=658"}],"curies":[{"name":"wp","href":"https:\/\/api.w.org\/{rel}","templated":true}]}}