{"id":5355,"date":"2022-11-27T13:05:37","date_gmt":"2022-11-27T12:05:37","guid":{"rendered":"https:\/\/ninalynn.nl\/?page_id=5355"},"modified":"2026-02-17T15:13:23","modified_gmt":"2026-02-17T14:13:23","slug":"zangles","status":"publish","type":"page","link":"https:\/\/ninalynn.nl\/de\/zangles\/","title":{"rendered":"Gesangsunterricht"},"content":{"rendered":"<div data-elementor-type=\"wp-page\" data-elementor-id=\"5355\" class=\"elementor elementor-5355\" data-elementor-post-type=\"page\">\n\t\t\t\t\t\t<section class=\"elementor-section elementor-top-section elementor-element elementor-element-77eebdd elementor-section-boxed elementor-section-height-default elementor-section-height-default\" data-id=\"77eebdd\" data-element_type=\"section\" data-e-type=\"section\">\n\t\t\t\t\t\t<div class=\"elementor-container elementor-column-gap-default\">\n\t\t\t\t\t<div class=\"elementor-column elementor-col-100 elementor-top-column elementor-element elementor-element-13ea165\" data-id=\"13ea165\" data-element_type=\"column\" data-e-type=\"column\">\n\t\t\t<div class=\"elementor-widget-wrap elementor-element-populated\">\n\t\t\t\t\t\t<div class=\"elementor-element elementor-element-5ddc5b9 elementor-widget elementor-widget-heading\" data-id=\"5ddc5b9\" data-element_type=\"widget\" data-e-type=\"widget\" data-widget_type=\"heading.default\">\n\t\t\t\t<div class=\"elementor-widget-container\">\n\t\t\t\t\t<h2 class=\"elementor-heading-title elementor-size-default\">Gesangsunterricht!<\/h2>\t\t\t\t<\/div>\n\t\t\t\t<\/div>\n\t\t\t\t\t<\/div>\n\t\t<\/div>\n\t\t\t\t\t<\/div>\n\t\t<\/section>\n\t\t\t\t<section class=\"elementor-section elementor-top-section elementor-element elementor-element-fe5f4d3 elementor-section-boxed elementor-section-height-default elementor-section-height-default\" data-id=\"fe5f4d3\" data-element_type=\"section\" data-e-type=\"section\">\n\t\t\t\t\t\t<div class=\"elementor-container elementor-column-gap-default\">\n\t\t\t\t\t<div class=\"elementor-column elementor-col-50 elementor-top-column elementor-element elementor-element-139cf8d\" data-id=\"139cf8d\" data-element_type=\"column\" data-e-type=\"column\">\n\t\t\t<div class=\"elementor-widget-wrap elementor-element-populated\">\n\t\t\t\t\t\t<div class=\"elementor-element elementor-element-8a67f17 elementor-widget elementor-widget-image\" data-id=\"8a67f17\" data-element_type=\"widget\" data-e-type=\"widget\" data-widget_type=\"image.default\">\n\t\t\t\t<div class=\"elementor-widget-container\">\n\t\t\t\t\t\t\t\t\t\t\t\t\t\t\t<img fetchpriority=\"high\" decoding=\"async\" width=\"683\" height=\"1024\" src=\"https:\/\/ninalynn.nl\/wp-content\/uploads\/2022\/11\/DVL_07062021_2_3448-683x1024.jpg\" class=\"attachment-large size-large wp-image-5359\" alt=\"\" srcset=\"https:\/\/ninalynn.nl\/wp-content\/uploads\/2022\/11\/DVL_07062021_2_3448-683x1024.jpg.webp 683w, https:\/\/ninalynn.nl\/wp-content\/uploads\/2022\/11\/DVL_07062021_2_3448-scaled-600x900.jpg 600w, https:\/\/ninalynn.nl\/wp-content\/uploads\/2022\/11\/DVL_07062021_2_3448-200x300.jpg.webp 200w, https:\/\/ninalynn.nl\/wp-content\/uploads\/2022\/11\/DVL_07062021_2_3448-768x1152.jpg.webp 768w, https:\/\/ninalynn.nl\/wp-content\/uploads\/2022\/11\/DVL_07062021_2_3448-1024x1536.jpg.webp 1024w, https:\/\/ninalynn.nl\/wp-content\/uploads\/2022\/11\/DVL_07062021_2_3448-1365x2048.jpg.webp 1365w, https:\/\/ninalynn.nl\/wp-content\/uploads\/2022\/11\/DVL_07062021_2_3448-8x12.jpg.webp 8w, https:\/\/ninalynn.nl\/wp-content\/uploads\/2022\/11\/DVL_07062021_2_3448-500x750.jpg.webp 500w, https:\/\/ninalynn.nl\/wp-content\/uploads\/2022\/11\/DVL_07062021_2_3448-800x1200.jpg.webp 800w, https:\/\/ninalynn.nl\/wp-content\/uploads\/2022\/11\/DVL_07062021_2_3448-1280x1920.jpg.webp 1280w, https:\/\/ninalynn.nl\/wp-content\/uploads\/2022\/11\/DVL_07062021_2_3448-1920x2880.jpg.webp 1920w, https:\/\/ninalynn.nl\/wp-content\/uploads\/2022\/11\/DVL_07062021_2_3448-scaled.jpg.webp 1707w\" sizes=\"(max-width: 683px) 100vw, 683px\" \/>\t\t\t\t\t\t\t\t\t\t\t\t\t\t\t<\/div>\n\t\t\t\t<\/div>\n\t\t\t\t\t<\/div>\n\t\t<\/div>\n\t\t\t\t<div class=\"elementor-column elementor-col-50 elementor-top-column elementor-element elementor-element-a02fa30\" data-id=\"a02fa30\" data-element_type=\"column\" data-e-type=\"column\">\n\t\t\t<div class=\"elementor-widget-wrap elementor-element-populated\">\n\t\t\t\t\t\t<div class=\"elementor-element elementor-element-60c5007 elementor-widget elementor-widget-text-editor\" data-id=\"60c5007\" data-element_type=\"widget\" data-e-type=\"widget\" data-widget_type=\"text-editor.default\">\n\t\t\t\t<div class=\"elementor-widget-container\">\n\t\t\t\t\t\t\t\t\t<p><span style=\"color: #000000;\">Singen Sie gerne, finden es aber trotzdem sehr aufregend? Oder wissen Sie nicht, wie Sie sauber singen k\u00f6nnen? Oder w\u00fcrdest du gerne mehr aus deiner Leidenschaft f\u00fcr das Singen machen? Dann k\u00f6nnte Gesangsunterricht etwas f\u00fcr Sie sein!<\/span><\/p>\n<p><span style=\"color: #000000;\">Im Gesangsunterricht bringe ich Ihnen nicht nur die Grundtechniken des Singens bei, damit Sie lernen, Ihre Stimme richtig einzusetzen, sondern wir suchen gemeinsam nach Ihrem ganz eigenen Klang. Deine W\u00fcnsche stehen dabei immer im Mittelpunkt.&nbsp;<\/span><\/p>\n<p><span style=\"color: #000000;\">Es ist m\u00f6glich, Gesangsunterricht bei mir zu nehmen in <strong>Uithoorn<\/strong>. Dies kann entweder jede Woche oder jede zweite Woche sein.<\/span><\/p>\n<p><span style=\"color: #000000;\">Sind Sie an einer halbst\u00fcndigen (kostenlosen) Probestunde interessiert? Dann senden Sie eine E-Mail an info@ninalynn.nl oder kontaktieren Sie mich \u00fcber die Kontaktseite auf dieser Website.&nbsp;<\/span><\/p>\n<p><span style=\"text-decoration: underline; color: #000000;\">Preise<\/span><\/p>\n<ul>\n<li><span style=\"color: #000000;\">10-Fahrten-Karte<\/span>\n<ul>\n<li><span style=\"color: #000000;\">10&#215;30 minuten zangles \u20ac350<\/span><\/li>\n<li><span style=\"color: #000000;\">10&#215;60 minuten zangles \u20ac500<\/span><\/li>\n<\/ul>\n<\/li>\n<\/ul>\t\t\t\t\t\t\t\t<\/div>\n\t\t\t\t<\/div>\n\t\t\t\t\t<\/div>\n\t\t<\/div>\n\t\t\t\t\t<\/div>\n\t\t<\/section>\n\t\t\t\t<section class=\"elementor-section elementor-top-section elementor-element elementor-element-29352fd elementor-section-boxed elementor-section-height-default elementor-section-height-default\" data-id=\"29352fd\" data-element_type=\"section\" data-e-type=\"section\">\n\t\t\t\t\t\t<div class=\"elementor-container elementor-column-gap-default\">\n\t\t\t\t\t<div class=\"elementor-column elementor-col-100 elementor-top-column elementor-element elementor-element-95c1919\" data-id=\"95c1919\" data-element_type=\"column\" data-e-type=\"column\">\n\t\t\t<div class=\"elementor-widget-wrap elementor-element-populated\">\n\t\t\t\t\t\t<div class=\"elementor-element elementor-element-43e3a6c elementor-widget elementor-widget-heading\" data-id=\"43e3a6c\" data-element_type=\"widget\" data-e-type=\"widget\" data-widget_type=\"heading.default\">\n\t\t\t\t<div class=\"elementor-widget-container\">\n\t\t\t\t\t<h2 class=\"elementor-heading-title elementor-size-default\">Bewertungen<\/h2>\t\t\t\t<\/div>\n\t\t\t\t<\/div>\n\t\t\t\t\t<\/div>\n\t\t<\/div>\n\t\t\t\t\t<\/div>\n\t\t<\/section>\n\t\t\t\t<section class=\"elementor-section elementor-top-section elementor-element elementor-element-2632646 elementor-section-boxed elementor-section-height-default elementor-section-height-default\" data-id=\"2632646\" data-element_type=\"section\" data-e-type=\"section\">\n\t\t\t\t\t\t<div class=\"elementor-container elementor-column-gap-default\">\n\t\t\t\t\t<div class=\"elementor-column elementor-col-33 elementor-top-column elementor-element elementor-element-a66dcb8\" data-id=\"a66dcb8\" data-element_type=\"column\" data-e-type=\"column\">\n\t\t\t<div class=\"elementor-widget-wrap elementor-element-populated\">\n\t\t\t\t\t\t<div class=\"elementor-element elementor-element-f4a199f elementor-widget elementor-widget-text-editor\" data-id=\"f4a199f\" data-element_type=\"widget\" data-e-type=\"widget\" data-widget_type=\"text-editor.default\">\n\t\t\t\t<div class=\"elementor-widget-container\">\n\t\t\t\t\t\t\t\t\t<p style=\"text-align: center;\"><span style=\"color: #000000;\"><em>Super Lehrer! Am Anfang war es ein bisschen be\u00e4ngstigend, aber nach einer Weile ging das schnell weg. Bei Nina ist alles gem\u00fctlich, angenehm und lehrreich! Empfehle sie 100%!\u2764\ufe0f<\/em><\/span><\/p><p style=\"text-align: center;\">- Elina<\/p><div dir=\"auto\">\u00a0<\/div><div dir=\"auto\" style=\"text-align: center;\"><em>Wie besonders ist es, Gesangsunterricht zu erleben ... und zwar von Nina!\u00a0<\/em><\/div><div dir=\"auto\" style=\"text-align: center;\"><em>Nachdem ich jahrelang nur gelegentlich an Projektch\u00f6ren teilgenommen hatte, kam eine Nachricht von Nina und ich wagte den Schritt.<\/em><\/div><div dir=\"auto\" style=\"text-align: center;\"><em>Es ist sehr sch\u00f6n, Werkzeuge zu bekommen, mit denen ich meine Stimme besser einsetzen kann und mich dann traue, mehr Gas zu geben.<\/em><\/div><div dir=\"auto\" style=\"text-align: center;\"><em>Ich wusste gar nicht, woher ihr alle euren Sound bekommt. Wir sind ein wandelnder Klangk\u00f6rper \ud83d\ude00<\/em><\/div><div dir=\"auto\" style=\"text-align: center;\"><em>Nina unterrichtet sehr sch\u00f6n, auf eine zug\u00e4ngliche Art und Weise, mit viel Gef\u00fchl.<\/em><\/div><div dir=\"auto\" style=\"text-align: center;\"><em>F\u00fcr mich sehr sch\u00f6n zu lernen, viele Emotionen einzusetzen, um mit Gef\u00fchl zu singen. Ich freue mich schon sehr auf die n\u00e4chste Unterrichtsreihe!!!\u00a0<\/em><\/div><div dir=\"auto\" style=\"text-align: center;\">- Muriel<\/div>\t\t\t\t\t\t\t\t<\/div>\n\t\t\t\t<\/div>\n\t\t\t\t\t<\/div>\n\t\t<\/div>\n\t\t\t\t<div class=\"elementor-column elementor-col-33 elementor-top-column elementor-element elementor-element-00598f9\" data-id=\"00598f9\" data-element_type=\"column\" data-e-type=\"column\">\n\t\t\t<div class=\"elementor-widget-wrap elementor-element-populated\">\n\t\t\t\t\t\t<div class=\"elementor-element elementor-element-bea0be6 elementor-widget elementor-widget-text-editor\" data-id=\"bea0be6\" data-element_type=\"widget\" data-e-type=\"widget\" data-widget_type=\"text-editor.default\">\n\t\t\t\t<div class=\"elementor-widget-container\">\n\t\t\t\t\t\t\t\t\t<p style=\"text-align: center;\"><em>\"Ich bin super gl\u00fccklich und mehr als zufrieden mit dem Gesangsunterricht! Bei Nina lerne ich viele neue Dinge \u00fcber Gesangstechniken. Neben dem Wissen, das Nina hat, ist sie auch sehr geduldig, positiv und es herrscht einfach eine sehr nette Atmosph\u00e4re w\u00e4hrend des Unterrichts. Das ist sehr sch\u00f6n f\u00fcr Leute, die es noch ein bisschen aufregend finden! Ich kann es wirklich jedem empfehlen!\"<\/em><\/p><p style=\"text-align: center;\">- Claudia<\/p><p>\u00a0<\/p><p style=\"text-align: center;\"><em>Ich nehme jetzt seit ein paar Monaten Gesangsunterricht bei Nina und habe in dieser Zeit schon unheimlich viel gelernt. Alles in Bezug auf die Atemunterst\u00fctzung und verschiedene Techniken. Wenn wir an einem Lied arbeiten, tauchen wir in das Lied ein, so dass ich es wirklich 'zu meinem eigenen' machen kann. Ich bin beeindruckt von ihrem Wissen und ihrem Unterrichtsstil. Ninas Enthusiasmus ist ansteckend und sie sorgt daf\u00fcr, dass die Sch\u00fcler gerne in den Unterricht gehen und ihn zufrieden und voller Energie verlassen.\u00a0<\/em><\/p><p style=\"text-align: center;\">- Marije<\/p>\t\t\t\t\t\t\t\t<\/div>\n\t\t\t\t<\/div>\n\t\t\t\t\t<\/div>\n\t\t<\/div>\n\t\t\t\t<div class=\"elementor-column elementor-col-33 elementor-top-column elementor-element elementor-element-c35bf98\" data-id=\"c35bf98\" data-element_type=\"column\" data-e-type=\"column\">\n\t\t\t<div class=\"elementor-widget-wrap elementor-element-populated\">\n\t\t\t\t\t\t<div class=\"elementor-element elementor-element-62e0291 elementor-widget elementor-widget-text-editor\" data-id=\"62e0291\" data-element_type=\"widget\" data-e-type=\"widget\" data-widget_type=\"text-editor.default\">\n\t\t\t\t<div class=\"elementor-widget-container\">\n\t\t\t\t\t\t\t\t\t<p style=\"text-align: center;\"><span style=\"color: #000000;\"><em>Wenn du ein Anf\u00e4nger bist oder einen guten Lehrer suchst, kann ich Nina nur empfehlen! Sie kennt sich in Sachen Gesangstechnik aus, ist super geduldig und ihre Begeisterung ist ansteckend.<\/em><\/span><\/p><p style=\"text-align: center;\"><span style=\"color: #000000;\"><em>Ninas Unterricht ist immer auf die Interessen ihrer Sch\u00fcler zugeschnitten, so dass Sie sicher sein k\u00f6nnen, dass Sie die F\u00e4higkeiten erlernen, die Sie brauchen, um die Art von Musik zu singen, die Sie lieben. Sie hat ein gutes Ohr f\u00fcr verschiedene Genres.<\/em><\/span><\/p><p style=\"text-align: center;\"><span style=\"color: #000000;\"><em>Nina ist eine erstklassige Lehrerin, die gut mit Anf\u00e4ngern umgehen kann. Wenn Sie also jemanden suchen, der Ihnen helfen kann, den richtigen Einstieg zu finden, kann ich Nina nur empfehlen!<\/em><\/span><\/p><p style=\"text-align: center;\">- Ritchie<\/p>\t\t\t\t\t\t\t\t<\/div>\n\t\t\t\t<\/div>\n\t\t\t\t\t<\/div>\n\t\t<\/div>\n\t\t\t\t\t<\/div>\n\t\t<\/section>\n\t\t\t\t<\/div>","protected":false},"excerpt":{"rendered":"<p>Zangles! Hou jij van zingen, maar vind je het nog erg spannend? Of weet je niet zo goed hoe je zuiver kunt zingen? Of wil je graag meer met jouw passie voor zingen doen? Dan is zangles wellicht iets voor jou! In de zanglessen leer ik je niet alleen de basistechnieken voor zingen aan zodat [&hellip;]<\/p>\n","protected":false},"author":1,"featured_media":0,"parent":0,"menu_order":0,"comment_status":"closed","ping_status":"closed","template":"elementor_header_footer","meta":{"site-sidebar-layout":"default","site-content-layout":"","ast-site-content-layout":"default","site-content-style":"default","site-sidebar-style":"default","ast-global-header-display":"","ast-banner-title-visibility":"","ast-main-header-display":"","ast-hfb-above-header-display":"","ast-hfb-below-header-display":"","ast-hfb-mobile-header-display":"","site-post-title":"","ast-breadcrumbs-content":"","ast-featured-img":"","footer-sml-layout":"","ast-disable-related-posts":"","theme-transparent-header-meta":"","adv-header-id-meta":"","stick-header-meta":"","header-above-stick-meta":"","header-main-stick-meta":"","header-below-stick-meta":"","astra-migrate-meta-layouts":"default","ast-page-background-enabled":"default","ast-page-background-meta":{"desktop":{"background-color":"var(--ast-global-color-4)","background-image":"","background-repeat":"repeat","background-position":"center center","background-size":"auto","background-attachment":"scroll","background-type":"","background-media":"","overlay-type":"","overlay-color":"","overlay-opacity":"","overlay-gradient":""},"tablet":{"background-color":"","background-image":"","background-repeat":"repeat","background-position":"center center","background-size":"auto","background-attachment":"scroll","background-type":"","background-media":"","overlay-type":"","overlay-color":"","overlay-opacity":"","overlay-gradient":""},"mobile":{"background-color":"","background-image":"","background-repeat":"repeat","background-position":"center center","background-size":"auto","background-attachment":"scroll","background-type":"","background-media":"","overlay-type":"","overlay-color":"","overlay-opacity":"","overlay-gradient":""}},"ast-content-background-meta":{"desktop":{"background-color":"var(--ast-global-color-5)","background-image":"","background-repeat":"repeat","background-position":"center center","background-size":"auto","background-attachment":"scroll","background-type":"","background-media":"","overlay-type":"","overlay-color":"","overlay-opacity":"","overlay-gradient":""},"tablet":{"background-color":"var(--ast-global-color-5)","background-image":"","background-repeat":"repeat","background-position":"center center","background-size":"auto","background-attachment":"scroll","background-type":"","background-media":"","overlay-type":"","overlay-color":"","overlay-opacity":"","overlay-gradient":""},"mobile":{"background-color":"var(--ast-global-color-5)","background-image":"","background-repeat":"repeat","background-position":"center center","background-size":"auto","background-attachment":"scroll","background-type":"","background-media":"","overlay-type":"","overlay-color":"","overlay-opacity":"","overlay-gradient":""}},"footnotes":""},"class_list":["post-5355","page","type-page","status-publish","hentry"],"aioseo_notices":[],"_links":{"self":[{"href":"https:\/\/ninalynn.nl\/de\/wp-json\/wp\/v2\/pages\/5355","targetHints":{"allow":["GET"]}}],"collection":[{"href":"https:\/\/ninalynn.nl\/de\/wp-json\/wp\/v2\/pages"}],"about":[{"href":"https:\/\/ninalynn.nl\/de\/wp-json\/wp\/v2\/types\/page"}],"author":[{"embeddable":true,"href":"https:\/\/ninalynn.nl\/de\/wp-json\/wp\/v2\/users\/1"}],"replies":[{"embeddable":true,"href":"https:\/\/ninalynn.nl\/de\/wp-json\/wp\/v2\/comments?post=5355"}],"version-history":[{"count":33,"href":"https:\/\/ninalynn.nl\/de\/wp-json\/wp\/v2\/pages\/5355\/revisions"}],"predecessor-version":[{"id":7451,"href":"https:\/\/ninalynn.nl\/de\/wp-json\/wp\/v2\/pages\/5355\/revisions\/7451"}],"wp:attachment":[{"href":"https:\/\/ninalynn.nl\/de\/wp-json\/wp\/v2\/media?parent=5355"}],"curies":[{"name":"wp","href":"https:\/\/api.w.org\/{rel}","templated":true}]}}