{"id":3815,"date":"2021-06-08T12:12:54","date_gmt":"2021-06-08T11:12:54","guid":{"rendered":"https:\/\/ninalynn.nl\/?page_id=3815"},"modified":"2023-03-04T22:58:12","modified_gmt":"2023-03-04T21:58:12","slug":"hummingbird-homepage","status":"publish","type":"page","link":"https:\/\/ninalynn.nl\/de\/hummingbird-homepage\/","title":{"rendered":"Kolibri-Startseite"},"content":{"rendered":"<div data-elementor-type=\"wp-page\" data-elementor-id=\"3815\" class=\"elementor elementor-3815\" data-elementor-post-type=\"page\">\n\t\t\t\t\t\t<section class=\"elementor-section elementor-top-section elementor-element elementor-element-c8c0a81 elementor-section-boxed elementor-section-height-default elementor-section-height-default\" data-id=\"c8c0a81\" data-element_type=\"section\" data-e-type=\"section\">\n\t\t\t\t\t\t<div class=\"elementor-container elementor-column-gap-default\">\n\t\t\t\t\t<div class=\"elementor-column elementor-col-100 elementor-top-column elementor-element elementor-element-69c2c67\" data-id=\"69c2c67\" data-element_type=\"column\" data-e-type=\"column\">\n\t\t\t<div class=\"elementor-widget-wrap elementor-element-populated\">\n\t\t\t\t\t\t<div class=\"elementor-element elementor-element-8d1abe5 elementor-widget elementor-widget-image\" data-id=\"8d1abe5\" data-element_type=\"widget\" data-e-type=\"widget\" data-widget_type=\"image.default\">\n\t\t\t\t<div class=\"elementor-widget-container\">\n\t\t\t\t\t\t\t\t\t\t\t\t\t\t\t<img fetchpriority=\"high\" decoding=\"async\" width=\"1024\" height=\"157\" src=\"https:\/\/ninalynn.nl\/wp-content\/uploads\/2021\/06\/Titel-Hummingbird-1024x157.png\" class=\"attachment-large size-large wp-image-3817\" alt=\"\" srcset=\"https:\/\/ninalynn.nl\/wp-content\/uploads\/2021\/06\/Titel-Hummingbird-1024x157.png.webp 1024w, https:\/\/ninalynn.nl\/wp-content\/uploads\/2021\/06\/Titel-Hummingbird-600x92.png 600w, https:\/\/ninalynn.nl\/wp-content\/uploads\/2021\/06\/Titel-Hummingbird-300x46.png 300w, https:\/\/ninalynn.nl\/wp-content\/uploads\/2021\/06\/Titel-Hummingbird-768x118.png.webp 768w, https:\/\/ninalynn.nl\/wp-content\/uploads\/2021\/06\/Titel-Hummingbird-16x2.png 16w, https:\/\/ninalynn.nl\/wp-content\/uploads\/2021\/06\/Titel-Hummingbird-500x77.png 500w, https:\/\/ninalynn.nl\/wp-content\/uploads\/2021\/06\/Titel-Hummingbird-800x122.png 800w, https:\/\/ninalynn.nl\/wp-content\/uploads\/2021\/06\/Titel-Hummingbird-1280x196.png 1280w, https:\/\/ninalynn.nl\/wp-content\/uploads\/2021\/06\/Titel-Hummingbird.png 1476w\" sizes=\"(max-width: 1024px) 100vw, 1024px\" \/>\t\t\t\t\t\t\t\t\t\t\t\t\t\t\t<\/div>\n\t\t\t\t<\/div>\n\t\t\t\t\t<\/div>\n\t\t<\/div>\n\t\t\t\t\t<\/div>\n\t\t<\/section>\n\t\t\t\t<section class=\"elementor-section elementor-top-section elementor-element elementor-element-2e7796b elementor-section-boxed elementor-section-height-default elementor-section-height-default\" data-id=\"2e7796b\" data-element_type=\"section\" data-e-type=\"section\">\n\t\t\t\t\t\t<div class=\"elementor-container elementor-column-gap-default\">\n\t\t\t\t\t<div class=\"elementor-column elementor-col-33 elementor-top-column elementor-element elementor-element-91641ca\" data-id=\"91641ca\" data-element_type=\"column\" data-e-type=\"column\">\n\t\t\t<div class=\"elementor-widget-wrap elementor-element-populated\">\n\t\t\t\t\t\t<div class=\"elementor-element elementor-element-f41e622 elementor-widget elementor-widget-video\" data-id=\"f41e622\" data-element_type=\"widget\" data-e-type=\"widget\" data-settings=\"{&quot;youtube_url&quot;:&quot;https:\\\/\\\/www.youtube.com\\\/watch?v=nfYhhGSeym4&quot;,&quot;video_type&quot;:&quot;youtube&quot;,&quot;controls&quot;:&quot;yes&quot;}\" data-widget_type=\"video.default\">\n\t\t\t\t<div class=\"elementor-widget-container\">\n\t\t\t\t\t\t\t<div class=\"elementor-wrapper elementor-open-inline\">\n\t\t\t<div class=\"elementor-video\"><\/div>\t\t<\/div>\n\t\t\t\t\t\t<\/div>\n\t\t\t\t<\/div>\n\t\t\t\t\t<\/div>\n\t\t<\/div>\n\t\t\t\t<div class=\"elementor-column elementor-col-33 elementor-top-column elementor-element elementor-element-b556f01\" data-id=\"b556f01\" data-element_type=\"column\" data-e-type=\"column\">\n\t\t\t<div class=\"elementor-widget-wrap elementor-element-populated\">\n\t\t\t\t\t\t<div class=\"elementor-element elementor-element-58f08c6 elementor-widget elementor-widget-video\" data-id=\"58f08c6\" data-element_type=\"widget\" data-e-type=\"widget\" data-settings=\"{&quot;youtube_url&quot;:&quot;https:\\\/\\\/www.youtube.com\\\/watch?v=pO0MufiSZ6I&quot;,&quot;video_type&quot;:&quot;youtube&quot;,&quot;controls&quot;:&quot;yes&quot;}\" data-widget_type=\"video.default\">\n\t\t\t\t<div class=\"elementor-widget-container\">\n\t\t\t\t\t\t\t<div class=\"elementor-wrapper elementor-open-inline\">\n\t\t\t<div class=\"elementor-video\"><\/div>\t\t<\/div>\n\t\t\t\t\t\t<\/div>\n\t\t\t\t<\/div>\n\t\t\t\t\t<\/div>\n\t\t<\/div>\n\t\t\t\t<div class=\"elementor-column elementor-col-33 elementor-top-column elementor-element elementor-element-d3e9f3e\" data-id=\"d3e9f3e\" data-element_type=\"column\" data-e-type=\"column\">\n\t\t\t<div class=\"elementor-widget-wrap elementor-element-populated\">\n\t\t\t\t\t\t<div class=\"elementor-element elementor-element-4d75e9c elementor-widget elementor-widget-video\" data-id=\"4d75e9c\" data-element_type=\"widget\" data-e-type=\"widget\" data-settings=\"{&quot;youtube_url&quot;:&quot;https:\\\/\\\/www.youtube.com\\\/watch?v=7sh2_UqGSuc&quot;,&quot;video_type&quot;:&quot;youtube&quot;,&quot;controls&quot;:&quot;yes&quot;}\" data-widget_type=\"video.default\">\n\t\t\t\t<div class=\"elementor-widget-container\">\n\t\t\t\t\t\t\t<div class=\"elementor-wrapper elementor-open-inline\">\n\t\t\t<div class=\"elementor-video\"><\/div>\t\t<\/div>\n\t\t\t\t\t\t<\/div>\n\t\t\t\t<\/div>\n\t\t\t\t\t<\/div>\n\t\t<\/div>\n\t\t\t\t\t<\/div>\n\t\t<\/section>\n\t\t\t\t<section class=\"elementor-section elementor-top-section elementor-element elementor-element-c518032 elementor-section-boxed elementor-section-height-default elementor-section-height-default\" data-id=\"c518032\" data-element_type=\"section\" data-e-type=\"section\">\n\t\t\t\t\t\t<div class=\"elementor-container elementor-column-gap-default\">\n\t\t\t\t\t<div class=\"elementor-column elementor-col-100 elementor-top-column elementor-element elementor-element-bf91311\" data-id=\"bf91311\" data-element_type=\"column\" data-e-type=\"column\">\n\t\t\t<div class=\"elementor-widget-wrap elementor-element-populated\">\n\t\t\t\t\t\t<div class=\"elementor-element elementor-element-077282f elementor-widget elementor-widget-text-editor\" data-id=\"077282f\" data-element_type=\"widget\" data-e-type=\"widget\" data-widget_type=\"text-editor.default\">\n\t\t\t\t<div class=\"elementor-widget-container\">\n\t\t\t\t\t\t\t\t\t<p>Mit Hummingbird, einem bemerkenswert ausgefeilten ersten Album, scheint NinaLynn aus heiterem Himmel in die Americana-Szene zu platzen. Tats\u00e4chlich hat die junge Troubadourin schon seit Jahren an ihrem Handwerk gefeilt. Aufgrund der zutiefst pers\u00f6nlichen Natur ihrer Musik scheute sie jedoch die meiste Zeit davor zur\u00fcck, ihr Material einem gr\u00f6\u00dferen Publikum zu pr\u00e4sentieren. Ein Kurs in Songwriting st\u00e4rkte ihr Vertrauen in ihre eigene Arbeit, und ein Beinahe-Burn-out als Politikstudentin zwang sie zu der Erkenntnis, dass sie einfach ihrer Muse folgen musste.\u00a0<\/p><p>Ninas Einfl\u00fcsse umfassen mehrere Generationen von Country- und Bluegrass-Stars - von Emmylou Harris \u00fcber Alison Krauss bis hin zu Molly Tuttle und Taylor Swift, die einen entscheidenden Einfluss auf ihre kreative Entwicklung hatten. \"Solange ich mich erinnern kann, hatte ich Melodien im Kopf, aber Taylor hat mich im Grunde in das Schreiben von Songs und in die Country-Musik eingef\u00fchrt.\" Gleichzeitig h\u00f6rte Nina auch immer wieder K\u00fcnstler aus anderen Bereichen, wie Norah Jones und Eva Cassidy.\u00a0<\/p><p>Angesichts der Vielfalt ihrer Inspirationen bezeichnet ihre Plattenfirma ihre Musik als Americana-Pop. Eine Beschreibung, die sie begr\u00fc\u00dft. \"Wenn ich einen Song schreibe, denke ich nicht gerne \u00fcber musikalische Kategorien nach, und Americana ist wahrscheinlich der weiteste Begriff, um amerikanische Roots-Musik zu beschreiben. Was den 'Pop'-Teil angeht, so sagen mir die Leute, dass meine Melodien leicht zu h\u00f6ren und mitzusingen sind. Pop kommt von 'popul\u00e4r', und ich bin froh, dass meine Musik zug\u00e4nglich klingt.\"\u00a0<\/p><p>Obwohl die Lieder einzeln genossen werden k\u00f6nnen, erz\u00e4hlt die Platte eine chronologische Geschichte, die mit Ninas Erkenntnis beginnt, dass die Musik ihre Priorit\u00e4t sein muss, um ein wirklich erf\u00fclltes Leben zu f\u00fchren. Die Songs erz\u00e4hlen von den neuen Dilemmas, mit denen sie konfrontiert wird, w\u00e4hrend sie ihr Ziel verfolgt, eine wandernde Minnes\u00e4ngerin zu werden. Mehrere St\u00fccke des Albums stammen aus der Zeit der COVID-19-Krise. Obwohl diese Krise ihre Pl\u00e4ne durchkreuzte, nach ihrem Master-Abschluss die Welt zu bereisen, weigerte sich Nina, die praktischen Auswirkungen der Pandemie ihrer Kreativit\u00e4t in die Quere kommen zu lassen. \"Da ich gezwungen war, zu Hause zu bleiben, musste ich lernen, die Orte, die ich schon eine Million Mal gesehen hatte, mit neuen Augen zu sehen. Reisen ist eine Geisteshaltung, genauso wie es eine physische Sache ist.\"<\/p><p>Entschlossen, die Sperre als Gelegenheit zu nutzen, das Material f\u00fcr Hummingbird fertig zu stellen und aufzunehmen, gelang es Nina, eine Studioband mit erstklassigen Musikern zu verpflichten. Sie spricht mit grenzenloser Dankbarkeit \u00fcber den Enthusiasmus, den Einfallsreichtum und die Vielseitigkeit, die Schlagzeuger\/Percussionist Arthur Bont, Bassist Lucas Beukers und Violinist Joost van Es in die Songs einbrachten, die von traditionellem britischen Folk bis hin zu Jazz-Swing reichen. Was den Produzenten und Multiinstrumentalisten Janos Koolen betrifft, so scheint sie von seinen fast \u00fcbersinnlichen F\u00e4higkeiten beeindruckt zu sein. \"Er wusste genau, wie ich die Songs mit einer kompletten Band klingen lassen wollte. Ich musste ihm nie etwas sagen. Ich f\u00fchle mich unglaublich gl\u00fccklich, dass er sich entschieden hat, das Album zu produzieren.\" Das ist vielleicht ein bisschen zu bescheiden von ihr. Die offensichtliche Synergie zwischen Nina und den Musikern w\u00e4re ohne ihren eigenen Beitrag als vielversprechende Singer-Songwriterin nicht zustande gekommen - ein wirklich beeindruckendes Deb\u00fct!<\/p><p style=\"text-align: right;\">- Theo de Jong<\/p>\t\t\t\t\t\t\t\t<\/div>\n\t\t\t\t<\/div>\n\t\t\t\t\t<\/div>\n\t\t<\/div>\n\t\t\t\t\t<\/div>\n\t\t<\/section>\n\t\t\t\t<section class=\"elementor-section elementor-top-section elementor-element elementor-element-9b39a93 elementor-section-boxed elementor-section-height-default elementor-section-height-default\" data-id=\"9b39a93\" data-element_type=\"section\" data-e-type=\"section\">\n\t\t\t\t\t\t<div class=\"elementor-container elementor-column-gap-default\">\n\t\t\t\t\t<div class=\"elementor-column elementor-col-33 elementor-top-column elementor-element elementor-element-11e2b27\" data-id=\"11e2b27\" data-element_type=\"column\" data-e-type=\"column\">\n\t\t\t<div class=\"elementor-widget-wrap elementor-element-populated\">\n\t\t\t\t\t\t<div class=\"elementor-element elementor-element-82fa1fc elementor-widget elementor-widget-video\" data-id=\"82fa1fc\" data-element_type=\"widget\" data-e-type=\"widget\" data-settings=\"{&quot;youtube_url&quot;:&quot;https:\\\/\\\/www.youtube.com\\\/watch?v=yrp3xwU50HY&quot;,&quot;video_type&quot;:&quot;youtube&quot;,&quot;controls&quot;:&quot;yes&quot;}\" data-widget_type=\"video.default\">\n\t\t\t\t<div class=\"elementor-widget-container\">\n\t\t\t\t\t\t\t<div class=\"elementor-wrapper elementor-open-inline\">\n\t\t\t<div class=\"elementor-video\"><\/div>\t\t<\/div>\n\t\t\t\t\t\t<\/div>\n\t\t\t\t<\/div>\n\t\t\t\t\t<\/div>\n\t\t<\/div>\n\t\t\t\t<div class=\"elementor-column elementor-col-33 elementor-top-column elementor-element elementor-element-58ebeda\" data-id=\"58ebeda\" data-element_type=\"column\" data-e-type=\"column\">\n\t\t\t<div class=\"elementor-widget-wrap elementor-element-populated\">\n\t\t\t\t\t\t<div class=\"elementor-element elementor-element-d5412af elementor-widget elementor-widget-video\" data-id=\"d5412af\" data-element_type=\"widget\" data-e-type=\"widget\" data-settings=\"{&quot;youtube_url&quot;:&quot;https:\\\/\\\/www.youtube.com\\\/watch?v=V9IGnLz-39g&quot;,&quot;video_type&quot;:&quot;youtube&quot;,&quot;controls&quot;:&quot;yes&quot;}\" data-widget_type=\"video.default\">\n\t\t\t\t<div class=\"elementor-widget-container\">\n\t\t\t\t\t\t\t<div class=\"elementor-wrapper elementor-open-inline\">\n\t\t\t<div class=\"elementor-video\"><\/div>\t\t<\/div>\n\t\t\t\t\t\t<\/div>\n\t\t\t\t<\/div>\n\t\t\t\t\t<\/div>\n\t\t<\/div>\n\t\t\t\t<div class=\"elementor-column elementor-col-33 elementor-top-column elementor-element elementor-element-49722a0\" data-id=\"49722a0\" data-element_type=\"column\" data-e-type=\"column\">\n\t\t\t<div class=\"elementor-widget-wrap elementor-element-populated\">\n\t\t\t\t\t\t<div class=\"elementor-element elementor-element-0c8aaab elementor-widget elementor-widget-video\" data-id=\"0c8aaab\" data-element_type=\"widget\" data-e-type=\"widget\" data-settings=\"{&quot;youtube_url&quot;:&quot;https:\\\/\\\/www.youtube.com\\\/watch?v=d6wS-PxmGg8&amp;list=PL1AqWBtop8jGzi_bIuFeUzOVPZYJtjth8&quot;,&quot;video_type&quot;:&quot;youtube&quot;,&quot;controls&quot;:&quot;yes&quot;}\" data-widget_type=\"video.default\">\n\t\t\t\t<div class=\"elementor-widget-container\">\n\t\t\t\t\t\t\t<div class=\"elementor-wrapper elementor-open-inline\">\n\t\t\t<div class=\"elementor-video\"><\/div>\t\t<\/div>\n\t\t\t\t\t\t<\/div>\n\t\t\t\t<\/div>\n\t\t\t\t\t<\/div>\n\t\t<\/div>\n\t\t\t\t\t<\/div>\n\t\t<\/section>\n\t\t\t\t<section class=\"elementor-section elementor-top-section elementor-element elementor-element-abc6b5d elementor-section-boxed elementor-section-height-default elementor-section-height-default\" data-id=\"abc6b5d\" data-element_type=\"section\" data-e-type=\"section\">\n\t\t\t\t\t\t<div class=\"elementor-container elementor-column-gap-default\">\n\t\t\t\t\t<div class=\"elementor-column elementor-col-100 elementor-top-column elementor-element elementor-element-17c12d3\" data-id=\"17c12d3\" data-element_type=\"column\" data-e-type=\"column\">\n\t\t\t<div class=\"elementor-widget-wrap elementor-element-populated\">\n\t\t\t\t\t\t<div class=\"elementor-element elementor-element-4cddd50 elementor-align-center elementor-widget elementor-widget-button\" data-id=\"4cddd50\" data-element_type=\"widget\" data-e-type=\"widget\" data-widget_type=\"button.default\">\n\t\t\t\t<div class=\"elementor-widget-container\">\n\t\t\t\t\t\t\t\t\t<div class=\"elementor-button-wrapper\">\n\t\t\t\t\t<a class=\"elementor-button elementor-button-link elementor-size-sm\" href=\"https:\/\/ninalynn.nl\/de\/hummingbird\/\">\n\t\t\t\t\t\t<span class=\"elementor-button-content-wrapper\">\n\t\t\t\t\t\t\t\t\t<span class=\"elementor-button-text\">Bewertungen<\/span>\n\t\t\t\t\t<\/span>\n\t\t\t\t\t<\/a>\n\t\t\t\t<\/div>\n\t\t\t\t\t\t\t\t<\/div>\n\t\t\t\t<\/div>\n\t\t\t\t<div class=\"elementor-element elementor-element-902a5f8 elementor-align-center elementor-widget elementor-widget-button\" data-id=\"902a5f8\" data-element_type=\"widget\" data-e-type=\"widget\" data-widget_type=\"button.default\">\n\t\t\t\t<div class=\"elementor-widget-container\">\n\t\t\t\t\t\t\t\t\t<div class=\"elementor-button-wrapper\">\n\t\t\t\t\t<a class=\"elementor-button elementor-button-link elementor-size-sm\" href=\"https:\/\/ninalynn.nl\/de\/songteksten\/\">\n\t\t\t\t\t\t<span class=\"elementor-button-content-wrapper\">\n\t\t\t\t\t\t\t\t\t<span class=\"elementor-button-text\">Liedtext<\/span>\n\t\t\t\t\t<\/span>\n\t\t\t\t\t<\/a>\n\t\t\t\t<\/div>\n\t\t\t\t\t\t\t\t<\/div>\n\t\t\t\t<\/div>\n\t\t\t\t\t<\/div>\n\t\t<\/div>\n\t\t\t\t\t<\/div>\n\t\t<\/section>\n\t\t\t\t<section class=\"elementor-section elementor-top-section elementor-element elementor-element-a493703 elementor-section-boxed elementor-section-height-default elementor-section-height-default\" data-id=\"a493703\" data-element_type=\"section\" data-e-type=\"section\">\n\t\t\t\t\t\t<div class=\"elementor-container elementor-column-gap-default\">\n\t\t\t\t\t<div class=\"elementor-column elementor-col-100 elementor-top-column elementor-element elementor-element-7582d9a\" data-id=\"7582d9a\" data-element_type=\"column\" data-e-type=\"column\">\n\t\t\t<div class=\"elementor-widget-wrap elementor-element-populated\">\n\t\t\t\t\t\t<div class=\"elementor-element elementor-element-709b7f4 elementor-widget elementor-widget-image\" data-id=\"709b7f4\" data-element_type=\"widget\" data-e-type=\"widget\" data-widget_type=\"image.default\">\n\t\t\t\t<div class=\"elementor-widget-container\">\n\t\t\t\t\t\t\t\t\t\t\t\t\t\t\t<img decoding=\"async\" width=\"1024\" height=\"920\" src=\"https:\/\/ninalynn.nl\/wp-content\/uploads\/2020\/11\/Nina-cover_final-01-1-1024x920.jpg\" class=\"attachment-large size-large wp-image-916\" alt=\"\" srcset=\"https:\/\/ninalynn.nl\/wp-content\/uploads\/2020\/11\/Nina-cover_final-01-1-1024x920.jpg 1024w, https:\/\/ninalynn.nl\/wp-content\/uploads\/2020\/11\/Nina-cover_final-01-1-600x539.jpg.webp 600w, https:\/\/ninalynn.nl\/wp-content\/uploads\/2020\/11\/Nina-cover_final-01-1-300x270.jpg.webp 300w, https:\/\/ninalynn.nl\/wp-content\/uploads\/2020\/11\/Nina-cover_final-01-1-768x690.jpg.webp 768w, https:\/\/ninalynn.nl\/wp-content\/uploads\/2020\/11\/Nina-cover_final-01-1-13x12.jpg.webp 13w, https:\/\/ninalynn.nl\/wp-content\/uploads\/2020\/11\/Nina-cover_final-01-1.jpg 1511w\" sizes=\"(max-width: 1024px) 100vw, 1024px\" \/>\t\t\t\t\t\t\t\t\t\t\t\t\t\t\t<\/div>\n\t\t\t\t<\/div>\n\t\t\t\t\t<\/div>\n\t\t<\/div>\n\t\t\t\t\t<\/div>\n\t\t<\/section>\n\t\t\t\t<\/div>","protected":false},"excerpt":{"rendered":"<p>https:\/\/www.youtube.com\/watch?v=nfYhhGSeym4https:\/\/www.youtube.com\/watch?v=pO0MufiSZ6Ihttps:\/\/www.youtube.com\/watch?v=7sh2_UqGSuc With Hummingbird, a remarkably sophisticated first album, NinaLynn seems to burst on the Americana scene out of the blue. In fact, the young troubadour has been honing her craft for years. However, the deeply personal nature of her music made her shy away from presenting her material to a wider audience during most of [&hellip;]<\/p>\n","protected":false},"author":1,"featured_media":0,"parent":0,"menu_order":0,"comment_status":"closed","ping_status":"closed","template":"elementor_header_footer","meta":{"site-sidebar-layout":"default","site-content-layout":"","ast-site-content-layout":"default","site-content-style":"default","site-sidebar-style":"default","ast-global-header-display":"","ast-banner-title-visibility":"","ast-main-header-display":"","ast-hfb-above-header-display":"","ast-hfb-below-header-display":"","ast-hfb-mobile-header-display":"","site-post-title":"","ast-breadcrumbs-content":"","ast-featured-img":"","footer-sml-layout":"","ast-disable-related-posts":"","theme-transparent-header-meta":"","adv-header-id-meta":"","stick-header-meta":"","header-above-stick-meta":"","header-main-stick-meta":"","header-below-stick-meta":"","astra-migrate-meta-layouts":"default","ast-page-background-enabled":"default","ast-page-background-meta":{"desktop":{"background-color":"var(--ast-global-color-4)","background-image":"","background-repeat":"repeat","background-position":"center center","background-size":"auto","background-attachment":"scroll","background-type":"","background-media":"","overlay-type":"","overlay-color":"","overlay-opacity":"","overlay-gradient":""},"tablet":{"background-color":"","background-image":"","background-repeat":"repeat","background-position":"center center","background-size":"auto","background-attachment":"scroll","background-type":"","background-media":"","overlay-type":"","overlay-color":"","overlay-opacity":"","overlay-gradient":""},"mobile":{"background-color":"","background-image":"","background-repeat":"repeat","background-position":"center center","background-size":"auto","background-attachment":"scroll","background-type":"","background-media":"","overlay-type":"","overlay-color":"","overlay-opacity":"","overlay-gradient":""}},"ast-content-background-meta":{"desktop":{"background-color":"var(--ast-global-color-5)","background-image":"","background-repeat":"repeat","background-position":"center center","background-size":"auto","background-attachment":"scroll","background-type":"","background-media":"","overlay-type":"","overlay-color":"","overlay-opacity":"","overlay-gradient":""},"tablet":{"background-color":"var(--ast-global-color-5)","background-image":"","background-repeat":"repeat","background-position":"center center","background-size":"auto","background-attachment":"scroll","background-type":"","background-media":"","overlay-type":"","overlay-color":"","overlay-opacity":"","overlay-gradient":""},"mobile":{"background-color":"var(--ast-global-color-5)","background-image":"","background-repeat":"repeat","background-position":"center center","background-size":"auto","background-attachment":"scroll","background-type":"","background-media":"","overlay-type":"","overlay-color":"","overlay-opacity":"","overlay-gradient":""}},"footnotes":""},"class_list":["post-3815","page","type-page","status-publish","hentry"],"aioseo_notices":[],"_links":{"self":[{"href":"https:\/\/ninalynn.nl\/de\/wp-json\/wp\/v2\/pages\/3815","targetHints":{"allow":["GET"]}}],"collection":[{"href":"https:\/\/ninalynn.nl\/de\/wp-json\/wp\/v2\/pages"}],"about":[{"href":"https:\/\/ninalynn.nl\/de\/wp-json\/wp\/v2\/types\/page"}],"author":[{"embeddable":true,"href":"https:\/\/ninalynn.nl\/de\/wp-json\/wp\/v2\/users\/1"}],"replies":[{"embeddable":true,"href":"https:\/\/ninalynn.nl\/de\/wp-json\/wp\/v2\/comments?post=3815"}],"version-history":[{"count":6,"href":"https:\/\/ninalynn.nl\/de\/wp-json\/wp\/v2\/pages\/3815\/revisions"}],"predecessor-version":[{"id":6405,"href":"https:\/\/ninalynn.nl\/de\/wp-json\/wp\/v2\/pages\/3815\/revisions\/6405"}],"wp:attachment":[{"href":"https:\/\/ninalynn.nl\/de\/wp-json\/wp\/v2\/media?parent=3815"}],"curies":[{"name":"wp","href":"https:\/\/api.w.org\/{rel}","templated":true}]}}