{"id":3772,"date":"2021-06-07T12:31:53","date_gmt":"2021-06-07T11:31:53","guid":{"rendered":"https:\/\/ninalynn.nl\/?page_id=3772"},"modified":"2021-06-07T12:33:57","modified_gmt":"2021-06-07T11:33:57","slug":"home","status":"publish","type":"page","link":"https:\/\/ninalynn.nl\/de\/home\/","title":{"rendered":"Startseite"},"content":{"rendered":"<div data-elementor-type=\"wp-page\" data-elementor-id=\"3772\" class=\"elementor elementor-3772\" data-elementor-post-type=\"page\">\n\t\t\t\t\t\t<section class=\"elementor-section elementor-top-section elementor-element elementor-element-b5174c4 elementor-section-boxed elementor-section-height-default elementor-section-height-default\" data-id=\"b5174c4\" data-element_type=\"section\" data-e-type=\"section\">\n\t\t\t\t\t\t<div class=\"elementor-container elementor-column-gap-default\">\n\t\t\t\t\t<div class=\"elementor-column elementor-col-100 elementor-top-column elementor-element elementor-element-5835fad\" data-id=\"5835fad\" data-element_type=\"column\" data-e-type=\"column\">\n\t\t\t<div class=\"elementor-widget-wrap elementor-element-populated\">\n\t\t\t\t\t\t<div class=\"elementor-element elementor-element-5804cb6 elementor-widget elementor-widget-image\" data-id=\"5804cb6\" data-element_type=\"widget\" data-e-type=\"widget\" data-widget_type=\"image.default\">\n\t\t\t\t<div class=\"elementor-widget-container\">\n\t\t\t\t\t\t\t\t\t\t\t\t\t\t\t<img fetchpriority=\"high\" decoding=\"async\" width=\"1024\" height=\"134\" src=\"https:\/\/ninalynn.nl\/wp-content\/uploads\/2021\/06\/Schermafbeelding-2021-06-07-om-13.31.42-1024x134.png\" class=\"attachment-large size-large wp-image-3774\" alt=\"\" srcset=\"https:\/\/ninalynn.nl\/wp-content\/uploads\/2021\/06\/Schermafbeelding-2021-06-07-om-13.31.42-1024x134.png 1024w, https:\/\/ninalynn.nl\/wp-content\/uploads\/2021\/06\/Schermafbeelding-2021-06-07-om-13.31.42-600x79.png 600w, https:\/\/ninalynn.nl\/wp-content\/uploads\/2021\/06\/Schermafbeelding-2021-06-07-om-13.31.42-300x39.png 300w, https:\/\/ninalynn.nl\/wp-content\/uploads\/2021\/06\/Schermafbeelding-2021-06-07-om-13.31.42-768x101.png 768w, https:\/\/ninalynn.nl\/wp-content\/uploads\/2021\/06\/Schermafbeelding-2021-06-07-om-13.31.42-1536x201.png 1536w, https:\/\/ninalynn.nl\/wp-content\/uploads\/2021\/06\/Schermafbeelding-2021-06-07-om-13.31.42-2048x268.png 2048w, https:\/\/ninalynn.nl\/wp-content\/uploads\/2021\/06\/Schermafbeelding-2021-06-07-om-13.31.42-16x2.png 16w, https:\/\/ninalynn.nl\/wp-content\/uploads\/2021\/06\/Schermafbeelding-2021-06-07-om-13.31.42-500x65.png 500w, https:\/\/ninalynn.nl\/wp-content\/uploads\/2021\/06\/Schermafbeelding-2021-06-07-om-13.31.42-800x105.png 800w, https:\/\/ninalynn.nl\/wp-content\/uploads\/2021\/06\/Schermafbeelding-2021-06-07-om-13.31.42-1280x168.png 1280w, https:\/\/ninalynn.nl\/wp-content\/uploads\/2021\/06\/Schermafbeelding-2021-06-07-om-13.31.42-1920x251.png 1920w\" sizes=\"(max-width: 1024px) 100vw, 1024px\" \/>\t\t\t\t\t\t\t\t\t\t\t\t\t\t\t<\/div>\n\t\t\t\t<\/div>\n\t\t\t\t\t<\/div>\n\t\t<\/div>\n\t\t\t\t\t<\/div>\n\t\t<\/section>\n\t\t\t\t<section class=\"elementor-section elementor-top-section elementor-element elementor-element-9829ee3 elementor-section-boxed elementor-section-height-default elementor-section-height-default\" data-id=\"9829ee3\" data-element_type=\"section\" data-e-type=\"section\">\n\t\t\t\t\t\t<div class=\"elementor-container elementor-column-gap-default\">\n\t\t\t\t\t<div class=\"elementor-column elementor-col-33 elementor-top-column elementor-element elementor-element-6f08827\" data-id=\"6f08827\" data-element_type=\"column\" data-e-type=\"column\">\n\t\t\t<div class=\"elementor-widget-wrap\">\n\t\t\t\t\t\t\t<\/div>\n\t\t<\/div>\n\t\t\t\t<div class=\"elementor-column elementor-col-33 elementor-top-column elementor-element elementor-element-8f0c84f\" data-id=\"8f0c84f\" data-element_type=\"column\" data-e-type=\"column\">\n\t\t\t<div class=\"elementor-widget-wrap elementor-element-populated\">\n\t\t\t\t\t\t<div class=\"elementor-element elementor-element-1a5ac7f elementor-widget elementor-widget-text-editor\" data-id=\"1a5ac7f\" data-element_type=\"widget\" data-e-type=\"widget\" data-widget_type=\"text-editor.default\">\n\t\t\t\t<div class=\"elementor-widget-container\">\n\t\t\t\t\t\t\t\t\t<p style=\"text-align: center;\"><span style=\"font-weight: 400;\">Sehen sie mich an?\u00a0<\/span><\/p><p style=\"text-align: center;\"><span style=\"font-weight: 400;\">Was sollte ich tun?\u00a0<\/span><\/p><p style=\"text-align: center;\"><span style=\"font-weight: 400;\">Darf ich anfangen zu tanzen?\u00a0<\/span><\/p><p style=\"text-align: center;\"><span style=\"font-weight: 400;\">Zu dieser sch\u00f6nen Melodie?\u00a0<\/span><\/p><p style=\"text-align: center;\">\u00a0<\/p><p style=\"text-align: center;\"><span style=\"font-weight: 400;\">Werden sie mich kritisieren,\u00a0<\/span><\/p><p style=\"text-align: center;\"><span style=\"font-weight: 400;\">Hinter meinem R\u00fccken?\u00a0<\/span><\/p><p style=\"text-align: center;\"><span style=\"font-weight: 400;\">Oder mich einsam lassen<\/span><\/p><p style=\"text-align: center;\"><span style=\"font-weight: 400;\">Wenn ich nicht das bin, was sie erwarten?\u00a0<\/span><\/p><p style=\"text-align: center;\">\u00a0<\/p><p style=\"text-align: center;\"><span style=\"font-weight: 400;\">Ich w\u00fcnschte, ich k\u00f6nnte \u00fcberall sein und w\u00e4re trotzdem zu Hause<\/span><\/p><p style=\"text-align: center;\"><span style=\"font-weight: 400;\">Wie ein Anh\u00e4nger, den ich mitnehme, wenn ich gehe<\/span><\/p><p style=\"text-align: center;\"><span style=\"font-weight: 400;\">Wie ein Blick durch Glas, das die Welt wie eine Rose f\u00e4rbt<\/span><\/p><p style=\"text-align: center;\"><span style=\"font-weight: 400;\">Das Herz ist mein Zuhause<\/span><\/p><p style=\"text-align: center;\">\u00a0<\/p><p style=\"text-align: center;\"><span style=\"font-weight: 400;\">Ich konnte die Blumen riechen<\/span><\/p><p style=\"text-align: center;\"><span style=\"font-weight: 400;\">Unten an der Stra\u00dfe<\/span><\/p><p style=\"text-align: center;\"><span style=\"font-weight: 400;\">Aber ich habe mein Gleichgewicht verloren<\/span><\/p><p style=\"text-align: center;\"><span style=\"font-weight: 400;\">Denn ich dachte, sie h\u00e4tten das Seil gezogen<\/span><\/p><p style=\"text-align: center;\">\u00a0<\/p><p style=\"text-align: center;\"><span style=\"font-weight: 400;\">Ich w\u00fcnschte, ich k\u00f6nnte \u00fcberall sein und w\u00e4re trotzdem zu Hause<\/span><\/p><p style=\"text-align: center;\"><span style=\"font-weight: 400;\">Wie ein Anh\u00e4nger, den ich mitnehme, wenn ich gehe<\/span><\/p><p style=\"text-align: center;\"><span style=\"font-weight: 400;\">Wie ein Blick durch Glas, das die Welt wie eine Rose f\u00e4rbt<\/span><\/p><p style=\"text-align: center;\"><span style=\"font-weight: 400;\">Das Herz ist mein Zuhause<\/span><\/p><p style=\"text-align: center;\">\u00a0<\/p><p style=\"text-align: center;\"><span style=\"font-weight: 400;\">Zu einem Ball zusammengerollt\u00a0<\/span><\/p><p style=\"text-align: center;\"><span style=\"font-weight: 400;\">Und kletterte in mein Herz<\/span><\/p><p style=\"text-align: center;\"><span style=\"font-weight: 400;\">Jetzt bin ich standfest und gro\u00df<\/span><\/p><p style=\"text-align: center;\"><span style=\"font-weight: 400;\">Sie k\u00f6nnen mich nicht zerrei\u00dfen<\/span><\/p><p style=\"text-align: center;\">\u00a0<\/p><p style=\"text-align: center;\"><span style=\"font-weight: 400;\">Jetzt kann ich \u00fcberall sein und bin trotzdem zu Hause.<\/span><\/p><p style=\"text-align: center;\"><span style=\"font-weight: 400;\">Wie ein Anh\u00e4nger, den ich mitnehme, wenn ich gehe<\/span><\/p><p style=\"text-align: center;\"><span style=\"font-weight: 400;\">Wie ein Blick durch Glas, das die Welt wie eine Rose f\u00e4rbt<\/span><\/p><p style=\"text-align: center;\"><span style=\"font-weight: 400;\">Das Herz ist mein Zuhause<\/span><\/p><p style=\"text-align: center;\"><br \/><br \/><br \/><\/p>\t\t\t\t\t\t\t\t<\/div>\n\t\t\t\t<\/div>\n\t\t\t\t\t<\/div>\n\t\t<\/div>\n\t\t\t\t<div class=\"elementor-column elementor-col-33 elementor-top-column elementor-element elementor-element-6a7e2f1\" data-id=\"6a7e2f1\" data-element_type=\"column\" data-e-type=\"column\">\n\t\t\t<div class=\"elementor-widget-wrap\">\n\t\t\t\t\t\t\t<\/div>\n\t\t<\/div>\n\t\t\t\t\t<\/div>\n\t\t<\/section>\n\t\t\t\t<section class=\"elementor-section elementor-top-section elementor-element elementor-element-4d32e15 elementor-section-boxed elementor-section-height-default elementor-section-height-default\" data-id=\"4d32e15\" data-element_type=\"section\" data-e-type=\"section\">\n\t\t\t\t\t\t<div class=\"elementor-container elementor-column-gap-default\">\n\t\t\t\t\t<div class=\"elementor-column elementor-col-33 elementor-top-column elementor-element elementor-element-9228dbb\" data-id=\"9228dbb\" data-element_type=\"column\" data-e-type=\"column\">\n\t\t\t<div class=\"elementor-widget-wrap elementor-element-populated\">\n\t\t\t\t\t\t<div class=\"elementor-element elementor-element-a38012e elementor-align-center elementor-widget elementor-widget-button\" data-id=\"a38012e\" data-element_type=\"widget\" data-e-type=\"widget\" data-widget_type=\"button.default\">\n\t\t\t\t<div class=\"elementor-widget-container\">\n\t\t\t\t\t\t\t\t\t<div class=\"elementor-button-wrapper\">\n\t\t\t\t\t<a class=\"elementor-button elementor-button-link elementor-size-sm\" href=\"https:\/\/ninalynn.nl\/de\/spirit-guide\/\">\n\t\t\t\t\t\t<span class=\"elementor-button-content-wrapper\">\n\t\t\t\t\t\t<span class=\"elementor-button-icon\">\n\t\t\t\t<i aria-hidden=\"true\" class=\"fas fa-angle-double-left\"><\/i>\t\t\t<\/span>\n\t\t\t\t\t\t\t\t<\/span>\n\t\t\t\t\t<\/a>\n\t\t\t\t<\/div>\n\t\t\t\t\t\t\t\t<\/div>\n\t\t\t\t<\/div>\n\t\t\t\t\t<\/div>\n\t\t<\/div>\n\t\t\t\t<div class=\"elementor-column elementor-col-33 elementor-top-column elementor-element elementor-element-25ab8bf\" data-id=\"25ab8bf\" data-element_type=\"column\" data-e-type=\"column\">\n\t\t\t<div class=\"elementor-widget-wrap elementor-element-populated\">\n\t\t\t\t\t\t<div class=\"elementor-element elementor-element-0359f65 elementor-align-center elementor-widget elementor-widget-button\" data-id=\"0359f65\" data-element_type=\"widget\" data-e-type=\"widget\" data-widget_type=\"button.default\">\n\t\t\t\t<div class=\"elementor-widget-container\">\n\t\t\t\t\t\t\t\t\t<div class=\"elementor-button-wrapper\">\n\t\t\t\t\t<a class=\"elementor-button elementor-button-link elementor-size-sm\" href=\"https:\/\/ninalynn.nl\/de\/songteksten\/\">\n\t\t\t\t\t\t<span class=\"elementor-button-content-wrapper\">\n\t\t\t\t\t\t\t\t\t<span class=\"elementor-button-text\">Zur\u00fcck zur \u00dcbersicht<\/span>\n\t\t\t\t\t<\/span>\n\t\t\t\t\t<\/a>\n\t\t\t\t<\/div>\n\t\t\t\t\t\t\t\t<\/div>\n\t\t\t\t<\/div>\n\t\t\t\t\t<\/div>\n\t\t<\/div>\n\t\t\t\t<div class=\"elementor-column elementor-col-33 elementor-top-column elementor-element elementor-element-09f0b97\" data-id=\"09f0b97\" data-element_type=\"column\" data-e-type=\"column\">\n\t\t\t<div class=\"elementor-widget-wrap\">\n\t\t\t\t\t\t\t<\/div>\n\t\t<\/div>\n\t\t\t\t\t<\/div>\n\t\t<\/section>\n\t\t\t\t<\/div>","protected":false},"excerpt":{"rendered":"<p>Are they looking at me?\u00a0 What should I do?\u00a0 Can I start dancing?\u00a0 To this lovely tune?\u00a0 \u00a0 Will they criticize me,\u00a0 Behind my back?\u00a0 Or leave me lonely If I\u2019m not what they expect?\u00a0 \u00a0 Wish I could be anywhere and still be at home Like a trailer I take with me when I [&hellip;]<\/p>\n","protected":false},"author":1,"featured_media":0,"parent":0,"menu_order":0,"comment_status":"closed","ping_status":"closed","template":"","meta":{"site-sidebar-layout":"default","site-content-layout":"","ast-site-content-layout":"default","site-content-style":"default","site-sidebar-style":"default","ast-global-header-display":"","ast-banner-title-visibility":"","ast-main-header-display":"","ast-hfb-above-header-display":"","ast-hfb-below-header-display":"","ast-hfb-mobile-header-display":"","site-post-title":"","ast-breadcrumbs-content":"","ast-featured-img":"","footer-sml-layout":"","ast-disable-related-posts":"","theme-transparent-header-meta":"","adv-header-id-meta":"","stick-header-meta":"","header-above-stick-meta":"","header-main-stick-meta":"","header-below-stick-meta":"","astra-migrate-meta-layouts":"default","ast-page-background-enabled":"default","ast-page-background-meta":{"desktop":{"background-color":"var(--ast-global-color-4)","background-image":"","background-repeat":"repeat","background-position":"center center","background-size":"auto","background-attachment":"scroll","background-type":"","background-media":"","overlay-type":"","overlay-color":"","overlay-opacity":"","overlay-gradient":""},"tablet":{"background-color":"","background-image":"","background-repeat":"repeat","background-position":"center center","background-size":"auto","background-attachment":"scroll","background-type":"","background-media":"","overlay-type":"","overlay-color":"","overlay-opacity":"","overlay-gradient":""},"mobile":{"background-color":"","background-image":"","background-repeat":"repeat","background-position":"center center","background-size":"auto","background-attachment":"scroll","background-type":"","background-media":"","overlay-type":"","overlay-color":"","overlay-opacity":"","overlay-gradient":""}},"ast-content-background-meta":{"desktop":{"background-color":"var(--ast-global-color-5)","background-image":"","background-repeat":"repeat","background-position":"center center","background-size":"auto","background-attachment":"scroll","background-type":"","background-media":"","overlay-type":"","overlay-color":"","overlay-opacity":"","overlay-gradient":""},"tablet":{"background-color":"var(--ast-global-color-5)","background-image":"","background-repeat":"repeat","background-position":"center center","background-size":"auto","background-attachment":"scroll","background-type":"","background-media":"","overlay-type":"","overlay-color":"","overlay-opacity":"","overlay-gradient":""},"mobile":{"background-color":"var(--ast-global-color-5)","background-image":"","background-repeat":"repeat","background-position":"center center","background-size":"auto","background-attachment":"scroll","background-type":"","background-media":"","overlay-type":"","overlay-color":"","overlay-opacity":"","overlay-gradient":""}},"footnotes":""},"class_list":["post-3772","page","type-page","status-publish","hentry"],"aioseo_notices":[],"_links":{"self":[{"href":"https:\/\/ninalynn.nl\/de\/wp-json\/wp\/v2\/pages\/3772","targetHints":{"allow":["GET"]}}],"collection":[{"href":"https:\/\/ninalynn.nl\/de\/wp-json\/wp\/v2\/pages"}],"about":[{"href":"https:\/\/ninalynn.nl\/de\/wp-json\/wp\/v2\/types\/page"}],"author":[{"embeddable":true,"href":"https:\/\/ninalynn.nl\/de\/wp-json\/wp\/v2\/users\/1"}],"replies":[{"embeddable":true,"href":"https:\/\/ninalynn.nl\/de\/wp-json\/wp\/v2\/comments?post=3772"}],"version-history":[{"count":0,"href":"https:\/\/ninalynn.nl\/de\/wp-json\/wp\/v2\/pages\/3772\/revisions"}],"wp:attachment":[{"href":"https:\/\/ninalynn.nl\/de\/wp-json\/wp\/v2\/media?parent=3772"}],"curies":[{"name":"wp","href":"https:\/\/api.w.org\/{rel}","templated":true}]}}