{"id":3755,"date":"2021-06-07T12:25:10","date_gmt":"2021-06-07T11:25:10","guid":{"rendered":"https:\/\/ninalynn.nl\/?page_id=3755"},"modified":"2021-06-07T12:37:00","modified_gmt":"2021-06-07T11:37:00","slug":"spirit-guide","status":"publish","type":"page","link":"https:\/\/ninalynn.nl\/de\/spirit-guide\/","title":{"rendered":"Geistf\u00fchrer"},"content":{"rendered":"<div data-elementor-type=\"wp-page\" data-elementor-id=\"3755\" class=\"elementor elementor-3755\" data-elementor-post-type=\"page\">\n\t\t\t\t\t\t<section class=\"elementor-section elementor-top-section elementor-element elementor-element-4b191a7 elementor-section-boxed elementor-section-height-default elementor-section-height-default\" data-id=\"4b191a7\" data-element_type=\"section\" data-e-type=\"section\">\n\t\t\t\t\t\t<div class=\"elementor-container elementor-column-gap-default\">\n\t\t\t\t\t<div class=\"elementor-column elementor-col-100 elementor-top-column elementor-element elementor-element-4bcd508\" data-id=\"4bcd508\" data-element_type=\"column\" data-e-type=\"column\">\n\t\t\t<div class=\"elementor-widget-wrap elementor-element-populated\">\n\t\t\t\t\t\t<div class=\"elementor-element elementor-element-aa8fd15 elementor-widget elementor-widget-image\" data-id=\"aa8fd15\" data-element_type=\"widget\" data-e-type=\"widget\" data-widget_type=\"image.default\">\n\t\t\t\t<div class=\"elementor-widget-container\">\n\t\t\t\t\t\t\t\t\t\t\t\t\t\t\t<img fetchpriority=\"high\" decoding=\"async\" width=\"1024\" height=\"177\" src=\"https:\/\/ninalynn.nl\/wp-content\/uploads\/2021\/06\/Schermafbeelding-2021-06-07-om-13.26.02-1024x177.png\" class=\"attachment-large size-large wp-image-3758\" alt=\"\" srcset=\"https:\/\/ninalynn.nl\/wp-content\/uploads\/2021\/06\/Schermafbeelding-2021-06-07-om-13.26.02-1024x177.png 1024w, https:\/\/ninalynn.nl\/wp-content\/uploads\/2021\/06\/Schermafbeelding-2021-06-07-om-13.26.02-600x104.png 600w, https:\/\/ninalynn.nl\/wp-content\/uploads\/2021\/06\/Schermafbeelding-2021-06-07-om-13.26.02-300x52.png 300w, https:\/\/ninalynn.nl\/wp-content\/uploads\/2021\/06\/Schermafbeelding-2021-06-07-om-13.26.02-768x133.png 768w, https:\/\/ninalynn.nl\/wp-content\/uploads\/2021\/06\/Schermafbeelding-2021-06-07-om-13.26.02-1536x266.png 1536w, https:\/\/ninalynn.nl\/wp-content\/uploads\/2021\/06\/Schermafbeelding-2021-06-07-om-13.26.02-2048x355.png 2048w, https:\/\/ninalynn.nl\/wp-content\/uploads\/2021\/06\/Schermafbeelding-2021-06-07-om-13.26.02-16x3.png 16w, https:\/\/ninalynn.nl\/wp-content\/uploads\/2021\/06\/Schermafbeelding-2021-06-07-om-13.26.02-500x87.png 500w, https:\/\/ninalynn.nl\/wp-content\/uploads\/2021\/06\/Schermafbeelding-2021-06-07-om-13.26.02-800x139.png 800w, https:\/\/ninalynn.nl\/wp-content\/uploads\/2021\/06\/Schermafbeelding-2021-06-07-om-13.26.02-1280x222.png 1280w, https:\/\/ninalynn.nl\/wp-content\/uploads\/2021\/06\/Schermafbeelding-2021-06-07-om-13.26.02-1920x333.png 1920w\" sizes=\"(max-width: 1024px) 100vw, 1024px\" \/>\t\t\t\t\t\t\t\t\t\t\t\t\t\t\t<\/div>\n\t\t\t\t<\/div>\n\t\t\t\t\t<\/div>\n\t\t<\/div>\n\t\t\t\t\t<\/div>\n\t\t<\/section>\n\t\t\t\t<section class=\"elementor-section elementor-top-section elementor-element elementor-element-96b72ef elementor-section-boxed elementor-section-height-default elementor-section-height-default\" data-id=\"96b72ef\" data-element_type=\"section\" data-e-type=\"section\">\n\t\t\t\t\t\t<div class=\"elementor-container elementor-column-gap-default\">\n\t\t\t\t\t<div class=\"elementor-column elementor-col-33 elementor-top-column elementor-element elementor-element-94e2da5\" data-id=\"94e2da5\" data-element_type=\"column\" data-e-type=\"column\">\n\t\t\t<div class=\"elementor-widget-wrap\">\n\t\t\t\t\t\t\t<\/div>\n\t\t<\/div>\n\t\t\t\t<div class=\"elementor-column elementor-col-33 elementor-top-column elementor-element elementor-element-89bb191\" data-id=\"89bb191\" data-element_type=\"column\" data-e-type=\"column\">\n\t\t\t<div class=\"elementor-widget-wrap elementor-element-populated\">\n\t\t\t\t\t\t<div class=\"elementor-element elementor-element-66f46b6 elementor-widget elementor-widget-text-editor\" data-id=\"66f46b6\" data-element_type=\"widget\" data-e-type=\"widget\" data-widget_type=\"text-editor.default\">\n\t\t\t\t<div class=\"elementor-widget-container\">\n\t\t\t\t\t\t\t\t\t<p style=\"text-align: center;\"><span style=\"font-weight: 400;\">Ich bin ein Schmetterling<\/span><\/p><p style=\"text-align: center;\"><span style=\"font-weight: 400;\">Ich bin gerade aus meiner Puppe geschl\u00fcpft<\/span><\/p><p style=\"text-align: center;\"><span style=\"font-weight: 400;\">Aber ich kann mich nicht so leicht an Ver\u00e4nderungen anpassen, und ich bin nicht so fr\u00f6hlich.<\/span><\/p><p style=\"text-align: center;\"><span style=\"font-weight: 400;\">Und deshalb wei\u00df ich, dass der Schmetterling nicht ich ist<\/span><\/p><p style=\"text-align: center;\">\u00a0<\/p><p style=\"text-align: center;\"><span style=\"font-weight: 400;\">Ich bin ein einsamer Wolf\u00a0<\/span><\/p><p style=\"text-align: center;\"><span style=\"font-weight: 400;\">Ich lebe frei mit meinen eigenen Instinkten<\/span><\/p><p style=\"text-align: center;\"><span style=\"font-weight: 400;\">Aber ich habe nicht das Zeug dazu, ewig einsam zu sein<\/span><\/p><p style=\"text-align: center;\"><span style=\"font-weight: 400;\">Und deshalb wei\u00df ich, dass der einsame Wolf nicht ich bin<\/span><\/p><p style=\"text-align: center;\">\u00a0<\/p><p style=\"text-align: center;\"><span style=\"font-weight: 400;\">Wenn alle Stra\u00dfen offen sind<\/span><\/p><p style=\"text-align: center;\"><span style=\"font-weight: 400;\">Wohin soll ich dann gehen?\u00a0<\/span><\/p><p style=\"text-align: center;\"><span style=\"font-weight: 400;\">Es gibt tausend Schicksale zu verfolgen<\/span><\/p><p style=\"text-align: center;\"><span style=\"font-weight: 400;\">Aber wie kann ich wissen<\/span><\/p><p style=\"text-align: center;\"><span style=\"font-weight: 400;\">Welches ist meins?\u00a0<\/span><\/p><p style=\"text-align: center;\">\u00a0<\/p><p style=\"text-align: center;\"><span style=\"font-weight: 400;\">Also \u00e4ndere ich meine Meinung und gehe wieder zur\u00fcck.<\/span><\/p><p style=\"text-align: center;\"><span style=\"font-weight: 400;\">Ich gestalte mein Leben in eine neue Richtung<\/span><\/p><p style=\"text-align: center;\"><span style=\"font-weight: 400;\">Oh, ich \u00e4ndere meine Meinung und gehe wieder zur\u00fcck<\/span><\/p><p style=\"text-align: center;\"><span style=\"font-weight: 400;\">Ich gestalte mein Leben in eine neue Richtung<\/span><\/p><p style=\"text-align: center;\"><span style=\"font-weight: 400;\">Der Geist f\u00fchrt mich<\/span><\/p><p style=\"text-align: center;\">\u00a0<\/p><p style=\"text-align: center;\"><span style=\"font-weight: 400;\">Ich bin ein fliegender Falke<\/span><\/p><p style=\"text-align: center;\"><span style=\"font-weight: 400;\">Barmherzigkeit ist mein Reich<\/span><\/p><p style=\"text-align: center;\"><span style=\"font-weight: 400;\">Aber ich habe keine Visionen, die mir sagen, wo ich hingehen soll<\/span><\/p><p style=\"text-align: center;\"><span style=\"font-weight: 400;\">Und deshalb wei\u00df ich, dass der fliegende Falke nicht ich ist<\/span><\/p><p style=\"text-align: center;\">\u00a0<\/p><p style=\"text-align: center;\"><span style=\"font-weight: 400;\">Wenn alle Stra\u00dfen offen sind<\/span><\/p><p style=\"text-align: center;\"><span style=\"font-weight: 400;\">Wohin soll ich dann gehen?\u00a0<\/span><\/p><p style=\"text-align: center;\"><span style=\"font-weight: 400;\">Es gibt tausend Schicksale zu verfolgen<\/span><\/p><p style=\"text-align: center;\"><span style=\"font-weight: 400;\">Aber wie kann ich wissen<\/span><\/p><p style=\"text-align: center;\"><span style=\"font-weight: 400;\">Welches ist meins?\u00a0<\/span><\/p><p style=\"text-align: center;\"><span style=\"font-weight: 400;\">\u00a0<\/span><\/p><p style=\"text-align: center;\"><span style=\"font-weight: 400;\">Also \u00e4ndere ich meine Meinung und gehe wieder zur\u00fcck.<\/span><\/p><p style=\"text-align: center;\"><span style=\"font-weight: 400;\">Ich gestalte mein Leben in eine neue Richtung<\/span><\/p><p style=\"text-align: center;\"><span style=\"font-weight: 400;\">Oh, ich \u00e4ndere meine Meinung und gehe wieder zur\u00fcck<\/span><\/p><p style=\"text-align: center;\"><span style=\"font-weight: 400;\">Ich gestalte mein Leben in eine neue Richtung<\/span><\/p><p style=\"text-align: center;\"><span style=\"font-weight: 400;\">Der Geist f\u00fchrt mich<\/span><\/p><p style=\"text-align: center;\">\u00a0<\/p><p style=\"text-align: center;\"><span style=\"font-weight: 400;\">Die einzige Art, die ich kenne, die sich so schnell ver\u00e4ndert, ist ein Kolibri (Hummingbird)<\/span><\/p><p style=\"text-align: center;\"><span style=\"font-weight: 400;\">Denn wenn er eine Blume riecht, kann er sogar r\u00fcckw\u00e4rts fliegen (r\u00fcckw\u00e4rts fliegen)<\/span><\/p><p style=\"text-align: center;\"><span style=\"font-weight: 400;\">Es k\u00fcmmert sich nicht um eine einfache Stra\u00dfe, es schwimmt einfach mit dem Strom<\/span><\/p><p style=\"text-align: center;\"><span style=\"font-weight: 400;\">Sich ein bisschen weniger um die Stra\u00dfe zu k\u00fcmmern, einfach die Liebe zu verbreiten, ich sch\u00e4tze, ich muss lernen (ich muss lernen)<\/span><\/p><p style=\"text-align: center;\">\u00a0<\/p><p style=\"text-align: center;\"><span style=\"font-weight: 400;\">Also \u00e4ndere ich meine Meinung und gehe wieder zur\u00fcck.<\/span><\/p><p style=\"text-align: center;\"><span style=\"font-weight: 400;\">Ich gestalte mein Leben in eine neue Richtung<\/span><\/p><p style=\"text-align: center;\"><span style=\"font-weight: 400;\">Oh, ich \u00e4ndere meine Meinung und gehe wieder zur\u00fcck<\/span><\/p><p style=\"text-align: center;\"><span style=\"font-weight: 400;\">Ich gestalte mein Leben in eine neue Richtung<\/span><\/p><p style=\"text-align: center;\"><span style=\"font-weight: 400;\">Der Geist f\u00fchrt mich<\/span><\/p>\t\t\t\t\t\t\t\t<\/div>\n\t\t\t\t<\/div>\n\t\t\t\t\t<\/div>\n\t\t<\/div>\n\t\t\t\t<div class=\"elementor-column elementor-col-33 elementor-top-column elementor-element elementor-element-582b588\" data-id=\"582b588\" data-element_type=\"column\" data-e-type=\"column\">\n\t\t\t<div class=\"elementor-widget-wrap\">\n\t\t\t\t\t\t\t<\/div>\n\t\t<\/div>\n\t\t\t\t\t<\/div>\n\t\t<\/section>\n\t\t\t\t<section class=\"elementor-section elementor-top-section elementor-element elementor-element-3456521 elementor-section-boxed elementor-section-height-default elementor-section-height-default\" data-id=\"3456521\" data-element_type=\"section\" data-e-type=\"section\">\n\t\t\t\t\t\t<div class=\"elementor-container elementor-column-gap-default\">\n\t\t\t\t\t<div class=\"elementor-column elementor-col-33 elementor-top-column elementor-element elementor-element-cd922f3\" data-id=\"cd922f3\" data-element_type=\"column\" data-e-type=\"column\">\n\t\t\t<div class=\"elementor-widget-wrap elementor-element-populated\">\n\t\t\t\t\t\t<div class=\"elementor-element elementor-element-0a08c97 elementor-align-center elementor-widget elementor-widget-button\" data-id=\"0a08c97\" data-element_type=\"widget\" data-e-type=\"widget\" data-widget_type=\"button.default\">\n\t\t\t\t<div class=\"elementor-widget-container\">\n\t\t\t\t\t\t\t\t\t<div class=\"elementor-button-wrapper\">\n\t\t\t\t\t<a class=\"elementor-button elementor-button-link elementor-size-sm\" href=\"https:\/\/ninalynn.nl\/de\/seasons\/\">\n\t\t\t\t\t\t<span class=\"elementor-button-content-wrapper\">\n\t\t\t\t\t\t<span class=\"elementor-button-icon\">\n\t\t\t\t<i aria-hidden=\"true\" class=\"fas fa-angle-double-left\"><\/i>\t\t\t<\/span>\n\t\t\t\t\t\t\t\t<\/span>\n\t\t\t\t\t<\/a>\n\t\t\t\t<\/div>\n\t\t\t\t\t\t\t\t<\/div>\n\t\t\t\t<\/div>\n\t\t\t\t\t<\/div>\n\t\t<\/div>\n\t\t\t\t<div class=\"elementor-column elementor-col-33 elementor-top-column elementor-element elementor-element-7aae3b0\" data-id=\"7aae3b0\" data-element_type=\"column\" data-e-type=\"column\">\n\t\t\t<div class=\"elementor-widget-wrap elementor-element-populated\">\n\t\t\t\t\t\t<div class=\"elementor-element elementor-element-213774e elementor-align-center elementor-widget elementor-widget-button\" data-id=\"213774e\" data-element_type=\"widget\" data-e-type=\"widget\" data-widget_type=\"button.default\">\n\t\t\t\t<div class=\"elementor-widget-container\">\n\t\t\t\t\t\t\t\t\t<div class=\"elementor-button-wrapper\">\n\t\t\t\t\t<a class=\"elementor-button elementor-button-link elementor-size-sm\" href=\"https:\/\/ninalynn.nl\/de\/songteksten\/\">\n\t\t\t\t\t\t<span class=\"elementor-button-content-wrapper\">\n\t\t\t\t\t\t\t\t\t<span class=\"elementor-button-text\">Zur\u00fcck zur \u00dcbersicht<\/span>\n\t\t\t\t\t<\/span>\n\t\t\t\t\t<\/a>\n\t\t\t\t<\/div>\n\t\t\t\t\t\t\t\t<\/div>\n\t\t\t\t<\/div>\n\t\t\t\t\t<\/div>\n\t\t<\/div>\n\t\t\t\t<div class=\"elementor-column elementor-col-33 elementor-top-column elementor-element elementor-element-2ef4a33\" data-id=\"2ef4a33\" data-element_type=\"column\" data-e-type=\"column\">\n\t\t\t<div class=\"elementor-widget-wrap elementor-element-populated\">\n\t\t\t\t\t\t<div class=\"elementor-element elementor-element-ece8f2a elementor-align-center elementor-widget elementor-widget-button\" data-id=\"ece8f2a\" data-element_type=\"widget\" data-e-type=\"widget\" data-widget_type=\"button.default\">\n\t\t\t\t<div class=\"elementor-widget-container\">\n\t\t\t\t\t\t\t\t\t<div class=\"elementor-button-wrapper\">\n\t\t\t\t\t<a class=\"elementor-button elementor-button-link elementor-size-sm\" href=\"https:\/\/ninalynn.nl\/de\/home\/\">\n\t\t\t\t\t\t<span class=\"elementor-button-content-wrapper\">\n\t\t\t\t\t\t<span class=\"elementor-button-icon\">\n\t\t\t\t<i aria-hidden=\"true\" class=\"fas fa-angle-double-right\"><\/i>\t\t\t<\/span>\n\t\t\t\t\t\t\t\t<\/span>\n\t\t\t\t\t<\/a>\n\t\t\t\t<\/div>\n\t\t\t\t\t\t\t\t<\/div>\n\t\t\t\t<\/div>\n\t\t\t\t\t<\/div>\n\t\t<\/div>\n\t\t\t\t\t<\/div>\n\t\t<\/section>\n\t\t\t\t<\/div>","protected":false},"excerpt":{"rendered":"<p>I am a butterfly I just got out of my chrysalis But I can\u2019t adapt to changes as easily, or gleefully And that\u2019s why I know that butterfly ain\u2019t me \u00a0 I am a lonely wolf\u00a0 I live free with my own instincts But I don\u2019t have it in me to be lonely, for an [&hellip;]<\/p>\n","protected":false},"author":1,"featured_media":0,"parent":0,"menu_order":0,"comment_status":"closed","ping_status":"closed","template":"","meta":{"site-sidebar-layout":"default","site-content-layout":"","ast-site-content-layout":"default","site-content-style":"default","site-sidebar-style":"default","ast-global-header-display":"","ast-banner-title-visibility":"","ast-main-header-display":"","ast-hfb-above-header-display":"","ast-hfb-below-header-display":"","ast-hfb-mobile-header-display":"","site-post-title":"","ast-breadcrumbs-content":"","ast-featured-img":"","footer-sml-layout":"","ast-disable-related-posts":"","theme-transparent-header-meta":"","adv-header-id-meta":"","stick-header-meta":"","header-above-stick-meta":"","header-main-stick-meta":"","header-below-stick-meta":"","astra-migrate-meta-layouts":"default","ast-page-background-enabled":"default","ast-page-background-meta":{"desktop":{"background-color":"var(--ast-global-color-4)","background-image":"","background-repeat":"repeat","background-position":"center center","background-size":"auto","background-attachment":"scroll","background-type":"","background-media":"","overlay-type":"","overlay-color":"","overlay-opacity":"","overlay-gradient":""},"tablet":{"background-color":"","background-image":"","background-repeat":"repeat","background-position":"center center","background-size":"auto","background-attachment":"scroll","background-type":"","background-media":"","overlay-type":"","overlay-color":"","overlay-opacity":"","overlay-gradient":""},"mobile":{"background-color":"","background-image":"","background-repeat":"repeat","background-position":"center center","background-size":"auto","background-attachment":"scroll","background-type":"","background-media":"","overlay-type":"","overlay-color":"","overlay-opacity":"","overlay-gradient":""}},"ast-content-background-meta":{"desktop":{"background-color":"var(--ast-global-color-5)","background-image":"","background-repeat":"repeat","background-position":"center center","background-size":"auto","background-attachment":"scroll","background-type":"","background-media":"","overlay-type":"","overlay-color":"","overlay-opacity":"","overlay-gradient":""},"tablet":{"background-color":"var(--ast-global-color-5)","background-image":"","background-repeat":"repeat","background-position":"center center","background-size":"auto","background-attachment":"scroll","background-type":"","background-media":"","overlay-type":"","overlay-color":"","overlay-opacity":"","overlay-gradient":""},"mobile":{"background-color":"var(--ast-global-color-5)","background-image":"","background-repeat":"repeat","background-position":"center center","background-size":"auto","background-attachment":"scroll","background-type":"","background-media":"","overlay-type":"","overlay-color":"","overlay-opacity":"","overlay-gradient":""}},"footnotes":""},"class_list":["post-3755","page","type-page","status-publish","hentry"],"aioseo_notices":[],"_links":{"self":[{"href":"https:\/\/ninalynn.nl\/de\/wp-json\/wp\/v2\/pages\/3755","targetHints":{"allow":["GET"]}}],"collection":[{"href":"https:\/\/ninalynn.nl\/de\/wp-json\/wp\/v2\/pages"}],"about":[{"href":"https:\/\/ninalynn.nl\/de\/wp-json\/wp\/v2\/types\/page"}],"author":[{"embeddable":true,"href":"https:\/\/ninalynn.nl\/de\/wp-json\/wp\/v2\/users\/1"}],"replies":[{"embeddable":true,"href":"https:\/\/ninalynn.nl\/de\/wp-json\/wp\/v2\/comments?post=3755"}],"version-history":[{"count":0,"href":"https:\/\/ninalynn.nl\/de\/wp-json\/wp\/v2\/pages\/3755\/revisions"}],"wp:attachment":[{"href":"https:\/\/ninalynn.nl\/de\/wp-json\/wp\/v2\/media?parent=3755"}],"curies":[{"name":"wp","href":"https:\/\/api.w.org\/{rel}","templated":true}]}}