{"id":3710,"date":"2021-06-07T12:07:55","date_gmt":"2021-06-07T11:07:55","guid":{"rendered":"https:\/\/ninalynn.nl\/?page_id=3710"},"modified":"2021-06-07T12:23:46","modified_gmt":"2021-06-07T11:23:46","slug":"ways-to-wander","status":"publish","type":"page","link":"https:\/\/ninalynn.nl\/de\/ways-to-wander\/","title":{"rendered":"Wege zum Wandern"},"content":{"rendered":"<div data-elementor-type=\"wp-page\" data-elementor-id=\"3710\" class=\"elementor elementor-3710\" data-elementor-post-type=\"page\">\n\t\t\t\t\t\t<section class=\"elementor-section elementor-top-section elementor-element elementor-element-a83fbb2 elementor-section-boxed elementor-section-height-default elementor-section-height-default\" data-id=\"a83fbb2\" data-element_type=\"section\" data-e-type=\"section\">\n\t\t\t\t\t\t<div class=\"elementor-container elementor-column-gap-default\">\n\t\t\t\t\t<div class=\"elementor-column elementor-col-100 elementor-top-column elementor-element elementor-element-cad107c\" data-id=\"cad107c\" data-element_type=\"column\" data-e-type=\"column\">\n\t\t\t<div class=\"elementor-widget-wrap elementor-element-populated\">\n\t\t\t\t\t\t<div class=\"elementor-element elementor-element-81fc0bc elementor-widget elementor-widget-image\" data-id=\"81fc0bc\" data-element_type=\"widget\" data-e-type=\"widget\" data-widget_type=\"image.default\">\n\t\t\t\t<div class=\"elementor-widget-container\">\n\t\t\t\t\t\t\t\t\t\t\t\t\t\t\t<img fetchpriority=\"high\" decoding=\"async\" width=\"1024\" height=\"196\" src=\"https:\/\/ninalynn.nl\/wp-content\/uploads\/2021\/06\/Schermafbeelding-2021-06-07-om-13.08.33-1024x196.png\" class=\"attachment-large size-large wp-image-3712\" alt=\"\" srcset=\"https:\/\/ninalynn.nl\/wp-content\/uploads\/2021\/06\/Schermafbeelding-2021-06-07-om-13.08.33-1024x196.png 1024w, https:\/\/ninalynn.nl\/wp-content\/uploads\/2021\/06\/Schermafbeelding-2021-06-07-om-13.08.33-600x115.png 600w, https:\/\/ninalynn.nl\/wp-content\/uploads\/2021\/06\/Schermafbeelding-2021-06-07-om-13.08.33-300x58.png 300w, https:\/\/ninalynn.nl\/wp-content\/uploads\/2021\/06\/Schermafbeelding-2021-06-07-om-13.08.33-768x147.png 768w, https:\/\/ninalynn.nl\/wp-content\/uploads\/2021\/06\/Schermafbeelding-2021-06-07-om-13.08.33-1536x294.png 1536w, https:\/\/ninalynn.nl\/wp-content\/uploads\/2021\/06\/Schermafbeelding-2021-06-07-om-13.08.33-2048x393.png 2048w, https:\/\/ninalynn.nl\/wp-content\/uploads\/2021\/06\/Schermafbeelding-2021-06-07-om-13.08.33-16x3.png 16w, https:\/\/ninalynn.nl\/wp-content\/uploads\/2021\/06\/Schermafbeelding-2021-06-07-om-13.08.33-500x96.png 500w, https:\/\/ninalynn.nl\/wp-content\/uploads\/2021\/06\/Schermafbeelding-2021-06-07-om-13.08.33-800x153.png 800w, https:\/\/ninalynn.nl\/wp-content\/uploads\/2021\/06\/Schermafbeelding-2021-06-07-om-13.08.33-1280x245.png 1280w, https:\/\/ninalynn.nl\/wp-content\/uploads\/2021\/06\/Schermafbeelding-2021-06-07-om-13.08.33-1920x368.png 1920w\" sizes=\"(max-width: 1024px) 100vw, 1024px\" \/>\t\t\t\t\t\t\t\t\t\t\t\t\t\t\t<\/div>\n\t\t\t\t<\/div>\n\t\t\t\t\t<\/div>\n\t\t<\/div>\n\t\t\t\t\t<\/div>\n\t\t<\/section>\n\t\t\t\t<section class=\"elementor-section elementor-top-section elementor-element elementor-element-3a7563f elementor-section-boxed elementor-section-height-default elementor-section-height-default\" data-id=\"3a7563f\" data-element_type=\"section\" data-e-type=\"section\">\n\t\t\t\t\t\t<div class=\"elementor-container elementor-column-gap-default\">\n\t\t\t\t\t<div class=\"elementor-column elementor-col-33 elementor-top-column elementor-element elementor-element-2e5aae1\" data-id=\"2e5aae1\" data-element_type=\"column\" data-e-type=\"column\">\n\t\t\t<div class=\"elementor-widget-wrap\">\n\t\t\t\t\t\t\t<\/div>\n\t\t<\/div>\n\t\t\t\t<div class=\"elementor-column elementor-col-33 elementor-top-column elementor-element elementor-element-8741df2\" data-id=\"8741df2\" data-element_type=\"column\" data-e-type=\"column\">\n\t\t\t<div class=\"elementor-widget-wrap elementor-element-populated\">\n\t\t\t\t\t\t<div class=\"elementor-element elementor-element-8f804b6 elementor-widget elementor-widget-text-editor\" data-id=\"8f804b6\" data-element_type=\"widget\" data-e-type=\"widget\" data-widget_type=\"text-editor.default\">\n\t\t\t\t<div class=\"elementor-widget-container\">\n\t\t\t\t\t\t\t\t\t<p style=\"text-align: center;\"><span style=\"font-weight: 400;\">Sie k\u00f6nnen es zu Fu\u00df oder mit dem Zug machen<\/span><\/p><p style=\"text-align: center;\"><span style=\"font-weight: 400;\">Sie k\u00f6nnen mit dem Auto oder dem Flugzeug reisen<\/span><\/p><p style=\"text-align: center;\"><span style=\"font-weight: 400;\">Sie k\u00f6nnen die Welt bereisen und alle Sehensw\u00fcrdigkeiten sehen<\/span><\/p><p style=\"text-align: center;\"><span style=\"font-weight: 400;\">Oder bleiben Sie in Ihrer Heimatstadt und schauen Sie sich nachts die Sterne an<\/span><\/p><p style=\"text-align: center;\">\u00a0<\/p><p style=\"text-align: center;\"><span style=\"font-weight: 400;\">Du kannst es schaffen, indem du allein lebst<\/span><\/p><p style=\"text-align: center;\"><span style=\"font-weight: 400;\">Du kannst es tun, indem du die Liebe annimmst<\/span><\/p><p style=\"text-align: center;\"><span style=\"font-weight: 400;\">Du kannst gebrochenen Herzens sein und wegfahren<\/span><\/p><p style=\"text-align: center;\"><span style=\"font-weight: 400;\">Oder an der Spitze der Welt, den Tag ergreifend<\/span><\/p><p style=\"text-align: center;\">\u00a0<\/p><p style=\"text-align: center;\"><span style=\"font-weight: 400;\">Es gibt eine Million Wege zu wandern<\/span><\/p><p style=\"text-align: center;\"><span style=\"font-weight: 400;\">Und es gibt nur einen Weg, auf dem Sie das nicht tun\u00a0<\/span><\/p><p style=\"text-align: center;\"><span style=\"font-weight: 400;\">Es gibt eine Million Wege zu wandern<\/span><\/p><p style=\"text-align: center;\"><span style=\"font-weight: 400;\">Aber du kannst nicht wandern<\/span><\/p><p style=\"text-align: center;\"><span style=\"font-weight: 400;\">Auf der Suche nach der Stra\u00dfe<\/span><\/p><p style=\"text-align: center;\">\u00a0<\/p><p style=\"text-align: center;\"><span style=\"font-weight: 400;\">Sie k\u00f6nnen dies durch Schreiben oder Lesen tun<\/span><\/p><p style=\"text-align: center;\"><span style=\"font-weight: 400;\">Sie k\u00f6nnen es tun, indem Sie zuh\u00f6ren oder tr\u00e4umen<\/span><\/p><p style=\"text-align: center;\"><span style=\"font-weight: 400;\">Man kann sehen, wie Gro\u00dfmutters Geschichten lebendig werden, w\u00e4hrend sie spricht<\/span><\/p><p style=\"text-align: center;\"><span style=\"font-weight: 400;\">Oder umarme die Stille, lass deine Seele einen Sprung machen<\/span><\/p><p style=\"text-align: center;\">\u00a0<\/p><p style=\"text-align: center;\"><span style=\"font-weight: 400;\">Es gibt eine Million Wege zu wandern<\/span><\/p><p style=\"text-align: center;\"><span style=\"font-weight: 400;\">Und es gibt nur einen Weg, auf dem Sie das nicht tun\u00a0<\/span><\/p><p style=\"text-align: center;\"><span style=\"font-weight: 400;\">Es gibt eine Million Wege zu wandern<\/span><\/p><p style=\"text-align: center;\"><span style=\"font-weight: 400;\">Aber du kannst nicht wandern<\/span><\/p><p style=\"text-align: center;\"><span style=\"font-weight: 400;\">Auf der Suche nach der Stra\u00dfe<\/span><\/p><p style=\"text-align: center;\">\u00a0<\/p><p style=\"text-align: center;\"><span style=\"font-weight: 400;\">Ich w\u00fcnschte, ich k\u00f6nnte wandern<\/span><\/p><p style=\"text-align: center;\"><span style=\"font-weight: 400;\">Packe meine Koffer und bin weg<\/span><\/p><p style=\"text-align: center;\"><span style=\"font-weight: 400;\">Ich w\u00fcnschte, ich k\u00f6nnte wandern<\/span><\/p><p style=\"text-align: center;\"><span style=\"font-weight: 400;\">Das kann man nur schwer falsch machen<\/span><\/p><p style=\"text-align: center;\">\u00a0<\/p><p style=\"text-align: center;\"><span style=\"font-weight: 400;\">Denn es gibt eine Million Wege zu wandern<\/span><\/p><p style=\"text-align: center;\"><span style=\"font-weight: 400;\">Es gibt nur einen Weg, auf dem Sie das nicht tun\u00a0<\/span><\/p><p style=\"text-align: center;\"><span style=\"font-weight: 400;\">Es gibt eine Million Wege zu wandern<\/span><\/p><p style=\"text-align: center;\"><span style=\"font-weight: 400;\">Aber du kannst nicht wandern<\/span><\/p><p style=\"text-align: center;\"><span style=\"font-weight: 400;\">Auf der Suche nach der Stra\u00dfe<\/span><\/p><p style=\"text-align: center;\"><br \/><br \/><br \/><\/p>\t\t\t\t\t\t\t\t<\/div>\n\t\t\t\t<\/div>\n\t\t\t\t\t<\/div>\n\t\t<\/div>\n\t\t\t\t<div class=\"elementor-column elementor-col-33 elementor-top-column elementor-element elementor-element-b882222\" data-id=\"b882222\" data-element_type=\"column\" data-e-type=\"column\">\n\t\t\t<div class=\"elementor-widget-wrap\">\n\t\t\t\t\t\t\t<\/div>\n\t\t<\/div>\n\t\t\t\t\t<\/div>\n\t\t<\/section>\n\t\t\t\t<section class=\"elementor-section elementor-top-section elementor-element elementor-element-d3ac6dc elementor-section-boxed elementor-section-height-default elementor-section-height-default\" data-id=\"d3ac6dc\" data-element_type=\"section\" data-e-type=\"section\">\n\t\t\t\t\t\t<div class=\"elementor-container elementor-column-gap-default\">\n\t\t\t\t\t<div class=\"elementor-column elementor-col-33 elementor-top-column elementor-element elementor-element-e2e1d17\" data-id=\"e2e1d17\" data-element_type=\"column\" data-e-type=\"column\">\n\t\t\t<div class=\"elementor-widget-wrap elementor-element-populated\">\n\t\t\t\t\t\t<div class=\"elementor-element elementor-element-a45a420 elementor-align-center elementor-widget elementor-widget-button\" data-id=\"a45a420\" data-element_type=\"widget\" data-e-type=\"widget\" data-widget_type=\"button.default\">\n\t\t\t\t<div class=\"elementor-widget-container\">\n\t\t\t\t\t\t\t\t\t<div class=\"elementor-button-wrapper\">\n\t\t\t\t\t<a class=\"elementor-button elementor-button-link elementor-size-sm\" href=\"https:\/\/ninalynn.nl\/de\/freebird\/\">\n\t\t\t\t\t\t<span class=\"elementor-button-content-wrapper\">\n\t\t\t\t\t\t<span class=\"elementor-button-icon\">\n\t\t\t\t<i aria-hidden=\"true\" class=\"fas fa-angle-double-left\"><\/i>\t\t\t<\/span>\n\t\t\t\t\t\t\t\t<\/span>\n\t\t\t\t\t<\/a>\n\t\t\t\t<\/div>\n\t\t\t\t\t\t\t\t<\/div>\n\t\t\t\t<\/div>\n\t\t\t\t\t<\/div>\n\t\t<\/div>\n\t\t\t\t<div class=\"elementor-column elementor-col-33 elementor-top-column elementor-element elementor-element-0930927\" data-id=\"0930927\" data-element_type=\"column\" data-e-type=\"column\">\n\t\t\t<div class=\"elementor-widget-wrap elementor-element-populated\">\n\t\t\t\t\t\t<div class=\"elementor-element elementor-element-15a17b0 elementor-align-center elementor-widget elementor-widget-button\" data-id=\"15a17b0\" data-element_type=\"widget\" data-e-type=\"widget\" data-widget_type=\"button.default\">\n\t\t\t\t<div class=\"elementor-widget-container\">\n\t\t\t\t\t\t\t\t\t<div class=\"elementor-button-wrapper\">\n\t\t\t\t\t<a class=\"elementor-button elementor-button-link elementor-size-sm\" href=\"https:\/\/ninalynn.nl\/de\/songteksten\/\">\n\t\t\t\t\t\t<span class=\"elementor-button-content-wrapper\">\n\t\t\t\t\t\t\t\t\t<span class=\"elementor-button-text\">Zur\u00fcck zur \u00dcbersicht<\/span>\n\t\t\t\t\t<\/span>\n\t\t\t\t\t<\/a>\n\t\t\t\t<\/div>\n\t\t\t\t\t\t\t\t<\/div>\n\t\t\t\t<\/div>\n\t\t\t\t\t<\/div>\n\t\t<\/div>\n\t\t\t\t<div class=\"elementor-column elementor-col-33 elementor-top-column elementor-element elementor-element-9fa8f2e\" data-id=\"9fa8f2e\" data-element_type=\"column\" data-e-type=\"column\">\n\t\t\t<div class=\"elementor-widget-wrap elementor-element-populated\">\n\t\t\t\t\t\t<div class=\"elementor-element elementor-element-2e34b6c elementor-align-center elementor-widget elementor-widget-button\" data-id=\"2e34b6c\" data-element_type=\"widget\" data-e-type=\"widget\" data-widget_type=\"button.default\">\n\t\t\t\t<div class=\"elementor-widget-container\">\n\t\t\t\t\t\t\t\t\t<div class=\"elementor-button-wrapper\">\n\t\t\t\t\t<a class=\"elementor-button elementor-button-link elementor-size-sm\" href=\"https:\/\/ninalynn.nl\/de\/seasons\/\">\n\t\t\t\t\t\t<span class=\"elementor-button-content-wrapper\">\n\t\t\t\t\t\t<span class=\"elementor-button-icon\">\n\t\t\t\t<i aria-hidden=\"true\" class=\"fas fa-angle-double-right\"><\/i>\t\t\t<\/span>\n\t\t\t\t\t\t\t\t<\/span>\n\t\t\t\t\t<\/a>\n\t\t\t\t<\/div>\n\t\t\t\t\t\t\t\t<\/div>\n\t\t\t\t<\/div>\n\t\t\t\t\t<\/div>\n\t\t<\/div>\n\t\t\t\t\t<\/div>\n\t\t<\/section>\n\t\t\t\t<\/div>","protected":false},"excerpt":{"rendered":"<p>You can do it by foot or by train You can do it by car or airplane You can travel the world and see all of the sights Or stay in your hometown, looking at the stars at night \u00a0 You can do it by living alone You can do it by embracing the love [&hellip;]<\/p>\n","protected":false},"author":1,"featured_media":0,"parent":0,"menu_order":0,"comment_status":"closed","ping_status":"closed","template":"","meta":{"site-sidebar-layout":"default","site-content-layout":"","ast-site-content-layout":"default","site-content-style":"default","site-sidebar-style":"default","ast-global-header-display":"","ast-banner-title-visibility":"","ast-main-header-display":"","ast-hfb-above-header-display":"","ast-hfb-below-header-display":"","ast-hfb-mobile-header-display":"","site-post-title":"","ast-breadcrumbs-content":"","ast-featured-img":"","footer-sml-layout":"","ast-disable-related-posts":"","theme-transparent-header-meta":"","adv-header-id-meta":"","stick-header-meta":"","header-above-stick-meta":"","header-main-stick-meta":"","header-below-stick-meta":"","astra-migrate-meta-layouts":"default","ast-page-background-enabled":"default","ast-page-background-meta":{"desktop":{"background-color":"var(--ast-global-color-4)","background-image":"","background-repeat":"repeat","background-position":"center center","background-size":"auto","background-attachment":"scroll","background-type":"","background-media":"","overlay-type":"","overlay-color":"","overlay-opacity":"","overlay-gradient":""},"tablet":{"background-color":"","background-image":"","background-repeat":"repeat","background-position":"center center","background-size":"auto","background-attachment":"scroll","background-type":"","background-media":"","overlay-type":"","overlay-color":"","overlay-opacity":"","overlay-gradient":""},"mobile":{"background-color":"","background-image":"","background-repeat":"repeat","background-position":"center center","background-size":"auto","background-attachment":"scroll","background-type":"","background-media":"","overlay-type":"","overlay-color":"","overlay-opacity":"","overlay-gradient":""}},"ast-content-background-meta":{"desktop":{"background-color":"var(--ast-global-color-5)","background-image":"","background-repeat":"repeat","background-position":"center center","background-size":"auto","background-attachment":"scroll","background-type":"","background-media":"","overlay-type":"","overlay-color":"","overlay-opacity":"","overlay-gradient":""},"tablet":{"background-color":"var(--ast-global-color-5)","background-image":"","background-repeat":"repeat","background-position":"center center","background-size":"auto","background-attachment":"scroll","background-type":"","background-media":"","overlay-type":"","overlay-color":"","overlay-opacity":"","overlay-gradient":""},"mobile":{"background-color":"var(--ast-global-color-5)","background-image":"","background-repeat":"repeat","background-position":"center center","background-size":"auto","background-attachment":"scroll","background-type":"","background-media":"","overlay-type":"","overlay-color":"","overlay-opacity":"","overlay-gradient":""}},"footnotes":""},"class_list":["post-3710","page","type-page","status-publish","hentry"],"aioseo_notices":[],"_links":{"self":[{"href":"https:\/\/ninalynn.nl\/de\/wp-json\/wp\/v2\/pages\/3710","targetHints":{"allow":["GET"]}}],"collection":[{"href":"https:\/\/ninalynn.nl\/de\/wp-json\/wp\/v2\/pages"}],"about":[{"href":"https:\/\/ninalynn.nl\/de\/wp-json\/wp\/v2\/types\/page"}],"author":[{"embeddable":true,"href":"https:\/\/ninalynn.nl\/de\/wp-json\/wp\/v2\/users\/1"}],"replies":[{"embeddable":true,"href":"https:\/\/ninalynn.nl\/de\/wp-json\/wp\/v2\/comments?post=3710"}],"version-history":[{"count":0,"href":"https:\/\/ninalynn.nl\/de\/wp-json\/wp\/v2\/pages\/3710\/revisions"}],"wp:attachment":[{"href":"https:\/\/ninalynn.nl\/de\/wp-json\/wp\/v2\/media?parent=3710"}],"curies":[{"name":"wp","href":"https:\/\/api.w.org\/{rel}","templated":true}]}}