{"id":3637,"date":"2021-06-07T11:34:04","date_gmt":"2021-06-07T10:34:04","guid":{"rendered":"https:\/\/ninalynn.nl\/?page_id=3637"},"modified":"2021-06-07T11:50:57","modified_gmt":"2021-06-07T10:50:57","slug":"aboldyoungfarmer","status":"publish","type":"page","link":"https:\/\/ninalynn.nl\/de\/aboldyoungfarmer\/","title":{"rendered":"Ein k\u00fchner junger Landwirt"},"content":{"rendered":"<div data-elementor-type=\"wp-page\" data-elementor-id=\"3637\" class=\"elementor elementor-3637\" data-elementor-post-type=\"page\">\n\t\t\t\t\t\t<section class=\"elementor-section elementor-top-section elementor-element elementor-element-620d023 elementor-section-boxed elementor-section-height-default elementor-section-height-default\" data-id=\"620d023\" data-element_type=\"section\" data-e-type=\"section\">\n\t\t\t\t\t\t<div class=\"elementor-container elementor-column-gap-default\">\n\t\t\t\t\t<div class=\"elementor-column elementor-col-100 elementor-top-column elementor-element elementor-element-984b6d0\" data-id=\"984b6d0\" data-element_type=\"column\" data-e-type=\"column\">\n\t\t\t<div class=\"elementor-widget-wrap elementor-element-populated\">\n\t\t\t\t\t\t<div class=\"elementor-element elementor-element-d566825 elementor-widget elementor-widget-image\" data-id=\"d566825\" data-element_type=\"widget\" data-e-type=\"widget\" data-widget_type=\"image.default\">\n\t\t\t\t<div class=\"elementor-widget-container\">\n\t\t\t\t\t\t\t\t\t\t\t\t\t\t\t<img fetchpriority=\"high\" decoding=\"async\" width=\"1024\" height=\"236\" src=\"https:\/\/ninalynn.nl\/wp-content\/uploads\/2021\/06\/Schermafbeelding-2021-06-07-om-12.34.33-1024x236.png\" class=\"attachment-large size-large wp-image-3639\" alt=\"\" srcset=\"https:\/\/ninalynn.nl\/wp-content\/uploads\/2021\/06\/Schermafbeelding-2021-06-07-om-12.34.33-1024x236.png 1024w, https:\/\/ninalynn.nl\/wp-content\/uploads\/2021\/06\/Schermafbeelding-2021-06-07-om-12.34.33-600x138.png 600w, https:\/\/ninalynn.nl\/wp-content\/uploads\/2021\/06\/Schermafbeelding-2021-06-07-om-12.34.33-300x69.png 300w, https:\/\/ninalynn.nl\/wp-content\/uploads\/2021\/06\/Schermafbeelding-2021-06-07-om-12.34.33-768x177.png 768w, https:\/\/ninalynn.nl\/wp-content\/uploads\/2021\/06\/Schermafbeelding-2021-06-07-om-12.34.33-1536x354.png 1536w, https:\/\/ninalynn.nl\/wp-content\/uploads\/2021\/06\/Schermafbeelding-2021-06-07-om-12.34.33-2048x472.png 2048w, https:\/\/ninalynn.nl\/wp-content\/uploads\/2021\/06\/Schermafbeelding-2021-06-07-om-12.34.33-16x4.png 16w, https:\/\/ninalynn.nl\/wp-content\/uploads\/2021\/06\/Schermafbeelding-2021-06-07-om-12.34.33-500x115.png 500w, https:\/\/ninalynn.nl\/wp-content\/uploads\/2021\/06\/Schermafbeelding-2021-06-07-om-12.34.33-800x184.png 800w, https:\/\/ninalynn.nl\/wp-content\/uploads\/2021\/06\/Schermafbeelding-2021-06-07-om-12.34.33-1280x295.png 1280w, https:\/\/ninalynn.nl\/wp-content\/uploads\/2021\/06\/Schermafbeelding-2021-06-07-om-12.34.33-1920x442.png 1920w\" sizes=\"(max-width: 1024px) 100vw, 1024px\" \/>\t\t\t\t\t\t\t\t\t\t\t\t\t\t\t<\/div>\n\t\t\t\t<\/div>\n\t\t\t\t\t<\/div>\n\t\t<\/div>\n\t\t\t\t\t<\/div>\n\t\t<\/section>\n\t\t\t\t<section class=\"elementor-section elementor-top-section elementor-element elementor-element-2bd2a7d elementor-section-boxed elementor-section-height-default elementor-section-height-default\" data-id=\"2bd2a7d\" data-element_type=\"section\" data-e-type=\"section\">\n\t\t\t\t\t\t<div class=\"elementor-container elementor-column-gap-default\">\n\t\t\t\t\t<div class=\"elementor-column elementor-col-33 elementor-top-column elementor-element elementor-element-3e8af56\" data-id=\"3e8af56\" data-element_type=\"column\" data-e-type=\"column\">\n\t\t\t<div class=\"elementor-widget-wrap\">\n\t\t\t\t\t\t\t<\/div>\n\t\t<\/div>\n\t\t\t\t<div class=\"elementor-column elementor-col-33 elementor-top-column elementor-element elementor-element-82d9f12\" data-id=\"82d9f12\" data-element_type=\"column\" data-e-type=\"column\">\n\t\t\t<div class=\"elementor-widget-wrap elementor-element-populated\">\n\t\t\t\t\t\t<div class=\"elementor-element elementor-element-19eeccb elementor-widget elementor-widget-text-editor\" data-id=\"19eeccb\" data-element_type=\"widget\" data-e-type=\"widget\" data-widget_type=\"text-editor.default\">\n\t\t\t\t<div class=\"elementor-widget-container\">\n\t\t\t\t\t\t\t\t\t<p style=\"text-align: center;\"><span style=\"font-weight: 400;\">Ein k\u00fchner junger Bauer warb um mich<\/span><\/p><p style=\"text-align: center;\"><span style=\"font-weight: 400;\">Er stahl mein Herz und meine Freiheit<\/span><\/p><p style=\"text-align: center;\"><span style=\"font-weight: 400;\">Er stahl mein Herz, ohne freien guten Willen<\/span><\/p><p style=\"text-align: center;\"><span style=\"font-weight: 400;\">Und ich muss gestehen, dass ich ihn immer noch liebe.<\/span><\/p><p style=\"text-align: center;\">\u00a0<\/p><p style=\"text-align: center;\"><span style=\"font-weight: 400;\">Ich w\u00fcnschte, ich w\u00fcnschte, aber es ist alles vergebens<\/span><\/p><p style=\"text-align: center;\"><span style=\"font-weight: 400;\">Ich w\u00fcnschte, ich w\u00e4re wieder ein Dienstm\u00e4dchen<\/span><\/p><p style=\"text-align: center;\"><span style=\"font-weight: 400;\">Aber ein Dienstm\u00e4dchen kann ich nie wieder sein\u00a0<\/span><\/p><p style=\"text-align: center;\"><span style=\"font-weight: 400;\">Da so ein junger Bursche noch bei mir liegt<\/span><\/p><p style=\"text-align: center;\">\u00a0<\/p><p style=\"text-align: center;\"><span style=\"font-weight: 400;\">Auf dem Baum dort sitzt ein Vogel<\/span><\/p><p style=\"text-align: center;\"><span style=\"font-weight: 400;\">Manche sagen, er sei blind und k\u00f6nne nicht sehen<\/span><\/p><p style=\"text-align: center;\"><span style=\"font-weight: 400;\">Und ich w\u00fcnschte, es w\u00e4re bei mir auch so<\/span><\/p><p style=\"text-align: center;\"><span style=\"font-weight: 400;\">Bevor ich bei Ihrem Unternehmen anfing<\/span><\/p><p style=\"text-align: center;\">\u00a0<\/p><p style=\"text-align: center;\"><span style=\"font-weight: 400;\">Ich w\u00fcnschte, mein Baby w\u00e4re so klein geboren<\/span><\/p><p style=\"text-align: center;\"><span style=\"font-weight: 400;\">Und l\u00e4chelnd auf dem Knie seines Vaters<\/span><\/p><p style=\"text-align: center;\"><span style=\"font-weight: 400;\">Und ich armes M\u00e4dchen war tot und weg<\/span><\/p><p style=\"text-align: center;\"><span style=\"font-weight: 400;\">Mit dem gr\u00fcnen Gras, das \u00fcberall auf mir w\u00e4chst<\/span><\/p><p style=\"text-align: center;\">\u00a0<\/p><p style=\"text-align: center;\"><span style=\"font-weight: 400;\">Geh und grab mein Grab, grab lang und tief<\/span><\/p><p style=\"text-align: center;\"><span style=\"font-weight: 400;\">Lege einen Marmorstein auf meinen Kopf und meine F\u00fc\u00dfe<\/span><\/p><p style=\"text-align: center;\"><span style=\"font-weight: 400;\">Und auf mein Herz setzte eine schneewei\u00dfe Taube<\/span><\/p><p style=\"text-align: center;\"><span style=\"font-weight: 400;\">Um die Welt wissen zu lassen, dass ich f\u00fcr die Liebe gestorben bin<\/span><\/p>\t\t\t\t\t\t\t\t<\/div>\n\t\t\t\t<\/div>\n\t\t\t\t\t<\/div>\n\t\t<\/div>\n\t\t\t\t<div class=\"elementor-column elementor-col-33 elementor-top-column elementor-element elementor-element-c5375ef\" data-id=\"c5375ef\" data-element_type=\"column\" data-e-type=\"column\">\n\t\t\t<div class=\"elementor-widget-wrap\">\n\t\t\t\t\t\t\t<\/div>\n\t\t<\/div>\n\t\t\t\t\t<\/div>\n\t\t<\/section>\n\t\t\t\t<section class=\"elementor-section elementor-top-section elementor-element elementor-element-836968b elementor-section-boxed elementor-section-height-default elementor-section-height-default\" data-id=\"836968b\" data-element_type=\"section\" data-e-type=\"section\">\n\t\t\t\t\t\t<div class=\"elementor-container elementor-column-gap-default\">\n\t\t\t\t\t<div class=\"elementor-column elementor-col-33 elementor-top-column elementor-element elementor-element-b6c8085\" data-id=\"b6c8085\" data-element_type=\"column\" data-e-type=\"column\">\n\t\t\t<div class=\"elementor-widget-wrap elementor-element-populated\">\n\t\t\t\t\t\t<div class=\"elementor-element elementor-element-743985d elementor-align-center elementor-widget elementor-widget-button\" data-id=\"743985d\" data-element_type=\"widget\" data-e-type=\"widget\" data-widget_type=\"button.default\">\n\t\t\t\t<div class=\"elementor-widget-container\">\n\t\t\t\t\t\t\t\t\t<div class=\"elementor-button-wrapper\">\n\t\t\t\t\t<a class=\"elementor-button elementor-button-link elementor-size-sm\" href=\"https:\/\/ninalynn.nl\/de\/grandmai\/\">\n\t\t\t\t\t\t<span class=\"elementor-button-content-wrapper\">\n\t\t\t\t\t\t<span class=\"elementor-button-icon\">\n\t\t\t\t<i aria-hidden=\"true\" class=\"fas fa-angle-double-left\"><\/i>\t\t\t<\/span>\n\t\t\t\t\t\t\t\t<\/span>\n\t\t\t\t\t<\/a>\n\t\t\t\t<\/div>\n\t\t\t\t\t\t\t\t<\/div>\n\t\t\t\t<\/div>\n\t\t\t\t\t<\/div>\n\t\t<\/div>\n\t\t\t\t<div class=\"elementor-column elementor-col-33 elementor-top-column elementor-element elementor-element-3292880\" data-id=\"3292880\" data-element_type=\"column\" data-e-type=\"column\">\n\t\t\t<div class=\"elementor-widget-wrap elementor-element-populated\">\n\t\t\t\t\t\t<div class=\"elementor-element elementor-element-d7a7fb5 elementor-align-center elementor-widget elementor-widget-button\" data-id=\"d7a7fb5\" data-element_type=\"widget\" data-e-type=\"widget\" data-widget_type=\"button.default\">\n\t\t\t\t<div class=\"elementor-widget-container\">\n\t\t\t\t\t\t\t\t\t<div class=\"elementor-button-wrapper\">\n\t\t\t\t\t<a class=\"elementor-button elementor-button-link elementor-size-sm\" href=\"https:\/\/ninalynn.nl\/de\/songteksten\/\">\n\t\t\t\t\t\t<span class=\"elementor-button-content-wrapper\">\n\t\t\t\t\t\t\t\t\t<span class=\"elementor-button-text\">Zur\u00fcck zur \u00dcbersicht<\/span>\n\t\t\t\t\t<\/span>\n\t\t\t\t\t<\/a>\n\t\t\t\t<\/div>\n\t\t\t\t\t\t\t\t<\/div>\n\t\t\t\t<\/div>\n\t\t\t\t\t<\/div>\n\t\t<\/div>\n\t\t\t\t<div class=\"elementor-column elementor-col-33 elementor-top-column elementor-element elementor-element-4eb6dd9\" data-id=\"4eb6dd9\" data-element_type=\"column\" data-e-type=\"column\">\n\t\t\t<div class=\"elementor-widget-wrap elementor-element-populated\">\n\t\t\t\t\t\t<div class=\"elementor-element elementor-element-69e7d73 elementor-align-center elementor-widget elementor-widget-button\" data-id=\"69e7d73\" data-element_type=\"widget\" data-e-type=\"widget\" data-widget_type=\"button.default\">\n\t\t\t\t<div class=\"elementor-widget-container\">\n\t\t\t\t\t\t\t\t\t<div class=\"elementor-button-wrapper\">\n\t\t\t\t\t<a class=\"elementor-button elementor-button-link elementor-size-sm\" href=\"https:\/\/ninalynn.nl\/de\/conwybay\/\">\n\t\t\t\t\t\t<span class=\"elementor-button-content-wrapper\">\n\t\t\t\t\t\t<span class=\"elementor-button-icon\">\n\t\t\t\t<i aria-hidden=\"true\" class=\"fas fa-angle-double-right\"><\/i>\t\t\t<\/span>\n\t\t\t\t\t\t\t\t<\/span>\n\t\t\t\t\t<\/a>\n\t\t\t\t<\/div>\n\t\t\t\t\t\t\t\t<\/div>\n\t\t\t\t<\/div>\n\t\t\t\t\t<\/div>\n\t\t<\/div>\n\t\t\t\t\t<\/div>\n\t\t<\/section>\n\t\t\t\t<\/div>","protected":false},"excerpt":{"rendered":"<p>A bold young farmer courted me He stole my heart and my liberty He stole my heart, without free good will And I must confess that I love him still \u00a0 I wish, I wish but it\u2019s all in vain I wish I was a maid again But a maid again, I never can be\u00a0 [&hellip;]<\/p>\n","protected":false},"author":1,"featured_media":0,"parent":0,"menu_order":0,"comment_status":"closed","ping_status":"closed","template":"","meta":{"site-sidebar-layout":"default","site-content-layout":"","ast-site-content-layout":"default","site-content-style":"default","site-sidebar-style":"default","ast-global-header-display":"","ast-banner-title-visibility":"","ast-main-header-display":"","ast-hfb-above-header-display":"","ast-hfb-below-header-display":"","ast-hfb-mobile-header-display":"","site-post-title":"","ast-breadcrumbs-content":"","ast-featured-img":"","footer-sml-layout":"","ast-disable-related-posts":"","theme-transparent-header-meta":"","adv-header-id-meta":"","stick-header-meta":"","header-above-stick-meta":"","header-main-stick-meta":"","header-below-stick-meta":"","astra-migrate-meta-layouts":"default","ast-page-background-enabled":"default","ast-page-background-meta":{"desktop":{"background-color":"var(--ast-global-color-4)","background-image":"","background-repeat":"repeat","background-position":"center center","background-size":"auto","background-attachment":"scroll","background-type":"","background-media":"","overlay-type":"","overlay-color":"","overlay-opacity":"","overlay-gradient":""},"tablet":{"background-color":"","background-image":"","background-repeat":"repeat","background-position":"center center","background-size":"auto","background-attachment":"scroll","background-type":"","background-media":"","overlay-type":"","overlay-color":"","overlay-opacity":"","overlay-gradient":""},"mobile":{"background-color":"","background-image":"","background-repeat":"repeat","background-position":"center center","background-size":"auto","background-attachment":"scroll","background-type":"","background-media":"","overlay-type":"","overlay-color":"","overlay-opacity":"","overlay-gradient":""}},"ast-content-background-meta":{"desktop":{"background-color":"var(--ast-global-color-5)","background-image":"","background-repeat":"repeat","background-position":"center center","background-size":"auto","background-attachment":"scroll","background-type":"","background-media":"","overlay-type":"","overlay-color":"","overlay-opacity":"","overlay-gradient":""},"tablet":{"background-color":"var(--ast-global-color-5)","background-image":"","background-repeat":"repeat","background-position":"center center","background-size":"auto","background-attachment":"scroll","background-type":"","background-media":"","overlay-type":"","overlay-color":"","overlay-opacity":"","overlay-gradient":""},"mobile":{"background-color":"var(--ast-global-color-5)","background-image":"","background-repeat":"repeat","background-position":"center center","background-size":"auto","background-attachment":"scroll","background-type":"","background-media":"","overlay-type":"","overlay-color":"","overlay-opacity":"","overlay-gradient":""}},"footnotes":""},"class_list":["post-3637","page","type-page","status-publish","hentry"],"aioseo_notices":[],"_links":{"self":[{"href":"https:\/\/ninalynn.nl\/de\/wp-json\/wp\/v2\/pages\/3637","targetHints":{"allow":["GET"]}}],"collection":[{"href":"https:\/\/ninalynn.nl\/de\/wp-json\/wp\/v2\/pages"}],"about":[{"href":"https:\/\/ninalynn.nl\/de\/wp-json\/wp\/v2\/types\/page"}],"author":[{"embeddable":true,"href":"https:\/\/ninalynn.nl\/de\/wp-json\/wp\/v2\/users\/1"}],"replies":[{"embeddable":true,"href":"https:\/\/ninalynn.nl\/de\/wp-json\/wp\/v2\/comments?post=3637"}],"version-history":[{"count":0,"href":"https:\/\/ninalynn.nl\/de\/wp-json\/wp\/v2\/pages\/3637\/revisions"}],"wp:attachment":[{"href":"https:\/\/ninalynn.nl\/de\/wp-json\/wp\/v2\/media?parent=3637"}],"curies":[{"name":"wp","href":"https:\/\/api.w.org\/{rel}","templated":true}]}}