{"id":3299,"date":"2021-02-05T16:34:05","date_gmt":"2021-02-05T15:34:05","guid":{"rendered":"https:\/\/ninalynn.nl\/?page_id=3299"},"modified":"2023-03-04T23:03:44","modified_gmt":"2023-03-04T22:03:44","slug":"imaginations-lyrics","status":"publish","type":"page","link":"https:\/\/ninalynn.nl\/de\/imaginations-lyrics\/","title":{"rendered":"Imaginations Songtext"},"content":{"rendered":"<div data-elementor-type=\"wp-page\" data-elementor-id=\"3299\" class=\"elementor elementor-3299\" data-elementor-post-type=\"page\">\n\t\t\t\t\t\t<section class=\"elementor-section elementor-top-section elementor-element elementor-element-388887d elementor-section-boxed elementor-section-height-default elementor-section-height-default\" data-id=\"388887d\" data-element_type=\"section\" data-e-type=\"section\">\n\t\t\t\t\t\t<div class=\"elementor-container elementor-column-gap-default\">\n\t\t\t\t\t<div class=\"elementor-column elementor-col-100 elementor-top-column elementor-element elementor-element-0ce3319\" data-id=\"0ce3319\" data-element_type=\"column\" data-e-type=\"column\">\n\t\t\t<div class=\"elementor-widget-wrap elementor-element-populated\">\n\t\t\t\t\t\t<div class=\"elementor-element elementor-element-7479368 elementor-widget elementor-widget-heading\" data-id=\"7479368\" data-element_type=\"widget\" data-e-type=\"widget\" data-widget_type=\"heading.default\">\n\t\t\t\t<div class=\"elementor-widget-container\">\n\t\t\t\t\t<h2 class=\"elementor-heading-title elementor-size-default\"><h2 style=\"font-family: var( --e-global-typography-primary-font-family ), Sans-serif;font-weight: var( --e-global-typography-primary-font-weight );text-align: center;white-space: normal\">Liedtext!<\/h2><\/h2>\t\t\t\t<\/div>\n\t\t\t\t<\/div>\n\t\t\t\t\t<\/div>\n\t\t<\/div>\n\t\t\t\t\t<\/div>\n\t\t<\/section>\n\t\t\t\t<section class=\"elementor-section elementor-top-section elementor-element elementor-element-61971e3 elementor-section-boxed elementor-section-height-default elementor-section-height-default\" data-id=\"61971e3\" data-element_type=\"section\" data-e-type=\"section\">\n\t\t\t\t\t\t<div class=\"elementor-container elementor-column-gap-default\">\n\t\t\t\t\t<div class=\"elementor-column elementor-col-100 elementor-top-column elementor-element elementor-element-b7cae94\" data-id=\"b7cae94\" data-element_type=\"column\" data-e-type=\"column\">\n\t\t\t<div class=\"elementor-widget-wrap elementor-element-populated\">\n\t\t\t\t\t\t<div class=\"elementor-element elementor-element-e707726 elementor-widget elementor-widget-text-editor\" data-id=\"e707726\" data-element_type=\"widget\" data-e-type=\"widget\" data-widget_type=\"text-editor.default\">\n\t\t\t\t<div class=\"elementor-widget-container\">\n\t\t\t\t\t\t\t\t\t<p style=\"text-align: center;\"><span style=\"text-align: center;\">Wenn Sie auf dieser Seite auf die Titel der Lieder klicken, werden Sie zum Text des jeweiligen Liedes weitergeleitet. Wenn Sie sich auf der Seite des Liedes selbst befinden, gibt es am unteren Rand der Seite Schaltfl\u00e4chen, mit denen Sie zum n\u00e4chsten oder vorherigen Lied wechseln k\u00f6nnen.\u00a0<\/span><\/p>\t\t\t\t\t\t\t\t<\/div>\n\t\t\t\t<\/div>\n\t\t\t\t\t<\/div>\n\t\t<\/div>\n\t\t\t\t\t<\/div>\n\t\t<\/section>\n\t\t\t\t<section class=\"elementor-section elementor-top-section elementor-element elementor-element-71fde64 elementor-section-boxed elementor-section-height-default elementor-section-height-default\" data-id=\"71fde64\" data-element_type=\"section\" data-e-type=\"section\">\n\t\t\t\t\t\t<div class=\"elementor-container elementor-column-gap-default\">\n\t\t\t\t\t<div class=\"elementor-column elementor-col-50 elementor-top-column elementor-element elementor-element-fca4c8d\" data-id=\"fca4c8d\" data-element_type=\"column\" data-e-type=\"column\">\n\t\t\t<div class=\"elementor-widget-wrap elementor-element-populated\">\n\t\t\t\t\t\t<div class=\"elementor-element elementor-element-7e2390f elementor-widget elementor-widget-image\" data-id=\"7e2390f\" data-element_type=\"widget\" data-e-type=\"widget\" data-widget_type=\"image.default\">\n\t\t\t\t<div class=\"elementor-widget-container\">\n\t\t\t\t\t\t\t\t\t\t\t\t\t\t\t<img fetchpriority=\"high\" decoding=\"async\" width=\"1024\" height=\"1024\" src=\"https:\/\/ninalynn.nl\/wp-content\/uploads\/2021\/01\/NINA-LYNN-imaginations-cover-1024x1024.jpg\" class=\"attachment-large size-large wp-image-915\" alt=\"\" srcset=\"https:\/\/ninalynn.nl\/wp-content\/uploads\/2021\/01\/NINA-LYNN-imaginations-cover-1024x1024.jpg 1024w, https:\/\/ninalynn.nl\/wp-content\/uploads\/2021\/01\/NINA-LYNN-imaginations-cover-300x300.jpg 300w, https:\/\/ninalynn.nl\/wp-content\/uploads\/2021\/01\/NINA-LYNN-imaginations-cover-100x100.jpg 100w, https:\/\/ninalynn.nl\/wp-content\/uploads\/2021\/01\/NINA-LYNN-imaginations-cover-600x600.jpg 600w, https:\/\/ninalynn.nl\/wp-content\/uploads\/2021\/01\/NINA-LYNN-imaginations-cover-150x150.jpg 150w, https:\/\/ninalynn.nl\/wp-content\/uploads\/2021\/01\/NINA-LYNN-imaginations-cover-768x768.jpg 768w, https:\/\/ninalynn.nl\/wp-content\/uploads\/2021\/01\/NINA-LYNN-imaginations-cover-12x12.jpg 12w, https:\/\/ninalynn.nl\/wp-content\/uploads\/2021\/01\/NINA-LYNN-imaginations-cover.jpg 1465w\" sizes=\"(max-width: 1024px) 100vw, 1024px\" \/>\t\t\t\t\t\t\t\t\t\t\t\t\t\t\t<\/div>\n\t\t\t\t<\/div>\n\t\t\t\t\t<\/div>\n\t\t<\/div>\n\t\t\t\t<div class=\"elementor-column elementor-col-50 elementor-top-column elementor-element elementor-element-fdfa72e\" data-id=\"fdfa72e\" data-element_type=\"column\" data-e-type=\"column\">\n\t\t\t<div class=\"elementor-widget-wrap elementor-element-populated\">\n\t\t\t\t\t\t<div class=\"elementor-element elementor-element-a522a59 elementor-widget elementor-widget-text-editor\" data-id=\"a522a59\" data-element_type=\"widget\" data-e-type=\"widget\" data-widget_type=\"text-editor.default\">\n\t\t\t\t<div class=\"elementor-widget-container\">\n\t\t\t\t\t\t\t\t\t<p><em>Derzeit sind leider noch keine Songtexte (Lyrics) zu Imaginations freigeschaltet.\u00a0<\/em><\/p><ol><li>Unterstrom<\/li><li>Auf diese Blumen fixiert<\/li><li><a href=\"https:\/\/ninalynn.nl\/de\/headoverheart\/\">Kopf \u00fcber Herz<\/a><\/li><li>Vorstellungsbilder<\/li><li>Wage es nicht<\/li><li>Reisender Soldat<\/li><li>Riptide<\/li><li>Jolene<\/li><li>Geist in diesem Haus<\/li><li>Weltraum-Cowboy<\/li><\/ol>\t\t\t\t\t\t\t\t<\/div>\n\t\t\t\t<\/div>\n\t\t\t\t\t<\/div>\n\t\t<\/div>\n\t\t\t\t\t<\/div>\n\t\t<\/section>\n\t\t\t\t<\/div>","protected":false},"excerpt":{"rendered":"<p>Songteksten! Op deze pagina kun je, door op de titels van de liedjes te klikken, worden doorverwezen naar de songtekst van het liedje. Wanneer je op de pagina van het liedje zelf bent, staan onderaan de pagina knoppen waarmee je naar het volgende of vorige liedje toe kunt gaan.\u00a0 Songteksten voor Imaginations zijn helaas nog [&hellip;]<\/p>\n","protected":false},"author":1,"featured_media":0,"parent":0,"menu_order":0,"comment_status":"closed","ping_status":"closed","template":"elementor_header_footer","meta":{"site-sidebar-layout":"default","site-content-layout":"","ast-site-content-layout":"default","site-content-style":"default","site-sidebar-style":"default","ast-global-header-display":"","ast-banner-title-visibility":"","ast-main-header-display":"","ast-hfb-above-header-display":"","ast-hfb-below-header-display":"","ast-hfb-mobile-header-display":"","site-post-title":"","ast-breadcrumbs-content":"","ast-featured-img":"","footer-sml-layout":"","ast-disable-related-posts":"","theme-transparent-header-meta":"","adv-header-id-meta":"","stick-header-meta":"","header-above-stick-meta":"","header-main-stick-meta":"","header-below-stick-meta":"","astra-migrate-meta-layouts":"default","ast-page-background-enabled":"default","ast-page-background-meta":{"desktop":{"background-color":"var(--ast-global-color-4)","background-image":"","background-repeat":"repeat","background-position":"center center","background-size":"auto","background-attachment":"scroll","background-type":"","background-media":"","overlay-type":"","overlay-color":"","overlay-opacity":"","overlay-gradient":""},"tablet":{"background-color":"","background-image":"","background-repeat":"repeat","background-position":"center center","background-size":"auto","background-attachment":"scroll","background-type":"","background-media":"","overlay-type":"","overlay-color":"","overlay-opacity":"","overlay-gradient":""},"mobile":{"background-color":"","background-image":"","background-repeat":"repeat","background-position":"center center","background-size":"auto","background-attachment":"scroll","background-type":"","background-media":"","overlay-type":"","overlay-color":"","overlay-opacity":"","overlay-gradient":""}},"ast-content-background-meta":{"desktop":{"background-color":"var(--ast-global-color-5)","background-image":"","background-repeat":"repeat","background-position":"center center","background-size":"auto","background-attachment":"scroll","background-type":"","background-media":"","overlay-type":"","overlay-color":"","overlay-opacity":"","overlay-gradient":""},"tablet":{"background-color":"var(--ast-global-color-5)","background-image":"","background-repeat":"repeat","background-position":"center center","background-size":"auto","background-attachment":"scroll","background-type":"","background-media":"","overlay-type":"","overlay-color":"","overlay-opacity":"","overlay-gradient":""},"mobile":{"background-color":"var(--ast-global-color-5)","background-image":"","background-repeat":"repeat","background-position":"center center","background-size":"auto","background-attachment":"scroll","background-type":"","background-media":"","overlay-type":"","overlay-color":"","overlay-opacity":"","overlay-gradient":""}},"footnotes":""},"class_list":["post-3299","page","type-page","status-publish","hentry"],"aioseo_notices":[],"_links":{"self":[{"href":"https:\/\/ninalynn.nl\/de\/wp-json\/wp\/v2\/pages\/3299","targetHints":{"allow":["GET"]}}],"collection":[{"href":"https:\/\/ninalynn.nl\/de\/wp-json\/wp\/v2\/pages"}],"about":[{"href":"https:\/\/ninalynn.nl\/de\/wp-json\/wp\/v2\/types\/page"}],"author":[{"embeddable":true,"href":"https:\/\/ninalynn.nl\/de\/wp-json\/wp\/v2\/users\/1"}],"replies":[{"embeddable":true,"href":"https:\/\/ninalynn.nl\/de\/wp-json\/wp\/v2\/comments?post=3299"}],"version-history":[{"count":3,"href":"https:\/\/ninalynn.nl\/de\/wp-json\/wp\/v2\/pages\/3299\/revisions"}],"predecessor-version":[{"id":6417,"href":"https:\/\/ninalynn.nl\/de\/wp-json\/wp\/v2\/pages\/3299\/revisions\/6417"}],"wp:attachment":[{"href":"https:\/\/ninalynn.nl\/de\/wp-json\/wp\/v2\/media?parent=3299"}],"curies":[{"name":"wp","href":"https:\/\/api.w.org\/{rel}","templated":true}]}}