{"id":168,"date":"2020-03-28T10:45:59","date_gmt":"2020-03-28T10:45:59","guid":{"rendered":"https:\/\/ninalynn.nl\/?page_id=168"},"modified":"2020-03-28T10:45:59","modified_gmt":"2020-03-28T10:45:59","slug":"privacy-statement-nl","status":"publish","type":"page","link":"https:\/\/ninalynn.nl\/de\/privacy-statement-nl\/","title":{"rendered":"Erkl\u00e4rung zum Datenschutz (NL)"},"content":{"rendered":"<h4 class=\"wp-block-heading\">Allgemeine Erkl\u00e4rung zum Datenschutz<\/h4>\n\n\n\n<p>Diese Website wird von NinaLynn betrieben.&nbsp;<br><\/p>\n\n\n\n<p>Wenn Sie die Website von NinaLynn und die darauf befindlichen Produkte und Dienstleistungen nutzen, hinterlassen Sie Informationen bei uns. Dar\u00fcber hinaus hinterl\u00e4sst die Website einige Arten von Cookies auf Ihrem Computer. Diese werden verwendet, damit die Website auf Ihrem Ger\u00e4t besser funktioniert.&nbsp;<br><\/p>\n\n\n\n<p>Im Folgenden k\u00f6nnen Sie nachlesen, welche Informationen NinaLynn sammelt, warum wir dies tun und was wir mit diesen Informationen tun k\u00f6nnen. Sie k\u00f6nnen auch lesen, welche Cookies wir verwenden und warum. Diese Erkl\u00e4rung gilt f\u00fcr unsere gesamte Website: Sie gilt f\u00fcr Besucher, aber auch zum Beispiel, wenn Sie sich f\u00fcr einen Newsletter anmelden.&nbsp;<\/p>\n\n\n\n<p><\/p>\n\n\n\n<h4 class=\"wp-block-heading\">Cookies<\/h4>\n\n\n\n<p>Damit diese Website besser und schneller funktioniert und auf Ihre Pr\u00e4ferenzen zugeschnitten werden kann, werden bestimmte Daten \u00fcber Ihre Nutzung dieser Website gesammelt. Diese Informationen k\u00f6nnen mit Hilfe von sogenannten \"Cookies\" gesammelt werden. Dabei handelt es sich um kleine Textdateien, die von der besuchten Webseite automatisch auf Ihrem Computer abgelegt werden. Sie k\u00f6nnen die Verwendung von \"Cookies\" in den Einstellungen Ihres Browsers deaktivieren. Dies hat jedoch zur Folge, dass diese Website weniger effektiv funktioniert. Auch Dritte k\u00f6nnen Cookies platzieren und das Internetverhalten nachverfolgen, wie dies z. B. bei eingebetteten Videos von YouTube der Fall ist.&nbsp;<br><\/p>\n\n\n\n<h4 class=\"wp-block-heading\">Wie kommen wir an Ihre Daten?&nbsp;<\/h4>\n\n\n\n<p>Wenn Sie die NinaLynn-Website nutzen, hinterlassen Sie manchmal pers\u00f6nliche Daten bei uns.&nbsp;<br><\/p>\n\n\n\n<p>Sie k\u00f6nnen Ihre Daten auf folgende Weise bei uns hinterlassen:&nbsp;<\/p>\n\n\n\n<ul class=\"wp-block-list\"><li>Navigation durch die Website;<\/li><li>Ausf\u00fcllen von Formularen;<\/li><li>Anmeldung zum Newsletter;<\/li><li>Kauf von Waren.<\/li><\/ul>\n\n\n\n<h4 class=\"wp-block-heading\">Was machen wir mit Ihren Daten?&nbsp;<\/h4>\n\n\n\n<p>NinaLynn speichert und verarbeitet Ihre Daten f\u00fcr die folgenden Zwecke:&nbsp;<\/p>\n\n\n\n<ul class=\"wp-block-list\"><li>Sammlung und Analyse von Statistiken zur Optimierung der Website;<\/li><li>Lieferung der Produkte und Dienstleistungen, die Sie bei uns kaufen;&nbsp;<\/li><li>Abrechnung der Zahlungen;<\/li><li>Erstellen einer Kontakthistorie;&nbsp;<\/li><li>Versand von Newslettern, wenn Sie Ihre Zustimmung gegeben haben;<\/li><li>Um Sie (nach Zustimmung) m\u00f6glicherweise auf Facebook zu erreichen und um die Messung und Berichterstattung genauer zu gestalten.&nbsp;<\/li><\/ul>\n\n\n\n<h4 class=\"wp-block-heading\">Wie sichern wir Ihre Daten?&nbsp;<\/h4>\n\n\n\n<p>Ihre Daten werden sicher gespeichert und \u00fcbertragen. Jeder, der nichts mit Ihren Daten zu tun hat, kann nicht auf sie zugreifen. NinaLynn verpflichtet sich, Ihre Daten unter Verwendung der neuesten Sicherheitstechniken und Verschl\u00fcsselungsmethoden zu speichern und zu \u00fcbermitteln.&nbsp;<br><\/p>\n\n\n\n<h4 class=\"wp-block-heading\">Mit wem teilt NinaLynn Ihre Informationen?&nbsp;<\/h4>\n\n\n\n<p>NinaLynn behandelt pers\u00f6nliche Daten vertraulich. Wir werden Ihre Daten niemals an andere Parteien verkaufen.&nbsp;<br><\/p>\n\n\n\n<h4 class=\"wp-block-heading\">Kontaktaufnahme, Postversand und\/oder Werbung<\/h4>\n\n\n\n<p>Sollten Sie dennoch Post oder unerw\u00fcnschte Werbung erhalten, k\u00f6nnen Sie jederzeit angeben, dass Sie nicht mehr von uns kontaktiert werden m\u00f6chten. F\u00fcr die Abmeldung fallen keine Kosten an.&nbsp;<br><\/p>\n\n\n\n<h4 class=\"wp-block-heading\">J\u00fcnger als 16?&nbsp;<\/h4>\n\n\n\n<p>Wenn Sie minderj\u00e4hrig sind, d. h. unter 16 Jahren, d\u00fcrfen Sie der Verarbeitung Ihrer personenbezogenen Daten nur mit Zustimmung eines Ihrer Elternteile oder Ihres gesetzlichen Vertreters zustimmen. Es ist dann wichtig, dass Ihr(e) Elternteil(e) oder Erziehungsberechtigte(r) diese Erkl\u00e4rung liest. Sie k\u00f6nnen auch die Rechte aus\u00fcben, die Sie in Bezug auf die personenbezogenen Daten haben, die Sie uns \u00fcberlassen, wie z. B. das Recht, der (Weiter-)Verarbeitung Ihrer personenbezogenen Daten zu widersprechen oder das Recht auf Einsicht und Berichtigung Ihrer Daten.&nbsp;<br><\/p>\n\n\n\n<h4 class=\"wp-block-heading\">Verstehen Sie Ihre Daten?&nbsp;<\/h4>\n\n\n\n<p>Sie k\u00f6nnen jederzeit auf die Informationen zugreifen, die NinaLynn \u00fcber Sie besitzt. Sie k\u00f6nnen einen entsprechenden schriftlichen Antrag an NinaLynn stellen. Auf der Grundlage der Ergebnisse k\u00f6nnen Sie NinaLynn auch auffordern, Ihre Informationen zu \u00e4ndern, wenn sie sachlich falsch, unvollst\u00e4ndig oder irrelevant sind.&nbsp;<br><\/p>\n\n\n\n<h4 class=\"wp-block-heading\">Kontaktangaben<\/h4>\n\n\n\n<p>Die Website und die pers\u00f6nlichen Daten, die Sie hier hinterlassen, werden von NinaLynn betrieben.&nbsp;<br><\/p>\n\n\n\n<p>Bei Fragen und Anmerkungen zu dieser Datenschutzerkl\u00e4rung k\u00f6nnen Sie uns jederzeit unter folgender Adresse kontaktieren <a>info@ninalynn.nl<\/a>.&nbsp;<br><\/p>\n\n\n\n<h4 class=\"wp-block-heading\">Websites von Dritten<\/h4>\n\n\n\n<p>Diese Datenschutz- und Cookie-Erkl\u00e4rung gilt nicht f\u00fcr Websites Dritter, auf die \u00fcber Links auf dieser Website zugegriffen werden kann.&nbsp;<br><\/p>\n\n\n\n<h4 class=\"wp-block-heading\">\u00c4nderungen der Datenschutzbestimmungen<\/h4>\n\n\n\n<p>NinaLynn beh\u00e4lt sich das Recht vor, \u00c4nderungen an dieser Datenschutzerkl\u00e4rung vorzunehmen. Wir empfehlen Ihnen daher, diese Datenschutzerkl\u00e4rung regelm\u00e4\u00dfig zu \u00fcberpr\u00fcfen, um sicherzustellen, dass Sie \u00fcber alle \u00c4nderungen informiert sind. Die aktuellste Version kann jederzeit \u00fcber die Website abgerufen werden. <\/p>\n\n\n\n<p><\/p>","protected":false},"excerpt":{"rendered":"<p>Algemeen Privacy Statement Deze website wordt beheerd door NinaLynn.&nbsp; Als je gebruik maakt van de website van NinaLynn en de producten en diensten die daarop te vinden zijn, dan laat je gegevens bij ons achter. Bovendien laat de website een aantal soorten cookies op je computer achter. Die worden gebruikt om de website beter te [&hellip;]<\/p>\n","protected":false},"author":1,"featured_media":0,"parent":0,"menu_order":0,"comment_status":"closed","ping_status":"closed","template":"","meta":{"site-sidebar-layout":"default","site-content-layout":"","ast-site-content-layout":"default","site-content-style":"default","site-sidebar-style":"default","ast-global-header-display":"","ast-banner-title-visibility":"","ast-main-header-display":"","ast-hfb-above-header-display":"","ast-hfb-below-header-display":"","ast-hfb-mobile-header-display":"","site-post-title":"","ast-breadcrumbs-content":"","ast-featured-img":"","footer-sml-layout":"","ast-disable-related-posts":"","theme-transparent-header-meta":"","adv-header-id-meta":"","stick-header-meta":"","header-above-stick-meta":"","header-main-stick-meta":"","header-below-stick-meta":"","astra-migrate-meta-layouts":"default","ast-page-background-enabled":"default","ast-page-background-meta":{"desktop":{"background-color":"var(--ast-global-color-4)","background-image":"","background-repeat":"repeat","background-position":"center center","background-size":"auto","background-attachment":"scroll","background-type":"","background-media":"","overlay-type":"","overlay-color":"","overlay-opacity":"","overlay-gradient":""},"tablet":{"background-color":"","background-image":"","background-repeat":"repeat","background-position":"center center","background-size":"auto","background-attachment":"scroll","background-type":"","background-media":"","overlay-type":"","overlay-color":"","overlay-opacity":"","overlay-gradient":""},"mobile":{"background-color":"","background-image":"","background-repeat":"repeat","background-position":"center center","background-size":"auto","background-attachment":"scroll","background-type":"","background-media":"","overlay-type":"","overlay-color":"","overlay-opacity":"","overlay-gradient":""}},"ast-content-background-meta":{"desktop":{"background-color":"var(--ast-global-color-5)","background-image":"","background-repeat":"repeat","background-position":"center center","background-size":"auto","background-attachment":"scroll","background-type":"","background-media":"","overlay-type":"","overlay-color":"","overlay-opacity":"","overlay-gradient":""},"tablet":{"background-color":"var(--ast-global-color-5)","background-image":"","background-repeat":"repeat","background-position":"center center","background-size":"auto","background-attachment":"scroll","background-type":"","background-media":"","overlay-type":"","overlay-color":"","overlay-opacity":"","overlay-gradient":""},"mobile":{"background-color":"var(--ast-global-color-5)","background-image":"","background-repeat":"repeat","background-position":"center center","background-size":"auto","background-attachment":"scroll","background-type":"","background-media":"","overlay-type":"","overlay-color":"","overlay-opacity":"","overlay-gradient":""}},"footnotes":""},"class_list":["post-168","page","type-page","status-publish","hentry"],"aioseo_notices":[],"_links":{"self":[{"href":"https:\/\/ninalynn.nl\/de\/wp-json\/wp\/v2\/pages\/168","targetHints":{"allow":["GET"]}}],"collection":[{"href":"https:\/\/ninalynn.nl\/de\/wp-json\/wp\/v2\/pages"}],"about":[{"href":"https:\/\/ninalynn.nl\/de\/wp-json\/wp\/v2\/types\/page"}],"author":[{"embeddable":true,"href":"https:\/\/ninalynn.nl\/de\/wp-json\/wp\/v2\/users\/1"}],"replies":[{"embeddable":true,"href":"https:\/\/ninalynn.nl\/de\/wp-json\/wp\/v2\/comments?post=168"}],"version-history":[{"count":0,"href":"https:\/\/ninalynn.nl\/de\/wp-json\/wp\/v2\/pages\/168\/revisions"}],"wp:attachment":[{"href":"https:\/\/ninalynn.nl\/de\/wp-json\/wp\/v2\/media?parent=168"}],"curies":[{"name":"wp","href":"https:\/\/api.w.org\/{rel}","templated":true}]}}